{"id":1037,"date":"2023-06-09T21:06:30","date_gmt":"2023-06-10T00:06:30","guid":{"rendered":"https:\/\/www.ufsm.br\/cursos\/pos-graduacao\/santa-maria\/ppgeamb\/?page_id=1037"},"modified":"2024-06-12T17:15:29","modified_gmt":"2024-06-12T20:15:29","slug":"pos-doutoramento","status":"publish","type":"page","link":"https:\/\/www.ufsm.br\/cursos\/pos-graduacao\/santa-maria\/ppgeamb\/pos-doutoramento","title":{"rendered":"P\u00f3s-Doutorado"},"content":{"rendered":"\n<p>O Programa de P\u00f3s-doutorado na Universidade Federal de Santa Maria, regulamentado pelo <a href=\"https:\/\/portal.ufsm.br\/documentos\/download.html?action=arquivosIndexados&amp;id=14820644&amp;download=false\"><strong>Regulamento Geral Stricto Sensu da UFSM<\/strong><\/a>e pela&nbsp;<a href=\"https:\/\/www.ufsm.br\/app\/uploads\/sites\/345\/2021\/01\/INSTRUCAO-NORMATIVA-PRPGP-UFSM-N.-07-DE-04-DE-OUTUBRO-DE-2023.pdf\"><strong>Instru\u00e7\u00e3o Normativa n. 07\/2023 &#8211; PRPGP\/UFSM<\/strong><\/a>, \u00e9 um programa de aprimoramento em pesquisa avan\u00e7ada sob supervis\u00e3o de docente ou pesquisador(a) credenciado(a) em programa de p\u00f3s-gradua\u00e7\u00e3o <strong>stricto sensu<\/strong> da UFSM, devendo ocorrer em car\u00e1ter presencial com a dedica\u00e7\u00e3o m\u00ednima de 20 (vinte) horas semanais.<\/p>\n\n\n\n<p>Poder\u00e3o candidatar-se ao programa de p\u00f3s-doutorado, pesquisadores(as) portadores(as) do t\u00edtulo de Doutor(a).<\/p>\n\n\n\n<p>As solicita\u00e7\u00f5es para realiza\u00e7\u00e3o de est\u00e1gio de p\u00f3s-doutorado&nbsp;<strong>devem partir&nbsp;<\/strong><strong>do pesquisador interessado<\/strong> em realizar o est\u00e1gio de p\u00f3s-doutorado que dever\u00e3o efetuar o contato com um docente permanente no programa de p\u00f3s-gradua\u00e7\u00e3o. A admiss\u00e3o ao p\u00f3s-doutoramento ocorre em fluxo cont\u00ednuo.<\/p>\n\n\n\n<p>Ao final do est\u00e1gio de p\u00f3s-doutorado de no m\u00ednimo 3 (tr\u00eas) meses, o pesquisador ter\u00e1 direito ao <strong>certificado de p\u00f3s-doutoramento,<\/strong> mediante a avalia\u00e7\u00e3o do relat\u00f3rio final das atividades desenvolvidas, alinhado com o plano de trabalho, que ser\u00e1 apreciado pelo(a) supervisor(a) e pelo colegiado do PPG, registrando o parecer em ata de reuni\u00e3o.<\/p>\n\n\n\n<p>Na UFSM o ingresso de P\u00f3s-Doc d\u00e1-se de duas formas:<br>I \u2013 financiada com bolsa de p\u00f3s-doutorado por ag\u00eancia de fomento ou bolsa equivalente, mediante sele\u00e7\u00e3o (com regras previstas definidas pela ag\u00eancia de fomento, ou equivalente, respons\u00e1vel pela concess\u00e3o da bolsa); e<br>II \u2013 sem bolsa de estudos.<\/p>\n\n\n\n<p>No caso de candidatos com v\u00ednculo empregat\u00edcio, o candidato dever\u00e1 comprovar autoriza\u00e7\u00e3o de afastamento pelo empregador para atender \u00e0s atividades\/horas<br>previstas no plano de trabalho.<\/p>\n\n\n\n<p>Demais informa\u00e7\u00f5es e documenta\u00e7\u00e3o para cadastro no site da PRPGP\/UFSM: <strong><a href=\"https:\/\/www.ufsm.br\/pro-reitorias\/prpgp\/servicos\/programa-de-pos-doutorado-na-universidade-federal-de-santa-maria\/\" target=\"_blank\" rel=\"noreferrer noopener\">Programa de P\u00f3s-doutorado na Universidade Federal de Santa Maria<\/a><\/strong><\/p>\n\n\n\n<p>Legisla\u00e7\u00e3o aplic\u00e1vel:<br><strong><a href=\"https:\/\/www.ufsm.br\/app\/uploads\/sites\/345\/2021\/01\/INSTRUCAO-NORMATIVA-PRPGP-UFSM-N.-07-DE-04-DE-OUTUBRO-DE-2023.pdf\" target=\"_blank\" rel=\"noreferrer noopener\">Instru\u00e7\u00e3o Normativa PRPGP-UFSM n. 007, de 04 de outubro de 2023<\/a> <\/strong>(Procedimentos para realiza\u00e7\u00e3o de est\u00e1gio de p\u00f3s-doutorado na UFSM)<br><strong><a href=\"https:\/\/www.gov.br\/capes\/pt-br\/acesso-a-informacao\/acoes-e-programas\/bolsas\/programas-estrategicos\/desenvolvimento-regional\/programa-de-desenvolvimento-da-pos-graduacao-pdpg-pos-doutorado-estrategico\" target=\"_blank\" rel=\"noreferrer noopener\">Programa de Desenvolvimento da P\u00f3s-Gradua\u00e7\u00e3o (PDPG) P\u00f3s-Doutorado Estrat\u00e9gico<\/a><br><a href=\"https:\/\/www.gov.br\/capes\/pt-br\/acesso-a-informacao\/acoes-e-programas\/bolsas\/bolsas-no-pais\/pnpd-capes\" target=\"_blank\" rel=\"noreferrer noopener\">Programa Nacional de P\u00f3s Doutorado\/Capes (PNPD\/CAPES)<\/a><\/strong><\/p>\n\n\n\n<h1 class=\"wp-block-heading\">&nbsp;<\/h1>\n","protected":false},"excerpt":{"rendered":"<p>O Programa de P\u00f3s-doutorado na Universidade Federal de Santa Maria, regulamentado pelo Regulamento Geral Stricto Sensu da UFSMe pela&nbsp;Instru\u00e7\u00e3o Normativa n. 07\/2023 &#8211; PRPGP\/UFSM, \u00e9 um programa de aprimoramento em pesquisa avan\u00e7ada sob supervis\u00e3o de docente ou pesquisador(a) credenciado(a) em programa de p\u00f3s-gradua\u00e7\u00e3o stricto sensu da UFSM, devendo ocorrer em car\u00e1ter presencial com a dedica\u00e7\u00e3o [&hellip;]<\/p>\n","protected":false},"author":883,"featured_media":0,"parent":0,"menu_order":0,"comment_status":"closed","ping_status":"closed","template":"","meta":{"footnotes":""},"categories":[],"tags":[],"class_list":["post-1037","page","type-page","status-publish","hentry"],"acf":[],"_links":{"self":[{"href":"https:\/\/www.ufsm.br\/cursos\/pos-graduacao\/santa-maria\/ppgeamb\/wp-json\/wp\/v2\/pages\/1037","targetHints":{"allow":["GET"]}}],"collection":[{"href":"https:\/\/www.ufsm.br\/cursos\/pos-graduacao\/santa-maria\/ppgeamb\/wp-json\/wp\/v2\/pages"}],"about":[{"href":"https:\/\/www.ufsm.br\/cursos\/pos-graduacao\/santa-maria\/ppgeamb\/wp-json\/wp\/v2\/types\/page"}],"author":[{"embeddable":true,"href":"https:\/\/www.ufsm.br\/cursos\/pos-graduacao\/santa-maria\/ppgeamb\/wp-json\/wp\/v2\/users\/883"}],"replies":[{"embeddable":true,"href":"https:\/\/www.ufsm.br\/cursos\/pos-graduacao\/santa-maria\/ppgeamb\/wp-json\/wp\/v2\/comments?post=1037"}],"version-history":[{"count":0,"href":"https:\/\/www.ufsm.br\/cursos\/pos-graduacao\/santa-maria\/ppgeamb\/wp-json\/wp\/v2\/pages\/1037\/revisions"}],"wp:attachment":[{"href":"https:\/\/www.ufsm.br\/cursos\/pos-graduacao\/santa-maria\/ppgeamb\/wp-json\/wp\/v2\/media?parent=1037"}],"wp:term":[{"taxonomy":"category","embeddable":true,"href":"https:\/\/www.ufsm.br\/cursos\/pos-graduacao\/santa-maria\/ppgeamb\/wp-json\/wp\/v2\/categories?post=1037"},{"taxonomy":"post_tag","embeddable":true,"href":"https:\/\/www.ufsm.br\/cursos\/pos-graduacao\/santa-maria\/ppgeamb\/wp-json\/wp\/v2\/tags?post=1037"}],"curies":[{"name":"wp","href":"https:\/\/api.w.org\/{rel}","templated":true}]}}