{"id":1038,"date":"2023-06-09T21:07:06","date_gmt":"2023-06-10T00:07:06","guid":{"rendered":"https:\/\/www.ufsm.br\/cursos\/pos-graduacao\/santa-maria\/ppgeamb\/?page_id=1038"},"modified":"2023-06-09T21:13:54","modified_gmt":"2023-06-10T00:13:54","slug":"professor-visitante","status":"publish","type":"page","link":"https:\/\/www.ufsm.br\/cursos\/pos-graduacao\/santa-maria\/ppgeamb\/professor-visitante","title":{"rendered":"Professor Visitante"},"content":{"rendered":"\n<p>Professores visitantes poder\u00e3o passar um tempo no PPGEAmb desenvolvendo atividades de ensino, pesquisa e extens\u00e3o. Os pesquisadores visitantes podem dedicar-se inteiramente \u00e0 pesquisa, com exce\u00e7\u00e3o de ter que ministrar alguma que outra disciplina ou semin\u00e1rio.<\/p>\n\n\n\n<p>O PPGEAmb oferece acesso a professores visitantes de duas maneiras:<\/p>\n\n\n\n<ol class=\"wp-block-list\">\n<li>Atrav\u00e9s de editais espec\u00edficos. N\u00e3o h\u00e1 periodicidade e as vagas s\u00e3o anunciadas quando da exist\u00eancia de recursos. Exemplo do \u00faltimo edital com contrata\u00e7\u00e3o de professore visitante nacional e estrangeiro no PPGEC:&nbsp;<a href=\"https:\/\/www.ufsm.br\/pro-reitorias\/progep\/2019\/11\/21\/abertura-de-edital-de-processo-seletivo-simplificado-para-professor-visitante-na-ufsm-12-vagas\/\">https:\/\/www.ufsm.br\/pro-reitorias\/progep\/2019\/11\/21\/abertura-de-edital-de-processo-seletivo-simplificado-para-professor-visitante-na-ufsm-12-vagas\/<\/a><\/li>\n\n\n\n<li>para candidatos estrangeiros que possuam bolsa de estudos ou recursos externos ao PPGEAmb para custear a sua estadia. Se enquadram nessa categoria os candidatos estrangeiros que j\u00e1 possuam bolsa ou recursos no momento de ingresso no PPGEAmb :\n<ol class=\"wp-block-list\">\n<li>do seu pa\u00eds de origem;<\/li>\n\n\n\n<li>de institui\u00e7\u00f5es internacionais (Ex,&nbsp;<a href=\"https:\/\/us.fulbrightonline.org\/countries\/western-hemisphere\/brazil\/85\">Fulbright<\/a>)<\/li>\n\n\n\n<li>atrav\u00e9s de um conv\u00eanio com o governo brasileiro como o&nbsp;<a href=\"http:\/\/portal.mec.gov.br\/pet\/180-estudantes-108009469\/pos-graduacao-500454045\/8622-sp-1898467293\">PVE\/CAPES<\/a>&nbsp;\u2013<\/li>\n\n\n\n<li>conv\u00eanio internacional com a UFSM, existindo duas possibilidades:\n<ol class=\"wp-block-list\">\n<li>um&nbsp;<a href=\"https:\/\/www.ufsm.br\/orgaos-de-apoio\/sai\/mobilities-through-bilateral-agreements\/\">convenio bilateral<\/a>&nbsp;com uma&nbsp;<a href=\"https:\/\/www.ufsm.br\/orgaos-de-apoio\/sai\/convenios-bilaterais-ativos\/\">universidade parceira<\/a>.<\/li>\n\n\n\n<li>Programa de interc\u00e2mbios internacionais, como, por exemplo, o&nbsp;<a href=\"https:\/\/www.ufsm.br\/projetos\/institucional\/capes-print\/capes-print-ufsm\/\">PrInt UFSM<\/a><\/li>\n\n\n\n<li>Outras modalidades ou informa\u00e7\u00f5es no site da SAI\/UFSM e sites das ag\u00eancias&nbsp;<a href=\"https:\/\/www.gov.br\/capes\/pt-br\/acesso-a-informacao\/acoes-e-programas\/bolsas\/bolsas-e-auxilios-internacionais\/encontre-aqui\/paises\/multinacional\/programa-de-estudantes-convenio-de-pos-graduacao-pec-pg\">CAPES<\/a>&nbsp;e&nbsp;<a href=\"https:\/\/www.gov.br\/cnpq\/pt-br\">CNPQ<\/a>&nbsp;do Brasil<\/li>\n<\/ol>\n<\/li>\n<\/ol>\n<\/li>\n<\/ol>\n\n\n\n<p>Para ingressar pela alternativa (b), entre em contato com algu\u00e9m de nossos\u00a0<a rel=\"noreferrer noopener\" href=\"https:\/\/www.ufsm.br\/cursos\/pos-graduacao\/santa-maria\/ppgeamb\/docentes\" target=\"_blank\">docentes\u00a0<\/a>para verificar a disponibilidade dos\u00a0<a rel=\"noreferrer noopener\" href=\"https:\/\/www.ufsm.br\/cursos\/pos-graduacao\/santa-maria\/ppgeamb\/infraestrutura-laboratorios\" target=\"_blank\">espa\u00e7os, laborat\u00f3rios e equipamentos<\/a>] necess\u00e1rios para a pesquisa. Nossos professores s\u00e3o fluentes em ingl\u00eas e espanhol, al\u00e9m do portugu\u00eas. Tamb\u00e9m verifique que preenche com os requisitos de\u00a0credenciamento do PPGEAmb.<\/p>\n\n\n\n<ol class=\"wp-block-list\">\n<li>Para inscrever-se como candidato, \u00e9 necess\u00e1rio submeter um e-mail a\u00a0<a href=\"mailto:ppgeamb@ufsm.br\">ppgeamb@ufsm.br<\/a>\u00a0com os seguintes documentos:\n<ol class=\"wp-block-list\">\n<li>c\u00f3pia de diplomas de doutorado (n\u00e3o h\u00e1 necessidade de reconhecimento consular ou de tradu\u00e7\u00e3o juramentada mas, caso seja aceito no programa, para a matr\u00edcula na Universidade e obten\u00e7\u00e3o de visto para o Brasil, h\u00e1 exig\u00eancias espec\u00edficas).<\/li>\n\n\n\n<li>c\u00f3pia de documento de identidade e passaporte, se tiver<\/li>\n\n\n\n<li>curriculum.<\/li>\n\n\n\n<li>plano de trabalho, em m\u00e1ximo 10 p\u00e1ginas redigido em portugu\u00eas, espanhol ou ingl\u00eas contendo:\n<ol class=\"wp-block-list\">\n<li>introdu\u00e7\u00e3o e justificativa; objetivos; m\u00e9todos, incluindo trabalho de campo e desenho experimental, conforme o caso, e de an\u00e1lise de dados; cronograma de desenvolvimento; plano de custeio do trabalho (materiais de consumo, despesas de campo e viagens necess\u00e1rias);<\/li>\n\n\n\n<li>Indica\u00e7\u00e3o da infraestrutura e os recursos necess\u00e1rios para o desenvolvimento das atividades descritas no plano de trabalho (A descri\u00e7\u00e3o dos principais equipamentos dos laborat\u00f3rios vinculados ao PPGEAmb consta no site do Programa:<a href=\"https:\/\/www.ufsm.br\/cursos\/pos-graduacao\/santa-maria\/ppgeamb\/infraestrutura-laboratorios\" target=\"_blank\" rel=\"noreferrer noopener\">\u00a0https:\/\/www.ufsm.br\/cursos\/pos-graduacao\/santa-maria\/ppgeamb\/infraestrutura-laboratorios;<\/a><\/li>\n\n\n\n<li>Indica\u00e7\u00e3o das disciplinas que pretende ministrar (incluindo as ementas e justificativa). A rela\u00e7\u00e3o de disciplinas do PPGEAmb pode ser consultada no site do Programa:\u00a0<a rel=\"noreferrer noopener\" href=\"https:\/\/www.ufsm.br\/cursos\/pos-graduacao\/santa-maria\/ppgeamb\/informacoes-do-curriculo\" target=\"_blank\">Informa\u00e7\u00f5es Curriculares.<\/a><\/li>\n\n\n\n<li>Indica\u00e7\u00e3o dos\u00a0<a rel=\"noreferrer noopener\" href=\"https:\/\/www.ufsm.br\/cursos\/pos-graduacao\/santa-maria\/ppgeamb\/grupos\" target=\"_blank\">grupos de pesquisa<\/a>\/<a rel=\"noreferrer noopener\" href=\"https:\/\/www.ufsm.br\/cursos\/pos-graduacao\/santa-maria\/ppgeamb\/docentes\" target=\"_blank\">pesquisadores<\/a>\u00a0vinculados ao PPGEAmb com os quais pretende realizar colabora\u00e7\u00f5es<\/li>\n<\/ol>\n<\/li>\n\n\n\n<li>carta de aceita\u00e7\u00e3o dos grupos de pesquisa\/pesquisador, com aprova\u00e7\u00e3o do projeto apresentado<\/li>\n<\/ol>\n<\/li>\n\n\n\n<li>Uma vez aprovado nas etapas acima, a Coordena\u00e7\u00e3o do PPGEAmb informar\u00e1 a Pr\u00f3-Reitoria de P\u00f3s-Gradua\u00e7\u00e3o e a\u00a0<a href=\"https:\/\/www.ufsm.br\/orgaos-de-apoio\/sai\/\">SAI<\/a>\u00a0da UFSM da aceita\u00e7\u00e3o do candidato.<\/li>\n<\/ol>\n\n\n\n<p>Esteja ciente que:<\/p>\n\n\n\n<ol class=\"wp-block-list\">\n<li>A documenta\u00e7\u00e3o para inscri\u00e7\u00e3o poder\u00e1 ser submetida em qualquer per\u00edodo e normalmente a avalia\u00e7\u00e3o ser\u00e1 realizada no prazo de 60 dias, durante os per\u00edodos letivos brasileiros (mar\u00e7o-junho e agosto-novembro). &nbsp;Nas demais \u00e9pocas, a avalia\u00e7\u00e3o poder\u00e1 levar mais de 90 dias, devido a f\u00e9rias e viagens para trabalho ou cursos de campo. &nbsp;Recomenda-se fortemente aos candidatos que prevejam 90 dias de avalia\u00e7\u00e3o, al\u00e9m dos prazos para tramita\u00e7\u00e3o de pedidos de bolsa e vistos.<\/li>\n\n\n\n<li>O PPGEAmb n\u00e3o oferece suporte para obten\u00e7\u00e3o de vistos ou moradia. Informa\u00e7\u00f5es e algum apoio podem ser obtidos na Coordena\u00e7\u00e3o de Rela\u00e7\u00f5es Internacionais da UFSM ou com os grupos de pesquisa com os quais pretende realizar colabora\u00e7\u00f5es<\/li>\n<\/ol>\n\n\n\n<p><\/p>\n","protected":false},"excerpt":{"rendered":"<p>Professores visitantes poder\u00e3o passar um tempo no PPGEAmb desenvolvendo atividades de ensino, pesquisa e extens\u00e3o. Os pesquisadores visitantes podem dedicar-se inteiramente \u00e0 pesquisa, com exce\u00e7\u00e3o de ter que ministrar alguma que outra disciplina ou semin\u00e1rio. O PPGEAmb oferece acesso a professores visitantes de duas maneiras: Para ingressar pela alternativa (b), entre em contato com algu\u00e9m [&hellip;]<\/p>\n","protected":false},"author":883,"featured_media":0,"parent":0,"menu_order":0,"comment_status":"closed","ping_status":"closed","template":"","meta":{"footnotes":""},"categories":[],"tags":[],"class_list":["post-1038","page","type-page","status-publish","hentry"],"acf":[],"_links":{"self":[{"href":"https:\/\/www.ufsm.br\/cursos\/pos-graduacao\/santa-maria\/ppgeamb\/wp-json\/wp\/v2\/pages\/1038","targetHints":{"allow":["GET"]}}],"collection":[{"href":"https:\/\/www.ufsm.br\/cursos\/pos-graduacao\/santa-maria\/ppgeamb\/wp-json\/wp\/v2\/pages"}],"about":[{"href":"https:\/\/www.ufsm.br\/cursos\/pos-graduacao\/santa-maria\/ppgeamb\/wp-json\/wp\/v2\/types\/page"}],"author":[{"embeddable":true,"href":"https:\/\/www.ufsm.br\/cursos\/pos-graduacao\/santa-maria\/ppgeamb\/wp-json\/wp\/v2\/users\/883"}],"replies":[{"embeddable":true,"href":"https:\/\/www.ufsm.br\/cursos\/pos-graduacao\/santa-maria\/ppgeamb\/wp-json\/wp\/v2\/comments?post=1038"}],"version-history":[{"count":0,"href":"https:\/\/www.ufsm.br\/cursos\/pos-graduacao\/santa-maria\/ppgeamb\/wp-json\/wp\/v2\/pages\/1038\/revisions"}],"wp:attachment":[{"href":"https:\/\/www.ufsm.br\/cursos\/pos-graduacao\/santa-maria\/ppgeamb\/wp-json\/wp\/v2\/media?parent=1038"}],"wp:term":[{"taxonomy":"category","embeddable":true,"href":"https:\/\/www.ufsm.br\/cursos\/pos-graduacao\/santa-maria\/ppgeamb\/wp-json\/wp\/v2\/categories?post=1038"},{"taxonomy":"post_tag","embeddable":true,"href":"https:\/\/www.ufsm.br\/cursos\/pos-graduacao\/santa-maria\/ppgeamb\/wp-json\/wp\/v2\/tags?post=1038"}],"curies":[{"name":"wp","href":"https:\/\/api.w.org\/{rel}","templated":true}]}}