{"id":1088,"date":"2023-08-02T13:36:48","date_gmt":"2023-08-02T16:36:48","guid":{"rendered":"https:\/\/www.ufsm.br\/cursos\/pos-graduacao\/santa-maria\/ppgeamb\/?page_id=1088"},"modified":"2025-08-19T11:31:56","modified_gmt":"2025-08-19T14:31:56","slug":"bolsa-de-estudos","status":"publish","type":"page","link":"https:\/\/www.ufsm.br\/cursos\/pos-graduacao\/santa-maria\/ppgeamb\/bolsa-de-estudos","title":{"rendered":"Bolsa de Estudos"},"content":{"rendered":"\n<p>O Programa de P\u00f3s-Gradua\u00e7\u00e3o em Engenharia Civil \u2013&nbsp;<a href=\"https:\/\/www.ufsm.br\/cursos\/pos-graduacao\/santa-maria\/ppgec\" target=\"_blank\" rel=\"noreferrer noopener\">&nbsp;PPGEC<\/a>&nbsp;e o Programa de P\u00f3s-Gradua\u00e7\u00e3o em Engenharia Ambiental \u2013&nbsp;<a href=\"https:\/\/www.ufsm.br\/cursos\/pos-graduacao\/santa-maria\/ppgeamb\" target=\"_blank\" rel=\"noreferrer noopener\">&nbsp;PPGEAmb<\/a>&nbsp;est\u00e3o fusionados e tornaram-se o&nbsp;<a href=\"https:\/\/www.ufsm.br\/cursos\/pos-graduacao\/santa-maria\/ppgecam\" target=\"_blank\" rel=\"noreferrer noopener\">PPGECAM \u2013 Programa de P\u00f3s-Gradua\u00e7\u00e3o em Engenharia Civil e Ambiental<\/a>.<\/p>\n\n\n\n<p>Portanto, a coordena\u00e7\u00e3o e as decis\u00f5es acerca de bolsas de estudos relacionadas ao PPGEC e ao PPGEAmb est\u00e3o unificadas pelas ag\u00eancias de fomento, a exemplo da CAPES, e est\u00e3o a responsabilidade da coordena\u00e7\u00e3o e da Comiss\u00e3o de Bolsas do PPGECAM, que devem atuar sobre as decis\u00f5es que ainda possam ser inerentes a estes PPGs. <strong>Acesse aqui -&gt; <a href=\"https:\/\/www.ufsm.br\/cursos\/pos-graduacao\/santa-maria\/ppgecam\/servicos\/bolsas-de-estudos\" target=\"_blank\" rel=\"noreferrer noopener\">Bolsas de Estudos.<\/a><\/strong><\/p>\n\n\n\n<p><\/p>\n","protected":false},"excerpt":{"rendered":"<p>O Programa de P\u00f3s-Gradua\u00e7\u00e3o em Engenharia Civil \u2013&nbsp;&nbsp;PPGEC&nbsp;e o Programa de P\u00f3s-Gradua\u00e7\u00e3o em Engenharia Ambiental \u2013&nbsp;&nbsp;PPGEAmb&nbsp;est\u00e3o fusionados e tornaram-se o&nbsp;PPGECAM \u2013 Programa de P\u00f3s-Gradua\u00e7\u00e3o em Engenharia Civil e Ambiental. Portanto, a coordena\u00e7\u00e3o e as decis\u00f5es acerca de bolsas de estudos relacionadas ao PPGEC e ao PPGEAmb est\u00e3o unificadas pelas ag\u00eancias de fomento, a exemplo da [&hellip;]<\/p>\n","protected":false},"author":883,"featured_media":0,"parent":0,"menu_order":0,"comment_status":"closed","ping_status":"closed","template":"","meta":{"footnotes":""},"categories":[],"tags":[],"class_list":["post-1088","page","type-page","status-publish","hentry"],"acf":[],"_links":{"self":[{"href":"https:\/\/www.ufsm.br\/cursos\/pos-graduacao\/santa-maria\/ppgeamb\/wp-json\/wp\/v2\/pages\/1088","targetHints":{"allow":["GET"]}}],"collection":[{"href":"https:\/\/www.ufsm.br\/cursos\/pos-graduacao\/santa-maria\/ppgeamb\/wp-json\/wp\/v2\/pages"}],"about":[{"href":"https:\/\/www.ufsm.br\/cursos\/pos-graduacao\/santa-maria\/ppgeamb\/wp-json\/wp\/v2\/types\/page"}],"author":[{"embeddable":true,"href":"https:\/\/www.ufsm.br\/cursos\/pos-graduacao\/santa-maria\/ppgeamb\/wp-json\/wp\/v2\/users\/883"}],"replies":[{"embeddable":true,"href":"https:\/\/www.ufsm.br\/cursos\/pos-graduacao\/santa-maria\/ppgeamb\/wp-json\/wp\/v2\/comments?post=1088"}],"version-history":[{"count":0,"href":"https:\/\/www.ufsm.br\/cursos\/pos-graduacao\/santa-maria\/ppgeamb\/wp-json\/wp\/v2\/pages\/1088\/revisions"}],"wp:attachment":[{"href":"https:\/\/www.ufsm.br\/cursos\/pos-graduacao\/santa-maria\/ppgeamb\/wp-json\/wp\/v2\/media?parent=1088"}],"wp:term":[{"taxonomy":"category","embeddable":true,"href":"https:\/\/www.ufsm.br\/cursos\/pos-graduacao\/santa-maria\/ppgeamb\/wp-json\/wp\/v2\/categories?post=1088"},{"taxonomy":"post_tag","embeddable":true,"href":"https:\/\/www.ufsm.br\/cursos\/pos-graduacao\/santa-maria\/ppgeamb\/wp-json\/wp\/v2\/tags?post=1088"}],"curies":[{"name":"wp","href":"https:\/\/api.w.org\/{rel}","templated":true}]}}