{"id":156,"date":"2019-01-23T11:37:20","date_gmt":"2019-01-23T13:37:20","guid":{"rendered":"https:\/\/www.ufsm.br\/cursos\/pos-graduacao\/santa-maria\/ppgeamb\/?page_id=156"},"modified":"2025-08-19T11:01:31","modified_gmt":"2025-08-19T14:01:31","slug":"visao-geral-e-historico","status":"publish","type":"page","link":"https:\/\/www.ufsm.br\/cursos\/pos-graduacao\/santa-maria\/ppgeamb\/visao-geral-e-historico","title":{"rendered":"Vis\u00e3o Geral e Hist\u00f3rico"},"content":{"rendered":"\n<p>O Programa de P\u00f3s-Gradua\u00e7\u00e3o em Engenharia Ambiental (PPGEAmb), da UFSM, iniciou suas atividades no ano de 2012, em n\u00edvel de mestrado acad\u00eamico, sendo autorizado com Conceito 4 pela CAPES, na \u00e1rea de Engenharias I. O PPGEAmb foi oriundo da motiva\u00e7\u00e3o de um grupo de docentes, com experi\u00eancia e maturidade cient\u00edfica comprovada, pesquisadores do CNPq, aliado a um grupo de novos docentes, mais jovens, altamente qualificados, contratados pela UFSM para dar sustenta\u00e7\u00e3o ao Curso de Gradua\u00e7\u00e3o em Engenharia Sanit\u00e1ria e Ambiental, criado pelo Reuni em 2008.<\/p>\n<p>O Curso possui uma \u00fanica\u00a0<a href=\"http:\/\/coral.ufsm.br\/ppgeamb\/index.php\/pt_br\/component\/content\/article?id=74\">\u00e1rea de concentra\u00e7\u00e3o, em Recursos H\u00eddricos e Tecnologias Ambientais<\/a>\u00a0e quatro linhas de pesquisa, a citar: i) Planejamento e Gest\u00e3o Ambiental; ii) Modelagem Hidroambiental; iii) Hidrossedimentologia e iv) Saneamento Ambiental.<\/p>\n<p>O Programa de P\u00f3s-Gradua\u00e7\u00e3o em Engenharia Ambiental (PPGEAmb) confere o grau de Mestre em Engenharia Ambiental, na \u00e1rea de concentra\u00e7\u00e3o em Recursos H\u00eddricos e Tecnologias Ambientais. Est\u00e1 voltado \u00e0 pesquisa, desenvolvimento e inova\u00e7\u00e3o (P&amp;D&amp;I) de instrumentos de gest\u00e3o e de tecnologias para o melhor aproveitamento e gest\u00e3o dos recursos h\u00eddricos e a conserva\u00e7\u00e3o dos ecossistemas aqu\u00e1ticos.<\/p>\n<table style=\"height: 399px;width: 99.051%;border-collapse: collapse;border-color: #fcfcfc;background-color: #fcfcfc\">\n<tbody>\n<tr style=\"height: 399px\">\n<td style=\"width: 64.6492%;height: 399px\">\n<p style=\"text-align: justify\">No ano de 2019 iniciou um processo de fus\u00e3o entre os programas PPGEC e PPGEAmb, com a discuss\u00e3o entre suas coordena\u00e7\u00f5es quando a Capes sugere lan\u00e7a a ideia das fus\u00f5es entre programas das mesmas \u00e1reas de conhecimento de uma institui\u00e7\u00e3o de ensino para o fortalecimento da p\u00f3s-gradua\u00e7\u00e3o (PG). Logo a discuss\u00e3o chegou aos colegiados dos programas e houve o estudo de cen\u00e1rios. Com o amadurecimento de ideias e todo o planejamento para isso, a proposta de fus\u00e3o foi enviada e aprovada na Capes em 2023. A <a href=\"https:\/\/www.in.gov.br\/web\/dou\/-\/portaria-n-883-de-30-de-agosto-de-2024-582079954\" target=\"_blank\" rel=\"noreferrer noopener\">Portaria 883, de 30 de agosto de 2024<\/a>\u00a0foi homologado pelo Minist\u00e9rio da Educa\u00e7\u00e3o (MEC) o Parecer CNE\/CES n\u00ba 421\/2024(C\u00e2mara de Educa\u00e7\u00e3o Superior do Conselho Nacional de Educa\u00e7\u00e3o), sendo autorizado o funcionamento do Programa j\u00e1 fusionado para o ano de 2025.\u00a0<\/p>\n<p style=\"text-align: justify\"><strong>Ent\u00e3o, em 2025, o Programa de P\u00f3s-Gradua\u00e7\u00e3o em Engenharia Civil \u2013 <a href=\"https:\/\/www.ufsm.br\/cursos\/pos-graduacao\/santa-maria\/ppgec\" target=\"_blank\" rel=\"noopener\">\u00a0PPGEC<\/a>\u00a0e o Programa de P\u00f3s-Gradua\u00e7\u00e3o em Engenharia Ambiental \u2013\u00a0<a href=\"https:\/\/www.ufsm.br\/cursos\/pos-graduacao\/santa-maria\/ppgeamb\" target=\"_blank\" rel=\"noopener\">\u00a0PPGEAmb<\/a>\u00a0est\u00e3o fusionados e tornaram-se o\u00a0<a href=\"https:\/\/www.ufsm.br\/cursos\/pos-graduacao\/santa-maria\/ppgecam\" target=\"_blank\" rel=\"noopener\">\u00a0PPGECAM \u2013 Programa de P\u00f3s-Gradua\u00e7\u00e3o em Engenharia Civil e Ambiental<\/a>.<\/strong><\/p>\n<\/td>\n<td style=\"width: 2.17014%;height: 399px\">\n<p style=\"text-align: justify\">\u00a0<\/p>\n<\/td>\n<td style=\"width: 35.9141%;height: 399px\"><img fetchpriority=\"high\" decoding=\"async\" class=\"aligncenter wp-image-1441 size-large\" src=\"https:\/\/www.ufsm.br\/app\/uploads\/sites\/535\/2025\/06\/site-fusao-819x1024.jpg\" alt=\"\" width=\"819\" height=\"1024\" \/><\/td>\n<\/tr>\n<\/tbody>\n<\/table>\n<p>\u00a0<\/p>\n","protected":false},"excerpt":{"rendered":"<p>O Programa de P\u00f3s-Gradua\u00e7\u00e3o em Engenharia Ambiental (PPGEAmb), da UFSM, iniciou suas atividades no ano de 2012, em n\u00edvel de mestrado acad\u00eamico, sendo autorizado com Conceito 4 pela CAPES, na \u00e1rea de Engenharias I. O PPGEAmb foi oriundo da motiva\u00e7\u00e3o de um grupo de docentes, com experi\u00eancia e maturidade cient\u00edfica comprovada, pesquisadores do CNPq, aliado [&hellip;]<\/p>\n","protected":false},"author":115,"featured_media":0,"parent":0,"menu_order":0,"comment_status":"closed","ping_status":"closed","template":"","meta":{"footnotes":""},"categories":[],"tags":[],"class_list":["post-156","page","type-page","status-publish","hentry"],"acf":[],"_links":{"self":[{"href":"https:\/\/www.ufsm.br\/cursos\/pos-graduacao\/santa-maria\/ppgeamb\/wp-json\/wp\/v2\/pages\/156","targetHints":{"allow":["GET"]}}],"collection":[{"href":"https:\/\/www.ufsm.br\/cursos\/pos-graduacao\/santa-maria\/ppgeamb\/wp-json\/wp\/v2\/pages"}],"about":[{"href":"https:\/\/www.ufsm.br\/cursos\/pos-graduacao\/santa-maria\/ppgeamb\/wp-json\/wp\/v2\/types\/page"}],"author":[{"embeddable":true,"href":"https:\/\/www.ufsm.br\/cursos\/pos-graduacao\/santa-maria\/ppgeamb\/wp-json\/wp\/v2\/users\/115"}],"replies":[{"embeddable":true,"href":"https:\/\/www.ufsm.br\/cursos\/pos-graduacao\/santa-maria\/ppgeamb\/wp-json\/wp\/v2\/comments?post=156"}],"version-history":[{"count":0,"href":"https:\/\/www.ufsm.br\/cursos\/pos-graduacao\/santa-maria\/ppgeamb\/wp-json\/wp\/v2\/pages\/156\/revisions"}],"wp:attachment":[{"href":"https:\/\/www.ufsm.br\/cursos\/pos-graduacao\/santa-maria\/ppgeamb\/wp-json\/wp\/v2\/media?parent=156"}],"wp:term":[{"taxonomy":"category","embeddable":true,"href":"https:\/\/www.ufsm.br\/cursos\/pos-graduacao\/santa-maria\/ppgeamb\/wp-json\/wp\/v2\/categories?post=156"},{"taxonomy":"post_tag","embeddable":true,"href":"https:\/\/www.ufsm.br\/cursos\/pos-graduacao\/santa-maria\/ppgeamb\/wp-json\/wp\/v2\/tags?post=156"}],"curies":[{"name":"wp","href":"https:\/\/api.w.org\/{rel}","templated":true}]}}