{"id":172,"date":"2019-01-23T12:02:45","date_gmt":"2019-01-23T14:02:45","guid":{"rendered":"https:\/\/www.ufsm.br\/cursos\/pos-graduacao\/santa-maria\/ppgeamb\/?page_id=172"},"modified":"2025-08-19T14:28:29","modified_gmt":"2025-08-19T17:28:29","slug":"ingresso","status":"publish","type":"page","link":"https:\/\/www.ufsm.br\/cursos\/pos-graduacao\/santa-maria\/ppgeamb\/ingresso","title":{"rendered":"Aluno Regular"},"content":{"rendered":"\n<p>O Programa de P\u00f3s-Gradua\u00e7\u00e3o em Engenharia Civil \u2013&nbsp;<a href=\"https:\/\/www.ufsm.br\/cursos\/pos-graduacao\/santa-maria\/ppgec\" target=\"_blank\" rel=\"noreferrer noopener\">&nbsp;PPGEC<\/a>&nbsp;e o Programa de P\u00f3s-Gradua\u00e7\u00e3o em Engenharia Ambiental \u2013&nbsp;<a href=\"https:\/\/www.ufsm.br\/cursos\/pos-graduacao\/santa-maria\/ppgeamb\" target=\"_blank\" rel=\"noreferrer noopener\">&nbsp;PPGEAmb<\/a>&nbsp;est\u00e3o fusionados e tornaram-se o&nbsp;<a href=\"https:\/\/www.ufsm.br\/cursos\/pos-graduacao\/santa-maria\/ppgecam\" target=\"_blank\" rel=\"noreferrer noopener\">&nbsp;PPGECAM \u2013 Programa de P\u00f3s-Gradua\u00e7\u00e3o em Engenharia Civil e Ambiental<\/a>.<\/p>\n\n\n\n<p>Portanto, os processos seletivos de ingresso est\u00e3o ocorrendo pelo&nbsp;<a href=\"https:\/\/www.ufsm.br\/cursos\/pos-graduacao\/santa-maria\/ppgecam\" target=\"_blank\" rel=\"noreferrer noopener\">PPGECAM<\/a>&nbsp;e podem ser acessados no menu de&nbsp;<a href=\"https:\/\/www.ufsm.br\/cursos\/pos-graduacao\/santa-maria\/ppgecam\/editais\" target=\"_blank\" rel=\"noreferrer noopener\">Editais<\/a>.&nbsp;<\/p>\n\n\n\n<p>O ingresso de estudantes para os cursos nos cursos de p\u00f3s-gradua\u00e7\u00e3o stricto sensu, Mestrado e Doutorado, da UFSM ocorre atrav\u00e9s de sele\u00e7\u00e3o p\u00fablica. A UFSM \u00e9 uma universidade p\u00fablica e gratuita, a sele\u00e7\u00e3o de ingresso d\u00e1-se por meio de edital, amplamente divulgado, com quatro janela anuais de ingresso.<\/p>\n\n\n\n<p>A cada processo seletivo o n\u00famero de vagas ir\u00e1 variar de acordo com a oferta de cada professor(a) e a delibera\u00e7\u00e3o do Colegiado do Programa.<\/p>\n\n\n\n<p>Podem inscrever-se portadores de diploma em cursos superiores de Engenharias (qualquer \u00e1rea), Agronomia, Biologia, Qu\u00edmica, Geoci\u00eancias e cursos superiores em tecnologias nessas \u00e1reas ou em \u00e1reas afins \u00e0s linhas de pesquisa do programa.<\/p>\n\n\n\n<p>Os editais s\u00e3o publicados na p\u00e1gina do PPGEAmb e na p\u00e1gina de <strong><a href=\"https:\/\/www.ufsm.br\/pro-reitorias\/prpgp\/busca\/?q=&amp;sites%5B%5D=345&amp;area=editais&amp;orderby=modified&amp;order=DESC\" target=\"_blank\" rel=\"noreferrer noopener\">Editais da UFSM (PRPGP).<\/a><\/strong><\/p>\n\n\n\n<div class=\"wp-block-buttons is-layout-flex wp-block-buttons-is-layout-flex\">\n<div class=\"wp-block-button is-style-outline is-style-outline--1\"><a class=\"wp-block-button__link wp-element-button\" href=\"https:\/\/www.ufsm.br\/cursos\/pos-graduacao\/santa-maria\/ppgeamb\/busca?q=&amp;sites%5B%5D=535&amp;area=editais&amp;orderby=modified&amp;order=DESC\" target=\"_blank\" rel=\"noreferrer noopener\"><mark>Aqui os \u00faltimos editais de sele\u00e7\u00e3o do PPGEAmb<\/mark><\/a><\/div>\n<\/div>\n\n\n\n<p>Candidatos(as) estrangeiros podem tamb\u00e9m participar da sele\u00e7\u00e3o p\u00fablica ou ingressar por conv\u00eanios, atrav\u00e9s de programas de ag\u00eancias de fomento, como CAPES e CNPq. <\/p>\n","protected":false},"excerpt":{"rendered":"<p>O Programa de P\u00f3s-Gradua\u00e7\u00e3o em Engenharia Civil \u2013&nbsp;&nbsp;PPGEC&nbsp;e o Programa de P\u00f3s-Gradua\u00e7\u00e3o em Engenharia Ambiental \u2013&nbsp;&nbsp;PPGEAmb&nbsp;est\u00e3o fusionados e tornaram-se o&nbsp;&nbsp;PPGECAM \u2013 Programa de P\u00f3s-Gradua\u00e7\u00e3o em Engenharia Civil e Ambiental. Portanto, os processos seletivos de ingresso est\u00e3o ocorrendo pelo&nbsp;PPGECAM&nbsp;e podem ser acessados no menu de&nbsp;Editais.&nbsp; O ingresso de estudantes para os cursos nos cursos de p\u00f3s-gradua\u00e7\u00e3o [&hellip;]<\/p>\n","protected":false},"author":115,"featured_media":0,"parent":0,"menu_order":0,"comment_status":"closed","ping_status":"closed","template":"","meta":{"footnotes":""},"categories":[],"tags":[],"class_list":["post-172","page","type-page","status-publish","hentry"],"acf":[],"_links":{"self":[{"href":"https:\/\/www.ufsm.br\/cursos\/pos-graduacao\/santa-maria\/ppgeamb\/wp-json\/wp\/v2\/pages\/172","targetHints":{"allow":["GET"]}}],"collection":[{"href":"https:\/\/www.ufsm.br\/cursos\/pos-graduacao\/santa-maria\/ppgeamb\/wp-json\/wp\/v2\/pages"}],"about":[{"href":"https:\/\/www.ufsm.br\/cursos\/pos-graduacao\/santa-maria\/ppgeamb\/wp-json\/wp\/v2\/types\/page"}],"author":[{"embeddable":true,"href":"https:\/\/www.ufsm.br\/cursos\/pos-graduacao\/santa-maria\/ppgeamb\/wp-json\/wp\/v2\/users\/115"}],"replies":[{"embeddable":true,"href":"https:\/\/www.ufsm.br\/cursos\/pos-graduacao\/santa-maria\/ppgeamb\/wp-json\/wp\/v2\/comments?post=172"}],"version-history":[{"count":0,"href":"https:\/\/www.ufsm.br\/cursos\/pos-graduacao\/santa-maria\/ppgeamb\/wp-json\/wp\/v2\/pages\/172\/revisions"}],"wp:attachment":[{"href":"https:\/\/www.ufsm.br\/cursos\/pos-graduacao\/santa-maria\/ppgeamb\/wp-json\/wp\/v2\/media?parent=172"}],"wp:term":[{"taxonomy":"category","embeddable":true,"href":"https:\/\/www.ufsm.br\/cursos\/pos-graduacao\/santa-maria\/ppgeamb\/wp-json\/wp\/v2\/categories?post=172"},{"taxonomy":"post_tag","embeddable":true,"href":"https:\/\/www.ufsm.br\/cursos\/pos-graduacao\/santa-maria\/ppgeamb\/wp-json\/wp\/v2\/tags?post=172"}],"curies":[{"name":"wp","href":"https:\/\/api.w.org\/{rel}","templated":true}]}}