{"id":347,"date":"2019-02-20T09:26:15","date_gmt":"2019-02-20T12:26:15","guid":{"rendered":"https:\/\/www.ufsm.br\/cursos\/pos-graduacao\/santa-maria\/ppgeamb\/?page_id=347"},"modified":"2025-02-07T11:22:12","modified_gmt":"2025-02-07T14:22:12","slug":"docentes","status":"publish","type":"page","link":"https:\/\/www.ufsm.br\/cursos\/pos-graduacao\/santa-maria\/ppgeamb\/docentes","title":{"rendered":"Docentes"},"content":{"rendered":"\n<p><strong><a href=\"http:\/\/lattes.cnpq.br\/2242380948719423\" target=\"_blank\" rel=\"noopener\"><img decoding=\"async\" class=\"alignleft wp-image-385\" src=\"https:\/\/www.ufsm.br\/cursos\/pos-graduacao\/santa-maria\/ppgeamb\/wp-content\/uploads\/sites\/535\/2019\/05\/late.gif\" alt=\"\" width=\"14\" height=\"18\" \/><\/a>Alejandro Ruiz Padillo<\/strong><\/p>\n<p>Doutor em Engenharia Civil pela Universidade de Granada (Espanha) em 2015. P\u00f3s-doutorado em Engenharia de Produ\u00e7\u00e3o e Transportes (PPGEP-DEPROT) em 2021 na UFRGS e em Engenharia Civil pela Universidade de Granada (Espanha) em 2015.<\/p>\n<p>Bolsista de Produtividade em Pesquisa do CNPq \u2013 N\u00edvel 2<\/p>\n<p>alejandro.ruiz-padillo@ufsm.br<\/p>\n<p>\u00c1reas de atua\u00e7\u00e3o: M\u00e9todos de an\u00e1lise multicrit\u00e9rio, Modelagem e an\u00e1lise multivariada de dados, Avalia\u00e7\u00e3o ambiental de projetos e processos e Sustentabilidade<\/p>\n<p><strong>___________________________________________________________________________________________________________________________________________________________________________<\/strong><\/p>\n<p><strong>Andressa de Oliveira Silveira\u00a0 <a href=\"http:\/\/lattes.cnpq.br\/1829365955344819\"><img decoding=\"async\" class=\"wp-image-385 alignleft\" src=\"https:\/\/www.ufsm.br\/cursos\/pos-graduacao\/santa-maria\/ppgeamb\/wp-content\/uploads\/sites\/535\/2019\/05\/late.gif\" alt=\"\" width=\"14\" height=\"18\" \/><\/a><\/strong><\/p>\n<p>Doutora em Ci\u00eancia do Solo, com \u00eanfase em Microbiologia e Bioqu\u00edmica do Solo, UFRGS. 2011. Realizou Doutorado Sanduiche na Universit\u00e0 degli Studi di Firenze, It\u00e1lia em 2010.<\/p>\n<p>andressa.silveira@ufsm.br<\/p>\n<p>\u00c1reas de Atua\u00e7\u00e3o: \u00c1reas de Atua\u00e7\u00e3o: Indicadores Biol\u00f3gicos para Monitoramento da Qualidade do Solo, Uso de Microrganismos no Tratamento de Res\u00edduos e Gerenciamento de Res\u00edduos S\u00f3lidos.<\/p>\n<hr class=\"wp-block-separator is-style-wide\" \/>\n<p><strong>B\u00e1rbara Estev\u00e3o Clasen<a href=\"http:\/\/lattes.cnpq.br\/4618772929333729\"><img decoding=\"async\" class=\"wp-image-385 alignleft\" src=\"https:\/\/www.ufsm.br\/cursos\/pos-graduacao\/santa-maria\/ppgeamb\/wp-content\/uploads\/sites\/535\/2019\/05\/late.gif\" alt=\"\" width=\"14\" height=\"18\" \/><\/a><\/strong><\/p>\n<p>Doutora em Ci\u00eancias Biol\u00f3gicas (Bioqu\u00edmica Toxicol\u00f3gica), UFSM 2012.<\/p>\n<p>Bolsista de Produtividade em Pesquisa do CNPq -N\u00edvel 2.\u00a0<\/p>\n<p>barbara-clasen@uergs.edu.br<\/p>\n<p>\u00c1reas de Atua\u00e7\u00e3o: Toxicologia ambiental e ecotoxicologia, avalia\u00e7\u00e3o de contamina\u00e7\u00f5es ambientais em organismos bioindicadores.\u00a0<\/p>\n<hr class=\"wp-block-separator is-style-wide\" \/>\n<p><strong>Daniel Gustavo Allasia Piccilli\u00a0 <a href=\"http:\/\/lattes.cnpq.br\/3858010328968944\"><img decoding=\"async\" class=\"wp-image-385 alignleft\" src=\"https:\/\/www.ufsm.br\/cursos\/pos-graduacao\/santa-maria\/ppgeamb\/wp-content\/uploads\/sites\/535\/2019\/05\/late.gif\" alt=\"\" width=\"14\" height=\"18\" \/><\/a><\/strong><\/p>\n<p>Doutor em Recursos H\u00eddricos e Saneamento Ambiental pela UFRGS, 2007. com per\u00edodo de doutorado sandu\u00edche na Universidade de Lund (Su\u00e9cia). P\u00f3s-doutorado na University of Auburn &#8211; EUA (2019).<\/p>\n<p>Bolsista de Produtividade em Pesquisa do CNPq &#8211; N\u00edvel 2<\/p>\n<p>dallasia@gmail.com<\/p>\n<p>\u00c1reas de Atua\u00e7\u00e3o:\u00a0 hidrologia, chuvas intensas, modelagem hidrol\u00f3gica e hidr\u00e1ulica, \u00e1guas urbanas,\u00a0 estruturas de drenagem sustent\u00e1vel, Planes Diretores de Drenagem Urbana, adsor\u00e7\u00e3o.<\/p>\n<hr class=\"wp-block-separator is-style-wide\" \/>\n<p><strong>Delmira Beatriz Wolff\u00a0<\/strong> <strong><a href=\"http:\/\/lattes.cnpq.br\/2590812446293555\"><img decoding=\"async\" class=\"wp-image-385 alignleft\" src=\"https:\/\/www.ufsm.br\/cursos\/pos-graduacao\/santa-maria\/ppgeamb\/wp-content\/uploads\/sites\/535\/2019\/05\/late.gif\" alt=\"\" width=\"14\" height=\"18\" \/><\/a><\/strong><\/p>\n<p>Doutora em Engenharia Ambiental pela Universidade Federal de Santa Catarina, sandu\u00edche com o INSA\/Toulouse-Fran\u00e7a (2005)<\/p>\n<p>delmira-wolff.dw@ufsm.br<\/p>\n<p>\u00c1reas de Atua\u00e7\u00e3o: Engenharia Sanit\u00e1ria, com \u00eanfase em T\u00e9cnicas Avan\u00e7adas de Tratamento de \u00c1guas, atuando principalmente nos seguintes temas: reatores de leito fluidizado, biofilme, lodo ativado, reatores h\u00edbridos, wetlands e nitrifica\u00e7\u00e3o.\u00a0<\/p>\n<hr class=\"wp-block-separator is-style-wide\" \/>\n<p><strong>Elvis Carissimi <a href=\"http:\/\/lattes.cnpq.br\/4642912749433316\"><img decoding=\"async\" class=\"wp-image-385 alignleft\" src=\"https:\/\/www.ufsm.br\/cursos\/pos-graduacao\/santa-maria\/ppgeamb\/wp-content\/uploads\/sites\/535\/2019\/05\/late.gif\" alt=\"\" width=\"14\" height=\"18\" \/><\/a><\/strong><\/p>\n<p>Doutorem Engenharia de Minas, Metal\u00fargica e de Materiais (PPGEM) pela UFRGS, 2007, com per\u00edodo de doutorado sandu\u00edche na University of Utah (Estados Unidos). P\u00f3s-doutorado na University of Rhode Island &#8211; EUA (2018-2019)<\/p>\n<p>Bolsista de Produtividade em Pesquisa do CNPq &#8211; N\u00edvel 2<\/p>\n<p>elvis.carissimi@ufsm.br<\/p>\n<p>\u00c1reas de Atua\u00e7\u00e3o: Engenharia Sanit\u00e1ria e Ambiental, com \u00eanfase em Abastecimento de \u00c1guas, Gest\u00e3o de Recursos H\u00eddricos, Tratamento de \u00c1guas de Abastecimento e Residu\u00e1rias visando o Re\u00faso\/Reaproveitamento atrav\u00e9s de coagula\u00e7\u00e3o\/flocula\u00e7\u00e3o, sedimenta\u00e7\u00e3o, flota\u00e7\u00e3o e Processos Oxidativos Avan\u00e7ados (POAs), Avalia\u00e7\u00e3o de Riscos Ambientais e Impacto Ambiental (EIA\/Rima).<\/p>\n<hr class=\"wp-block-separator is-style-wide\" \/>\n<p><strong>Malva Andrea Mancuso <a href=\"http:\/\/lattes.cnpq.br\/6763968238620077\"><img decoding=\"async\" class=\"wp-image-385 alignleft\" src=\"https:\/\/www.ufsm.br\/cursos\/pos-graduacao\/santa-maria\/ppgeamb\/wp-content\/uploads\/sites\/535\/2019\/05\/late.gif\" alt=\"\" width=\"14\" height=\"18\" \/><\/a><\/strong><\/p>\n<p>Doutora em Hidrogeologia pela Universidade de S\u00e3o Paulo, 2002.<span style=\"color: #000000\"><span lang=\"EN-US\">Research Assistant Scientist, University of Iowa (UIOWA-USA), 1998-1999.\u00a0<\/span><span lang=\"PT-BR\">P\u00f3s Doutorado no Laborat\u00f3rio Nacional de Engenharia Civil (Portugal), 2008-2012.<\/span><\/span><\/p>\n<p>malvamancuso@ufsm.br<\/p>\n<p>\u00c1reas de Atua\u00e7\u00e3o: <span lang=\"PT-BR\"><span style=\"color: #000000\">Hidrogeologia urbana, Hidrogeologia Costeira e de ecossistemas de banhado. Hidrogeologia de Sistemas Fraturados.\u00a0\u00a0Aplica modelos num\u00e9ricos e ferramentas de geoinforma\u00e7\u00e3o nos estudos de conex\u00e3o h\u00eddrica entre as \u00e1guas superficiais e as \u00e1guas subterr\u00e2neas. Desenvolve projetos com foco na caracteriza\u00e7\u00e3o da qualidade ambiental do meio f\u00edsico em zonas protegidas.<\/span><\/span><\/p>\n<hr class=\"wp-block-separator is-style-wide\" \/>\n<p style=\"text-align: left\"><strong>Rafael Cabral Cruz <a href=\"http:\/\/lattes.cnpq.br\/1246969166762146\"><img decoding=\"async\" class=\"wp-image-385 alignleft\" src=\"https:\/\/www.ufsm.br\/cursos\/pos-graduacao\/santa-maria\/ppgeamb\/wp-content\/uploads\/sites\/535\/2019\/05\/late.gif\" alt=\"\" width=\"14\" height=\"18\" \/><\/a><\/strong><\/p>\n<p>Doutor em Ecologia pela UFRGS, 2005<\/p>\n<p>rafaelcabralcruz@gmail.com<\/p>\n<p>\u00c1reas de Atua\u00e7\u00e3o: Gest\u00e3o Ambiental, com \u00eanfase em Gest\u00e3o de Recursos H\u00eddricos, Estudos de Impacto Ambiental, Zoneamento Ambiental, An\u00e1lise Integrada de Bacias Hidrogr\u00e1ficas. E tamb\u00e9m em Ecologia de Rios e de \u00c1reas \u00damidas, com \u00eanfase na an\u00e1lise do regime de pulsos para determina\u00e7\u00e3o de condicionantes ecol\u00f3gicos para defini\u00e7\u00e3o da vaz\u00e3o remanescente nos corpos de \u00e1gua, com aplica\u00e7\u00e3o no licenciamento de obras de barragens para fins de gera\u00e7\u00e3o de energia el\u00e9trica, irriga\u00e7\u00e3o e abastecimento de \u00e1gua.<\/p>\n<hr class=\"wp-block-separator is-style-wide\" \/>\n<p><strong>Rutineia Tassi <a href=\"http:\/\/lattes.cnpq.br\/7584743367186364\"><img decoding=\"async\" class=\"wp-image-385 alignleft\" src=\"https:\/\/www.ufsm.br\/cursos\/pos-graduacao\/santa-maria\/ppgeamb\/wp-content\/uploads\/sites\/535\/2019\/05\/late.gif\" alt=\"\" width=\"14\" height=\"18\" \/><\/a><\/strong><\/p>\n<p>Doutora em Recursos H\u00eddricos e Saneamento Ambiental pela UFRGS, 2008. P\u00f3s-doutorado na University of Auburn &#8211; EUA (2019).<\/p>\n<p>rutineia@gmail.com<\/p>\n<p>\u00c1reas de Atua\u00e7\u00e3o: Engenharia Civil, com \u00eanfase em Hidrologia, atuando principalmente nos seguintes temas: drenagem urbana, plano diretor de drenagem urbana, gest\u00e3o de recursos h\u00eddricos, geoprocessamento aplicado aos recursos h\u00eddricos, terras \u00famidas, eco-hidrologia, modelagem hidrol\u00f3gica e hidrodin\u00e2mica.<\/p>\n<hr class=\"wp-block-separator is-style-wide\" \/>\n<p><strong>V\u00edctor Alcaraz Gonz\u00e1lez <a href=\"http:\/\/lattes.cnpq.br\/2526909747799000\"><img decoding=\"async\" class=\"wp-image-385 alignleft\" src=\"https:\/\/www.ufsm.br\/cursos\/pos-graduacao\/santa-maria\/ppgeamb\/wp-content\/uploads\/sites\/535\/2019\/05\/late.gif\" alt=\"\" width=\"14\" height=\"18\" \/><\/a><\/strong><\/p>\n<p>Doutor em Sciences de l\u2019Ingineur pela Universit\u00e9 de Perpignan \u2013 Via Domitia(2001).<\/p>\n<p>victor.alcaraz@cucei.udg.mx<\/p>\n<p>\u00c1reas de Atua\u00e7\u00e3o: Engenharia Qu\u00edmica<\/p>\n<p>Professor COLABORADOR<\/p>\n<p>\u00a0<\/p>\n<p>\u00a0<\/p>\n\n\n\n<p><\/p>\n","protected":false},"excerpt":{"rendered":"<p>Alejandro Ruiz Padillo Doutor em Engenharia Civil pela Universidade de Granada (Espanha) em 2015. P\u00f3s-doutorado em Engenharia de Produ\u00e7\u00e3o e Transportes (PPGEP-DEPROT) em 2021 na UFRGS e em Engenharia Civil pela Universidade de Granada (Espanha) em 2015. Bolsista de Produtividade em Pesquisa do CNPq \u2013 N\u00edvel 2 alejandro.ruiz-padillo@ufsm.br \u00c1reas de atua\u00e7\u00e3o: M\u00e9todos de an\u00e1lise multicrit\u00e9rio, [&hellip;]<\/p>\n","protected":false},"author":488,"featured_media":0,"parent":0,"menu_order":0,"comment_status":"closed","ping_status":"closed","template":"","meta":{"footnotes":""},"categories":[],"tags":[],"class_list":["post-347","page","type-page","status-publish","hentry"],"acf":[],"_links":{"self":[{"href":"https:\/\/www.ufsm.br\/cursos\/pos-graduacao\/santa-maria\/ppgeamb\/wp-json\/wp\/v2\/pages\/347","targetHints":{"allow":["GET"]}}],"collection":[{"href":"https:\/\/www.ufsm.br\/cursos\/pos-graduacao\/santa-maria\/ppgeamb\/wp-json\/wp\/v2\/pages"}],"about":[{"href":"https:\/\/www.ufsm.br\/cursos\/pos-graduacao\/santa-maria\/ppgeamb\/wp-json\/wp\/v2\/types\/page"}],"author":[{"embeddable":true,"href":"https:\/\/www.ufsm.br\/cursos\/pos-graduacao\/santa-maria\/ppgeamb\/wp-json\/wp\/v2\/users\/488"}],"replies":[{"embeddable":true,"href":"https:\/\/www.ufsm.br\/cursos\/pos-graduacao\/santa-maria\/ppgeamb\/wp-json\/wp\/v2\/comments?post=347"}],"version-history":[{"count":0,"href":"https:\/\/www.ufsm.br\/cursos\/pos-graduacao\/santa-maria\/ppgeamb\/wp-json\/wp\/v2\/pages\/347\/revisions"}],"wp:attachment":[{"href":"https:\/\/www.ufsm.br\/cursos\/pos-graduacao\/santa-maria\/ppgeamb\/wp-json\/wp\/v2\/media?parent=347"}],"wp:term":[{"taxonomy":"category","embeddable":true,"href":"https:\/\/www.ufsm.br\/cursos\/pos-graduacao\/santa-maria\/ppgeamb\/wp-json\/wp\/v2\/categories?post=347"},{"taxonomy":"post_tag","embeddable":true,"href":"https:\/\/www.ufsm.br\/cursos\/pos-graduacao\/santa-maria\/ppgeamb\/wp-json\/wp\/v2\/tags?post=347"}],"curies":[{"name":"wp","href":"https:\/\/api.w.org\/{rel}","templated":true}]}}