{"id":381,"date":"2019-05-24T15:24:25","date_gmt":"2019-05-24T18:24:25","guid":{"rendered":"https:\/\/www.ufsm.br\/cursos\/pos-graduacao\/santa-maria\/ppgeamb\/?page_id=381"},"modified":"2019-05-24T15:38:08","modified_gmt":"2019-05-24T18:38:08","slug":"docentes-2","status":"publish","type":"page","link":"https:\/\/www.ufsm.br\/cursos\/pos-graduacao\/santa-maria\/ppgeamb\/docentes-2","title":{"rendered":"Docentess"},"content":{"rendered":"<p><br>\n<br>\n<!--StartFragment--><\/p>\n\n\n<p><strong>Andressa de Oliveira Silveira<\/strong><a href=\"http:\/\/lattes.cnpq.br\/6550340290019699\"><\/a><\/p>\n\n\n\n<p>Doutora em\nCi\u00eancia do Solo, com \u00eanfase em Microbiologia e Bioqu\u00edmica do Solo, UFRGS. 2011.\nRealizou Doutorado Sanduiche na Universit\u00e0 degli Studi di Firenze, It\u00e1lia em\n2010.<\/p>\n\n\n\n<p>andressa.silveira<img fetchpriority=\"high\" decoding=\"async\" width=\"900\" height=\"520\" class=\"wp-image-380\" style=\"width: 25px\" src=\"https:\/\/www.ufsm.br\/cursos\/pos-graduacao\/santa-maria\/ppgeamb\/wp-content\/uploads\/sites\/535\/2019\/05\/arroba-1.jpg\" alt=\"\" srcset=\"https:\/\/www.ufsm.br\/app\/uploads\/sites\/535\/2019\/05\/arroba-1.jpg 900w, https:\/\/www.ufsm.br\/app\/uploads\/sites\/535\/2019\/05\/arroba-1-300x173.jpg 300w, https:\/\/www.ufsm.br\/app\/uploads\/sites\/535\/2019\/05\/arroba-1-768x444.jpg 768w\" sizes=\"(max-width: 900px) 100vw, 900px\" \/> ufsm.br<\/p>\n\n\n\n<p>\u00c1reas de Atua\u00e7\u00e3o: \u00c1reas de Atua\u00e7\u00e3o: Indicadores Biol\u00f3gicos para Monitoramento da Qualidade do Solo, Uso de Microrganismos no Tratamento de Res\u00edduos e Gerenciamento de Res\u00edduos S\u00f3lidos.<\/p>\n\n\n\n<hr class=\"wp-block-separator is-style-wide\" \/>\n\n\n\n<p><strong>B\u00e1rbara Estev\u00e3o Clasen <a href=\"http:\/\/lattes.cnpq.br\/9778700143605069\"><\/a>\u00a0<\/strong><\/p>\n\n\n\n<p>Doutora em Ci\u00eancias Biol\u00f3gicas\n(Bioqu\u00edmica Toxicol\u00f3gica), UFSM 2012<\/p>\n\n\n\n<p>barbara-clasen <img fetchpriority=\"high\" decoding=\"async\" width=\"900\" height=\"520\" class=\"wp-image-380\" style=\"width: 25px\" src=\"https:\/\/www.ufsm.br\/cursos\/pos-graduacao\/santa-maria\/ppgeamb\/wp-content\/uploads\/sites\/535\/2019\/05\/arroba-1.jpg\" alt=\"\" srcset=\"https:\/\/www.ufsm.br\/app\/uploads\/sites\/535\/2019\/05\/arroba-1.jpg 900w, https:\/\/www.ufsm.br\/app\/uploads\/sites\/535\/2019\/05\/arroba-1-300x173.jpg 300w, https:\/\/www.ufsm.br\/app\/uploads\/sites\/535\/2019\/05\/arroba-1-768x444.jpg 768w\" sizes=\"(max-width: 900px) 100vw, 900px\" \/> uergs.edu.br<\/p>\n\n\n\n<p>\u00c1reas de Atua\u00e7\u00e3o: Toxicologia ambiental e ecotoxicologia, avalia\u00e7\u00e3o de contamina\u00e7\u00f5es ambientais em humanos e animais.<\/p>\n\n\n\n<hr class=\"wp-block-separator is-style-wide\" \/>\n\n\n\n<p><strong>Daniel Gustavo Alasia Piccili <a href=\"http:\/\/lattes.cnpq.br\/9778700143605069\"><\/a>\u00a0<\/strong><\/p>\n\n\n\n<p>Doutor em Recursos H\u00eddricos e\nSaneamento Ambiental pela UFRGS, 2007. <\/p>\n\n\n\n<p>dallasia <img fetchpriority=\"high\" decoding=\"async\" width=\"900\" height=\"520\" class=\"wp-image-380\" style=\"width: 25px\" src=\"https:\/\/www.ufsm.br\/cursos\/pos-graduacao\/santa-maria\/ppgeamb\/wp-content\/uploads\/sites\/535\/2019\/05\/arroba-1.jpg\" alt=\"\" srcset=\"https:\/\/www.ufsm.br\/app\/uploads\/sites\/535\/2019\/05\/arroba-1.jpg 900w, https:\/\/www.ufsm.br\/app\/uploads\/sites\/535\/2019\/05\/arroba-1-300x173.jpg 300w, https:\/\/www.ufsm.br\/app\/uploads\/sites\/535\/2019\/05\/arroba-1-768x444.jpg 768w\" sizes=\"(max-width: 900px) 100vw, 900px\" \/> gmail.com<\/p>\n\n\n\n<p>\u00c1reas de Atua\u00e7\u00e3o:&nbsp; Participa e coordena diversos projetos de\npesquisa e extens\u00e3o relacionados \u00e0 \u00e1rea de Recursos H\u00eddricos e Saneamento\nAmbiental, como l\u00edder do Grupo de Pesquisa de Modelagem Hidroambiental e\nEcotecnologias, atuando principalmente nos seguintes temas: hidrologia, modelo\nhidrol\u00f3gico e atmosf\u00e9rico, \u00e1guas urbanas e Planes Diretores de Drenagem Urbana<\/p>\n\n\n\n<hr class=\"wp-block-separator is-style-wide\" \/>\n\n\n\n<p><strong>Delmira Beatriz Wolff <\/strong><a href=\"http:\/\/lattes.cnpq.br\/9778700143605069\"><\/a>\u00a0<\/p>\n\n\n\n<p>Doutora em Engenharia Ambiental\npela Universidade Federal de Santa Catarina, sandu\u00edche com o\nINSA\/Toulouse-Fran\u00e7a (2005)<\/p>\n\n\n\n<p>Delmirawolff <img fetchpriority=\"high\" decoding=\"async\" width=\"900\" height=\"520\" class=\"wp-image-380\" style=\"width: 25px\" src=\"https:\/\/www.ufsm.br\/cursos\/pos-graduacao\/santa-maria\/ppgeamb\/wp-content\/uploads\/sites\/535\/2019\/05\/arroba-1.jpg\" alt=\"\" srcset=\"https:\/\/www.ufsm.br\/app\/uploads\/sites\/535\/2019\/05\/arroba-1.jpg 900w, https:\/\/www.ufsm.br\/app\/uploads\/sites\/535\/2019\/05\/arroba-1-300x173.jpg 300w, https:\/\/www.ufsm.br\/app\/uploads\/sites\/535\/2019\/05\/arroba-1-768x444.jpg 768w\" sizes=\"(max-width: 900px) 100vw, 900px\" \/> hotmail.com<\/p>\n\n\n\n<p>\u00c1reas de Atua\u00e7\u00e3o: Engenharia Sanit\u00e1ria, com \u00eanfase em T\u00e9cnicas Avan\u00e7adas\nde Tratamento de \u00c1guas, atuando principalmente nos seguintes temas: reatores de\nleito fluidizado, biofilme, lodo ativado, reatores h\u00edbridos, wetlands e\nnitrifica\u00e7\u00e3o.<\/p>\n\n\n\n<hr class=\"wp-block-separator is-style-wide\" \/>\n\n\n\n<p><strong>Edson Luiz Foletto\u00a0<\/strong><a href=\"http:\/\/lattes.cnpq.br\/6550340290019699\"><\/a><\/p>\n\n\n\n<p>Doutor em Engenharia Qu\u00edmica,\nUFSC, 2001<\/p>\n\n\n\n<p>Bolsista de Produtividade em\nPesquisa do CNPq PQ-2, CA da Engenharia Qu\u00edmica<\/p>\n\n\n\n<p>efoletto <img fetchpriority=\"high\" decoding=\"async\" width=\"900\" height=\"520\" class=\"wp-image-380\" style=\"width: 25px\" src=\"https:\/\/www.ufsm.br\/cursos\/pos-graduacao\/santa-maria\/ppgeamb\/wp-content\/uploads\/sites\/535\/2019\/05\/arroba-1.jpg\" alt=\"\" srcset=\"https:\/\/www.ufsm.br\/app\/uploads\/sites\/535\/2019\/05\/arroba-1.jpg 900w, https:\/\/www.ufsm.br\/app\/uploads\/sites\/535\/2019\/05\/arroba-1-300x173.jpg 300w, https:\/\/www.ufsm.br\/app\/uploads\/sites\/535\/2019\/05\/arroba-1-768x444.jpg 768w\" sizes=\"(max-width: 900px) 100vw, 900px\" \/> gmail.com<\/p>\n\n\n\n<p>\u00c1reas de Atua\u00e7\u00e3o: Desenvolvimento\nde catalisadores para uso no tratamento de efluentes por Processos Oxidativos\nAvan\u00e7ados, e adsorventes para a remo\u00e7\u00e3o de poluentes org\u00e2nicos de efluentes\nl\u00edquidos.&nbsp;<\/p>\n\n\n\n<hr class=\"wp-block-separator is-style-wide\" \/>\n\n\n\n<p><strong>Elvis Carissimi <\/strong><a href=\"http:\/\/lattes.cnpq.br\/6550340290019699\"><\/a><\/p>\n\n\n\n<p>Doutorem Engenharia de Minas, Metal\u00fargica\ne de Materiais (PPGEM) pela UFRGS, 2007, com per\u00edodo de doutorado sandu\u00edche na\nUniversity of Utah (Estados Unidos).<\/p>\n\n\n\n<p>ecarissimi <img fetchpriority=\"high\" decoding=\"async\" width=\"900\" height=\"520\" class=\"wp-image-380\" style=\"width: 25px\" src=\"https:\/\/www.ufsm.br\/cursos\/pos-graduacao\/santa-maria\/ppgeamb\/wp-content\/uploads\/sites\/535\/2019\/05\/arroba-1.jpg\" alt=\"\" srcset=\"https:\/\/www.ufsm.br\/app\/uploads\/sites\/535\/2019\/05\/arroba-1.jpg 900w, https:\/\/www.ufsm.br\/app\/uploads\/sites\/535\/2019\/05\/arroba-1-300x173.jpg 300w, https:\/\/www.ufsm.br\/app\/uploads\/sites\/535\/2019\/05\/arroba-1-768x444.jpg 768w\" sizes=\"(max-width: 900px) 100vw, 900px\" \/> gmail.com<\/p>\n\n\n\n<p>\u00c1reas de Atua\u00e7\u00e3o: Engenharia\nSanit\u00e1ria e Ambiental, com \u00eanfase em Abastecimento de \u00c1guas, Gest\u00e3o de Recursos\nH\u00eddricos, Tratamento de \u00c1guas de Abastecimento e Residu\u00e1rias visando o\nRe\u00faso\/Reaproveitamento atrav\u00e9s de coagula\u00e7\u00e3o\/flocula\u00e7\u00e3o, sedimenta\u00e7\u00e3o, flota\u00e7\u00e3o\ne Processos Oxidativos Avan\u00e7ados (POAs), Avalia\u00e7\u00e3o de Riscos Ambientais e\nImpacto Ambiental (EIA\/Rima).<\/p>\n\n\n\n<hr class=\"wp-block-separator is-style-wide\" \/>\n\n\n\n<p><strong>Enio J\u00fanior Seidel <\/strong><a href=\"http:\/\/lattes.cnpq.br\/6550340290019699\"><\/a><\/p>\n\n\n\n<p>Doutor em Estat\u00edstica e\nExperimenta\u00e7\u00e3o Agropecu\u00e1ria pela Universidade Federal de Lavras (2012)<\/p>\n\n\n\n<p>enioseidel <img fetchpriority=\"high\" decoding=\"async\" width=\"900\" height=\"520\" class=\"wp-image-380\" style=\"width: 25px\" src=\"https:\/\/www.ufsm.br\/cursos\/pos-graduacao\/santa-maria\/ppgeamb\/wp-content\/uploads\/sites\/535\/2019\/05\/arroba-1.jpg\" alt=\"\" srcset=\"https:\/\/www.ufsm.br\/app\/uploads\/sites\/535\/2019\/05\/arroba-1.jpg 900w, https:\/\/www.ufsm.br\/app\/uploads\/sites\/535\/2019\/05\/arroba-1-300x173.jpg 300w, https:\/\/www.ufsm.br\/app\/uploads\/sites\/535\/2019\/05\/arroba-1-768x444.jpg 768w\" sizes=\"(max-width: 900px) 100vw, 900px\" \/> gmail.com <\/p>\n\n\n\n<p>\u00c1reas de Atua\u00e7\u00e3o: Experi\u00eancia na\n\u00e1rea de Probabilidade e Estat\u00edstica, com \u00eanfase em Probabilidade e Estat\u00edstica\nAplicadas, atuando principalmente nos seguintes temas: estat\u00edstica\nespacial\/geoestat\u00edstica e an\u00e1lise multivariada.<\/p>\n\n\n\n<hr class=\"wp-block-separator is-style-wide\" \/>\n\n\n\n<p><strong>Jose Luiz Silverio da Silva <\/strong><a href=\"http:\/\/lattes.cnpq.br\/6550340290019699\"><\/a><\/p>\n\n\n\n<p>Doutor em Geoci\u00eancias pela\nUniversidade Federal do Rio Grande do Sul (1997). Bolsista sandwich de\ndoutorado na Johan Wolfgang Goethe Universitaet Deutchland.<\/p>\n\n\n\n<p>silverioufsm <img fetchpriority=\"high\" decoding=\"async\" width=\"900\" height=\"520\" class=\"wp-image-380\" style=\"width: 25px\" src=\"https:\/\/www.ufsm.br\/cursos\/pos-graduacao\/santa-maria\/ppgeamb\/wp-content\/uploads\/sites\/535\/2019\/05\/arroba-1.jpg\" alt=\"\" srcset=\"https:\/\/www.ufsm.br\/app\/uploads\/sites\/535\/2019\/05\/arroba-1.jpg 900w, https:\/\/www.ufsm.br\/app\/uploads\/sites\/535\/2019\/05\/arroba-1-300x173.jpg 300w, https:\/\/www.ufsm.br\/app\/uploads\/sites\/535\/2019\/05\/arroba-1-768x444.jpg 768w\" sizes=\"(max-width: 900px) 100vw, 900px\" \/> gmail.com<\/p>\n\n\n\n<p>\u00c1reas de Atua\u00e7\u00e3o: Geoci\u00eancias,\ncom \u00eanfase em Hidrogeologia, atuando principalmente nos seguintes temas: SAG,\nSASG, vulnerabilidade, espacializa\u00e7\u00e3o, cartogramas, aq\u00fc\u00edferos.<\/p>\n\n\n\n<hr class=\"wp-block-separator is-style-wide\" \/>\n\n\n\n<p><strong>Malva Andrea Mancuso <\/strong><a href=\"http:\/\/lattes.cnpq.br\/6550340290019699\"><\/a><\/p>\n\n\n\n<p>Doutora em Hidrogeologia pela\nUniversidade de S\u00e3o Paulo, 2002.<\/p>\n\n\n\n<p>malvamancuso <img fetchpriority=\"high\" decoding=\"async\" width=\"900\" height=\"520\" class=\"wp-image-380\" style=\"width: 25px\" src=\"https:\/\/www.ufsm.br\/cursos\/pos-graduacao\/santa-maria\/ppgeamb\/wp-content\/uploads\/sites\/535\/2019\/05\/arroba-1.jpg\" alt=\"\" srcset=\"https:\/\/www.ufsm.br\/app\/uploads\/sites\/535\/2019\/05\/arroba-1.jpg 900w, https:\/\/www.ufsm.br\/app\/uploads\/sites\/535\/2019\/05\/arroba-1-300x173.jpg 300w, https:\/\/www.ufsm.br\/app\/uploads\/sites\/535\/2019\/05\/arroba-1-768x444.jpg 768w\" sizes=\"(max-width: 900px) 100vw, 900px\" \/> ufsm.br<\/p>\n\n\n\n<p>\u00c1reas de Atua\u00e7\u00e3o: Modelos\nnum\u00e9ricos e ferramentas de SIG aplicados \u00e0 hidrogeologia e estudos de conex\u00e3o\nh\u00eddrica (zonas costeiras, ecossistemas de banhados). Qualidade ambiental em\nzonas protegidas.<\/p>\n\n\n\n<hr class=\"wp-block-separator is-style-wide\" \/>\n\n\n\n<p><strong>Maria do Carmo Cauduro Gastaldini <\/strong><a href=\"http:\/\/lattes.cnpq.br\/6550340290019699\"><\/a><\/p>\n\n\n\n<p>Doutora em Engenharia Civil &#8211;\nHidr\u00e1ulica e Saneamento pela Escola de Engenharia de S\u00e3o Carlos &#8211; Universidade de\nS\u00e3o Paulo , 1990.<\/p>\n\n\n\n<p>maria.gastaldini <img fetchpriority=\"high\" decoding=\"async\" width=\"900\" height=\"520\" class=\"wp-image-380\" style=\"width: 25px\" src=\"https:\/\/www.ufsm.br\/cursos\/pos-graduacao\/santa-maria\/ppgeamb\/wp-content\/uploads\/sites\/535\/2019\/05\/arroba-1.jpg\" alt=\"\" srcset=\"https:\/\/www.ufsm.br\/app\/uploads\/sites\/535\/2019\/05\/arroba-1.jpg 900w, https:\/\/www.ufsm.br\/app\/uploads\/sites\/535\/2019\/05\/arroba-1-300x173.jpg 300w, https:\/\/www.ufsm.br\/app\/uploads\/sites\/535\/2019\/05\/arroba-1-768x444.jpg 768w\" sizes=\"(max-width: 900px) 100vw, 900px\" \/> ufsm.br<\/p>\n\n\n\n<p>\u00c1reas de Atua\u00e7\u00e3o: Engenharia\nSanit\u00e1ria, com \u00eanfase em Qualidade do Ar, das \u00c1guas e do Solo, atuando\nprincipalmente nos seguintes temas: monitoramento e modelagem da qualidade da\n\u00e1gua, modelagem e otimiza\u00e7\u00e3o de sistemas de abastecimento de \u00e1gua, polui\u00e7\u00e3o difusa\ne drenagem urbana.<\/p>\n\n\n\n<hr class=\"wp-block-separator is-style-wide\" \/>\n\n\n\n<p><strong>Rafael Cabral Cruz <\/strong><a href=\"http:\/\/lattes.cnpq.br\/6550340290019699\"><\/a><\/p>\n\n\n\n<p>Doutor em Ecologia pela UFRGS,\n2005<\/p>\n\n\n\n<p>rafaelcabralcruz <img fetchpriority=\"high\" decoding=\"async\" width=\"900\" height=\"520\" class=\"wp-image-380\" style=\"width: 25px\" src=\"https:\/\/www.ufsm.br\/cursos\/pos-graduacao\/santa-maria\/ppgeamb\/wp-content\/uploads\/sites\/535\/2019\/05\/arroba-1.jpg\" alt=\"\" srcset=\"https:\/\/www.ufsm.br\/app\/uploads\/sites\/535\/2019\/05\/arroba-1.jpg 900w, https:\/\/www.ufsm.br\/app\/uploads\/sites\/535\/2019\/05\/arroba-1-300x173.jpg 300w, https:\/\/www.ufsm.br\/app\/uploads\/sites\/535\/2019\/05\/arroba-1-768x444.jpg 768w\" sizes=\"(max-width: 900px) 100vw, 900px\" \/> gmail.com<\/p>\n\n\n\n<p>\u00c1reas de Atua\u00e7\u00e3o: Gest\u00e3o\nAmbiental, com \u00eanfase em Gest\u00e3o de Recursos H\u00eddricos, Estudos de Impacto\nAmbiental, Zoneamento Ambiental, An\u00e1lise Integrada de Bacias Hidrogr\u00e1ficas. E tamb\u00e9m\nem Ecologia de Rios e de \u00c1reas \u00damidas, com \u00eanfase na an\u00e1lise do regime de\npulsos para determina\u00e7\u00e3o de condicionantes ecol\u00f3gicos para defini\u00e7\u00e3o da vaz\u00e3o\nremanescente nos corpos de \u00e1gua, com aplica\u00e7\u00e3o no licenciamento de obras de\nbarragens para fins de gera\u00e7\u00e3o de energia el\u00e9trica, irriga\u00e7\u00e3o e abastecimento\nde \u00e1gua.<\/p>\n\n\n\n<hr class=\"wp-block-separator is-style-wide\" \/>\n\n\n\n<p><strong>Rutin\u00e9ia Tassi <\/strong><a href=\"http:\/\/lattes.cnpq.br\/6550340290019699\"><\/a><\/p>\n\n\n\n<p>Doutora em Recursos H\u00eddricos e\nSaneamento Ambiental pela UFRGS, 2008.<\/p>\n\n\n\n<p>rutineia <img fetchpriority=\"high\" decoding=\"async\" width=\"900\" height=\"520\" class=\"wp-image-380\" style=\"width: 25px\" src=\"https:\/\/www.ufsm.br\/cursos\/pos-graduacao\/santa-maria\/ppgeamb\/wp-content\/uploads\/sites\/535\/2019\/05\/arroba-1.jpg\" alt=\"\" srcset=\"https:\/\/www.ufsm.br\/app\/uploads\/sites\/535\/2019\/05\/arroba-1.jpg 900w, https:\/\/www.ufsm.br\/app\/uploads\/sites\/535\/2019\/05\/arroba-1-300x173.jpg 300w, https:\/\/www.ufsm.br\/app\/uploads\/sites\/535\/2019\/05\/arroba-1-768x444.jpg 768w\" sizes=\"(max-width: 900px) 100vw, 900px\" \/> gmail.com<\/p>\n\n\n\n<p>\u00c1reas de Atua\u00e7\u00e3o:  Engenharia\nCivil, com \u00eanfase em Hidrologia, atuando principalmente nos seguintes temas:\ndrenagem urbana, plano diretor de drenagem urbana, gest\u00e3o de recursos h\u00eddricos,\ngeoprocessamento aplicado aos recursos h\u00eddricos, terras \u00famidas, eco-hidrologia,\nmodelagem hidrol\u00f3gica e hidrodin\u00e2mica.<\/p>\n\n\n\n<hr class=\"wp-block-separator is-style-wide\" \/>\n\n\n\n<p><strong>V\u00edctor Alcaraz Gonz\u00e1lez <\/strong><a href=\"http:\/\/lattes.cnpq.br\/6550340290019699\"><\/a><\/p>\n\n\n\n<p>Doutor em Sciences de l&#8217;Ingineur\npela Universit\u00e9 de Perpignan &#8211; Via Domitia(2001).<\/p>\n\n\n\n<p>victor.alcaraz <img fetchpriority=\"high\" decoding=\"async\" width=\"900\" height=\"520\" class=\"wp-image-380\" style=\"width: 25px\" src=\"https:\/\/www.ufsm.br\/cursos\/pos-graduacao\/santa-maria\/ppgeamb\/wp-content\/uploads\/sites\/535\/2019\/05\/arroba-1.jpg\" alt=\"\" srcset=\"https:\/\/www.ufsm.br\/app\/uploads\/sites\/535\/2019\/05\/arroba-1.jpg 900w, https:\/\/www.ufsm.br\/app\/uploads\/sites\/535\/2019\/05\/arroba-1-300x173.jpg 300w, https:\/\/www.ufsm.br\/app\/uploads\/sites\/535\/2019\/05\/arroba-1-768x444.jpg 768w\" sizes=\"(max-width: 900px) 100vw, 900px\" \/> cucei.udg.mx<\/p>\n\n\n\n<p>\u00c1reas de Atua\u00e7\u00e3o:  Engenharia\nQu\u00edmica<\/p>\n\n\n\n<hr class=\"wp-block-separator is-style-wide\" \/>\n\n\n\n<p><strong>Jos\u00e9 Goes Vasconcelos Neto <\/strong><a href=\"http:\/\/lattes.cnpq.br\/6550340290019699\"><\/a><\/p>\n\n\n\n<p>Doutor em Engenharia Ambiental\npela Universidade de Michigan, 2005.<\/p>\n\n\n\n<p>jgoesneto <img fetchpriority=\"high\" decoding=\"async\" width=\"900\" height=\"520\" class=\"wp-image-380\" style=\"width: 25px\" src=\"https:\/\/www.ufsm.br\/cursos\/pos-graduacao\/santa-maria\/ppgeamb\/wp-content\/uploads\/sites\/535\/2019\/05\/arroba-1.jpg\" alt=\"\" srcset=\"https:\/\/www.ufsm.br\/app\/uploads\/sites\/535\/2019\/05\/arroba-1.jpg 900w, https:\/\/www.ufsm.br\/app\/uploads\/sites\/535\/2019\/05\/arroba-1-300x173.jpg 300w, https:\/\/www.ufsm.br\/app\/uploads\/sites\/535\/2019\/05\/arroba-1-768x444.jpg 768w\" sizes=\"(max-width: 900px) 100vw, 900px\" \/> gmail.com<\/p>\n\n\n\n<p>\u00c1reas de Atua\u00e7\u00e3o:  Engenharia\nCivil, com \u00eanfase em Hidr\u00e1ulica, atuando principalmente em investiga\u00e7\u00f5es\nexperimentais e num\u00e9ricas nos seguintes temas: enchimento r\u00e1pido de condutos,\ntransi\u00e7\u00e3o entre regimes de escoamento, modelagem num\u00e9rica, escoamento bif\u00e1sico\n&#8211; ar &#8211; \u00e1gua em condutos e escoamento transiente em redes de distribui\u00e7\u00e3o.<\/p>\n\n\n\n<hr class=\"wp-block-separator is-style-wide\" \/>\n\n\n\n<p><strong>Latif Kalin <\/strong><a href=\"http:\/\/lattes.cnpq.br\/6550340290019699\"><\/a><\/p>\n\n\n\n<p>Doutor em\nWater Resources &#8211; Purdue University, 2002.<\/p>\n\n\n\n<p>kalinla <img fetchpriority=\"high\" decoding=\"async\" width=\"900\" height=\"520\" class=\"wp-image-380\" style=\"width: 25px\" src=\"https:\/\/www.ufsm.br\/cursos\/pos-graduacao\/santa-maria\/ppgeamb\/wp-content\/uploads\/sites\/535\/2019\/05\/arroba-1.jpg\" alt=\"\" srcset=\"https:\/\/www.ufsm.br\/app\/uploads\/sites\/535\/2019\/05\/arroba-1.jpg 900w, https:\/\/www.ufsm.br\/app\/uploads\/sites\/535\/2019\/05\/arroba-1-300x173.jpg 300w, https:\/\/www.ufsm.br\/app\/uploads\/sites\/535\/2019\/05\/arroba-1-768x444.jpg 768w\" sizes=\"(max-width: 900px) 100vw, 900px\" \/> auburn.edu<\/p>\n\n\n\n<p>\u00c1reas de Atua\u00e7\u00e3o:  Engenharia\nCivil, com \u00eanfase em Hidrologia, atuando principalmente nos seguintes temas:\nswat, multiple model comparison, sediment, geographic information systems e\nbest management practices.<\/p>\n\n\n\n<hr class=\"wp-block-separator is-style-wide\" \/>\n\n\n\n<p><strong>Jo\u00e3o Batista Dias de Paiva <\/strong><a href=\"http:\/\/lattes.cnpq.br\/6550340290019699\"><\/a><\/p>\n\n\n\n<p>Doutor em Engenharia Hidr\u00e1ulica e\nde Saneamento pela USP, 1988.<\/p>\n\n\n\n<p>jbdpaiva<img fetchpriority=\"high\" decoding=\"async\" width=\"900\" height=\"520\" class=\"wp-image-380\" style=\"width: 25px\" src=\"https:\/\/www.ufsm.br\/cursos\/pos-graduacao\/santa-maria\/ppgeamb\/wp-content\/uploads\/sites\/535\/2019\/05\/arroba-1.jpg\" alt=\"\" srcset=\"https:\/\/www.ufsm.br\/app\/uploads\/sites\/535\/2019\/05\/arroba-1.jpg 900w, https:\/\/www.ufsm.br\/app\/uploads\/sites\/535\/2019\/05\/arroba-1-300x173.jpg 300w, https:\/\/www.ufsm.br\/app\/uploads\/sites\/535\/2019\/05\/arroba-1-768x444.jpg 768w\" sizes=\"(max-width: 900px) 100vw, 900px\" \/>gmail.com<\/p>\n\n\n\n<p>\u00c1reas de Atua\u00e7\u00e3o:  Produ\u00e7\u00e3o de Sedimentos, Hidrologia, Sedimentos, Gest\u00e3o de Recursos H\u00eddricos, Hidrossedimentometria, Recursos H\u00eddricos, Hidrograma Unit\u00e1rio, Hidrologia de Pequenas Bacias, Transporte de Sedimentos e Monitoramento Hidrol\u00f3gico.<\/p>\n\n\n<p><!--EndFragment--><br \/><br \/><\/p>","protected":false},"excerpt":{"rendered":"<p>Andressa de Oliveira Silveira Doutora em Ci\u00eancia do Solo, com \u00eanfase em Microbiologia e Bioqu\u00edmica do Solo, UFRGS. 2011. Realizou Doutorado Sanduiche na Universit\u00e0 degli Studi di Firenze, It\u00e1lia em 2010. andressa.silveira ufsm.br \u00c1reas de Atua\u00e7\u00e3o: \u00c1reas de Atua\u00e7\u00e3o: Indicadores Biol\u00f3gicos para Monitoramento da Qualidade do Solo, Uso de Microrganismos no Tratamento de Res\u00edduos e [&hellip;]<\/p>\n","protected":false},"author":488,"featured_media":0,"parent":0,"menu_order":0,"comment_status":"closed","ping_status":"closed","template":"","meta":{"footnotes":""},"categories":[],"tags":[],"class_list":["post-381","page","type-page","status-publish","hentry"],"acf":[],"_links":{"self":[{"href":"https:\/\/www.ufsm.br\/cursos\/pos-graduacao\/santa-maria\/ppgeamb\/wp-json\/wp\/v2\/pages\/381","targetHints":{"allow":["GET"]}}],"collection":[{"href":"https:\/\/www.ufsm.br\/cursos\/pos-graduacao\/santa-maria\/ppgeamb\/wp-json\/wp\/v2\/pages"}],"about":[{"href":"https:\/\/www.ufsm.br\/cursos\/pos-graduacao\/santa-maria\/ppgeamb\/wp-json\/wp\/v2\/types\/page"}],"author":[{"embeddable":true,"href":"https:\/\/www.ufsm.br\/cursos\/pos-graduacao\/santa-maria\/ppgeamb\/wp-json\/wp\/v2\/users\/488"}],"replies":[{"embeddable":true,"href":"https:\/\/www.ufsm.br\/cursos\/pos-graduacao\/santa-maria\/ppgeamb\/wp-json\/wp\/v2\/comments?post=381"}],"version-history":[{"count":0,"href":"https:\/\/www.ufsm.br\/cursos\/pos-graduacao\/santa-maria\/ppgeamb\/wp-json\/wp\/v2\/pages\/381\/revisions"}],"wp:attachment":[{"href":"https:\/\/www.ufsm.br\/cursos\/pos-graduacao\/santa-maria\/ppgeamb\/wp-json\/wp\/v2\/media?parent=381"}],"wp:term":[{"taxonomy":"category","embeddable":true,"href":"https:\/\/www.ufsm.br\/cursos\/pos-graduacao\/santa-maria\/ppgeamb\/wp-json\/wp\/v2\/categories?post=381"},{"taxonomy":"post_tag","embeddable":true,"href":"https:\/\/www.ufsm.br\/cursos\/pos-graduacao\/santa-maria\/ppgeamb\/wp-json\/wp\/v2\/tags?post=381"}],"curies":[{"name":"wp","href":"https:\/\/api.w.org\/{rel}","templated":true}]}}