{"id":672,"date":"2020-11-26T10:29:27","date_gmt":"2020-11-26T13:29:27","guid":{"rendered":"https:\/\/www.ufsm.br\/cursos\/pos-graduacao\/santa-maria\/ppgeamb\/?page_id=672"},"modified":"2025-06-12T11:43:29","modified_gmt":"2025-06-12T14:43:29","slug":"colegiado-e-comissoes","status":"publish","type":"page","link":"https:\/\/www.ufsm.br\/cursos\/pos-graduacao\/santa-maria\/ppgeamb\/colegiado-e-comissoes","title":{"rendered":"Colegiado e Comiss\u00f5es"},"content":{"rendered":"\t\t<div data-elementor-type=\"wp-page\" data-elementor-id=\"672\" class=\"elementor elementor-672\">\n\t\t\t\t\t\t<section class=\"elementor-section elementor-top-section elementor-element elementor-element-c6e1e80 elementor-section-boxed elementor-section-height-default elementor-section-height-default\" data-id=\"c6e1e80\" data-element_type=\"section\">\n\t\t\t\t\t\t<div class=\"elementor-container elementor-column-gap-default\">\n\t\t\t\t\t<div class=\"elementor-column elementor-col-100 elementor-top-column elementor-element elementor-element-6fe9595\" data-id=\"6fe9595\" data-element_type=\"column\">\n\t\t\t<div class=\"elementor-widget-wrap elementor-element-populated\">\n\t\t\t\t\t\t<div class=\"elementor-element elementor-element-ca802b8 elementor-widget elementor-widget-text-editor\" data-id=\"ca802b8\" data-element_type=\"widget\" data-widget_type=\"text-editor.default\">\n\t\t\t\t<div class=\"elementor-widget-container\">\n\t\t\t\t\t\t\t<p>O Programa de P\u00f3s-Gradua\u00e7\u00e3o em Engenharia Civil \u2013\u00a0<a href=\"https:\/\/www.ufsm.br\/cursos\/pos-graduacao\/santa-maria\/ppgec\" target=\"_blank\" rel=\"noopener\"> <span style=\"color: #0000ff\">PPGEC<\/span><\/a>\u00a0e o Programa de P\u00f3s-Gradua\u00e7\u00e3o em Engenharia Ambiental \u2013\u00a0<a href=\"https:\/\/www.ufsm.br\/cursos\/pos-graduacao\/santa-maria\/ppgeamb\" target=\"_blank\" rel=\"noopener\"> <span style=\"color: #0000ff\">PPGEAmb<\/span><\/a>\u00a0est\u00e3o fusionados e tornaram-se o\u00a0<a href=\"https:\/\/www.ufsm.br\/cursos\/pos-graduacao\/santa-maria\/ppgecam\" target=\"_blank\" rel=\"noopener\"> <span style=\"color: #0000ff\">PPGECAM \u2013 Programa de P\u00f3s-Gradua\u00e7\u00e3o em Engenharia Civil e Ambiental<\/span><\/a>.<\/p><p>Portanto, os \u00f3rg\u00e3os colegiados, consultivos ou deliberativos, s\u00e3o designados como PPGECAM e atuam sobre decis\u00f5es que ainda possam ser inerentes ao PPGEC ou PPGEAmb. <span style=\"color: #008000\"><strong>Acesse aqui -&gt;<\/strong>\u00a0 <a href=\"https:\/\/www.ufsm.br\/cursos\/pos-graduacao\/santa-maria\/ppgecam\/colegiado-e-comissoes\" target=\"_blank\" rel=\"noopener\"> <span style=\"color: #0000ff\">Colegiado, Comiss\u00f5es e Grupos de Trabalho<\/span><\/a>, <span style=\"color: #000000\">para saber sobre as comiss\u00f5es ou grupos de trabalho.<\/span><\/span><\/p>\t\t\t\t\t\t<\/div>\n\t\t\t\t<\/div>\n\t\t\t\t\t<\/div>\n\t\t<\/div>\n\t\t\t\t\t<\/div>\n\t\t<\/section>\n\t\t\t\t<section class=\"elementor-section elementor-top-section elementor-element elementor-element-ba9fe43 elementor-section-boxed elementor-section-height-default elementor-section-height-default\" data-id=\"ba9fe43\" data-element_type=\"section\">\n\t\t\t\t\t\t<div class=\"elementor-container elementor-column-gap-default\">\n\t\t\t\t\t<div class=\"elementor-column elementor-col-100 elementor-top-column elementor-element elementor-element-931e27b\" data-id=\"931e27b\" data-element_type=\"column\">\n\t\t\t<div class=\"elementor-widget-wrap elementor-element-populated\">\n\t\t\t\t\t\t<div class=\"elementor-element elementor-element-e721f57 elementor-widget elementor-widget-text-editor\" data-id=\"e721f57\" data-element_type=\"widget\" data-widget_type=\"text-editor.default\">\n\t\t\t\t<div class=\"elementor-widget-container\">\n\t\t\t\t\t\t\t<h5>Comiss\u00f5es e Grupos de Trabalhos que atuavam no PPGEAmb (para conhecimento):<\/h5>\t\t\t\t\t\t<\/div>\n\t\t\t\t<\/div>\n\t\t\t\t<div class=\"elementor-element elementor-element-400678d elementor-widget elementor-widget-toggle\" data-id=\"400678d\" data-element_type=\"widget\" data-widget_type=\"toggle.default\">\n\t\t\t\t<div class=\"elementor-widget-container\">\n\t\t\t\t\t<div class=\"elementor-toggle\">\n\t\t\t\t\t\t\t<div class=\"elementor-toggle-item\">\n\t\t\t\t\t<div id=\"elementor-tab-title-6711\" class=\"elementor-tab-title\" data-tab=\"1\" role=\"button\" aria-controls=\"elementor-tab-content-6711\" aria-expanded=\"false\">\n\t\t\t\t\t\t\t\t\t\t\t\t<span class=\"elementor-toggle-icon elementor-toggle-icon-left\" aria-hidden=\"true\">\n\t\t\t\t\t\t\t\t\t\t\t\t\t\t\t<span class=\"elementor-toggle-icon-closed\"><i class=\"fas fa-caret-right\"><\/i><\/span>\n\t\t\t\t\t\t\t\t<span class=\"elementor-toggle-icon-opened\"><i class=\"elementor-toggle-icon-opened fas fa-caret-up\"><\/i><\/span>\n\t\t\t\t\t\t\t\t\t\t\t\t\t<\/span>\n\t\t\t\t\t\t\t\t\t\t\t\t<a class=\"elementor-toggle-title\" tabindex=\"0\">Colegiado do PPGEAmb<\/a>\n\t\t\t\t\t<\/div>\n\n\t\t\t\t\t<div id=\"elementor-tab-content-6711\" class=\"elementor-tab-content elementor-clearfix\" data-tab=\"1\" role=\"region\" aria-labelledby=\"elementor-tab-title-6711\"><p><strong>Presidente:<\/strong> Prof. Elvis Carissimi<\/p><p><strong>Vice-presidente:<\/strong>\u00a0Profa. Andressa de Oliveira Silveira\u00a0<\/p><p><strong>Representa\u00e7\u00e3o Docente:<\/strong> Designados conforme a Portaria n\u00ba 83 de 05 de maio de 2023 do Centro de Tecnologia &#8211; CT\/UFSM e sua Apostila e <span style=\"color: #1c1c1c;font-size: 16px\">e revogadas em 08 de maio de 2025.<\/span><\/p><p>Prof. Daniel Gustavo Allasia Piccilli<br \/>Profa. Delmira Beatriz Wolff<br \/>Prof. Alejandro Ruiz Padillo<br \/><span style=\"font-weight: var( --e-global-typography-text-font-weight )\">Profa. Rutineia Tassi<br \/><\/span><span style=\"font-weight: var( --e-global-typography-text-font-weight )\">Profa. Malva Andrea Mancuso (suplente)<\/span><span style=\"font-weight: var( --e-global-typography-text-font-weight )\"><br \/><\/span><\/p><p><strong>Representa\u00e7\u00e3o Discente:<\/strong><span style=\"font-weight: var( --e-global-typography-text-font-weight )\"> Designados pela Portaria 68 de 21 de maio de 2024 &#8211; Centro de Tecnologia &#8211; CT\/UFSM e sua Apostila<br \/><\/span><\/p><p><span style=\"font-family: georgia, palatino, serif\">Mestranda Luciane Marchesan<\/span><br \/><span style=\"font-family: georgia, palatino, serif\">Doutoranda Maite de Dineque Cassenote<\/span><span style=\"font-family: georgia, palatino, serif\"><br \/><\/span>Mestranda J\u00falia Villela Toledo Ferreira <span style=\"font-family: georgia, palatino, serif\">(suplente)<\/span><br \/>Doutoranda Kauane Andressa Flach <span style=\"font-family: georgia, palatino, serif\">(suplente)<\/span><\/p><\/div>\n\t\t\t\t<\/div>\n\t\t\t\t\t\t\t<div class=\"elementor-toggle-item\">\n\t\t\t\t\t<div id=\"elementor-tab-title-6712\" class=\"elementor-tab-title\" data-tab=\"2\" role=\"button\" aria-controls=\"elementor-tab-content-6712\" aria-expanded=\"false\">\n\t\t\t\t\t\t\t\t\t\t\t\t<span class=\"elementor-toggle-icon elementor-toggle-icon-left\" aria-hidden=\"true\">\n\t\t\t\t\t\t\t\t\t\t\t\t\t\t\t<span class=\"elementor-toggle-icon-closed\"><i class=\"fas fa-caret-right\"><\/i><\/span>\n\t\t\t\t\t\t\t\t<span class=\"elementor-toggle-icon-opened\"><i class=\"elementor-toggle-icon-opened fas fa-caret-up\"><\/i><\/span>\n\t\t\t\t\t\t\t\t\t\t\t\t\t<\/span>\n\t\t\t\t\t\t\t\t\t\t\t\t<a class=\"elementor-toggle-title\" tabindex=\"0\">Comiss\u00e3o de Bolsas do PPGEAmb<\/a>\n\t\t\t\t\t<\/div>\n\n\t\t\t\t\t<div id=\"elementor-tab-content-6712\" class=\"elementor-tab-content elementor-clearfix\" data-tab=\"2\" role=\"region\" aria-labelledby=\"elementor-tab-title-6712\"><p>Designados conforme a Portaria n\u00ba 44 de 21 de mar\u00e7o de 2023 do Centro de Tecnologia &#8211; CT\/UFSM e\u00a0revogada em 25 de maio de 2025.<\/p><p>Prof. Elvis Carissimi (Presidente)<br \/>Profa. Andressa de Oliveira Silveira<br \/>Prof. Alejandro Ruiz Padillo<br \/>Doutoranda Ma\u00edte de Dineque Cassenote<\/p><\/div>\n\t\t\t\t<\/div>\n\t\t\t\t\t\t\t<div class=\"elementor-toggle-item\">\n\t\t\t\t\t<div id=\"elementor-tab-title-6713\" class=\"elementor-tab-title\" data-tab=\"3\" role=\"button\" aria-controls=\"elementor-tab-content-6713\" aria-expanded=\"false\">\n\t\t\t\t\t\t\t\t\t\t\t\t<span class=\"elementor-toggle-icon elementor-toggle-icon-left\" aria-hidden=\"true\">\n\t\t\t\t\t\t\t\t\t\t\t\t\t\t\t<span class=\"elementor-toggle-icon-closed\"><i class=\"fas fa-caret-right\"><\/i><\/span>\n\t\t\t\t\t\t\t\t<span class=\"elementor-toggle-icon-opened\"><i class=\"elementor-toggle-icon-opened fas fa-caret-up\"><\/i><\/span>\n\t\t\t\t\t\t\t\t\t\t\t\t\t<\/span>\n\t\t\t\t\t\t\t\t\t\t\t\t<a class=\"elementor-toggle-title\" tabindex=\"0\">Comiss\u00e3o de Credenciamento de Professores<\/a>\n\t\t\t\t\t<\/div>\n\n\t\t\t\t\t<div id=\"elementor-tab-content-6713\" class=\"elementor-tab-content elementor-clearfix\" data-tab=\"3\" role=\"region\" aria-labelledby=\"elementor-tab-title-6713\"><p>Designados pela Ordem de Servi\u00e7o n\u00ba 01 de 30 de janeiro de 2023 &#8211; PPGEAmb e revogada em 1\u00ba de junho de 2025.<\/p><p>Elvis Carissimi (Presidente)<br \/>Andressa de Oliveira Silveira<br \/>Daniel Gustavo Allasia Piccilli\u00a0<\/p><\/div>\n\t\t\t\t<\/div>\n\t\t\t\t\t\t\t\t<\/div>\n\t\t\t\t<\/div>\n\t\t\t\t<\/div>\n\t\t\t\t\t<\/div>\n\t\t<\/div>\n\t\t\t\t\t<\/div>\n\t\t<\/section>\n\t\t\t\t<\/div>\n\t\t","protected":false},"excerpt":{"rendered":"<p>O Programa de P\u00f3s-Gradua\u00e7\u00e3o em Engenharia Civil \u2013\u00a0 PPGEC\u00a0e o Programa de P\u00f3s-Gradua\u00e7\u00e3o em Engenharia Ambiental \u2013\u00a0 PPGEAmb\u00a0est\u00e3o fusionados e tornaram-se o\u00a0 PPGECAM \u2013 Programa de P\u00f3s-Gradua\u00e7\u00e3o em Engenharia Civil e Ambiental. Portanto, os \u00f3rg\u00e3os colegiados, consultivos ou deliberativos, s\u00e3o designados como PPGECAM e atuam sobre decis\u00f5es que ainda possam ser inerentes ao PPGEC ou [&hellip;]<\/p>\n","protected":false},"author":883,"featured_media":0,"parent":0,"menu_order":0,"comment_status":"closed","ping_status":"closed","template":"","meta":{"footnotes":""},"categories":[],"tags":[],"class_list":["post-672","page","type-page","status-publish","hentry"],"acf":[],"_links":{"self":[{"href":"https:\/\/www.ufsm.br\/cursos\/pos-graduacao\/santa-maria\/ppgeamb\/wp-json\/wp\/v2\/pages\/672","targetHints":{"allow":["GET"]}}],"collection":[{"href":"https:\/\/www.ufsm.br\/cursos\/pos-graduacao\/santa-maria\/ppgeamb\/wp-json\/wp\/v2\/pages"}],"about":[{"href":"https:\/\/www.ufsm.br\/cursos\/pos-graduacao\/santa-maria\/ppgeamb\/wp-json\/wp\/v2\/types\/page"}],"author":[{"embeddable":true,"href":"https:\/\/www.ufsm.br\/cursos\/pos-graduacao\/santa-maria\/ppgeamb\/wp-json\/wp\/v2\/users\/883"}],"replies":[{"embeddable":true,"href":"https:\/\/www.ufsm.br\/cursos\/pos-graduacao\/santa-maria\/ppgeamb\/wp-json\/wp\/v2\/comments?post=672"}],"version-history":[{"count":0,"href":"https:\/\/www.ufsm.br\/cursos\/pos-graduacao\/santa-maria\/ppgeamb\/wp-json\/wp\/v2\/pages\/672\/revisions"}],"wp:attachment":[{"href":"https:\/\/www.ufsm.br\/cursos\/pos-graduacao\/santa-maria\/ppgeamb\/wp-json\/wp\/v2\/media?parent=672"}],"wp:term":[{"taxonomy":"category","embeddable":true,"href":"https:\/\/www.ufsm.br\/cursos\/pos-graduacao\/santa-maria\/ppgeamb\/wp-json\/wp\/v2\/categories?post=672"},{"taxonomy":"post_tag","embeddable":true,"href":"https:\/\/www.ufsm.br\/cursos\/pos-graduacao\/santa-maria\/ppgeamb\/wp-json\/wp\/v2\/tags?post=672"}],"curies":[{"name":"wp","href":"https:\/\/api.w.org\/{rel}","templated":true}]}}