{"id":701,"date":"2021-01-25T10:40:03","date_gmt":"2021-01-25T13:40:03","guid":{"rendered":"https:\/\/www.ufsm.br\/cursos\/pos-graduacao\/santa-maria\/ppgeamb\/?page_id=701"},"modified":"2025-08-19T15:01:30","modified_gmt":"2025-08-19T18:01:30","slug":"seminario-projeto-de-dissertacao-de-mestrado","status":"publish","type":"page","link":"https:\/\/www.ufsm.br\/cursos\/pos-graduacao\/santa-maria\/ppgeamb\/seminario-projeto-de-dissertacao-de-mestrado","title":{"rendered":"Semin\u00e1rio Projeto de Disserta\u00e7\u00e3o de Mestrado"},"content":{"rendered":"\n<p>O Semin\u00e1rio de Mestrado \u00e9 a apresenta\u00e7\u00e3o de um projeto da disserta\u00e7\u00e3o pelo aluno perante uma banca examinadora no 2\u00ba semestre letivo a contar do ingresso no curso.<\/p>\n\n\n\n<p>Com a fus\u00e3o entre o Programa de P\u00f3s-Gradua\u00e7\u00e3o em Engenharia Civil \u2013&nbsp;<a href=\"https:\/\/www.ufsm.br\/cursos\/pos-graduacao\/santa-maria\/ppgec\" target=\"_blank\" rel=\"noreferrer noopener\">&nbsp;PPGEC<\/a>&nbsp;e o Programa de P\u00f3s-Gradua\u00e7\u00e3o em Engenharia Ambiental \u2013&nbsp;<a href=\"https:\/\/www.ufsm.br\/cursos\/pos-graduacao\/santa-maria\/ppgeamb\" target=\"_blank\" rel=\"noreferrer noopener\">&nbsp;PPGEAmb<\/a>&nbsp;que resultou no&nbsp;<a href=\"https:\/\/www.ufsm.br\/cursos\/pos-graduacao\/santa-maria\/ppgecam\" target=\"_blank\" rel=\"noreferrer noopener\">&nbsp;PPGECAM \u2013 Programa de P\u00f3s-Gradua\u00e7\u00e3o em Engenharia Civil e Ambiental,<\/a><\/p>\n\n\n\n<p>As informa\u00e7\u00f5es e instru\u00e7\u00f5es atualizadas constam no site do\u00a0<a href=\"https:\/\/www.ufsm.br\/cursos\/pos-graduacao\/santa-maria\/ppgecam\" target=\"_blank\" rel=\"noreferrer noopener\">PPGECAM<\/a>\u00a0no link:<a href=\"https:\/\/www.ufsm.br\/cursos\/pos-graduacao\/santa-maria\/ppgecam\/servicos\/exame-de-qualificacao-de-mestrado\"> https:\/\/www.ufsm.br\/cursos\/pos-graduacao\/santa-maria\/ppgecam\/servicos\/exame-de-qualificacao-de-mestrado<\/a><\/p>\n\n\n\n<p><\/p>\n","protected":false},"excerpt":{"rendered":"<p>O Semin\u00e1rio de Mestrado \u00e9 a apresenta\u00e7\u00e3o de um projeto da disserta\u00e7\u00e3o pelo aluno perante uma banca examinadora no 2\u00ba semestre letivo a contar do ingresso no curso. Com a fus\u00e3o entre o Programa de P\u00f3s-Gradua\u00e7\u00e3o em Engenharia Civil \u2013&nbsp;&nbsp;PPGEC&nbsp;e o Programa de P\u00f3s-Gradua\u00e7\u00e3o em Engenharia Ambiental \u2013&nbsp;&nbsp;PPGEAmb&nbsp;que resultou no&nbsp;&nbsp;PPGECAM \u2013 Programa de P\u00f3s-Gradua\u00e7\u00e3o em [&hellip;]<\/p>\n","protected":false},"author":883,"featured_media":0,"parent":0,"menu_order":0,"comment_status":"closed","ping_status":"closed","template":"","meta":{"footnotes":""},"categories":[],"tags":[],"class_list":["post-701","page","type-page","status-publish","hentry"],"acf":[],"_links":{"self":[{"href":"https:\/\/www.ufsm.br\/cursos\/pos-graduacao\/santa-maria\/ppgeamb\/wp-json\/wp\/v2\/pages\/701","targetHints":{"allow":["GET"]}}],"collection":[{"href":"https:\/\/www.ufsm.br\/cursos\/pos-graduacao\/santa-maria\/ppgeamb\/wp-json\/wp\/v2\/pages"}],"about":[{"href":"https:\/\/www.ufsm.br\/cursos\/pos-graduacao\/santa-maria\/ppgeamb\/wp-json\/wp\/v2\/types\/page"}],"author":[{"embeddable":true,"href":"https:\/\/www.ufsm.br\/cursos\/pos-graduacao\/santa-maria\/ppgeamb\/wp-json\/wp\/v2\/users\/883"}],"replies":[{"embeddable":true,"href":"https:\/\/www.ufsm.br\/cursos\/pos-graduacao\/santa-maria\/ppgeamb\/wp-json\/wp\/v2\/comments?post=701"}],"version-history":[{"count":0,"href":"https:\/\/www.ufsm.br\/cursos\/pos-graduacao\/santa-maria\/ppgeamb\/wp-json\/wp\/v2\/pages\/701\/revisions"}],"wp:attachment":[{"href":"https:\/\/www.ufsm.br\/cursos\/pos-graduacao\/santa-maria\/ppgeamb\/wp-json\/wp\/v2\/media?parent=701"}],"wp:term":[{"taxonomy":"category","embeddable":true,"href":"https:\/\/www.ufsm.br\/cursos\/pos-graduacao\/santa-maria\/ppgeamb\/wp-json\/wp\/v2\/categories?post=701"},{"taxonomy":"post_tag","embeddable":true,"href":"https:\/\/www.ufsm.br\/cursos\/pos-graduacao\/santa-maria\/ppgeamb\/wp-json\/wp\/v2\/tags?post=701"}],"curies":[{"name":"wp","href":"https:\/\/api.w.org\/{rel}","templated":true}]}}