{"id":707,"date":"2021-03-04T18:37:55","date_gmt":"2021-03-04T21:37:55","guid":{"rendered":"https:\/\/www.ufsm.br\/cursos\/pos-graduacao\/santa-maria\/ppgeamb\/?page_id=707"},"modified":"2025-08-19T14:12:04","modified_gmt":"2025-08-19T17:12:04","slug":"horario","status":"publish","type":"page","link":"https:\/\/www.ufsm.br\/cursos\/pos-graduacao\/santa-maria\/ppgeamb\/horario","title":{"rendered":"HOR\u00c1RIOS"},"content":{"rendered":"\t\t<div data-elementor-type=\"wp-page\" data-elementor-id=\"707\" class=\"elementor elementor-707\">\n\t\t\t\t\t\t<section class=\"elementor-section elementor-top-section elementor-element elementor-element-bda0f0e elementor-section-full_width elementor-section-height-default elementor-section-height-default\" data-id=\"bda0f0e\" data-element_type=\"section\">\n\t\t\t\t\t\t<div class=\"elementor-container elementor-column-gap-default\">\n\t\t\t\t\t<div class=\"elementor-column elementor-col-50 elementor-top-column elementor-element elementor-element-6982e18\" data-id=\"6982e18\" data-element_type=\"column\">\n\t\t\t<div class=\"elementor-widget-wrap elementor-element-populated\">\n\t\t\t\t\t\t<div class=\"elementor-element elementor-element-9db0e63 elementor-widget__width-inherit elementor-widget elementor-widget-text-editor\" data-id=\"9db0e63\" data-element_type=\"widget\" data-widget_type=\"text-editor.default\">\n\t\t\t\t<div class=\"elementor-widget-container\">\n\t\t\t\t\t\t\tO Programa de P\u00f3s-Gradua\u00e7\u00e3o em Engenharia Civil \u2013<a href=\"https:\/\/www.ufsm.br\/cursos\/pos-graduacao\/santa-maria\/ppgec\" target=\"_blank\" rel=\"noopener\"> <span style=\"color: #0000ff\"> PPGEC<\/a>\u00a0e o Programa de P\u00f3s-Gradua\u00e7\u00e3o em Engenharia Ambiental \u2013\u00a0<a href=\"https:\/\/www.ufsm.br\/cursos\/pos-graduacao\/santa-maria\/ppgeamb\" target=\"_blank\" rel=\"noopener\">\u00a0<span style=\"color: #0000ff\"> \u00a0PPGEAmb<\/a>\u00a0est\u00e3o fusionados e tornaram-se o\u00a0<a href=\"https:\/\/www.ufsm.br\/cursos\/pos-graduacao\/santa-maria\/ppgecam\" target=\"_blank\" rel=\"noopener\">\u00a0\u00a0<span style=\"color: #0000ff\"> PPGECAM \u2013 Programa de P\u00f3s-Gradua\u00e7\u00e3o em Engenharia Civil e Ambiental<\/a>.\n\n\u21d2 A grade de hor\u00e1rios das disciplinas deve ser acessada no menu\u00a0<strong><a href=\"https:\/\/www.ufsm.br\/cursos\/pos-graduacao\/santa-maria\/ppgecam\/horario\" target=\"_blank\" rel=\"noopener\"><span style=\"color: #0055ff\"> Hor\u00e1rio<\/a><\/strong>\u00a0no site do PPGECAM.\n\n&nbsp;\n<p style=\"text-align: center\"><\/p>\t\t\t\t\t\t<\/div>\n\t\t\t\t<\/div>\n\t\t\t\t\t<\/div>\n\t\t<\/div>\n\t\t\t\t<div class=\"elementor-column elementor-col-50 elementor-top-column elementor-element elementor-element-1195a98\" data-id=\"1195a98\" data-element_type=\"column\">\n\t\t\t<div class=\"elementor-widget-wrap elementor-element-populated\">\n\t\t\t\t\t\t<div class=\"elementor-element elementor-element-ff6beef elementor-widget elementor-widget-text-editor\" data-id=\"ff6beef\" data-element_type=\"widget\" data-widget_type=\"text-editor.default\">\n\t\t\t\t<div class=\"elementor-widget-container\">\n\t\t\t\t\t\t\t<p style=\"text-align: center\"><strong>Semestres anteriores: <\/strong>(clique para ver)<\/p><p><a href=\"https:\/\/www.ufsm.br\/app\/uploads\/sites\/535\/2024\/10\/Horario-02_2024-PPGEAmb.pdf\" target=\"_blank\" rel=\"noopener\">Hor\u00e1rio 1\u00ba sem\/2025<\/a><br \/><a href=\"https:\/\/www.ufsm.br\/app\/uploads\/sites\/535\/2024\/10\/Horario-02_2024-PPGEAmb.pdf\" target=\"_blank\" rel=\"noopener\">Hor\u00e1rio 2\u00ba sem\/2024<\/a><br \/><a href=\"https:\/\/www.ufsm.br\/app\/uploads\/sites\/535\/2024\/04\/Horario-01_2024-PPGEAmb.pdf\" target=\"_blank\" rel=\"noopener\">Hor\u00e1rio 1\u00ba sem\/2024<\/a><br \/><a href=\"https:\/\/www.ufsm.br\/app\/uploads\/sites\/535\/2023\/10\/Horario-02_2023_PPGEAmb.pdf\" target=\"_blank\" rel=\"noopener\">Hor\u00e1rio 2\u00ba sem\/2023<\/a><br \/><a href=\"https:\/\/www.ufsm.br\/app\/uploads\/sites\/535\/2023\/03\/Horario-01_2023-PPGEAmb-4.pdf\">Hor\u00e1rio 1\u00ba sem\/2023<\/a><br \/><a href=\"https:\/\/www.ufsm.br\/app\/uploads\/sites\/535\/2022\/09\/Quadro-horario-02.2022-1.pdf\" target=\"_blank\" rel=\"noopener\">Hor\u00e1rio 2\u00ba sem\/2022<\/a><br \/><a href=\"https:\/\/www.ufsm.br\/app\/uploads\/sites\/535\/2022\/04\/Horario-01.2022-PPGEAMBCOMSALAS.pdf\" target=\"_blank\" rel=\"noopener\">Hor\u00e1rio 1\u00ba sem\/2022<\/a><br \/><a href=\"https:\/\/www.ufsm.br\/app\/uploads\/sites\/535\/2023\/02\/Horario-02.2021-Previa-PPGEAMB.pdf\" target=\"_blank\" rel=\"noopener\">Hor\u00e1rio 2\u00ba sem\/2021<\/a><br \/><a href=\"https:\/\/www.ufsm.br\/app\/uploads\/sites\/535\/2021\/03\/Horario-01.2021-PPGEAMB-1.pdf\" target=\"_blank\" rel=\"noopener\">Hor\u00e1rio 1\u00ba sem\/2021<\/a><\/p>\t\t\t\t\t\t<\/div>\n\t\t\t\t<\/div>\n\t\t\t\t\t<\/div>\n\t\t<\/div>\n\t\t\t\t\t<\/div>\n\t\t<\/section>\n\t\t\t\t<\/div>\n\t\t","protected":false},"excerpt":{"rendered":"<p>O Programa de P\u00f3s-Gradua\u00e7\u00e3o em Engenharia Civil \u2013 PPGEC\u00a0e o Programa de P\u00f3s-Gradua\u00e7\u00e3o em Engenharia Ambiental \u2013\u00a0\u00a0 \u00a0PPGEAmb\u00a0est\u00e3o fusionados e tornaram-se o\u00a0\u00a0\u00a0 PPGECAM \u2013 Programa de P\u00f3s-Gradua\u00e7\u00e3o em Engenharia Civil e Ambiental. \u21d2 A grade de hor\u00e1rios das disciplinas deve ser acessada no menu\u00a0 Hor\u00e1rio\u00a0no site do PPGECAM. &nbsp; Semestres anteriores: (clique para ver) Hor\u00e1rio [&hellip;]<\/p>\n","protected":false},"author":488,"featured_media":0,"parent":0,"menu_order":0,"comment_status":"closed","ping_status":"closed","template":"","meta":{"footnotes":""},"categories":[],"tags":[],"class_list":["post-707","page","type-page","status-publish","hentry"],"acf":[],"_links":{"self":[{"href":"https:\/\/www.ufsm.br\/cursos\/pos-graduacao\/santa-maria\/ppgeamb\/wp-json\/wp\/v2\/pages\/707","targetHints":{"allow":["GET"]}}],"collection":[{"href":"https:\/\/www.ufsm.br\/cursos\/pos-graduacao\/santa-maria\/ppgeamb\/wp-json\/wp\/v2\/pages"}],"about":[{"href":"https:\/\/www.ufsm.br\/cursos\/pos-graduacao\/santa-maria\/ppgeamb\/wp-json\/wp\/v2\/types\/page"}],"author":[{"embeddable":true,"href":"https:\/\/www.ufsm.br\/cursos\/pos-graduacao\/santa-maria\/ppgeamb\/wp-json\/wp\/v2\/users\/488"}],"replies":[{"embeddable":true,"href":"https:\/\/www.ufsm.br\/cursos\/pos-graduacao\/santa-maria\/ppgeamb\/wp-json\/wp\/v2\/comments?post=707"}],"version-history":[{"count":0,"href":"https:\/\/www.ufsm.br\/cursos\/pos-graduacao\/santa-maria\/ppgeamb\/wp-json\/wp\/v2\/pages\/707\/revisions"}],"wp:attachment":[{"href":"https:\/\/www.ufsm.br\/cursos\/pos-graduacao\/santa-maria\/ppgeamb\/wp-json\/wp\/v2\/media?parent=707"}],"wp:term":[{"taxonomy":"category","embeddable":true,"href":"https:\/\/www.ufsm.br\/cursos\/pos-graduacao\/santa-maria\/ppgeamb\/wp-json\/wp\/v2\/categories?post=707"},{"taxonomy":"post_tag","embeddable":true,"href":"https:\/\/www.ufsm.br\/cursos\/pos-graduacao\/santa-maria\/ppgeamb\/wp-json\/wp\/v2\/tags?post=707"}],"curies":[{"name":"wp","href":"https:\/\/api.w.org\/{rel}","templated":true}]}}