{"id":818,"date":"2022-07-29T17:57:56","date_gmt":"2022-07-29T20:57:56","guid":{"rendered":"https:\/\/www.ufsm.br\/cursos\/pos-graduacao\/santa-maria\/ppgeamb\/?page_id=818"},"modified":"2023-11-16T11:56:21","modified_gmt":"2023-11-16T14:56:21","slug":"orientacoes-para-a-entrega-do-trabalho-de-conclusao-de-curso-dissertacao-e-tese","status":"publish","type":"page","link":"https:\/\/www.ufsm.br\/cursos\/pos-graduacao\/santa-maria\/ppgeamb\/orientacoes-para-a-entrega-do-trabalho-de-conclusao-de-curso-dissertacao-e-tese","title":{"rendered":"Orienta\u00e7\u00f5es para a Entrega do Trabalho de Conclus\u00e3o de Curso \u2013 Disserta\u00e7\u00e3o e Tese"},"content":{"rendered":"\n<p style=\"text-align: justify\">A entrega do trabalho final de curso, Disserta\u00e7\u00e3o ou Tese, \u00e9 <strong>na forma digital, sem nenhuma entrega de material f\u00edsico.<\/strong> O\u00a0envio \u00e9 via Processo Eletr\u00f4nico Nacional\u00a0 \u2013 PEN\/SIE da UFSM pela sua\u00a0<strong><a href=\"https:\/\/portal.ufsm.br\/estudantil\/index.html\">Caixa Postal no Portal Estudantil.<\/a><\/strong><\/p>\n<h3 style=\"text-align: justify\"><span style=\"color: #ff0000\"><strong><span style=\"color: #800080\">\u21d2<\/span> <\/strong><\/span>Como proceder para a entrega do trabalho de forma digital:<\/h3>\n<p style=\"text-align: justify\">1 &#8211; O(a) discente deve acessar o<a href=\"https:\/\/portal.ufsm.br\/documentos\/mainMenu.html\">\u00a0<\/a><strong><a href=\"https:\/\/portal.ufsm.br\/documentos\/mainMenu.html\">Portal de Documentos da UFSM, <\/a><\/strong>com seu login e senha da UFSM e proceder conforme este <a href=\"https:\/\/www.ufsm.br\/orgaos-suplementares\/dag\/pen\/apoio-ao-usuario\/tutorial-ato-de-entrega-de-mdt\"><strong>Tutorial \u2013 Ato de Entrega de MDT<\/strong><\/a>. Assim, a entrega \u00e9 composta por:<br \/>\u00a0 \u00a0a) Trabalho final da Disserta\u00e7\u00e3o ou Tese de acordo com a<a href=\"https:\/\/repositorio.ufsm.br\/bitstream\/handle\/1\/24203\/Manual%20de%20Disserta%c3%a7%c3%b5es%20e%20Teses_MDT_2021.pdf?sequence=4&amp;isAllowed=y\"> <strong>MDT 2021 \u2013 Manual de Disserta\u00e7\u00f5es e Teses da UFSM.<\/strong><\/a><br \/>\u00a0 \u00a0b) Termo de Autoriza\u00e7\u00e3o para disponibilidade no Manancial\/UFSM, assinada e marcada a op\u00e7\u00e3o de prazo de libera\u00e7\u00e3o do trabalho.<br \/>\u00a0<\/p>\n<p>2 &#8211; O(a) discente tramitar\u00e1 ao(\u00e0) orientador(a) recebe na caixa postal e confere o trabalho. Efetuada a confer\u00eancia ir\u00e1 tramitar para a coordena\u00e7\u00e3o do PPG, n\u00e3o estando de acordo com o aprovado pela banca, retornar ao acad\u00eamico(a) para efetuar os ajustes necess\u00e1rios. Ap\u00f3s, o(a) orientador(a) ir\u00e1 tramitar o trabalho para a caixa postal da Coordena\u00e7\u00e3o do programa.<\/p>\n<p>3- A Coordena\u00e7\u00e3o do curso, ao receber em sua caixa postal o processo de entrega do trabalho final, far\u00e1 a verifica\u00e7\u00e3o do t\u00edtulo do trabalho que deve estar de acordo com o definido na ata da defesa aprovada e o Termo de Autoriza\u00e7\u00e3o para disponibilidade no Manancial\/UFSM, estando correto insere o arquivo PDF da ata de defesa contendo as assinaturas dos membros examinadores, tramitando \u00e0 Biblioteca Central da UFSM.<\/p>\n<p>4 \u2013 Concomitante ao envio do trabalho \u00e0 Biblioteca, a coordena\u00e7\u00e3o do programa tramitar\u00e1 \u00e0 Pr\u00f3-Reitoria de P\u00f3s-Gradua\u00e7\u00e3o e Pesquisa (PRPGP) o processo inicial da defesa do trabalho, informando que o(a) discente poder\u00e1 ser titulado(a).<\/p>\n<p>\u21d2 Caso haja discrep\u00e2ncia entre o t\u00edtulo do trabalho final e o constante na ata de defesa, ou demais diverg\u00eancias, o processo dever\u00e1 retornar ao acad\u00eamico para a corre\u00e7\u00e3o e seu retorno (processo) \u00e9 via orientador.<\/p>\n<p><span style=\"color: #ff0000\">Aten\u00e7\u00e3o:<\/span><\/p>\n<p><strong>O <\/strong>trabalho final da disserta\u00e7\u00e3o ou tese n\u00e3o deve ser assinado nem pelo discente nem pelo(a) seu\/sua orientador(a).<\/p>\n<p>No envio do trabalho via processo PEN, a folha de aprova\u00e7\u00e3o \u00e9 uma exig\u00eancia da ABNT e assim, item obrigat\u00f3rio nas disserta\u00e7\u00f5es e teses. Por\u00e9m, \u00e9 dispensada as assinaturas, tanto do(a) orientador(a) quanto da banca examinadora de defesa, conforme instru\u00e7\u00f5es constantes no item 10, p\u00e1gina 17, da <strong><a href=\"https:\/\/repositorio.ufsm.br\/bitstream\/handle\/1\/24203\/Manual%20de%20Disserta%c3%a7%c3%b5es%20e%20Teses_MDT_2021.pdf?sequence=4&amp;isAllowed=y\">MDT 2021 \u2013 Manual de Disserta\u00e7\u00f5es e Teses da UFSM<\/a>. <\/strong><\/p>\n<p>A ata da defesa com o registro de aprova\u00e7\u00e3o, e demais informa\u00e7\u00f5es, como data da defesa exata, altera\u00e7\u00e3o de t\u00edtulo do trabalho, e as assinaturas dos membros da banca examinadora, ir\u00e1 cumprir a fun\u00e7\u00e3o quanto a assinaturas na folha de aprova\u00e7\u00e3o e ser\u00e1 anexada pela coordena\u00e7\u00e3o do programa ao PEN de entrega de trabalho.<\/p>\n<p>O Termo de Autoriza\u00e7\u00e3o para disponibilidade no Manancial\/UFSM deve ser assinado pelo(a) autor(a) do trabalho, utilizando, preferencialmente, a <a href=\"https:\/\/www.ufsm.br\/app\/uploads\/sites\/416\/2021\/07\/ABERTURA-ASSINATURA-E-TRAMITE.pdf\">Assinatura Eletr\u00f4nica PEN \u2013 UFSM,<\/a> e ser enviado junto ao trabalho no ato da entrega e n\u00e3o dever\u00e1 ser assinado nem pelos membros da banca nem do(a) orientador(a), (Item 10, p\u00e1gina 17, do <a href=\"https:\/\/repositorio.ufsm.br\/handle\/1\/24203\">Manual de MDT \u2013 UFSM)<\/a>. O(a) autor(a) do trabalho dever\u00e1 marcar no Termo a op\u00e7\u00e3o de libera\u00e7\u00e3o do trabalho para a inclus\u00e3o, obrigat\u00f3ria, <strong>no <a href=\"https:\/\/catalogodeteses.capes.gov.br\/catalogo-teses\/#!\/\">Cat\u00e1logo de Disserta\u00e7\u00f5es\u00a0 \u2013 CAPES<\/a>. <\/strong><\/p>\n<p>N\u00e3o ser\u00e3o aceitas assinaturas recortadas e coladas digitalmente, pois n\u00e3o h\u00e1 valor legal, nem garante a autoria e integridade do documento.\u00a0<\/p>\n<p>A\u00a0<a href=\"https:\/\/www.ufsm.br\/orgaos-suplementares\/biblioteca\/servicos\/ficha-catalografica\/\">Ficha Catalogr\u00e1fica<\/a> \u00e9 obrigat\u00f3ria e sua gera\u00e7\u00e3o \u00e9 efetuada na p\u00e1gina da Biblioteca Central. Em caso de dificuldades na convers\u00e3o do texto em Word para PDF, a Biblioteca Central poder\u00e1 disponibilizar deste servi\u00e7o na\u00a0<a href=\"https:\/\/www.ufsm.br\/orgaos-suplementares\/biblioteca\/divisao-de-referencia\/\">Divis\u00e3o de Refer\u00eancia<\/a>.<\/p>\n<p>Aos discentes que receberam\u00a0bolsa ou qualquer apoio\u00a0em atividades acad\u00eamicas (taxas, di\u00e1rias, etc) custeadas com recursos PROAP\/CAPES, \u00e9 obrigat\u00f3rio referenciar o apoio recebido no trabalho. Para isso, na gera\u00e7\u00e3o na ficha catalogr\u00e1fica dever\u00e1 marcar a op\u00e7\u00e3o: Financiamento \u2013 Trabalho Financiado pela CAPES. A refer\u00eancia ficar\u00e1 vis\u00edvel na Ficha Catalogr\u00e1fica:\u00a0<em>\u201cO presente trabalho foi realizado com apoio da Coordena\u00e7\u00e3o de Aperfei\u00e7oamento de Pessoal de N\u00edvel Superior \u2013 Brasil (CAPES) \u2013 C\u00f3digo de Financiamento 001\u201d.<\/em><\/p>\n<p>A expedi\u00e7\u00e3o do diploma \u00e9 efetuada pelo Controle Acad\u00eamico de P\u00f3s-Gradua\u00e7\u00e3o \u2013 CAPG em m\u00e9dia de 20 a 30 dias. Para solicitar a urg\u00eancia de emiss\u00e3o, anexar ao processo de entrega do trabalho o <a href=\"https:\/\/www.ufsm.br\/pro-reitorias\/prpgp\/servicos\/urgencia-para-emissao-de-diploma-da-pos-graduacao\">Formul\u00e1rio de Urg\u00eancia de Diploma<\/a> e a comprova\u00e7\u00e3o para a urg\u00eancia.<\/p>\n<p>O acompanhamento da tramita\u00e7\u00e3o poder \u00e9 ser feito pelo\u00a0<a href=\"https:\/\/portal.ufsm.br\/documentos\/mainMenu.html\">Portal de Documentos da UFSM<\/a>,\u00a0clicando em Processos. O n\u00famero do processo PEN \u00e9 o de abertura do processo de defesa efetuado pelo discente.<\/p>\n<p>D\u00favidas sobre a emiss\u00e3o do diploma, enviar e-mail para <a href=\"mailto:academico.prpgp@ufsm.br\">academico.prpgp@ufsm.br<\/a>.<\/p>\n<p><strong style=\"color: #0000ff;font-size: revert\"><a style=\"color: #0000ff\" href=\"https:\/\/repositorio.ufsm.br\/handle\/1\/24203\" target=\"_blank\" rel=\"noopener\">MDT 2021 \u2013 Manual d Disserta\u00e7\u00e3o e Tese<\/a><\/strong><span style=\"color: #0000ff\"><strong><br \/><\/strong><\/span><span style=\"color: #0000ff\"><strong><a style=\"color: #0000ff\" href=\"https:\/\/www.ufsm.br\/app\/uploads\/sites\/550\/2022\/07\/Memo-Circ-04-2022-entrega-da-versao-final-MDT.pdf\" target=\"_blank\" rel=\"noopener\">Memorando Circular n. 04\/2022 \u2013 PRPGP (entrega digital)<\/a><br \/><\/strong><\/span><span style=\"color: #0000ff\"><strong><a href=\"https:\/\/www.ufsm.br\/orgaos-suplementares\/dag\/pen\/apoio-ao-usuario\/tutorial-ato-de-entrega-de-mdt\/\" target=\"_blank\" rel=\"noopener\">Tutorial Ato de Entrega de MDT<\/a><br \/><\/strong><\/span><span style=\"color: #0000ff\"><strong><a style=\"color: #0000ff\" href=\"https:\/\/www.ufsm.br\/app\/uploads\/sites\/416\/2021\/07\/ABERTURA-ASSINATURA-E-TRAMITE.pdf\">Tutorial Assinatura Eletr\u00f4nica PEN<\/a><br \/><\/strong><strong><a style=\"color: #0000ff\" href=\"https:\/\/www.in.gov.br\/materia\/-\/asset_publisher\/Kujrw0TZC2Mb\/content\/id\/39729251\/do1-2018-09-05-portaria-n-206-de-4-de-setembro-de-2018-39729135\" target=\"_blank\" rel=\"noopener\">Portaria 206\/2018 &#8211; CAPES (Obrigatoriedade de Refer\u00eancias em Trabalhos)<\/a><br \/><\/strong><strong><a style=\"color: #0000ff\" href=\"https:\/\/www.in.gov.br\/en\/web\/dou\/-\/portaria-n-360-de-18-de-maio-de-2022-401082263\" target=\"_blank\" rel=\"noopener\">Portaria n.360 de 18 de maio de 2022<\/a><\/strong><\/span> (convers\u00e3o do acervo acad\u00eamico para o meio digital)<\/p>\n","protected":false},"excerpt":{"rendered":"<p>A entrega do trabalho final de curso, Disserta\u00e7\u00e3o ou Tese, \u00e9 na forma digital, sem nenhuma entrega de material f\u00edsico. O\u00a0envio \u00e9 via Processo Eletr\u00f4nico Nacional\u00a0 \u2013 PEN\/SIE da UFSM pela sua\u00a0Caixa Postal no Portal Estudantil. \u21d2 Como proceder para a entrega do trabalho de forma digital: 1 &#8211; O(a) discente deve acessar o\u00a0Portal de [&hellip;]<\/p>\n","protected":false},"author":883,"featured_media":0,"parent":0,"menu_order":0,"comment_status":"closed","ping_status":"closed","template":"","meta":{"footnotes":""},"categories":[],"tags":[],"class_list":["post-818","page","type-page","status-publish","hentry"],"acf":[],"_links":{"self":[{"href":"https:\/\/www.ufsm.br\/cursos\/pos-graduacao\/santa-maria\/ppgeamb\/wp-json\/wp\/v2\/pages\/818","targetHints":{"allow":["GET"]}}],"collection":[{"href":"https:\/\/www.ufsm.br\/cursos\/pos-graduacao\/santa-maria\/ppgeamb\/wp-json\/wp\/v2\/pages"}],"about":[{"href":"https:\/\/www.ufsm.br\/cursos\/pos-graduacao\/santa-maria\/ppgeamb\/wp-json\/wp\/v2\/types\/page"}],"author":[{"embeddable":true,"href":"https:\/\/www.ufsm.br\/cursos\/pos-graduacao\/santa-maria\/ppgeamb\/wp-json\/wp\/v2\/users\/883"}],"replies":[{"embeddable":true,"href":"https:\/\/www.ufsm.br\/cursos\/pos-graduacao\/santa-maria\/ppgeamb\/wp-json\/wp\/v2\/comments?post=818"}],"version-history":[{"count":0,"href":"https:\/\/www.ufsm.br\/cursos\/pos-graduacao\/santa-maria\/ppgeamb\/wp-json\/wp\/v2\/pages\/818\/revisions"}],"wp:attachment":[{"href":"https:\/\/www.ufsm.br\/cursos\/pos-graduacao\/santa-maria\/ppgeamb\/wp-json\/wp\/v2\/media?parent=818"}],"wp:term":[{"taxonomy":"category","embeddable":true,"href":"https:\/\/www.ufsm.br\/cursos\/pos-graduacao\/santa-maria\/ppgeamb\/wp-json\/wp\/v2\/categories?post=818"},{"taxonomy":"post_tag","embeddable":true,"href":"https:\/\/www.ufsm.br\/cursos\/pos-graduacao\/santa-maria\/ppgeamb\/wp-json\/wp\/v2\/tags?post=818"}],"curies":[{"name":"wp","href":"https:\/\/api.w.org\/{rel}","templated":true}]}}