{"id":854,"date":"2022-08-15T20:45:30","date_gmt":"2022-08-15T23:45:30","guid":{"rendered":"https:\/\/www.ufsm.br\/cursos\/pos-graduacao\/santa-maria\/ppgeamb\/?page_id=854"},"modified":"2024-11-04T10:37:46","modified_gmt":"2024-11-04T13:37:46","slug":"instrucoes-para-a-realizacao-de-defesa-de-dissertacao-tese","status":"publish","type":"page","link":"https:\/\/www.ufsm.br\/cursos\/pos-graduacao\/santa-maria\/ppgeamb\/instrucoes-para-a-realizacao-de-defesa-de-dissertacao-tese","title":{"rendered":"Instru\u00e7\u00f5es para a Realiza\u00e7\u00e3o de Defesas"},"content":{"rendered":"\t\t<div data-elementor-type=\"wp-page\" data-elementor-id=\"854\" class=\"elementor elementor-854\">\n\t\t\t\t\t\t<section class=\"elementor-section elementor-top-section elementor-element elementor-element-b108ba0 elementor-section-boxed elementor-section-height-default elementor-section-height-default\" data-id=\"b108ba0\" data-element_type=\"section\">\n\t\t\t\t\t\t<div class=\"elementor-container elementor-column-gap-default\">\n\t\t\t\t\t<div class=\"elementor-column elementor-col-100 elementor-top-column elementor-element elementor-element-95444e3\" data-id=\"95444e3\" data-element_type=\"column\">\n\t\t\t<div class=\"elementor-widget-wrap elementor-element-populated\">\n\t\t\t\t\t\t<div class=\"elementor-element elementor-element-95865fc elementor-tabs-view-horizontal elementor-widget elementor-widget-tabs\" data-id=\"95865fc\" data-element_type=\"widget\" data-widget_type=\"tabs.default\">\n\t\t\t\t<div class=\"elementor-widget-container\">\n\t\t\t\t\t<div class=\"elementor-tabs\">\n\t\t\t<div class=\"elementor-tabs-wrapper\" role=\"tablist\" >\n\t\t\t\t\t\t\t\t\t<div id=\"elementor-tab-title-1561\" class=\"elementor-tab-title elementor-tab-desktop-title\" aria-selected=\"true\" data-tab=\"1\" role=\"tab\" tabindex=\"0\" aria-controls=\"elementor-tab-content-1561\" aria-expanded=\"false\">Defesa de Disserta\u00e7\u00e3o e Tese<\/div>\n\t\t\t\t\t\t\t\t\t<div id=\"elementor-tab-title-1562\" class=\"elementor-tab-title elementor-tab-desktop-title\" aria-selected=\"false\" data-tab=\"2\" role=\"tab\" tabindex=\"-1\" aria-controls=\"elementor-tab-content-1562\" aria-expanded=\"false\">Qualifica\u00e7\u00e3o de Doutorado<\/div>\n\t\t\t\t\t\t\t\t\t<div id=\"elementor-tab-title-1563\" class=\"elementor-tab-title elementor-tab-desktop-title\" aria-selected=\"false\" data-tab=\"3\" role=\"tab\" tabindex=\"-1\" aria-controls=\"elementor-tab-content-1563\" aria-expanded=\"false\">Qualifica\u00e7\u00e3o de Mestrado<\/div>\n\t\t\t\t\t\t\t<\/div>\n\t\t\t<div class=\"elementor-tabs-content-wrapper\" role=\"tablist\" aria-orientation=\"vertical\">\n\t\t\t\t\t\t\t\t\t<div class=\"elementor-tab-title elementor-tab-mobile-title\" aria-selected=\"true\" data-tab=\"1\" role=\"tab\" tabindex=\"0\" aria-controls=\"elementor-tab-content-1561\" aria-expanded=\"false\">Defesa de Disserta\u00e7\u00e3o e Tese<\/div>\n\t\t\t\t\t<div id=\"elementor-tab-content-1561\" class=\"elementor-tab-content elementor-clearfix\" data-tab=\"1\" role=\"tabpanel\" aria-labelledby=\"elementor-tab-title-1561\" tabindex=\"0\" hidden=\"false\"><p>Seguindo as diretrizes do <a href=\"https:\/\/www.ufsm.br\/app\/uploads\/sites\/345\/2023\/10\/RES_UFSM_2023_139_ANEXO_I_Regulamento-Geral-PG-Stricto-Sensu-UFSM-2023.pdf\">Regulamento Geral da P\u00f3s-Gradua\u00e7\u00e3o Stricto Sensu da UFSM<\/a> os processos de Defesa Disserta\u00e7\u00e3o e Tese devem ocorrer da seguinte forma:<\/p>\n<p>01 &#8211; Instala\u00e7\u00e3o dos trabalhos pelo(a) presidente da comiss\u00e3o examinadora e apresenta\u00e7\u00e3o dos membros da respectiva comiss\u00e3o;<\/p>\n<p>02 &#8211; Chamada do(a) candidato(a) pelo(a) presidente da comiss\u00e3o examinadora, enunciando o nome completo e o t\u00edtulo do trabalho, concedendo a&nbsp;<span style=\"font-weight: var( --e-global-typography-text-font-weight )\">palavra ao(\u00e0) candidato(a) que ter\u00e1 o tempo m\u00e1ximo de 50 (cinquenta) minutos para fazer a apresenta\u00e7\u00e3o do trabalho;<\/span><\/p>\n<p>04 &#8211; Ap\u00f3s, o(a) presidente da comiss\u00e3o concede a palavra a&nbsp;cada um(a) dos(as) membros(as) da banca examinadora para a argui\u00e7\u00e3o ao(\u00e0) candidato(a) por at\u00e9 30 (trinta) minutos, e este(a) dispor\u00e1, no m\u00ednimo, de igual tempo para responder aos questionamentos.<\/p>\n<p>05 &#8211; Poder\u00e1, em comum acordo, ocorrer a argui\u00e7\u00e3o em forma de di\u00e1logo, computando-se o tempo de at\u00e9 60 (sessenta) minutos para a argui\u00e7\u00e3o de cada examinador(a) e resposta do(a) candidato(a).<\/p>\n<p>06 &#8211; Conclu\u00edda a etapa de argui\u00e7\u00e3o, a comiss\u00e3o examinadora far\u00e1 a atribui\u00e7\u00e3o do resultado final em local privado, na sequ\u00eancia divulgando ao(a) discente e a comunidade interessada. Ser\u00e1 atribu\u00eddo conceito \u201cAprovado(a)\u201d ou \u201cN\u00e3o Aprovado(a)\u201d e regi<span style=\"font-family: georgia, palatino, serif\">strado na ata de defesa.&nbsp;<\/span><\/p>\n<p style=\"text-align: justify;margin: 0cm 0cm 12.0pt 0cm\"><span style=\"font-size: 12pt;font-family: georgia, palatino, serif\">07 &#8211; A aprova\u00e7\u00e3o dever\u00e1 ser por maioria simples dos membros da comiss\u00e3o examinadora. Estando a banca constitu\u00edda de um n\u00famero par de membros(as), e ocorrer empate no resultado da avalia\u00e7\u00e3o, o resultado final dever\u00e1 ser computado excluindo-se o voto do(a) orientador(a).<\/span><\/p>\n<p>08- A banca examinadora poder\u00e1 conceder o prazo de at\u00e9 60 dias para o(a) candidato(a) efetuar as modifica\u00e7\u00f5es sugeridas pela comiss\u00e3o examinadora e efetuar a entrega final do trabalho;<\/p>\n<p>09 &#8211; O(A) candidato(a) reprovado(a) poder\u00e1 ter, a crit\u00e9rio da banca examinadora, at\u00e9 6 (seis) meses para se submeter a uma \u00fanica nova defesa da disserta\u00e7\u00e3o ou tese. Em caso de segunda reprova\u00e7\u00e3o na defesa de disserta\u00e7\u00e3o ou tese, o(a) discente ser\u00e1 desligado do programa.<\/p>\n<p>10 \u2013 Finalizada a sess\u00e3o, o(a) presidente procede \u00e0 leitura p\u00fablica da ata, com proclama\u00e7\u00e3o final, declinando o nome do candidato, o t\u00edtulo do trabalho defendido e o julgamento, a seguir encerra os trabalhos.<\/p>\n<div>\n<p><strong>Sobre a ata da Defesa:<br><\/strong>Dever\u00e1 constar na ata da defesa, tamb\u00e9m, se for o caso, o novo t\u00edtulo do trabalho e no campo Declara\u00e7\u00e3o, a forma de participa\u00e7\u00e3o do examinadores(as), presencial e\/ou videoconfer\u00eancia ou h\u00edbrida, e o que se julgar necess\u00e1rio relatar.<\/p>\n<p><strong>As assinaturas podem ocorrer:<br><\/strong>1- Assinatura via PEN \u2013 homologa\u00e7\u00e3o de atas;<br>2- Assinatura via&nbsp;<a href=\"http:\/\/gov.br\/\" target=\"_blank\" rel=\"noopener\" data-saferedirecturl=\"https:\/\/www.google.com\/url?q=http:\/\/GOV.BR&amp;source=gmail&amp;ust=1730765547598000&amp;usg=AOvVaw0ceBbp6G2m5D8X4vmsOpJm\">GOV.BR<\/a>;<br>3- Assinatura eletr\u00f4nica certificada pela ICP-Brasil (por exemplo: via TOKEN);<br>4- Assinatura eletr\u00f4nica que utiliza certifica\u00e7\u00e3o emitida pela institui\u00e7\u00e3o de ensino superior\/pesquisa \u00e0 qual o(a) membro(a) da banca est\u00e1 vinculado;<br>5- Assinatura an\u00e1loga ao&nbsp;<a href=\"http:\/\/gov.br\/\" target=\"_blank\" rel=\"noopener\" data-saferedirecturl=\"https:\/\/www.google.com\/url?q=http:\/\/GOV.BR&amp;source=gmail&amp;ust=1730765547598000&amp;usg=AOvVaw0ceBbp6G2m5D8X4vmsOpJm\">GOV.BR<\/a>, emitida pelo pa\u00eds de origem dos(as) membros(as) estrangeiros(as) das bancas; ou<br>6- Assinatura de pr\u00f3prio punho, aceita&nbsp;<b>excepcionalmente<\/b>&nbsp;<b>apenas para estrangeiros(as)<\/b>, desde que sejam feitas antes das assinaturas eletr\u00f4nicas. Neste caso, entende-se que a assinatura do presidente da banca certifica esta assinatura.<\/p>\n<p>Ap\u00f3s assinada por todos os membros da banca examinadora, a ata da defesa dever\u00e1 ser enviada a secretaria administrativo do programa que far\u00e1 o acompanhamento da entrega final do trabalho e dar\u00e1 a continuidade \u00e0 tramita\u00e7\u00e3o e titula\u00e7\u00e3o do(a) aluno(a).<\/p>\n<p><span style=\"font-size: 12pt;line-height: 115%;font-family: georgia, palatino, serif;color: #1c1c1c\">Em caso de n\u00e3o aprova\u00e7\u00e3o ou altera\u00e7\u00e3o da data da defesa de qualifica\u00e7\u00e3o, a secretaria dever\u00e1 ser comunicada da nova data que ocorrer\u00e1 a&nbsp;<\/span><span style=\"font-size: 12pt;line-height: 115%;font-family: georgia, palatino, serif;color: #1c1c1c\">defesa para a altera\u00e7\u00e3o na documenta\u00e7\u00e3o da defesa.<\/span><\/p>\n<p><span style=\"font-size: 12pt;line-height: 115%;font-family: georgia, palatino, serif;color: #1c1c1c\"><strong>Aten\u00e7\u00e3o -&gt;<\/strong> N\u00e3o ser\u00e3o aceitas:<br>&#8211; Assinaturas com a utiliza\u00e7\u00e3o de colagem (da assinatura ou do&nbsp;<a href=\"http:\/\/gov.br\/\" target=\"_blank\" rel=\"noopener\" data-saferedirecturl=\"https:\/\/www.google.com\/url?q=http:\/\/GOV.BR&amp;source=gmail&amp;ust=1730765547598000&amp;usg=AOvVaw0ceBbp6G2m5D8X4vmsOpJm\">GOV.BR<\/a>).<br>&#8211; Assinaturas de pr\u00f3prio punho de membros(as) n\u00e3o estrangeiros.<br>&#8211; Impress\u00e3o de documentos com assinatura eletr\u00f4nica e subsequente digitaliza\u00e7\u00e3o para inser\u00e7\u00e3o no processo.<br>&#8211; Edi\u00e7\u00f5es da ata ap\u00f3s a assinatura eletr\u00f4nica, que resultem na perda de validade da assinatura.&nbsp;<\/span><\/p><\/div>\n<p><a href=\"https:\/\/www.ufsm.br\/cursos\/pos-graduacao\/santa-maria\/ppgeamb\/orientacoes-para-a-entrega-do-trabalho-de-conclusao-de-curso-dissertacao-e-tese\/\" target=\"_blank\" rel=\"noopener\"><strong>Orienta\u00e7\u00e3o para a Entrega de Trabalho de Conclus\u00e3o de Curso<\/strong><\/a><\/p><\/div>\n\t\t\t\t\t\t\t\t\t<div class=\"elementor-tab-title elementor-tab-mobile-title\" aria-selected=\"false\" data-tab=\"2\" role=\"tab\" tabindex=\"-1\" aria-controls=\"elementor-tab-content-1562\" aria-expanded=\"false\">Qualifica\u00e7\u00e3o de Doutorado<\/div>\n\t\t\t\t\t<div id=\"elementor-tab-content-1562\" class=\"elementor-tab-content elementor-clearfix\" data-tab=\"2\" role=\"tabpanel\" aria-labelledby=\"elementor-tab-title-1562\" tabindex=\"0\" hidden=\"hidden\"><p>Seguindo as diretrizes do <a href=\"https:\/\/www.ufsm.br\/app\/uploads\/sites\/345\/2023\/10\/RES_UFSM_2023_139_ANEXO_I_Regulamento-Geral-PG-Stricto-Sensu-UFSM-2023.pdf\">Regulamento Geral da P\u00f3s-Gradua\u00e7\u00e3o Stricto Sensu da UFSM<\/a> os processos de Defesa de Exame de Qualifica\u00e7\u00e3o devem ocorrer da seguinte forma:<\/p><p>01 &#8211; Instala\u00e7\u00e3o dos trabalhos pelo(a) presidente da comiss\u00e3o examinadora e apresenta\u00e7\u00e3o dos membros da respectiva comiss\u00e3o;<\/p><p>02 &#8211; Chamada do(a) candidato(a) pelo(a) presidente da comiss\u00e3o examinadora, enunciando o nome completo e o t\u00edtulo do trabalho, concedendo a\u00a0<span style=\"font-weight: var( --e-global-typography-text-font-weight )\">palavra ao(\u00e0) candidato(a) que ter\u00e1 o tempo m\u00e1ximo de 50 (cinquenta) minutos para fazer a apresenta\u00e7\u00e3o do trabalho;<\/span><\/p><p>04 &#8211; Ap\u00f3s, o(a) presidente da comiss\u00e3o concede a palavra a\u00a0cada um(a) dos(as) membros(as) da banca examinadora para a argui\u00e7\u00e3o ao(\u00e0) candidato(a) por at\u00e9 30 (trinta) minutos, e este(a) dispor\u00e1, no m\u00ednimo, de igual tempo para responder aos questionamentos.<\/p><p>05 &#8211; Poder\u00e1, em comum acordo, ocorrer a argui\u00e7\u00e3o em forma de di\u00e1logo, computando-se o tempo de at\u00e9 60 (sessenta) minutos para a argui\u00e7\u00e3o de cada examinador(a) e resposta do(a) candidato(a).<\/p><p>06 &#8211; Conclu\u00edda a etapa de argui\u00e7\u00e3o, a comiss\u00e3o examinadora far\u00e1 a atribui\u00e7\u00e3o do resultado final em local privado, na sequ\u00eancia divulgando ao(a) discente e a comunidade interessada. Ser\u00e1 atribu\u00eddo conceito \u201cAprovado(a)\u201d ou \u201cN\u00e3o Aprovado(a)\u201d e regi<span style=\"font-family: georgia, palatino, serif\">strado na ata de defesa.\u00a0<\/span><\/p><p style=\"text-align: justify;margin: 0cm 0cm 12.0pt 0cm\"><span style=\"font-size: 12pt;font-family: georgia, palatino, serif\">07 &#8211; A aprova\u00e7\u00e3o dever\u00e1 ser por maioria simples dos membros da comiss\u00e3o examinadora. Estando a banca constitu\u00edda de um n\u00famero par de membros(as), e ocorrer empate no resultado da avalia\u00e7\u00e3o, o resultado final dever\u00e1 ser computado excluindo-se o voto do(a) orientador(a).<\/span><\/p><p>08 &#8211; O(A) candidato(a) reprovado(a) poder\u00e1 ter, a crit\u00e9rio da banca examinadora, at\u00e9 6 (seis) meses para se submeter a uma \u00fanica nova defesa da qualifica\u00e7\u00e3o. Em caso de segunda reprova\u00e7\u00e3o na defesa, o(a) discente ser\u00e1 desligado do programa.<\/p><p>09 \u2013 Finalizada a sess\u00e3o, o(a) presidente procede \u00e0 leitura p\u00fablica da ata, com proclama\u00e7\u00e3o final, declinando o nome do candidato, o t\u00edtulo do trabalho defendido e o julgamento, a seguir encerra os trabalhos.<\/p><div><p><strong>Sobre a ata da Defesa:<br \/><\/strong>Dever\u00e1 constar na ata da defesa, tamb\u00e9m, no campo Declara\u00e7\u00e3o, a forma de participa\u00e7\u00e3o do examinadores(as), presencial e\/ou videoconfer\u00eancia ou h\u00edbrida, e o que se julgar necess\u00e1rio relatar.<\/p><p><strong>As assinaturas podem ocorrer:<br \/><\/strong>1- Assinatura via PEN \u2013 homologa\u00e7\u00e3o de atas;<br \/>2- Assinatura via\u00a0<a href=\"http:\/\/gov.br\/\" target=\"_blank\" rel=\"noopener\" data-saferedirecturl=\"https:\/\/www.google.com\/url?q=http:\/\/GOV.BR&amp;source=gmail&amp;ust=1730765547598000&amp;usg=AOvVaw0ceBbp6G2m5D8X4vmsOpJm\">GOV.BR<\/a>;<br \/>3- Assinatura eletr\u00f4nica certificada pela ICP-Brasil (por exemplo: via TOKEN);<br \/>4- Assinatura eletr\u00f4nica que utiliza certifica\u00e7\u00e3o emitida pela institui\u00e7\u00e3o de ensino superior\/pesquisa \u00e0 qual o(a) membro(a) da banca est\u00e1 vinculado;<br \/>5- Assinatura an\u00e1loga ao\u00a0<a href=\"http:\/\/gov.br\/\" target=\"_blank\" rel=\"noopener\" data-saferedirecturl=\"https:\/\/www.google.com\/url?q=http:\/\/GOV.BR&amp;source=gmail&amp;ust=1730765547598000&amp;usg=AOvVaw0ceBbp6G2m5D8X4vmsOpJm\">GOV.BR<\/a>, emitida pelo pa\u00eds de origem dos(as) membros(as) estrangeiros(as) das bancas; ou<br \/>6- Assinatura de pr\u00f3prio punho, aceita\u00a0<b>excepcionalmente<\/b>\u00a0<b>apenas para estrangeiros(as)<\/b>, desde que sejam feitas antes das assinaturas eletr\u00f4nicas. Neste caso, entende-se que a assinatura do presidente da banca certifica esta assinatura.<\/p><p>Ap\u00f3s assinada por todos os membros da banca examinadora, a ata da defesa dever\u00e1 ser enviada a secreta<span style=\"font-family: georgia, palatino, serif;font-size: 12pt\">ria administrativo do programa para o registro da defesa da qualifica\u00e7\u00e3o e envio \u00e0 PRPGP.<\/span><\/p><p><span style=\"font-size: 12pt;line-height: 115%;font-family: georgia, palatino, serif;color: #1c1c1c\">Em caso de n\u00e3o aprova\u00e7\u00e3o ou altera\u00e7\u00e3o da data da defesa de qualifica\u00e7\u00e3o, a secretaria dever\u00e1 ser comunicada da nova data que ocorrer\u00e1 a\u00a0<\/span><span style=\"font-size: 12pt;line-height: 115%;font-family: georgia, palatino, serif;color: #1c1c1c\">defesa para a altera\u00e7\u00e3o na documenta\u00e7\u00e3o da defesa.<\/span><span style=\"font-size: 12pt;line-height: 115%;font-family: georgia, palatino, serif;color: #1c1c1c\">\u00a0<\/span><\/p><p><strong>Aten\u00e7\u00e3o -&gt;<\/strong> N\u00e3o ser\u00e3o aceitas:<br \/>&#8211; Assinaturas com a utiliza\u00e7\u00e3o de colagem (da assinatura ou do\u00a0<a href=\"http:\/\/gov.br\/\" target=\"_blank\" rel=\"noopener\" data-saferedirecturl=\"https:\/\/www.google.com\/url?q=http:\/\/GOV.BR&amp;source=gmail&amp;ust=1730765547598000&amp;usg=AOvVaw0ceBbp6G2m5D8X4vmsOpJm\">GOV.BR<\/a>).<br \/>&#8211; Assinaturas de pr\u00f3prio punho de membros(as) n\u00e3o estrangeiros.<br \/>&#8211; Impress\u00e3o de documentos com assinatura eletr\u00f4nica e subsequente digitaliza\u00e7\u00e3o para inser\u00e7\u00e3o no processo.<br \/>&#8211; Edi\u00e7\u00f5es da ata ap\u00f3s a assinatura eletr\u00f4nica, que resultem na perda de validade da assinatura.<\/p><\/div><p><strong><a href=\"https:\/\/www.ufsm.br\/app\/uploads\/sites\/550\/2023\/11\/Instrucoes-para-Defesa-Qualificacao-de-Doutorado.pdf\" target=\"_blank\" rel=\"noopener\">Instru\u00e7\u00f5es para a defesa da qualifica\u00e7\u00e3o<\/a> (vers\u00e3o em Pdf)<\/strong><\/p><\/div>\n\t\t\t\t\t\t\t\t\t<div class=\"elementor-tab-title elementor-tab-mobile-title\" aria-selected=\"false\" data-tab=\"3\" role=\"tab\" tabindex=\"-1\" aria-controls=\"elementor-tab-content-1563\" aria-expanded=\"false\">Qualifica\u00e7\u00e3o de Mestrado<\/div>\n\t\t\t\t\t<div id=\"elementor-tab-content-1563\" class=\"elementor-tab-content elementor-clearfix\" data-tab=\"3\" role=\"tabpanel\" aria-labelledby=\"elementor-tab-title-1563\" tabindex=\"0\" hidden=\"hidden\"><p>Clique\u00a0<a href=\"https:\/\/www.ufsm.br\/cursos\/pos-graduacao\/santa-maria\/ppgeamb\/servicos\/qualificacao-de-mestrado-esa826-seminario-sobre-projeto-de-dissertacao-em-engenharia-ambiental\" target=\"_blank\" rel=\"noopener\"><strong>AQUI e ser\u00e1 direcionado \u00e0 p\u00e1gina Qualifica\u00e7\u00e3o de Mestrado (ESA826-Semin\u00e1rio sobre Projeto de Disserta\u00e7\u00e3o em Engenharia Ambiental)<\/strong><\/a><\/p><\/div>\n\t\t\t\t\t\t\t<\/div>\n\t\t<\/div>\n\t\t\t\t<\/div>\n\t\t\t\t<\/div>\n\t\t\t\t\t<\/div>\n\t\t<\/div>\n\t\t\t\t\t<\/div>\n\t\t<\/section>\n\t\t\t\t<\/div>\n\t\t","protected":false},"excerpt":{"rendered":"<p>Defesa de Disserta\u00e7\u00e3o e Tese Qualifica\u00e7\u00e3o de Doutorado Qualifica\u00e7\u00e3o de Mestrado Defesa de Disserta\u00e7\u00e3o e Tese Seguindo as diretrizes do Regulamento Geral da P\u00f3s-Gradua\u00e7\u00e3o Stricto Sensu da UFSM os processos de Defesa Disserta\u00e7\u00e3o e Tese devem ocorrer da seguinte forma: 01 &#8211; Instala\u00e7\u00e3o dos trabalhos pelo(a) presidente da comiss\u00e3o examinadora e apresenta\u00e7\u00e3o dos membros da [&hellip;]<\/p>\n","protected":false},"author":883,"featured_media":0,"parent":0,"menu_order":0,"comment_status":"closed","ping_status":"closed","template":"","meta":{"footnotes":""},"categories":[],"tags":[],"class_list":["post-854","page","type-page","status-publish","hentry"],"acf":[],"_links":{"self":[{"href":"https:\/\/www.ufsm.br\/cursos\/pos-graduacao\/santa-maria\/ppgeamb\/wp-json\/wp\/v2\/pages\/854","targetHints":{"allow":["GET"]}}],"collection":[{"href":"https:\/\/www.ufsm.br\/cursos\/pos-graduacao\/santa-maria\/ppgeamb\/wp-json\/wp\/v2\/pages"}],"about":[{"href":"https:\/\/www.ufsm.br\/cursos\/pos-graduacao\/santa-maria\/ppgeamb\/wp-json\/wp\/v2\/types\/page"}],"author":[{"embeddable":true,"href":"https:\/\/www.ufsm.br\/cursos\/pos-graduacao\/santa-maria\/ppgeamb\/wp-json\/wp\/v2\/users\/883"}],"replies":[{"embeddable":true,"href":"https:\/\/www.ufsm.br\/cursos\/pos-graduacao\/santa-maria\/ppgeamb\/wp-json\/wp\/v2\/comments?post=854"}],"version-history":[{"count":0,"href":"https:\/\/www.ufsm.br\/cursos\/pos-graduacao\/santa-maria\/ppgeamb\/wp-json\/wp\/v2\/pages\/854\/revisions"}],"wp:attachment":[{"href":"https:\/\/www.ufsm.br\/cursos\/pos-graduacao\/santa-maria\/ppgeamb\/wp-json\/wp\/v2\/media?parent=854"}],"wp:term":[{"taxonomy":"category","embeddable":true,"href":"https:\/\/www.ufsm.br\/cursos\/pos-graduacao\/santa-maria\/ppgeamb\/wp-json\/wp\/v2\/categories?post=854"},{"taxonomy":"post_tag","embeddable":true,"href":"https:\/\/www.ufsm.br\/cursos\/pos-graduacao\/santa-maria\/ppgeamb\/wp-json\/wp\/v2\/tags?post=854"}],"curies":[{"name":"wp","href":"https:\/\/api.w.org\/{rel}","templated":true}]}}