{"id":1025,"date":"2020-05-28T21:13:48","date_gmt":"2020-05-29T00:13:48","guid":{"rendered":"https:\/\/www.ufsm.br\/cursos\/pos-graduacao\/santa-maria\/ppgec\/?page_id=1025"},"modified":"2025-06-12T10:34:58","modified_gmt":"2025-06-12T13:34:58","slug":"recursos-proap-2","status":"publish","type":"page","link":"https:\/\/www.ufsm.br\/cursos\/pos-graduacao\/santa-maria\/ppgec\/recursos-proap-2","title":{"rendered":"Solicita\u00e7\u00e3o de Recurso Financeiro"},"content":{"rendered":"\t\t<div data-elementor-type=\"wp-page\" data-elementor-id=\"1025\" class=\"elementor elementor-1025\">\n\t\t\t\t\t\t<section class=\"elementor-section elementor-top-section elementor-element elementor-element-4b8b6c7 elementor-section-boxed elementor-section-height-default elementor-section-height-default\" data-id=\"4b8b6c7\" data-element_type=\"section\" data-settings=\"{&quot;background_background&quot;:&quot;classic&quot;}\">\n\t\t\t\t\t\t<div class=\"elementor-container elementor-column-gap-default\">\n\t\t\t\t\t<div class=\"elementor-column elementor-col-100 elementor-top-column elementor-element elementor-element-85b4658\" data-id=\"85b4658\" data-element_type=\"column\">\n\t\t\t<div class=\"elementor-widget-wrap elementor-element-populated\">\n\t\t\t\t\t\t<div class=\"elementor-element elementor-element-3ecacfd elementor-widget elementor-widget-text-editor\" data-id=\"3ecacfd\" data-element_type=\"widget\" data-widget_type=\"text-editor.default\">\n\t\t\t\t<div class=\"elementor-widget-container\">\n\t\t\t\t\t\t\t<p><span style=\"color: #ff0000\"><strong>AVISO:\u00a0<\/strong><\/span>Pelo motivo da fus\u00e3o do Programa de P\u00f3s-Gradua\u00e7\u00e3o em Engenharia Civil \u2013 <a href=\"https:\/\/www.ufsm.br\/cursos\/pos-graduacao\/santa-maria\/ppgec\" target=\"_blank\" rel=\"noopener\"><span style=\"color: #0000ff\">PPGEC<\/span><\/a> e do P\u00f3s-Gradua\u00e7\u00e3o em Engenharia Ambiental \u2013\u00a0<a href=\"https:\/\/www.ufsm.br\/cursos\/pos-graduacao\/santa-maria\/ppgeamb\" target=\"_blank\" rel=\"noopener\"><span style=\"color: #0000ff\">PPGEAmb<\/span><\/a>, consulte no <a href=\"https:\/\/www.ufsm.br\/cursos\/pos-graduacao\/santa-maria\/ppgecam\" target=\"_blank\" rel=\"noopener\"><span style=\"color: #0000ff\">site do PPGECAM<\/span><\/a> em &#8220;<a href=\"https:\/\/www.ufsm.br\/cursos\/pos-graduacao\/santa-maria\/ppgecam\/solicitacao-de-recurso-financeiro\" target=\"_blank\" rel=\"noopener\"><span style=\"color: #0000ff\">Solicita\u00e7\u00e3o de Recurso Financeiro<\/span><\/a>&#8221;\u00a0para informa\u00e7\u00f5es sobre recursos financeiros.<\/p>\t\t\t\t\t\t<\/div>\n\t\t\t\t<\/div>\n\t\t\t\t\t<\/div>\n\t\t<\/div>\n\t\t\t\t\t<\/div>\n\t\t<\/section>\n\t\t\t\t<section class=\"elementor-section elementor-top-section elementor-element elementor-element-73c26c1 elementor-section-boxed elementor-section-height-default elementor-section-height-default\" data-id=\"73c26c1\" data-element_type=\"section\">\n\t\t\t\t\t\t<div class=\"elementor-container elementor-column-gap-default\">\n\t\t\t\t\t<div class=\"elementor-column elementor-col-100 elementor-top-column elementor-element elementor-element-cb821fe\" data-id=\"cb821fe\" data-element_type=\"column\">\n\t\t\t<div class=\"elementor-widget-wrap elementor-element-populated\">\n\t\t\t\t\t\t<div class=\"elementor-element elementor-element-3f6fffd elementor-widget elementor-widget-text-editor\" data-id=\"3f6fffd\" data-element_type=\"widget\" data-widget_type=\"text-editor.default\">\n\t\t\t\t<div class=\"elementor-widget-container\">\n\t\t\t\t\t\t\t<p>Os recursos financeiros de p\u00f3s-gradua\u00e7\u00e3o, financiados pela CAPES\/PROAP (Programa de Apoio \u00e0 P\u00f3s-Gradua\u00e7\u00e3o), para despesas de custeio e regidos pela <a href=\"https:\/\/www.gov.br\/capes\/pt-br\/acesso-a-informacao\/acoes-e-programas\/bolsas\/bolsas-no-pais\/proap\" target=\"_blank\" rel=\"noopener\"><span style=\"color: #0000ff\">Portaria 156\/2014- Capes<\/span><\/a>. Nos programas de p\u00f3s-gradua\u00e7\u00e3o os recursos s\u00e3o administrados pela coordena\u00e7\u00e3o de cada PPG com as diretrizes aprovadas por seus Colegiados.<\/p>\t\t\t\t\t\t<\/div>\n\t\t\t\t<\/div>\n\t\t\t\t\t<\/div>\n\t\t<\/div>\n\t\t\t\t\t<\/div>\n\t\t<\/section>\n\t\t\t\t<section class=\"elementor-section elementor-top-section elementor-element elementor-element-88d852c elementor-section-boxed elementor-section-height-default elementor-section-height-default\" data-id=\"88d852c\" data-element_type=\"section\">\n\t\t\t\t\t\t<div class=\"elementor-container elementor-column-gap-default\">\n\t\t\t\t\t<div class=\"elementor-column elementor-col-100 elementor-top-column elementor-element elementor-element-b5ca220\" data-id=\"b5ca220\" data-element_type=\"column\">\n\t\t\t<div class=\"elementor-widget-wrap elementor-element-populated\">\n\t\t\t\t\t\t<div class=\"elementor-element elementor-element-98e21df elementor-widget elementor-widget-text-editor\" data-id=\"98e21df\" data-element_type=\"widget\" data-widget_type=\"text-editor.default\">\n\t\t\t\t<div class=\"elementor-widget-container\">\n\t\t\t\t\t\t\t<p><a style=\"font-size: 1rem;font-weight: var( --e-global-typography-text-font-weight );text-align: var(--bs-body-text-align)\" href=\"https:\/\/www.ufsm.br\/cursos\/pos-graduacao\/santa-maria\/ppgeamb\/recursos-de-proap-capes\" target=\"_blank\" rel=\"noopener\">&gt;&gt;&gt; Recursos de PROAP\/CAPES &#8211; PPGEAmb<\/a><br \/><a style=\"font-size: 1rem;font-weight: var( --e-global-typography-text-font-weight );text-align: var(--bs-body-text-align)\" href=\"https:\/\/www.ufsm.br\/cursos\/pos-graduacao\/santa-maria\/ppgec\/recursos-de-proap\" target=\"_blank\" rel=\"noopener\">&gt;&gt;&gt; Recursos de PROAP\/CAPES &#8211; PPGEC<\/a><\/p>\t\t\t\t\t\t<\/div>\n\t\t\t\t<\/div>\n\t\t\t\t\t<\/div>\n\t\t<\/div>\n\t\t\t\t\t<\/div>\n\t\t<\/section>\n\t\t\t\t<\/div>\n\t\t","protected":false},"excerpt":{"rendered":"<p>AVISO:\u00a0Pelo motivo da fus\u00e3o do Programa de P\u00f3s-Gradua\u00e7\u00e3o em Engenharia Civil \u2013 PPGEC e do P\u00f3s-Gradua\u00e7\u00e3o em Engenharia Ambiental \u2013\u00a0PPGEAmb, consulte no site do PPGECAM em &#8220;Solicita\u00e7\u00e3o de Recurso Financeiro&#8221;\u00a0para informa\u00e7\u00f5es sobre recursos financeiros. Os recursos financeiros de p\u00f3s-gradua\u00e7\u00e3o, financiados pela CAPES\/PROAP (Programa de Apoio \u00e0 P\u00f3s-Gradua\u00e7\u00e3o), para despesas de custeio e regidos pela Portaria [&hellip;]<\/p>\n","protected":false},"author":883,"featured_media":0,"parent":0,"menu_order":0,"comment_status":"closed","ping_status":"closed","template":"","meta":{"footnotes":""},"categories":[],"tags":[],"class_list":["post-1025","page","type-page","status-publish","hentry"],"acf":[],"_links":{"self":[{"href":"https:\/\/www.ufsm.br\/cursos\/pos-graduacao\/santa-maria\/ppgec\/wp-json\/wp\/v2\/pages\/1025","targetHints":{"allow":["GET"]}}],"collection":[{"href":"https:\/\/www.ufsm.br\/cursos\/pos-graduacao\/santa-maria\/ppgec\/wp-json\/wp\/v2\/pages"}],"about":[{"href":"https:\/\/www.ufsm.br\/cursos\/pos-graduacao\/santa-maria\/ppgec\/wp-json\/wp\/v2\/types\/page"}],"author":[{"embeddable":true,"href":"https:\/\/www.ufsm.br\/cursos\/pos-graduacao\/santa-maria\/ppgec\/wp-json\/wp\/v2\/users\/883"}],"replies":[{"embeddable":true,"href":"https:\/\/www.ufsm.br\/cursos\/pos-graduacao\/santa-maria\/ppgec\/wp-json\/wp\/v2\/comments?post=1025"}],"version-history":[{"count":0,"href":"https:\/\/www.ufsm.br\/cursos\/pos-graduacao\/santa-maria\/ppgec\/wp-json\/wp\/v2\/pages\/1025\/revisions"}],"wp:attachment":[{"href":"https:\/\/www.ufsm.br\/cursos\/pos-graduacao\/santa-maria\/ppgec\/wp-json\/wp\/v2\/media?parent=1025"}],"wp:term":[{"taxonomy":"category","embeddable":true,"href":"https:\/\/www.ufsm.br\/cursos\/pos-graduacao\/santa-maria\/ppgec\/wp-json\/wp\/v2\/categories?post=1025"},{"taxonomy":"post_tag","embeddable":true,"href":"https:\/\/www.ufsm.br\/cursos\/pos-graduacao\/santa-maria\/ppgec\/wp-json\/wp\/v2\/tags?post=1025"}],"curies":[{"name":"wp","href":"https:\/\/api.w.org\/{rel}","templated":true}]}}