{"id":1029,"date":"2020-05-29T22:08:36","date_gmt":"2020-05-30T01:08:36","guid":{"rendered":"https:\/\/www.ufsm.br\/cursos\/pos-graduacao\/santa-maria\/ppgec\/?page_id=1029"},"modified":"2024-09-18T11:33:53","modified_gmt":"2024-09-18T14:33:53","slug":"participacao-em-eventos","status":"publish","type":"page","link":"https:\/\/www.ufsm.br\/cursos\/pos-graduacao\/santa-maria\/ppgec\/participacao-em-eventos","title":{"rendered":"Taxa de Inscri\u00e7\u00e3o em Eventos"},"content":{"rendered":"<p>O aux\u00edlio para o pagamento da taxa de inscri\u00e7\u00e3o em eventos cient\u00edficos como congressos, semin\u00e1rios e outros, objetiva estimular a participa\u00e7\u00e3o dos docentes e discentes em eventos acad\u00eamicos-cient\u00edficos com o custeio do valor da inscri\u00e7\u00e3o. Aos alunos regulares de p\u00f3s-gradua\u00e7\u00e3o poder\u00e1 ser disponibilizado recurso para a apresenta\u00e7\u00e3o de trabalhos ou para a participa\u00e7\u00e3o como ouvinte. A prioridade ser\u00e1 \u00e0s taxas de inscri\u00e7\u00e3o quando houver a apresenta\u00e7\u00e3o de trabalhos aceitos (consulte a secretaria do programa).<\/p>\n<p>A cada trabalho aceito para apresenta\u00e7\u00e3o, haver\u00e1 apenas um autor para a apresenta\u00e7\u00e3o, que, posteriormente, dever\u00e1 ser comprovada pelo certificado da apresenta\u00e7\u00e3o.<\/p>\n<p>Al\u00e9m da taxa de inscri\u00e7\u00e3o, a ajuda de custo poder\u00e1 compreender, passagens e\/ou di\u00e1rias (ver <strong><span style=\"color: #0000ff\"><a style=\"color: #0000ff\" href=\"https:\/\/www.ufsm.br\/cursos\/pos-graduacao\/santa-maria\/ppgec\/diarias-e-passagens\/\" target=\"_blank\" rel=\"noopener\">Passagens e Di\u00e1rias<\/a><\/span>)<\/strong>.<br \/>\nOs tipos e valores a serem liberados ser\u00e3o de acordo com os recursos dispon\u00edveis, podendo ocorrer a ajuda financeiro parcial do valor da taxa de inscri\u00e7\u00e3o.<\/p>\n<p>Toda a solicita\u00e7\u00e3o de ajuda financeira para alunos(as) dever\u00e1 ter a aprova\u00e7\u00e3o do(a) orientador(a).<\/p>\n<p>A solicita\u00e7\u00e3o deve ocorrer sempre antes do evento, <strong>com pelo menos 20 dias do in\u00edcio.<\/strong> N\u00e3o h\u00e1 a possibilidade de restitui\u00e7\u00e3o de valor de taxas j\u00e1 pagas.<\/p>\n<p style=\"color: #000000;font-size: 16px\"><strong>\u21d2<\/strong> Ap\u00f3s aprovada a libera\u00e7\u00e3o de recursos para o pagamento da taxa da inscri\u00e7\u00e3o, a <span style=\"color: #993366\"><strong>SOLICITA\u00c7\u00c3O<\/strong><\/span> dever\u00e1 ocorrer com o envio ao e-mail do programa da seguinte documenta\u00e7\u00e3o em PDF leg\u00edvel:<br \/>\n<strong style=\"text-align: center;text-indent: 0cm;background-color: var(--bs-body-bg)\">\u2013\u00a0<a href=\"https:\/\/www.ufsm.br\/app\/uploads\/sites\/550\/2024\/09\/Requerimento-de-Pagamento-de-Taxa-de-Inscricao.doc\" target=\"_blank\" rel=\"noopener\"><span style=\"color: #0000ff\">Requerimento de Pagamento de Taxa de Inscri\u00e7\u00e3o <\/span><\/a><\/strong>(preenchida e assinada);<br \/>\n<strong style=\"color: #000000;text-align: center;text-indent: 0cm;background-color: var(--bs-body-bg)\"><span style=\"color: #000000\">\u2013<\/span><\/strong><span style=\"color: #0000ff\"><span style=\"color: #000000\"> Quando aluno(a): <\/span><\/span><a href=\"https:\/\/www.ufsm.br\/app\/uploads\/sites\/550\/2024\/09\/Autorizacao-Desconto-em-Folha-PROAP.doc\" target=\"_blank\" rel=\"noopener\"><strong style=\"color: #000000;text-align: center;text-indent: 0cm;background-color: var(--bs-body-bg)\"><span style=\"color: #0000ff\"><strong><span style=\"color: #0000ff\">Autoriza\u00e7\u00e3o de Desconto em Folha &#8211; PROAP\/CAPES <\/span><\/strong><\/span><\/strong><\/a>ou <a href=\"https:\/\/www.ufsm.br\/app\/uploads\/sites\/550\/2024\/09\/Autorizacao-Desconto-em-Folha-Edital-50.doc\" target=\"_blank\" rel=\"noopener\"><strong style=\"color: #000000;text-align: center;text-indent: 0cm;background-color: var(--bs-body-bg)\"><span style=\"color: #0000ff\"><strong>Autoriza\u00e7\u00e3o de Desconto em Folha &#8211; Edital 50<\/strong><\/span><\/strong><\/a><br \/>\n&#8211; Or\u00e7amento do valor da taxa de inscri\u00e7\u00e3o; &#8211;<br \/>\n\u2013 Carta de aceite do trabalho (para apresenta\u00e7\u00e3o de trabalhos);<br \/>\n\u2013 Trabalho a ser apresentado;<br \/>\n\u2013 Folder\/banner do evento;<br \/>\n\u2013 Cronograma do evento;<br \/>\n&#8211; Link com a p\u00e1gina do evento na internet;<br \/>\n\u2013 Convers\u00e3o feita no <em><strong><span style=\"color: #0000ff\"><a style=\"color: #0000ff\" href=\"https:\/\/www.bcb.gov.br\/conversao\" target=\"_blank\" rel=\"noopener\">s\u00edtio do Banco Central<\/a><\/span><\/strong>,<\/em> para evento internacional.<\/p>\n<p>Alguma documenta\u00e7\u00e3o em desacordo ou incompleta, ser\u00e1 devolvida para corre\u00e7\u00e3o ou complementa\u00e7\u00e3o.<\/p>\n<p>A secretaria do programa dar\u00e1 o andamento ao lan\u00e7amento para o pagamento da taxa de inscri\u00e7\u00e3o, ap\u00f3s comunicar\u00e1 ao solicitante o n\u00famero do <strong><a href=\"https:\/\/portal.ufsm.br\/documentos\/mainMenu.html\" target=\"_blank\" rel=\"noopener\"><span style=\"color: #0000ff\">processo PEN<\/span>\u00a0<\/a><\/strong>para acompanhamento e as instru\u00e7\u00f5es para a presta\u00e7\u00e3o de contas.<\/p>\n<p><span style=\"color: #000000;background-color: #ffff99\"><em><strong>Aten\u00e7\u00e3o:<\/strong><\/em> <\/span>Poder\u00e1 ocorrer a demora no dep\u00f3sito em conta banc\u00e1ria, j\u00e1 que o recurso depende da libera\u00e7\u00e3o or\u00e7ament\u00e1ria, ent\u00e3o, nestes casos, o pagamento da taxa deve ocorrer com recurso pr\u00f3prio e aguardar o dep\u00f3sito pela UFSM.<\/p>\n<p style=\"font-size: 16px\">\u21d2 <span style=\"color: #993366\"><strong>A PRESTA\u00c7\u00c3O DE CONTAS <\/strong><\/span>dever\u00e1 ser efetuada pelo(a) requerente da taxa, anexando os seguintes documentos ao processo PEN que estar\u00e1 em sua <span style=\"color: #0000ff\"><strong><a style=\"color: #0000ff\" href=\"https:\/\/portal.ufsm.br\/documentos\/mainMenu.html\" target=\"_blank\" rel=\"noopener\">Caixa Postal da UFSM<\/a><\/strong><\/span>:<br \/>\n\u2013 Certificado de participa\u00e7\u00e3o ou apresenta\u00e7\u00e3o de trabalho emitido pelo \u00f3rg\u00e3o ou entidade respons\u00e1vel pela realiza\u00e7\u00e3o do evento;<br \/>\n<span style=\"color: initial\">\u2013 <\/span><span style=\"color: initial\">Nota fiscal ou recibo emitido em nome da Universidade Federal de Santa Maria (CNPJ: 95.591.764\/0001-05) &#8211; N\u00c3O CONTRIBUINTE ICMS), informando no corpo do documento o nome do benefici\u00e1rio e a descri\u00e7\u00e3o do evento (a data deve ser posterior \u00e0 solicita\u00e7\u00e3o e ao empenho da taxa).<\/span><\/p>\n<p style=\"font-size: 16px\">Ap\u00f3s anexar os documentos, tramitar o processo PEN \u00e0 Se\u00e7\u00e3o de Contabilidade \u2013 SCONT (01.12.01.02.2.0), em at\u00e9 15 dias ap\u00f3s a realiza\u00e7\u00e3o do evento.<\/p>\n<p>Aten\u00e7\u00e3o: comprovantes banc\u00e1rios, n\u00e3o s\u00e3o v\u00e1lidos para a presta\u00e7\u00e3o de contas.<\/p>\n<p style=\"font-size: 16px\"><span style=\"color: #ff0000\"><strong>A n\u00e3o presta\u00e7\u00e3o de contas pelo requisitante ir\u00e1 impossibilitar novas solicita\u00e7\u00f5es.<\/strong><\/span><\/p>\n","protected":false},"excerpt":{"rendered":"<p>O aux\u00edlio para o pagamento da taxa de inscri\u00e7\u00e3o em eventos cient\u00edficos como congressos, semin\u00e1rios e outros, objetiva estimular a participa\u00e7\u00e3o dos docentes e discentes em eventos acad\u00eamicos-cient\u00edficos com o custeio do valor da inscri\u00e7\u00e3o. Aos alunos regulares de p\u00f3s-gradua\u00e7\u00e3o poder\u00e1 ser disponibilizado recurso para a apresenta\u00e7\u00e3o de trabalhos ou para a participa\u00e7\u00e3o como ouvinte. [&hellip;]<\/p>\n","protected":false},"author":883,"featured_media":0,"parent":0,"menu_order":0,"comment_status":"closed","ping_status":"closed","template":"","meta":{"footnotes":""},"categories":[],"tags":[],"class_list":["post-1029","page","type-page","status-publish","hentry"],"acf":[],"_links":{"self":[{"href":"https:\/\/www.ufsm.br\/cursos\/pos-graduacao\/santa-maria\/ppgec\/wp-json\/wp\/v2\/pages\/1029","targetHints":{"allow":["GET"]}}],"collection":[{"href":"https:\/\/www.ufsm.br\/cursos\/pos-graduacao\/santa-maria\/ppgec\/wp-json\/wp\/v2\/pages"}],"about":[{"href":"https:\/\/www.ufsm.br\/cursos\/pos-graduacao\/santa-maria\/ppgec\/wp-json\/wp\/v2\/types\/page"}],"author":[{"embeddable":true,"href":"https:\/\/www.ufsm.br\/cursos\/pos-graduacao\/santa-maria\/ppgec\/wp-json\/wp\/v2\/users\/883"}],"replies":[{"embeddable":true,"href":"https:\/\/www.ufsm.br\/cursos\/pos-graduacao\/santa-maria\/ppgec\/wp-json\/wp\/v2\/comments?post=1029"}],"version-history":[{"count":0,"href":"https:\/\/www.ufsm.br\/cursos\/pos-graduacao\/santa-maria\/ppgec\/wp-json\/wp\/v2\/pages\/1029\/revisions"}],"wp:attachment":[{"href":"https:\/\/www.ufsm.br\/cursos\/pos-graduacao\/santa-maria\/ppgec\/wp-json\/wp\/v2\/media?parent=1029"}],"wp:term":[{"taxonomy":"category","embeddable":true,"href":"https:\/\/www.ufsm.br\/cursos\/pos-graduacao\/santa-maria\/ppgec\/wp-json\/wp\/v2\/categories?post=1029"},{"taxonomy":"post_tag","embeddable":true,"href":"https:\/\/www.ufsm.br\/cursos\/pos-graduacao\/santa-maria\/ppgec\/wp-json\/wp\/v2\/tags?post=1029"}],"curies":[{"name":"wp","href":"https:\/\/api.w.org\/{rel}","templated":true}]}}