{"id":1035,"date":"2020-05-31T18:39:22","date_gmt":"2020-05-31T21:39:22","guid":{"rendered":"https:\/\/www.ufsm.br\/cursos\/pos-graduacao\/santa-maria\/ppgec\/?page_id=1035"},"modified":"2024-09-09T11:14:08","modified_gmt":"2024-09-09T14:14:08","slug":"ajuda-de-custo-para-trabalho-de-campo","status":"publish","type":"page","link":"https:\/\/www.ufsm.br\/cursos\/pos-graduacao\/santa-maria\/ppgec\/ajuda-de-custo-para-trabalho-de-campo","title":{"rendered":"Ajuda de custo para Trabalho em Campo"},"content":{"rendered":"<p style=\"text-align: justify\">O Trabalho de Campo, ou ainda, Pesquisa, Atividade ou Estudo de Campo, constitui parte de um experimento cient\u00edfico. \u00c9 uma atividade realizada por pesquisadores na natureza ou no local onde o fen\u00f4meno estudado ocorre naturalmente. Engloba a coleta e\/ou registro de dados, caracteres, informa\u00e7\u00f5es relativas ao fen\u00f4meno ou objeto de estudo relacionados \u00e0 pesquisa efetuada para a disserta\u00e7\u00e3o ou tese.<\/p>\n<p>A ajuda de custo, tipos e valores a serem liberados ser\u00e3o de acordo com os recursos dispon\u00edveis ao docente conforme os crit\u00e9rios de cada programa de p\u00f3s-gradua\u00e7\u00e3o. As solicita\u00e7\u00f5es efetuadas por alunos dos programas devem ser autorizadas pelos respectivos orientadores e podem compreendem:<br \/>\n\u2013 <strong><em><span style=\"color: #0000ff\"><a style=\"color: #0000ff\" href=\"https:\/\/www.ufsm.br\/cursos\/pos-graduacao\/santa-maria\/ppgec\/diarias-e-passagens\/\" target=\"_blank\" rel=\"noopener\">passagens a\u00e9reas ou di\u00e1rias<\/a><\/span><\/em><\/strong> via <strong><span style=\"color: #0000ff\"><a style=\"color: #0000ff\" href=\"https:\/\/www2.scdp.gov.br\/tutoriais\/scdp\/html\/demo_1.html#:~:text=O%20Sistema%20de%20Concess%C3%A3o%20de,atendimento%20e%20consulta%20dos%20usu%C3%A1rios.\" target=\"_blank\" rel=\"noopener\"><em>SCDP<\/em><\/a><\/span><\/strong>, ou ambos; ou<br \/>\n\u2013\u00a0<a href=\"https:\/\/www.ufsm.br\/cursos\/pos-graduacao\/santa-maria\/ppgec\/servicos\/passagens-rodoviarias\" target=\"_blank\" rel=\"noopener\"><strong><em><span style=\"color: #0000ff\">passagens rodovi\u00e1rias <\/span><\/em><\/strong><\/a>(via conv\u00eanios firmados pela institui\u00e7\u00e3o); ou<br \/>\n&#8211; transporte da UFSM.<\/p>\n<p>O formul\u00e1rio com a solicita\u00e7\u00e3o deve ser enviado para lan\u00e7amento com pelo menos 30 dias antes do in\u00edcio da viagem quando houver a emiss\u00e3o de passagens a\u00e9reas, e m\u00ednimo de 5 dias quando for somente di\u00e1rias.<strong><br \/>\nN\u00e3o h\u00e1\u00a0 a possibilidade de qualquer restitui\u00e7\u00e3o de valor de atividades j\u00e1 ocorridas.<\/strong><\/p>\n<p><strong>1) PARA SOLICITAR:<br \/>\n<\/strong>A solicita\u00e7\u00e3o e envio da documenta\u00e7\u00e3o, assim como os documentos para a presta\u00e7\u00e3o de contas devem ser enviadas (arquivos separados e PDF leg\u00edvel), ao e-mail do programa e s\u00e3o:<br \/>\n<strong>1) Documentos padr\u00e3o para <span style=\"color: #993300\">TODOS OS TIPOS<\/span> que envolvam di\u00e1rias e passagens s\u00e3o obrigat\u00f3rios:<\/strong><br \/>\nFormul\u00e1rio de <a href=\"https:\/\/www.ufsm.br\/app\/uploads\/sites\/550\/2023\/07\/Solicitacao-de-Diarias-e-Passagens_Formulario_Sub3-PPG-CT-1.docx\" target=\"_blank\" rel=\"noopener\"><strong><span style=\"color: #0000ff\">Solicita\u00e7\u00e3o de Di\u00e1rias e Passagens<\/span><\/strong><\/a> (preenchido e assinado);<br \/>\n<span style=\"font-size: revert;color: initial\">Alunos(as): <span style=\"color: #0000ff\"><strong><a style=\"color: #0000ff\" href=\"https:\/\/www.ufsm.br\/app\/uploads\/sites\/528\/2024\/06\/Autorizacao-Desconto-em-Folha-Docente.docx\" target=\"_blank\" rel=\"noopener\">Autoriza\u00e7\u00e3o de Desconto em Folha<\/a><\/strong><\/span><\/span><strong style=\"font-size: revert;color: initial\">\u00a0(<\/strong><span style=\"font-size: revert;color: initial\">assinada pelo orientador);<br \/>\n<\/span>Docentes: <strong><a href=\"https:\/\/www.ufsm.br\/pro-reitorias\/progep\/servicos\/afastamento-eventual\" target=\"_blank\" rel=\"noopener\"><span style=\"color: #0000ff\">Portaria de afastamento.<\/span><\/a><\/strong><\/p>\n<p>Quando for viagem internacional<strong> de discentes,<\/strong> dever\u00e1 ser enviado tamb\u00e9m o <strong><a href=\"https:\/\/www.ufsm.br\/app\/uploads\/sites\/345\/2023\/02\/formulario-prprp-diaria-intern-PEN-oficial-2023.doc\" target=\"_blank\" rel=\"noopener\"><span style=\"color: #0000ff\">Requerimento de pagamento de di\u00e1rias internacionais para disce<\/span>nte.<\/a><\/strong><\/p>\n<p>Situa\u00e7\u00f5es diversas poder\u00e3o ser esclarecidas com a secretaria do Programa.<\/p>\n<p><strong>2) PARA A PRESTA\u00c7\u00c3O DE CONTAS:<br \/>\n<\/strong>A presta\u00e7\u00e3o de contas da viagem dever\u00e1 ocorrer em at\u00e9 (5) cinco dias nas viagens nacionais e at\u00e9 (30) dias nas viagens internacionais, contados da conclus\u00e3o da miss\u00e3o, em que o requerente (proposto) dever\u00e1 enviar para o e-mail do curso os seguintes documentos:<br \/>\n&#8211; Relat\u00f3rio de viagem assinado, quando docente tamb\u00e9m dever\u00e1 ser assinado pelo coordenador do PPG e quando discente, pelo(a) orientador(a)<br \/>\n&#8211; Notas fiscais de alimenta\u00e7\u00e3o ou hospedagem no local e per\u00edodo informado, pelo menos uma ao dia;<br \/>\n&#8211; Declara\u00e7\u00e3o ou atestado para visitas t\u00e9cnicas e de campo \u00e0 institui\u00e7\u00f5es e\/ou empresas;<br \/>\n&#8211; Cart\u00e3o de embarque (apenas quando houver pagamento de passagens a\u00e9reas pela UFSM);<br \/>\n&#8211; Documentos relacionados com o objetivo das viagens realizadas a servi\u00e7o, como atas de reuni\u00e3o, certificados de participa\u00e7\u00e3o ou presen\u00e7a, e outros;<br \/>\n&#8211; Havendo a necessidade, outros documentos poder\u00e3o ser solicitados para comprovar a atividade.<\/p>\n<p>Alguma documenta\u00e7\u00e3o em desacordo ou incompleta, ser\u00e1 devolvida para corre\u00e7\u00e3o ou complementa\u00e7\u00e3o.<\/p>\n<p>A secretaria do programa dar\u00e1 o andamento, ap\u00f3s comunicar\u00e1 ao solicitante o valor liberado e as instru\u00e7\u00f5es para a presta\u00e7\u00e3o de contas. Para passagens a\u00e9reas o requerente receber\u00e1 o voucher pelo e-mail informado na solicita\u00e7\u00e3o.<\/p>\n<p><strong style=\"background-color: var(--bs-body-bg)\">\u00a0<\/strong><strong><span style=\"color: #339966\">Aqui links para:<\/span><\/strong><\/p>\n<div><a href=\"https:\/\/www.ufsm.br\/pro-reitorias\/prpgp\/valores-de-indenizacoes-de-diarias\" target=\"_blank\" rel=\"noopener\"><span style=\"color: #0000ff\">Valor de Indeniza\u00e7\u00f5es de Di\u00e1rias no Pa\u00eds e Exterior<\/span><\/a><\/div>\n<div><span style=\"color: #0000ff;font-family: georgia, palatino, serif\"><a href=\"https:\/\/www.ufsm.br\/app\/uploads\/sites\/345\/2021\/04\/Formulario_-_Relatorio_de_viagem-1.doc\" target=\"_blank\" rel=\"noopener\"><span style=\"color: #0000ff\">FORMUL\u00c1RIO PARA RELAT\u00d3RIO DE VIAGEM<\/span><\/a><br \/>\n<a style=\"color: #0000ff\" href=\"https:\/\/www.ufsm.br\/app\/uploads\/sites\/345\/2023\/02\/formulario-prprp-diaria-intern-PEN-oficial-2023.doc\" target=\"_blank\" rel=\"noopener\"><span style=\"color: #0000ff\">Formul\u00e1rio de di\u00e1rias internacionais para alunos<\/span><\/a><a style=\"color: #0000ff\" href=\"https:\/\/www.ufsm.br\/app\/uploads\/sites\/345\/2023\/02\/formulario-prprp-diaria-intern-PEN-oficial-2023.doc\" target=\"_blank\" rel=\"noopener\"> (doc)<\/a><\/span><\/div>\n<div><span style=\"color: #0000ff\"><a style=\"color: #0000ff\" href=\"https:\/\/www.ufsm.br\/app\/uploads\/sites\/345\/2024\/09\/MODELO-PREENCHIDO-RELATORIO-CIRCUNSTANCIADO-DE-VIAGEM.pdf\" target=\"_blank\" rel=\"noopener\"><span class=\"elementor-icon-list-text\">MODELO DE RELAT\u00d3RIO DE VIAGEM &#8211; PREENCHIDO<\/span><\/a><br \/>\n<a style=\"color: #0000ff\" href=\"https:\/\/www.ufsm.br\/app\/uploads\/sites\/345\/2024\/09\/MODELO-PREENCHIDO-RELATORIO-CIRCUNSTANCIADO-DE-VIAGEM-DE-CAMPO.pdf\" target=\"_blank\" rel=\"noopener\">MODELO DE RELAT\u00d3RIO DE VIAGEM DE CAMPO &#8211; PREENCHIDO<\/a><br \/>\n<\/span><\/div>\n<div><\/div>\n<p>O <span style=\"color: #0000ff\"><a style=\"color: #0000ff\" href=\"https:\/\/www.ufsm.br\/pro-reitorias\/prpgp\/nafin\" target=\"_blank\" rel=\"noopener\">N\u00facleo de Apoio Administrativo-Financeiro da PRPGP (NAAO)<\/a><\/span> ser\u00e1 respons\u00e1vel por supervisionar as solicita\u00e7\u00f5es.<\/p>\n<p><strong>A EMISS\u00c3O DE PASSAGENS A\u00c9REAS ocorre somente via Sistema de Concess\u00e3o de Di\u00e1rias e Passagens &#8211; SCDP.<br \/>\n<\/strong><span style=\"color: #ff0000\"><strong>A n\u00e3o presta\u00e7\u00e3o de contas pelo requisitante ir\u00e1 impossibilitar novas solicita\u00e7\u00f5es.<\/strong><\/span><\/p>\n","protected":false},"excerpt":{"rendered":"<p>O Trabalho de Campo, ou ainda, Pesquisa, Atividade ou Estudo de Campo, constitui parte de um experimento cient\u00edfico. \u00c9 uma atividade realizada por pesquisadores na natureza ou no local onde o fen\u00f4meno estudado ocorre naturalmente. Engloba a coleta e\/ou registro de dados, caracteres, informa\u00e7\u00f5es relativas ao fen\u00f4meno ou objeto de estudo relacionados \u00e0 pesquisa efetuada [&hellip;]<\/p>\n","protected":false},"author":883,"featured_media":0,"parent":0,"menu_order":0,"comment_status":"closed","ping_status":"closed","template":"","meta":{"footnotes":""},"categories":[],"tags":[],"class_list":["post-1035","page","type-page","status-publish","hentry"],"acf":[],"_links":{"self":[{"href":"https:\/\/www.ufsm.br\/cursos\/pos-graduacao\/santa-maria\/ppgec\/wp-json\/wp\/v2\/pages\/1035","targetHints":{"allow":["GET"]}}],"collection":[{"href":"https:\/\/www.ufsm.br\/cursos\/pos-graduacao\/santa-maria\/ppgec\/wp-json\/wp\/v2\/pages"}],"about":[{"href":"https:\/\/www.ufsm.br\/cursos\/pos-graduacao\/santa-maria\/ppgec\/wp-json\/wp\/v2\/types\/page"}],"author":[{"embeddable":true,"href":"https:\/\/www.ufsm.br\/cursos\/pos-graduacao\/santa-maria\/ppgec\/wp-json\/wp\/v2\/users\/883"}],"replies":[{"embeddable":true,"href":"https:\/\/www.ufsm.br\/cursos\/pos-graduacao\/santa-maria\/ppgec\/wp-json\/wp\/v2\/comments?post=1035"}],"version-history":[{"count":0,"href":"https:\/\/www.ufsm.br\/cursos\/pos-graduacao\/santa-maria\/ppgec\/wp-json\/wp\/v2\/pages\/1035\/revisions"}],"wp:attachment":[{"href":"https:\/\/www.ufsm.br\/cursos\/pos-graduacao\/santa-maria\/ppgec\/wp-json\/wp\/v2\/media?parent=1035"}],"wp:term":[{"taxonomy":"category","embeddable":true,"href":"https:\/\/www.ufsm.br\/cursos\/pos-graduacao\/santa-maria\/ppgec\/wp-json\/wp\/v2\/categories?post=1035"},{"taxonomy":"post_tag","embeddable":true,"href":"https:\/\/www.ufsm.br\/cursos\/pos-graduacao\/santa-maria\/ppgec\/wp-json\/wp\/v2\/tags?post=1035"}],"curies":[{"name":"wp","href":"https:\/\/api.w.org\/{rel}","templated":true}]}}