{"id":1073,"date":"2020-07-18T21:32:23","date_gmt":"2020-07-19T00:32:23","guid":{"rendered":"https:\/\/www.ufsm.br\/cursos\/pos-graduacao\/santa-maria\/ppgec\/?page_id=1073"},"modified":"2025-05-08T11:02:43","modified_gmt":"2025-05-08T14:02:43","slug":"formularios","status":"publish","type":"page","link":"https:\/\/www.ufsm.br\/cursos\/pos-graduacao\/santa-maria\/ppgec\/formularios","title":{"rendered":"Formul\u00e1rios e Requerimentos"},"content":{"rendered":"\n<figure class=\"wp-block-table\"><table><tbody><tr><td>Aproveitamento e Dispensa de Disciplinas<\/td><td><a href=\"https:\/\/www.ufsm.br\/cursos\/pos-graduacao\/santa-maria\/ppgec\/wp-content\/uploads\/sites\/550\/2019\/03\/Requerimento_de_Dispensa_ou_Aproveitamento_de_Disciplinas-2.pdf\" target=\"_blank\" rel=\"noreferrer noopener\"><\/a><a href=\"https:\/\/www.ufsm.br\/pro-reitorias\/prpgp\/servicos\/dispensa-aproveitamento-de-disciplinas-de-pos-graduacao\" target=\"_blank\" rel=\"noreferrer noopener\">Requerimento de Dispensa ou Requerimento de Aproveitamento de Disciplinas<\/a><br>\u00a0<a href=\"https:\/\/www.ufsm.br\/app\/uploads\/sites\/345\/2022\/02\/Requerimento_Comprovacao_Suf_Lingua_Estrangeira_NCAPG.docx\" target=\"_blank\" rel=\"noreferrer noopener\">Requerimento_Comprovacao_Suf_Lingua_Estrangeira<\/a><\/td><\/tr><tr><td>Bolsistas<\/td><td><a rel=\"noreferrer noopener\" href=\"https:\/\/www.ufsm.br\/cursos\/pos-graduacao\/santa-maria\/ppgec\/wp-content\/uploads\/sites\/550\/2020\/06\/Modelo-Termo-Compromisso-DS.doc\" target=\"_blank\">Termo de Compromisso de Bolsista<\/a><\/td><\/tr><tr><td>Defesas de Disserta\u00e7\u00e3o e Tese<\/td><td><a href=\"https:\/\/www.ufsm.br\/app\/uploads\/sites\/550\/2023\/07\/Formulario-de-informacoes-Participantes-externos-a-UFSM.doc\">Cadastro de convidados externos \u00e0 UFSM<\/a><br><a rel=\"noreferrer noopener\" href=\"https:\/\/www.ufsm.br\/cursos\/pos-graduacao\/santa-maria\/ppgec\/wp-content\/uploads\/sites\/550\/2020\/07\/Declaracao-do-orientador-entrega-final-de-disserta%C3%A7%C3%A3o-ou-teses.doc\" target=\"_blank\">Declara\u00e7\u00e3o do Orientador \u2013 Entrega Final do Trabalho de Conclus\u00e3o (doc)<\/a><br><a rel=\"noreferrer noopener\" href=\"https:\/\/www.ufsm.br\/cursos\/pos-graduacao\/santa-maria\/ppgec\/wp-content\/uploads\/sites\/550\/2020\/07\/Formulario-urgencia-diploma.doc\" target=\"_blank\">Formul\u00e1rio de Urg\u00eancia de Diploma (doc)<\/a><br><a rel=\"noreferrer noopener\" href=\"https:\/\/www.ufsm.br\/app\/uploads\/sites\/542\/2021\/12\/Manual-de-Dissertac%CC%A7o%CC%83es-e-Teses_MDT_2021.pdf\" target=\"_blank\">Manual de Disserta\u00e7\u00f5es e Teses 2021<\/a>&nbsp;<br><a rel=\"noreferrer noopener\" href=\"https:\/\/www.ufsm.br\/pro-reitorias\/prpgp\/wp-content\/uploads\/sites\/345\/2018\/08\/RequerimentoProrrogacaoPrazoDefesaStrictoSensu.pdf\" target=\"_blank\">Requerimento Stricto Sensu Prorroga\u00e7\u00e3o Prazo Defesa<\/a><br><a rel=\"noreferrer noopener\" href=\"https:\/\/www.ufsm.br\/pro-reitorias\/prpgp\/wp-content\/uploads\/sites\/345\/2018\/08\/TUTORIAL.pdf\" target=\"_blank\">Tutorial de Solicita\u00e7\u00e3o de Defesa de MDT<\/a><\/td><\/tr><tr><td>Matr\u00edculas (ajustes)<\/td><td><a rel=\"noreferrer noopener\" href=\"https:\/\/www.ufsm.br\/cursos\/pos-graduacao\/santa-maria\/ppgec\/wp-content\/uploads\/sites\/550\/2019\/03\/Requerimento_de_ajuste_de_matr\u00edculas_-_PDF.pdf\" target=\"_blank\">Requerimento de Ajuste de Matr\u00edcula<\/a><br><a rel=\"noreferrer noopener\" href=\"https:\/\/www.ufsm.br\/cursos\/pos-graduacao\/santa-maria\/ppgec\/wp-content\/uploads\/sites\/550\/2020\/07\/Solicita\u00e7\u00e3o-de-Matr\u00edcula-Extracurricular-_em-outros-cursos_.pdf\" target=\"_blank\">Solicita\u00e7\u00e3o de Matr\u00edcula Extracurricular (em outros cursos)<\/a><br><a rel=\"noreferrer noopener\" href=\"https:\/\/www.ufsm.br\/app\/uploads\/sites\/550\/2021\/09\/POS-DOC-SOLICITACAO-RPD.doc\" target=\"_blank\">Solicita\u00e7\u00e3o de Oferta de RPD (Realiza\u00e7\u00e3o de Est\u00e1gio P\u00f3s-doutoral)<\/a><\/td><\/tr><tr><td>Recursos Financeiros<\/td><td><a href=\"https:\/\/www.ufsm.br\/app\/uploads\/sites\/528\/2024\/06\/Autorizacao-Desconto-em-Folha-Docente.docx\" target=\"_blank\" rel=\"noreferrer noopener\">Autoriza\u00e7\u00e3o de Desconto em Folha \u2013 PROAP\/CAPES<\/a><br><a href=\"https:\/\/www.ufsm.br\/app\/uploads\/sites\/528\/2024\/06\/Autorizacao-Desconto-em-Folha-Docente.docx\" target=\"_blank\" rel=\"noreferrer noopener\">Autoriza\u00e7\u00e3o de Desconto em Folha \u2013 Edital 50<\/a><br><a href=\"https:\/\/www.ufsm.br\/app\/uploads\/sites\/550\/2023\/07\/Formulario-de-informacoes-Participantes-externos-a-UFSM.doc\">Cadastro de convidados externos<\/a><br><a href=\"https:\/\/www.ufsm.br\/app\/uploads\/sites\/345\/2021\/04\/Formulario_-_Relatorio_de_viagem-1.doc\" target=\"_blank\" rel=\"noreferrer noopener\">Relat\u00f3rio de Viagem<\/a><br><a href=\"https:\/\/www.ufsm.br\/app\/uploads\/sites\/550\/2024\/09\/Requerimento-de-Pagamento-de-Taxa-de-Inscricao.doc\" target=\"_blank\" rel=\"noreferrer noopener\">Requerimento de Pagamento de Taxa de Inscri\u00e7\u00e3o<\/a><br><a href=\"https:\/\/www.ufsm.br\/app\/uploads\/sites\/550\/2024\/09\/Requerimento-de-Pagamento-de-Taxa-de-Publicacao.doc\" target=\"_blank\" rel=\"noreferrer noopener\">Requerimento de Pagamento de Taxa de Publica\u00e7\u00e3o<\/a><\/td><\/tr><tr><td>Semin\u00e1rio de Mestrado<\/td><td><a href=\"https:\/\/www.ufsm.br\/app\/uploads\/sites\/550\/2024\/04\/Requerimento-de-Qualificacao-de-Mestrado-_PPGEC.docx\" target=\"_blank\" rel=\"noreferrer noopener\">Requerimento-de-Qualificacao-de-Mestrado-_PPGEC.docx<\/a><br><a href=\"https:\/\/www.ufsm.br\/app\/uploads\/sites\/550\/2024\/05\/Ata-de-defesa-de-Qualificacao-de-Mestrado-_PPGEC-3.docx\" data-type=\"link\" data-id=\"https:\/\/www.ufsm.br\/app\/uploads\/sites\/550\/2024\/05\/Ata-de-defesa-de-Qualificacao-de-Mestrado-_PPGEC-1.docx\" target=\"_blank\" rel=\"noreferrer noopener\">Ata-de-defesa-de-Qualificacao-de-Mestrado-_PPGEC.docx<\/a><\/td><\/tr><tr><td>Outros<\/td><td><a href=\"https:\/\/www.ufsm.br\/app\/uploads\/sites\/345\/2022\/04\/FormCancelamentoCursoPG.doc\" target=\"_blank\" rel=\"noreferrer noopener\">F<\/a><a href=\"https:\/\/www.ufsm.br\/app\/uploads\/sites\/345\/2022\/04\/PENCancelamentoCursoPG.doc\" target=\"_blank\" rel=\"noreferrer noopener\">ormul\u00e1rio de Cancelamento de Curso PG<\/a><br><a href=\"https:\/\/www.ufsm.br\/app\/uploads\/sites\/345\/2024\/01\/Requerimento-Regime-Exercicios-Domiciliares.docx\" target=\"_blank\" rel=\"noreferrer noopener\">Requerimento de Regime de Exerc\u00edcios Domiciliares<\/a><br><a href=\"https:\/\/www.ufsm.br\/app\/uploads\/sites\/550\/2023\/10\/Requerimento-de-Coorientacao_Nome-discente.docx\">Requerimento de Coorienta\u00e7\u00e3o<\/a><br><a href=\"https:\/\/www.ufsm.br\/app\/uploads\/sites\/345\/2019\/03\/Formulario-para-envio-de-lista-de-E-mails-via-Sistema-CPD-1.doc\" target=\"_blank\" rel=\"noreferrer noopener\">Formul\u00e1rio-para-envio-de-lista-de-E-mails-via-Sistema-CPD<\/a><br><a href=\"https:\/\/www.ufsm.br\/app\/uploads\/sites\/550\/2022\/06\/Plano_de_Trabalho_de_DOCENCIA-ORIENTADA_-Nome-aluno.docx\" target=\"_blank\" rel=\"noreferrer noopener\">Plano de Trabalho de Doc\u00eancia Orientada<\/a><br><a href=\"https:\/\/www.ufsm.br\/app\/uploads\/sites\/550\/2022\/06\/Solicitacao-de-Docencia_Orientada.docx\" target=\"_blank\" rel=\"noreferrer noopener\">Solicita\u00e7\u00e3o de Doc\u00eancia Orientada<\/a><\/td><\/tr><\/tbody><\/table><\/figure>\n\n\n","protected":false},"excerpt":{"rendered":"<p>Aproveitamento e Dispensa de Disciplinas Requerimento de Dispensa ou Requerimento de Aproveitamento de Disciplinas\u00a0Requerimento_Comprovacao_Suf_Lingua_Estrangeira Bolsistas Termo de Compromisso de Bolsista Defesas de Disserta\u00e7\u00e3o e Tese Cadastro de convidados externos \u00e0 UFSMDeclara\u00e7\u00e3o do Orientador \u2013 Entrega Final do Trabalho de Conclus\u00e3o (doc)Formul\u00e1rio de Urg\u00eancia de Diploma (doc)Manual de Disserta\u00e7\u00f5es e Teses 2021&nbsp;Requerimento Stricto Sensu Prorroga\u00e7\u00e3o Prazo [&hellip;]<\/p>\n","protected":false},"author":883,"featured_media":0,"parent":0,"menu_order":0,"comment_status":"closed","ping_status":"closed","template":"","meta":{"footnotes":""},"categories":[],"tags":[],"class_list":["post-1073","page","type-page","status-publish","hentry"],"acf":[],"_links":{"self":[{"href":"https:\/\/www.ufsm.br\/cursos\/pos-graduacao\/santa-maria\/ppgec\/wp-json\/wp\/v2\/pages\/1073","targetHints":{"allow":["GET"]}}],"collection":[{"href":"https:\/\/www.ufsm.br\/cursos\/pos-graduacao\/santa-maria\/ppgec\/wp-json\/wp\/v2\/pages"}],"about":[{"href":"https:\/\/www.ufsm.br\/cursos\/pos-graduacao\/santa-maria\/ppgec\/wp-json\/wp\/v2\/types\/page"}],"author":[{"embeddable":true,"href":"https:\/\/www.ufsm.br\/cursos\/pos-graduacao\/santa-maria\/ppgec\/wp-json\/wp\/v2\/users\/883"}],"replies":[{"embeddable":true,"href":"https:\/\/www.ufsm.br\/cursos\/pos-graduacao\/santa-maria\/ppgec\/wp-json\/wp\/v2\/comments?post=1073"}],"version-history":[{"count":0,"href":"https:\/\/www.ufsm.br\/cursos\/pos-graduacao\/santa-maria\/ppgec\/wp-json\/wp\/v2\/pages\/1073\/revisions"}],"wp:attachment":[{"href":"https:\/\/www.ufsm.br\/cursos\/pos-graduacao\/santa-maria\/ppgec\/wp-json\/wp\/v2\/media?parent=1073"}],"wp:term":[{"taxonomy":"category","embeddable":true,"href":"https:\/\/www.ufsm.br\/cursos\/pos-graduacao\/santa-maria\/ppgec\/wp-json\/wp\/v2\/categories?post=1073"},{"taxonomy":"post_tag","embeddable":true,"href":"https:\/\/www.ufsm.br\/cursos\/pos-graduacao\/santa-maria\/ppgec\/wp-json\/wp\/v2\/tags?post=1073"}],"curies":[{"name":"wp","href":"https:\/\/api.w.org\/{rel}","templated":true}]}}