{"id":1376,"date":"2021-06-07T18:35:02","date_gmt":"2021-06-07T21:35:02","guid":{"rendered":"https:\/\/www.ufsm.br\/cursos\/pos-graduacao\/santa-maria\/ppgec\/?page_id=1376"},"modified":"2025-08-19T14:19:50","modified_gmt":"2025-08-19T17:19:50","slug":"areas-e-linhas-de-pesquisa","status":"publish","type":"page","link":"https:\/\/www.ufsm.br\/cursos\/pos-graduacao\/santa-maria\/ppgec\/areas-e-linhas-de-pesquisa","title":{"rendered":"\u00c1reas de Concentra\u00e7\u00e3o e Linhas de Pesquisa"},"content":{"rendered":"\t\t<div data-elementor-type=\"wp-page\" data-elementor-id=\"1376\" class=\"elementor elementor-1376\">\n\t\t\t\t\t\t<section class=\"elementor-section elementor-top-section elementor-element elementor-element-6e9657db elementor-section-boxed elementor-section-height-default elementor-section-height-default\" data-id=\"6e9657db\" data-element_type=\"section\">\n\t\t\t\t\t\t<div class=\"elementor-container elementor-column-gap-default\">\n\t\t\t\t\t<div class=\"elementor-column elementor-col-100 elementor-top-column elementor-element elementor-element-2deea47d\" data-id=\"2deea47d\" data-element_type=\"column\">\n\t\t\t<div class=\"elementor-widget-wrap elementor-element-populated\">\n\t\t\t\t\t\t<div class=\"elementor-element elementor-element-79076c66 elementor-widget elementor-widget-text-editor\" data-id=\"79076c66\" data-element_type=\"widget\" data-widget_type=\"text-editor.default\">\n\t\t\t\t<div class=\"elementor-widget-container\">\n\t\t\t\t\t\t\t<p>O Programa de P\u00f3s-Gradua\u00e7\u00e3o em Engenharia Civil \u2013\u00a0<a href=\"https:\/\/www.ufsm.br\/cursos\/pos-graduacao\/santa-maria\/ppgec\" target=\"_blank\" rel=\"noopener\">\u00a0<span style=\"color: #0000ff\">PPGEC<\/a>\u00a0e o Programa de P\u00f3s-Gradua\u00e7\u00e3o em Engenharia Ambiental \u2013\u00a0<a href=\"https:\/\/www.ufsm.br\/cursos\/pos-graduacao\/santa-maria\/ppgeamb\" target=\"_blank\" rel=\"noopener\">\u00a0<span style=\"color: #0000ff\">PPGEAmb<\/a>\u00a0est\u00e3o fusionados e tornaram-se o\u00a0<a href=\"https:\/\/www.ufsm.br\/cursos\/pos-graduacao\/santa-maria\/ppgecam\" target=\"_blank\" rel=\"noopener\">\u00a0<span style=\"color: #0000ff\">PPGECAM \u2013 Programa de P\u00f3s-Gradua\u00e7\u00e3o em Engenharia Civil e Ambiental<\/a>.<\/p>\n<p><a href=\"https:\/\/www.ufsm.br\/cursos\/pos-graduacao\/santa-maria\/ppgecam\/areas-de-concentracao-e-linhas-de-pesquisa\" target=\"_blank\" rel=\"noopener\"><span style=\"color: #0000ff\"> Aqui para acessar &#8211;\u00a0\u00c1reas de Concentra\u00e7\u00e3o e Linhas de Pesquisa &#8211; PPGECAM<\/span><\/a><\/p>\n<!-- wp:tadv\/classic-paragraph \/-->\t\t\t\t\t\t<\/div>\n\t\t\t\t<\/div>\n\t\t\t\t\t<\/div>\n\t\t<\/div>\n\t\t\t\t\t<\/div>\n\t\t<\/section>\n\t\t\t\t<section class=\"elementor-section elementor-top-section elementor-element elementor-element-9009818 elementor-section-boxed elementor-section-height-default elementor-section-height-default\" data-id=\"9009818\" data-element_type=\"section\">\n\t\t\t\t\t\t<div class=\"elementor-container elementor-column-gap-default\">\n\t\t\t\t\t<div class=\"elementor-column elementor-col-100 elementor-top-column elementor-element elementor-element-f1c607e\" data-id=\"f1c607e\" data-element_type=\"column\">\n\t\t\t<div class=\"elementor-widget-wrap elementor-element-populated\">\n\t\t\t\t\t\t<div class=\"elementor-element elementor-element-58b5987 elementor-tabs-view-horizontal elementor-widget elementor-widget-tabs\" data-id=\"58b5987\" data-element_type=\"widget\" data-widget_type=\"tabs.default\">\n\t\t\t\t<div class=\"elementor-widget-container\">\n\t\t\t\t\t<div class=\"elementor-tabs\">\n\t\t\t<div class=\"elementor-tabs-wrapper\" role=\"tablist\" >\n\t\t\t\t\t\t\t\t\t<div id=\"elementor-tab-title-9301\" class=\"elementor-tab-title elementor-tab-desktop-title\" aria-selected=\"true\" data-tab=\"1\" role=\"tab\" tabindex=\"0\" aria-controls=\"elementor-tab-content-9301\" aria-expanded=\"false\">\u00c1rea de Concentra\u00e7\u00e3o: CONSTRU\u00c7\u00c3O CIVIL E PRESERVA\u00c7\u00c3O AMBIENTAL<\/div>\n\t\t\t\t\t\t\t\t\t<div id=\"elementor-tab-title-9302\" class=\"elementor-tab-title elementor-tab-desktop-title\" aria-selected=\"false\" data-tab=\"2\" role=\"tab\" tabindex=\"-1\" aria-controls=\"elementor-tab-content-9302\" aria-expanded=\"false\">\u00c1rea de Concentra\u00e7\u00e3o: RECURSOS H\u00cdDRICOS E SANEAMENTO AMBIENTAL<\/div>\n\t\t\t\t\t\t\t<\/div>\n\t\t\t<div class=\"elementor-tabs-content-wrapper\" role=\"tablist\" aria-orientation=\"vertical\">\n\t\t\t\t\t\t\t\t\t<div class=\"elementor-tab-title elementor-tab-mobile-title\" aria-selected=\"true\" data-tab=\"1\" role=\"tab\" tabindex=\"0\" aria-controls=\"elementor-tab-content-9301\" aria-expanded=\"false\">\u00c1rea de Concentra\u00e7\u00e3o: CONSTRU\u00c7\u00c3O CIVIL E PRESERVA\u00c7\u00c3O AMBIENTAL<\/div>\n\t\t\t\t\t<div id=\"elementor-tab-content-9301\" class=\"elementor-tab-content elementor-clearfix\" data-tab=\"1\" role=\"tabpanel\" aria-labelledby=\"elementor-tab-title-9301\" tabindex=\"0\" hidden=\"false\"><p style=\"text-align: justify\">A \u00e1rea de concentra\u00e7\u00e3o de Constru\u00e7\u00e3o Civil e Preserva\u00e7\u00e3o Ambiental tem por objetivo o estudo de constru\u00e7\u00f5es sustent\u00e1veis, que apresentem maior intera\u00e7\u00e3o entre os recursos naturais e o meio ambiente, promovendo o uso de processos alternativos para constru\u00e7\u00f5es com maior conforto e seguran\u00e7a, executadas com materiais econ\u00f4micos e eficientes e que apresentem maior durabilidade e desempenho durante a vida \u00fatil.\u00a0<\/p>\n<p style=\"text-align: justify\">Os t\u00f3picos tratados nesta \u00e1rea de concentra\u00e7\u00e3o envolvem materiais de constru\u00e7\u00e3o, reciclagem, gest\u00e3o de res\u00edduos, an\u00e1lise do ciclo de vida de materiais, an\u00e1lise de estruturas, processos construtivos, intera\u00e7\u00e3o de edifica\u00e7\u00f5es com meio ambiente, ac\u00fastica das edifica\u00e7\u00f5es dentre outros. <strong>Esta \u00e1rea apresenta as seguintes linhas de pesquisa:<\/strong> <em>Conforto Ambiental; Geotecnia e Pavimenta\u00e7\u00e3o; Materiais de Constru\u00e7\u00e3o e Sistemas Estruturais e Construtivos.<\/em><\/p>\n<ul style=\"text-align: justify\">\n<li><em><strong>Conforto Ambiental:\u00a0<\/strong><\/em>Engloba dois grupos atuantes em: conforto ac\u00fastico e conforto t\u00e9rmico e lum\u00ednico. Disp\u00f5em de laborat\u00f3rios de excel\u00eancia com equipamentos de \u00faltima gera\u00e7\u00e3o que permitem validar desempenho ac\u00fastico, t\u00e9rmico e lum\u00ednico na constru\u00e7\u00e3o civil, como o conjunto de c\u00e2maras reverberantes para ensaios de absor\u00e7\u00e3o de materiais ac\u00fasticos e isolamento sonoro, e os laborat\u00f3rios de avalia\u00e7\u00e3o do desempenho t\u00e9rmico e lum\u00ednico de edifica\u00e7\u00f5es. Tamb\u00e9m disp\u00f5em de programas de simula\u00e7\u00e3o, como o EnergyPlus e Design Builder para avalia\u00e7\u00e3o de efici\u00eancia energ\u00e9tica; SoundPlan para mapeamento sonoro; Odeon, RAIOS e TREM para simula\u00e7\u00e3o de ac\u00fastica de salas (os dois \u00faltimos desenvolvidos por docentes do PPGEC). Seus pesquisadores atuam nos seguintes grupos de pesquisa do CNPq: Ac\u00fastica; G.P. em Ac\u00fastica e Vibra\u00e7\u00f5es; G.P. em Efici\u00eancia Energ\u00e9tica e Sustentabilidade de Edifica\u00e7\u00f5es.<\/li>\n<li><strong><em>Geotecnia e Pavimenta\u00e7\u00e3o:<\/em><\/strong>\u00a0Est\u00e1 linha de pesquisa se dedica a estudos envolvendo geotecnia e pavimenta\u00e7\u00e3o. S\u00e3o tratados assuntos relacionados com funda\u00e7\u00f5es, taludes, barragens, conten\u00e7\u00f5es, aterros, ensaios de campo e laborat\u00f3rio e ainda estudos de pavimentos r\u00edgidos e flex\u00edveis sob a \u00f3tica da mec\u00e2nica de pavimentos: estudos de solos e materiais granulares, estabilizados e asf\u00e1lticos, sua intera\u00e7\u00e3o com o tr\u00e1fego e meio ambiente bem como a an\u00e1lise e desempenho de estruturas de pavimentos e elementos de seguran\u00e7a vi\u00e1ria.\u00a0<span style=\"font-weight: 400\">Atuam nesta linha o GEPPASV e o GEOMA.<\/span><\/li>\n<\/ul>\n<ul style=\"text-align: justify\">\n<li><strong><em>Materiais de Constru\u00e7\u00e3o: <\/em><\/strong>Contribuir para o desenvolvimento, caracteriza\u00e7\u00e3o e entendimento de materiais tradicionais e alternativos de reduzido impacto ambiental na constru\u00e7\u00e3o civil. De modo geral, a linha se concentra no estudo de materiais ciment\u00edcios derivados de ligantes convencionais de cimento Portland, assim como ligantes alternativos em argamassas, concretos convencionais e para aplica\u00e7\u00f5es especiais. Igualmente \u00e9 avaliado a viabilidade, de um ponto de vista cient\u00edfico-t\u00e9cnico, da valoriza\u00e7\u00e3o de diferentes res\u00edduos e\/ou subprodutos industriais e seu potencial inclus\u00e3o como mat\u00e9rias primas na produ\u00e7\u00e3o de diversos materiais de constru\u00e7\u00e3o. Neste sentido, os materiais s\u00e3o caracterizados micro-estruturalmente com o objetivo de correlacionar e otimizar as diferentes propriedades mec\u00e2nicas e desempenho em servi\u00e7o (durabilidade, vida \u00fatil e resist\u00eancia ao fogo). Os docentes da \u00e1rea atuam nos seguintes grupos de pesquisa: GPeDeSC;\u00a0GEMASC;\u00a0GEPECON;\u00a0<\/li>\n<\/ul>\n<ul style=\"text-align: justify\">\n<li><em><strong>Sistemas Estruturais e Construtivos: <\/strong><\/em>Estuda os mais diversos sistemas construtivos e suas manifesta\u00e7\u00f5es patol\u00f3gicas, al\u00e9m do comportamento de estruturas sob a a\u00e7\u00e3o de diferentes tipos de carregamentos, est\u00e1ticos, din\u00e2micos e a\u00e7\u00f5es excepcionais como inc\u00eandio, por meio de modelagens computacionais, ensaios laboratoriais e avalia\u00e7\u00f5es\u00a0in loco, tendo como premissas b\u00e1sicas a seguran\u00e7a, a durabilidade, o desempenho e o baixo impacto ambiental.<\/li>\n<\/ul><\/div>\n\t\t\t\t\t\t\t\t\t<div class=\"elementor-tab-title elementor-tab-mobile-title\" aria-selected=\"false\" data-tab=\"2\" role=\"tab\" tabindex=\"-1\" aria-controls=\"elementor-tab-content-9302\" aria-expanded=\"false\">\u00c1rea de Concentra\u00e7\u00e3o: RECURSOS H\u00cdDRICOS E SANEAMENTO AMBIENTAL<\/div>\n\t\t\t\t\t<div id=\"elementor-tab-content-9302\" class=\"elementor-tab-content elementor-clearfix\" data-tab=\"2\" role=\"tabpanel\" aria-labelledby=\"elementor-tab-title-9302\" tabindex=\"0\" hidden=\"hidden\"><p>A \u00e1rea de concentra\u00e7\u00e3o de Recursos H\u00eddricos e Saneamento Ambiental tem por objetivo a forma\u00e7\u00e3o de pessoal em n\u00edvel de p\u00f3s-gradua\u00e7\u00e3o para atuar no desenvolvimento regional, nacional e internacional em sustenta\u00e7\u00e3o do processo de gest\u00e3o dos recursos naturais <span style=\"color: #1c1c1c;font-size: 16px\">de acordo com o que preconiza a lei das \u00e1guas do Brasil (Lei 9433\/1997), no campo dos recursos h\u00eddricos;<\/span>\u00a0<span style=\"color: #1c1c1c;font-size: 16px\">campo das tecnologias ambientais, com foco na proposi\u00e7\u00e3o de alternativas visando \u00e0 melhoria da situa\u00e7\u00e3o do Saneamento B\u00e1sico, em atendimento \u00e0 Lei no 11445\/2007; bem como a gest\u00e3o integrada e o gerenciamento de res\u00edduos s\u00f3lidos estabelecidos pela Lei no 12305\/2010, que institui a Pol\u00edtica de Res\u00edduos S\u00f3lidos.<\/span><\/p>\n<p>As a\u00e7\u00f5es desenvolvidas s\u00e3o voltadas para a garantia, conserva\u00e7\u00e3o e preserva\u00e7\u00e3o da biodiversidade, a reciclagem das mat\u00e9rias-primas e a redu\u00e7\u00e3o do impacto ambiental das atividades humanas sobre os recursos naturais, a recupera\u00e7\u00e3o de \u00e1reas degradadas, m\u00e9todos para a explora\u00e7\u00e3o sustent\u00e1vel de recursos naturais, o estudo de riscos e impactos ambientais para a avalia\u00e7\u00e3o de novos empreendimentos ou amplia\u00e7\u00e3o de atividades produtivas e o desenvolvimento de ecotecnologias em busca da sustentabilidade.\u00a0Essa \u00e1rea de concentra\u00e7\u00e3o tamb\u00e9m est\u00e1 voltada \u00e0 pesquisa e desenvolvimento (P&amp;D&amp;Inova\u00e7\u00e3o) de instrumentos de gest\u00e3o e de tecnologias para o melhor aproveitamento e gest\u00e3o dos recursos h\u00eddricos e a conserva\u00e7\u00e3o dos ecossistemas aqu\u00e1ticos, e ao\u00a0aprimoramento de instrumentos de gest\u00e3o e ao aproveitamento dos recursos h\u00eddricos em estudo de obras hidr\u00e1ulicas e de saneamento, em pequenas bacias hidrogr\u00e1ficas.\u00a0<strong>Esta \u00e1rea desenvolve suas atividades atrav\u00e9s destas\u00a0linhas de pesquisa:<\/strong> <em>Gest\u00e3o Ambiental e de Recursos H\u00eddricos, Monitoramento e Modelagem dos Recursos H\u00eddricos e Saneamento B\u00e1sico e Ambiental.<\/em><\/p>\n<ul>\n<li><strong><em>Gest\u00e3o Ambiental e de Recursos H\u00eddricos:\u00a0<\/em><\/strong>\u00e9 o estudo de instrumentos, processos, m\u00e9todos e pol\u00edticas atrav\u00e9s de a\u00e7\u00e3o multidisciplinar, buscando o uso qualitativo e quantitativo dos recursos h\u00eddricos em harmonia com a preserva\u00e7\u00e3o do meio ambiente.<\/li>\n<\/ul>\n<ul>\n<li><strong><em>Monitoramento e Modelagem dos Recursos H\u00eddricos:\u00a0<\/em><\/strong>tem por objetivo o desenvolvimento e a aplica\u00e7\u00e3o de metodologias para monitoramento e de modelagem quantitativa e qualitativa para o aproveitamento integrado dos recursos h\u00eddricos.<\/li>\n<\/ul>\n<ul>\n<li><strong><em>Saneamento B\u00e1sico e Ambiental:\u00a0<\/em><\/strong>tem por objetivo desenvolver e aplicar tecnologias e processos visando \u00e0 melhoria no projeto e opera\u00e7\u00e3o das unidades do saneamento b\u00e1sico em n\u00edveis de abastecimento e de tratamento de esgotos, bem como a manuten\u00e7\u00e3o do equil\u00edbrio e controle da qualidade ambiental.<\/li>\n<\/ul><\/div>\n\t\t\t\t\t\t\t<\/div>\n\t\t<\/div>\n\t\t\t\t<\/div>\n\t\t\t\t<\/div>\n\t\t\t\t\t<\/div>\n\t\t<\/div>\n\t\t\t\t\t<\/div>\n\t\t<\/section>\n\t\t\t\t<\/div>\n\t\t","protected":false},"excerpt":{"rendered":"<p>O Programa de P\u00f3s-Gradua\u00e7\u00e3o em Engenharia Civil \u2013\u00a0\u00a0PPGEC\u00a0e o Programa de P\u00f3s-Gradua\u00e7\u00e3o em Engenharia Ambiental \u2013\u00a0\u00a0PPGEAmb\u00a0est\u00e3o fusionados e tornaram-se o\u00a0\u00a0PPGECAM \u2013 Programa de P\u00f3s-Gradua\u00e7\u00e3o em Engenharia Civil e Ambiental. Aqui para acessar &#8211;\u00a0\u00c1reas de Concentra\u00e7\u00e3o e Linhas de Pesquisa &#8211; PPGECAM \u00c1rea de Concentra\u00e7\u00e3o: CONSTRU\u00c7\u00c3O CIVIL E PRESERVA\u00c7\u00c3O AMBIENTAL \u00c1rea de Concentra\u00e7\u00e3o: RECURSOS H\u00cdDRICOS E [&hellip;]<\/p>\n","protected":false},"author":883,"featured_media":0,"parent":0,"menu_order":0,"comment_status":"closed","ping_status":"closed","template":"","meta":{"footnotes":""},"categories":[],"tags":[],"class_list":["post-1376","page","type-page","status-publish","hentry"],"acf":[],"_links":{"self":[{"href":"https:\/\/www.ufsm.br\/cursos\/pos-graduacao\/santa-maria\/ppgec\/wp-json\/wp\/v2\/pages\/1376","targetHints":{"allow":["GET"]}}],"collection":[{"href":"https:\/\/www.ufsm.br\/cursos\/pos-graduacao\/santa-maria\/ppgec\/wp-json\/wp\/v2\/pages"}],"about":[{"href":"https:\/\/www.ufsm.br\/cursos\/pos-graduacao\/santa-maria\/ppgec\/wp-json\/wp\/v2\/types\/page"}],"author":[{"embeddable":true,"href":"https:\/\/www.ufsm.br\/cursos\/pos-graduacao\/santa-maria\/ppgec\/wp-json\/wp\/v2\/users\/883"}],"replies":[{"embeddable":true,"href":"https:\/\/www.ufsm.br\/cursos\/pos-graduacao\/santa-maria\/ppgec\/wp-json\/wp\/v2\/comments?post=1376"}],"version-history":[{"count":0,"href":"https:\/\/www.ufsm.br\/cursos\/pos-graduacao\/santa-maria\/ppgec\/wp-json\/wp\/v2\/pages\/1376\/revisions"}],"wp:attachment":[{"href":"https:\/\/www.ufsm.br\/cursos\/pos-graduacao\/santa-maria\/ppgec\/wp-json\/wp\/v2\/media?parent=1376"}],"wp:term":[{"taxonomy":"category","embeddable":true,"href":"https:\/\/www.ufsm.br\/cursos\/pos-graduacao\/santa-maria\/ppgec\/wp-json\/wp\/v2\/categories?post=1376"},{"taxonomy":"post_tag","embeddable":true,"href":"https:\/\/www.ufsm.br\/cursos\/pos-graduacao\/santa-maria\/ppgec\/wp-json\/wp\/v2\/tags?post=1376"}],"curies":[{"name":"wp","href":"https:\/\/api.w.org\/{rel}","templated":true}]}}