{"id":1434,"date":"2021-07-12T20:06:51","date_gmt":"2021-07-12T23:06:51","guid":{"rendered":"https:\/\/www.ufsm.br\/cursos\/pos-graduacao\/santa-maria\/ppgec\/?page_id=1434"},"modified":"2025-08-19T14:05:18","modified_gmt":"2025-08-19T17:05:18","slug":"horarios-de-disciplinas","status":"publish","type":"page","link":"https:\/\/www.ufsm.br\/cursos\/pos-graduacao\/santa-maria\/ppgec\/horarios-de-disciplinas","title":{"rendered":"Hor\u00e1rios"},"content":{"rendered":"\t\t<div data-elementor-type=\"wp-page\" data-elementor-id=\"1434\" class=\"elementor elementor-1434\">\n\t\t\t\t\t\t<section class=\"elementor-section elementor-top-section elementor-element elementor-element-01aea08 elementor-section-boxed elementor-section-height-default elementor-section-height-default\" data-id=\"01aea08\" data-element_type=\"section\">\n\t\t\t\t\t\t<div class=\"elementor-container elementor-column-gap-default\">\n\t\t\t\t\t<div class=\"elementor-column elementor-col-100 elementor-top-column elementor-element elementor-element-6a81a5b\" data-id=\"6a81a5b\" data-element_type=\"column\">\n\t\t\t<div class=\"elementor-widget-wrap elementor-element-populated\">\n\t\t\t\t\t\t<section class=\"elementor-section elementor-inner-section elementor-element elementor-element-e7d5291 elementor-section-boxed elementor-section-height-default elementor-section-height-default\" data-id=\"e7d5291\" data-element_type=\"section\">\n\t\t\t\t\t\t<div class=\"elementor-container elementor-column-gap-default\">\n\t\t\t\t\t<div class=\"elementor-column elementor-col-50 elementor-inner-column elementor-element elementor-element-4635ac9\" data-id=\"4635ac9\" data-element_type=\"column\">\n\t\t\t<div class=\"elementor-widget-wrap elementor-element-populated\">\n\t\t\t\t\t\t<div class=\"elementor-element elementor-element-35e7d45 elementor-widget__width-inherit elementor-widget elementor-widget-text-editor\" data-id=\"35e7d45\" data-element_type=\"widget\" data-widget_type=\"text-editor.default\">\n\t\t\t\t<div class=\"elementor-widget-container\">\n\t\t\t\t\t\t\t<p style=\"text-align: justify\">O Programa de P\u00f3s-Gradua\u00e7\u00e3o em Engenharia Civil \u2013\u00a0<a href=\"https:\/\/www.ufsm.br\/cursos\/pos-graduacao\/santa-maria\/ppgec\" target=\"_blank\" rel=\"noopener\">\u00a0<span style=\"color: #0000ff\"> PPGEC<\/span><\/a>\u00a0e o Programa de P\u00f3s-Gradua\u00e7\u00e3o em Engenharia Ambiental \u2013\u00a0<a href=\"https:\/\/www.ufsm.br\/cursos\/pos-graduacao\/santa-maria\/ppgeamb\" target=\"_blank\" rel=\"noopener\">\u00a0<span style=\"color: #0000ff\"> PPGEAmb<\/span><\/a>\u00a0est\u00e3o fusionados e tornaram-se o\u00a0<a href=\"https:\/\/www.ufsm.br\/cursos\/pos-graduacao\/santa-maria\/ppgecam\" target=\"_blank\" rel=\"noopener\">\u00a0<span style=\"color: #0000ff\"> PPGECAM \u2013 Programa de P\u00f3s-Gradua\u00e7\u00e3o em Engenharia Civil e Ambiental<\/span><\/a>.<\/p><p>\u21d2 A grade de hor\u00e1rios das disciplinas deve ser acessada no menu <strong><a href=\"https:\/\/www.ufsm.br\/cursos\/pos-graduacao\/santa-maria\/ppgecam\/horario\" target=\"_blank\" rel=\"noopener\"><span style=\"color: #ff00ff\">Hor\u00e1rio<\/span><\/a><\/strong>\u00a0no site do PPGECAM.<\/p>\t\t\t\t\t\t<\/div>\n\t\t\t\t<\/div>\n\t\t\t\t\t<\/div>\n\t\t<\/div>\n\t\t\t\t<div class=\"elementor-column elementor-col-50 elementor-inner-column elementor-element elementor-element-33fbd1e\" data-id=\"33fbd1e\" data-element_type=\"column\">\n\t\t\t<div class=\"elementor-widget-wrap elementor-element-populated\">\n\t\t\t\t\t\t<div class=\"elementor-element elementor-element-178aed0 elementor-widget__width-initial elementor-widget elementor-widget-text-editor\" data-id=\"178aed0\" data-element_type=\"widget\" data-widget_type=\"text-editor.default\">\n\t\t\t\t<div class=\"elementor-widget-container\">\n\t\t\t\t\t\t\t<p style=\"text-align: center\"><span style=\"font-size: 14pt\"><strong>Semestres anteriores: <\/strong>(clique para ver)<\/span><\/p><p><a href=\"https:\/\/www.ufsm.br\/app\/uploads\/sites\/550\/2025\/07\/Horario-02_sem_2025-PPGECAM.pdf\" target=\"_blank\" rel=\"noopener\">Hor\u00e1rio 1\u00ba sem\/2025<\/a><br \/><a href=\"https:\/\/www.ufsm.br\/app\/uploads\/sites\/550\/2024\/10\/Horario-2o-sem.2024-PPGEC.pdf\" target=\"_blank\" rel=\"noopener\">Hor\u00e1rio 2\u00ba sem\/2024<\/a><br \/><a href=\"https:\/\/www.ufsm.br\/app\/uploads\/sites\/550\/2024\/04\/Horario-1o-sem.2024-PPGEC-4.pdf\" target=\"_blank\" rel=\"noopener\">Hor\u00e1rio 1\u00ba sem\/2024<\/a><br \/><a href=\"https:\/\/www.ufsm.br\/app\/uploads\/sites\/550\/2023\/10\/Horario-2o-sem.2023-1.pdf\" target=\"_blank\" rel=\"noopener\">Hor\u00e1rio 2\u00ba sem\/2023<\/a><br \/><a href=\"https:\/\/www.ufsm.br\/app\/uploads\/sites\/550\/2023\/07\/Horario-1o-sem.2023-PPGEC.pdf\" target=\"_blank\" rel=\"noopener\">Hor\u00e1rio 1\u00ba sem\/2023<\/a><br \/><a href=\"https:\/\/www.ufsm.br\/app\/uploads\/sites\/550\/2023\/01\/Horario-2o-sem.2022-pos-matriculas.pdf\" target=\"_blank\" rel=\"noopener\">Hor\u00e1rio 2\u00ba sem\/2022<\/a><br \/><a href=\"https:\/\/www.ufsm.br\/app\/uploads\/sites\/550\/2022\/04\/Horario-1o-sem.2022-2.pdf\" target=\"_blank\" rel=\"noopener\">Hor\u00e1rio 1\u00ba sem\/2022<\/a><br \/><a href=\"https:\/\/www.ufsm.br\/app\/uploads\/sites\/550\/2021\/08\/Horario-2o-sem.2021-REDE.pdf\" target=\"_blank\" rel=\"noopener\">Hor\u00e1rio 2\u00ba sem\/2021<\/a><br \/><a href=\"https:\/\/www.ufsm.br\/app\/uploads\/sites\/550\/2021\/05\/Horario-1o-sem.2021-REDE-1.jpg\" target=\"_blank\" rel=\"noopener\">Hor\u00e1rio 1\u00ba sem\/2021<\/a><br \/><a href=\"https:\/\/www.ufsm.br\/app\/uploads\/sites\/550\/2020\/10\/Horario-2.2020.jpg\" target=\"_blank\" rel=\"noopener\">Hor\u00e1rio 2\u00ba sem\/2020<\/a><br \/><a href=\"https:\/\/www.ufsm.br\/app\/uploads\/sites\/550\/2020\/03\/Hor\u00e1rio-1\u00ba-sem.2020-11.03.2020.pdf\" target=\"_blank\" rel=\"noopener\">Hor\u00e1rio 1\u00ba sem\/2020<\/a><br \/><a href=\"https:\/\/www.ufsm.br\/app\/uploads\/sites\/550\/2019\/10\/Hor\u00e1rio-2\u00ba-sem.2019-ALTERADO.pdf\" target=\"_blank\" rel=\"noopener\">Hor\u00e1rio 2\u00ba sem\/2019<\/a><br \/><a href=\"https:\/\/www.ufsm.br\/app\/uploads\/sites\/550\/2019\/03\/Hor\u00e1rio_1\u00ba_sem.2019_alt.pdf\" target=\"_blank\" rel=\"noopener\">Hor\u00e1rio 1\u00ba sem\/2019<\/a><br \/><a href=\"https:\/\/www.ufsm.br\/app\/uploads\/sites\/550\/2019\/03\/Hor\u00e1rio_2\u00ba_sem.2018_-_CC_-_ap\u00f3s_matr\u00edculas.pdf\" target=\"_blank\" rel=\"noopener\">Hor\u00e1rio 2\u00ba sem\/2018 (Constru\u00e7\u00e3o Civil)<\/a><br \/><a href=\"https:\/\/www.ufsm.br\/app\/uploads\/sites\/550\/2019\/03\/Hor\u00e1rio_2\u00ba_sem.2018_-_RH_-_ap\u00f3s_matr\u00edculas.pdf\" target=\"_blank\" rel=\"noopener\">Hor\u00e1rio 2\u00ba sem\/2018 (Recursos H\u00eddricos)<\/a><br \/><a href=\"https:\/\/www.ufsm.br\/app\/uploads\/sites\/550\/2019\/03\/Hor\u00e1rio_1\u00ba_sem.2018_-CC.pdf\" target=\"_blank\" rel=\"noopener\">Hor\u00e1rio 1\u00ba sem\/2018 (Constru\u00e7\u00e3o Civil)<\/a><br \/><a href=\"https:\/\/www.ufsm.br\/app\/uploads\/sites\/550\/2019\/03\/Hor\u00e1rio_1\u00ba_sem.2018_-_RH.pdf\" target=\"_blank\" rel=\"noopener\">Hor\u00e1rio 1\u00basem\/2018 (Recursos H\u00eddricos)<\/a><br \/><a href=\"https:\/\/www.ufsm.br\/app\/uploads\/sites\/550\/2021\/07\/Horario-02.2017.pdf\" target=\"_blank\" rel=\"noopener\">Hor\u00e1rio 2\u00ba sem\/2017<\/a><\/p>\t\t\t\t\t\t<\/div>\n\t\t\t\t<\/div>\n\t\t\t\t\t<\/div>\n\t\t<\/div>\n\t\t\t\t\t<\/div>\n\t\t<\/section>\n\t\t\t\t\t<\/div>\n\t\t<\/div>\n\t\t\t\t\t<\/div>\n\t\t<\/section>\n\t\t\t\t<\/div>\n\t\t","protected":false},"excerpt":{"rendered":"<p>O Programa de P\u00f3s-Gradua\u00e7\u00e3o em Engenharia Civil \u2013\u00a0\u00a0 PPGEC\u00a0e o Programa de P\u00f3s-Gradua\u00e7\u00e3o em Engenharia Ambiental \u2013\u00a0\u00a0 PPGEAmb\u00a0est\u00e3o fusionados e tornaram-se o\u00a0\u00a0 PPGECAM \u2013 Programa de P\u00f3s-Gradua\u00e7\u00e3o em Engenharia Civil e Ambiental. \u21d2 A grade de hor\u00e1rios das disciplinas deve ser acessada no menu Hor\u00e1rio\u00a0no site do PPGECAM. Semestres anteriores: (clique para ver) Hor\u00e1rio 1\u00ba [&hellip;]<\/p>\n","protected":false},"author":883,"featured_media":0,"parent":0,"menu_order":0,"comment_status":"closed","ping_status":"closed","template":"","meta":{"footnotes":""},"categories":[],"tags":[],"class_list":["post-1434","page","type-page","status-publish","hentry"],"acf":[],"_links":{"self":[{"href":"https:\/\/www.ufsm.br\/cursos\/pos-graduacao\/santa-maria\/ppgec\/wp-json\/wp\/v2\/pages\/1434","targetHints":{"allow":["GET"]}}],"collection":[{"href":"https:\/\/www.ufsm.br\/cursos\/pos-graduacao\/santa-maria\/ppgec\/wp-json\/wp\/v2\/pages"}],"about":[{"href":"https:\/\/www.ufsm.br\/cursos\/pos-graduacao\/santa-maria\/ppgec\/wp-json\/wp\/v2\/types\/page"}],"author":[{"embeddable":true,"href":"https:\/\/www.ufsm.br\/cursos\/pos-graduacao\/santa-maria\/ppgec\/wp-json\/wp\/v2\/users\/883"}],"replies":[{"embeddable":true,"href":"https:\/\/www.ufsm.br\/cursos\/pos-graduacao\/santa-maria\/ppgec\/wp-json\/wp\/v2\/comments?post=1434"}],"version-history":[{"count":0,"href":"https:\/\/www.ufsm.br\/cursos\/pos-graduacao\/santa-maria\/ppgec\/wp-json\/wp\/v2\/pages\/1434\/revisions"}],"wp:attachment":[{"href":"https:\/\/www.ufsm.br\/cursos\/pos-graduacao\/santa-maria\/ppgec\/wp-json\/wp\/v2\/media?parent=1434"}],"wp:term":[{"taxonomy":"category","embeddable":true,"href":"https:\/\/www.ufsm.br\/cursos\/pos-graduacao\/santa-maria\/ppgec\/wp-json\/wp\/v2\/categories?post=1434"},{"taxonomy":"post_tag","embeddable":true,"href":"https:\/\/www.ufsm.br\/cursos\/pos-graduacao\/santa-maria\/ppgec\/wp-json\/wp\/v2\/tags?post=1434"}],"curies":[{"name":"wp","href":"https:\/\/api.w.org\/{rel}","templated":true}]}}