{"id":1526,"date":"2021-09-26T21:17:45","date_gmt":"2021-09-27T00:17:45","guid":{"rendered":"https:\/\/www.ufsm.br\/cursos\/pos-graduacao\/santa-maria\/ppgec\/?page_id=1526"},"modified":"2021-09-26T22:26:19","modified_gmt":"2021-09-27T01:26:19","slug":"notas-de-avaliacao-e-frequencia","status":"publish","type":"page","link":"https:\/\/www.ufsm.br\/cursos\/pos-graduacao\/santa-maria\/ppgec\/notas-de-avaliacao-e-frequencia","title":{"rendered":"Notas de Avalia\u00e7\u00e3o e Frequ\u00eancia"},"content":{"rendered":"\n<p style=\"text-align: justify\">Ao aluno que n\u00e3o obtiver a <strong>frequ\u00eancia m\u00ednima de 75%<\/strong> da carga hor\u00e1ria programada para disciplina ou atividade, ser\u00e1 Reprovado por Frequ\u00eancia.<br \/>O aproveitamento em cada disciplina ser\u00e1 avaliado pelo professor respons\u00e1vel, em raz\u00e3o do desempenho relativo do discente em provas, pesquisas, semin\u00e1rios, trabalhos individuais ou coletivos e outros, sendo atribu\u00eddo um dos seguintes conceitos. O conceito igual ou inferior a &#8220;C&#8221; equivale a NA (N\u00e3o Aprovado).<br \/>A\u00a0 (10,0 a 9,1);<br \/>A- (9,0 a 8,1);<br \/>B\u00a0 (8,0 a 7,1);<br \/>B- (7,0 a 6,1);<br \/><span style=\"color: #ff6600\">C (6,0 a 5,1); <\/span><span style=\"color: #ff6600\">C- (5,0 a 4,1); <\/span><span style=\"color: #ff6600\">D (4,0 a 3,1); <\/span><span style=\"color: #ff6600\">D- (3,0 a 2,1); <\/span><span style=\"color: #ff6600\">E (2,0 a 1,1); <\/span><span style=\"color: #ff6600\">E- (1,0 a 0,0).<\/span><\/p>\n<p style=\"text-align: justify\">\u00c0s disciplinas que n\u00e3o forem computadas na m\u00e9dia ponderada, ser\u00e3o atribu\u00eddos os seguintes conceitos especiais:<br \/>I &#8211; AP (Aprovado);<br \/>II &#8211; NA (N\u00e3o Aprovado);<br \/>III &#8211; R (Reprovado por Frequ\u00eancia, com peso zero);<br \/>IV &#8211; I (Situa\u00e7\u00e3o Incompleta, situa\u00e7\u00e3o \u201cI\u201d).<br \/>A situa\u00e7\u00e3o \u201cI\u201d significa <strong>trabalho incompleto<\/strong> e ser\u00e1 atribu\u00edda somente quando n\u00e3o houver possibilidade de registro no mesmo semestre letivo, n\u00e3o podendo ultrapassar o semestre letivo subsequente, e que ser\u00e1 comprovado por uma das seguintes situa\u00e7\u00f5es:<br \/>I \u2013 tratamento de sa\u00fade;<br \/>II \u2013 licen\u00e7a gestante;<br \/>III \u2013 suspens\u00e3o de registro por irregularidade administrativa; e<br \/>Os casos omissos ser\u00e3o decididos em comum acordo entre o Colegiado do Programa e a Pr\u00f3-Reitoria de P\u00f3s-Gradua\u00e7\u00e3o e Pesquisa.<\/p>\n<p>O candidato reprovado na defesa do exame de qualifica\u00e7\u00e3o, da disserta\u00e7\u00e3o e da tese, poder\u00e1 ter, a crit\u00e9rio da comiss\u00e3o examinadora, at\u00e9 seis meses para submeter-se \u00e0 uma \u00fanica nova defesa, devendo o discente manter o v\u00ednculo mediante matr\u00edcula em EDT ou EDD.<\/p>\n<p>\u00a0<\/p>\n","protected":false},"excerpt":{"rendered":"<p>Ao aluno que n\u00e3o obtiver a frequ\u00eancia m\u00ednima de 75% da carga hor\u00e1ria programada para disciplina ou atividade, ser\u00e1 Reprovado por Frequ\u00eancia.O aproveitamento em cada disciplina ser\u00e1 avaliado pelo professor respons\u00e1vel, em raz\u00e3o do desempenho relativo do discente em provas, pesquisas, semin\u00e1rios, trabalhos individuais ou coletivos e outros, sendo atribu\u00eddo um dos seguintes conceitos. O [&hellip;]<\/p>\n","protected":false},"author":883,"featured_media":0,"parent":0,"menu_order":0,"comment_status":"closed","ping_status":"closed","template":"","meta":{"footnotes":""},"categories":[],"tags":[],"class_list":["post-1526","page","type-page","status-publish","hentry"],"acf":[],"_links":{"self":[{"href":"https:\/\/www.ufsm.br\/cursos\/pos-graduacao\/santa-maria\/ppgec\/wp-json\/wp\/v2\/pages\/1526","targetHints":{"allow":["GET"]}}],"collection":[{"href":"https:\/\/www.ufsm.br\/cursos\/pos-graduacao\/santa-maria\/ppgec\/wp-json\/wp\/v2\/pages"}],"about":[{"href":"https:\/\/www.ufsm.br\/cursos\/pos-graduacao\/santa-maria\/ppgec\/wp-json\/wp\/v2\/types\/page"}],"author":[{"embeddable":true,"href":"https:\/\/www.ufsm.br\/cursos\/pos-graduacao\/santa-maria\/ppgec\/wp-json\/wp\/v2\/users\/883"}],"replies":[{"embeddable":true,"href":"https:\/\/www.ufsm.br\/cursos\/pos-graduacao\/santa-maria\/ppgec\/wp-json\/wp\/v2\/comments?post=1526"}],"version-history":[{"count":0,"href":"https:\/\/www.ufsm.br\/cursos\/pos-graduacao\/santa-maria\/ppgec\/wp-json\/wp\/v2\/pages\/1526\/revisions"}],"wp:attachment":[{"href":"https:\/\/www.ufsm.br\/cursos\/pos-graduacao\/santa-maria\/ppgec\/wp-json\/wp\/v2\/media?parent=1526"}],"wp:term":[{"taxonomy":"category","embeddable":true,"href":"https:\/\/www.ufsm.br\/cursos\/pos-graduacao\/santa-maria\/ppgec\/wp-json\/wp\/v2\/categories?post=1526"},{"taxonomy":"post_tag","embeddable":true,"href":"https:\/\/www.ufsm.br\/cursos\/pos-graduacao\/santa-maria\/ppgec\/wp-json\/wp\/v2\/tags?post=1526"}],"curies":[{"name":"wp","href":"https:\/\/api.w.org\/{rel}","templated":true}]}}