{"id":1580,"date":"2021-10-03T15:22:48","date_gmt":"2021-10-03T18:22:48","guid":{"rendered":"https:\/\/www.ufsm.br\/cursos\/pos-graduacao\/santa-maria\/ppgec\/?page_id=1580"},"modified":"2021-10-03T15:22:49","modified_gmt":"2021-10-03T18:22:49","slug":"ingresso-simplificado-de-aluno-estrangeiro","status":"publish","type":"page","link":"https:\/\/www.ufsm.br\/cursos\/pos-graduacao\/santa-maria\/ppgec\/ingresso-simplificado-de-aluno-estrangeiro","title":{"rendered":"Ingresso simplificado de aluno estrangeiro"},"content":{"rendered":"\n<ol>\n<li>Para essa forma de ingresso, o aluno estrangeiro dever\u00e1 buscar bolsa de estudos para custear-se durante o mestrado ou doutorado, em programas de seu pa\u00eds de origem, institui\u00e7\u00f5es internacionais, ou conv\u00eanios do Brasil (por exemplo, o programa <a href=\"https:\/\/www.gov.br\/capes\/pt-br\/acesso-a-informacao\/acoes-e-programas\/bolsas\/bolsas-e-auxilios-internacionais\/encontre-aqui\/paises\/multinacional\/programa-de-estudantes-convenio-de-pos-graduacao-pec-pg\">PECPG\/CAPES<\/a>). \u00c9 importante notar que:\n<ol style=\"list-style-type: lower-alpha\">\n<li>o candidato dever\u00e1 buscar informa\u00e7\u00f5es sobre as fontes potenciais por conta pr\u00f3pria. O PPPEC n\u00e3o disp\u00f5e de informa\u00e7\u00f5es completas e atualizadas sobre estas op\u00e7\u00f5es.<\/li>\n<li>o aluno que ingressar por esta via n\u00e3o ter\u00e1 direito a receber bolsa de estudo institucional alocada ao Programa, mesmo que ap\u00f3s iniciar seu mestrado ou doutorado no PPGEC perca sua bolsa de estudo por qualquer raz\u00e3o.<\/li>\n<\/ol>\n<\/li>\n<li>Informar-se sobre as linhas de pesquisa e orientadores potenciais. Entrar em contato diretamente com o orientador pretendido e, se este estiver de acordo com lhe orientar, elaborar projeto de pesquisa para disserta\u00e7\u00e3o ou tese.<\/li>\n<li>Para inscrever-se como candidato, \u00e9 necess\u00e1rio submeter um email a <a href=\"mailto:ppgec@ufsm.br\">ppgec@ufsm.br<\/a> com os seguintes documentos:\n<ol>\n<li>c\u00f3pia de diplomas de gradua\u00e7\u00e3o e de mestrado (se j\u00e1 conclu\u00eddo) e respectivos hist\u00f3ricos escolares. \u00a0Para inscrever-se como candidato no PPGEC, n\u00e3o h\u00e1 necessidade de reconhecimento consular ou de tradu\u00e7\u00e3o juramentada (mas, caso seja aceito no Programa, para a matr\u00edcula na Universidade e obten\u00e7\u00e3o de visto para o Brasil, h\u00e1 exig\u00eancias espec\u00edficas).<\/li>\n<li>c\u00f3pia de documento de identidade e passaporte, se tiver<\/li>\n<li>curr\u00edculo em at\u00e9 5 p\u00e1ginas.<\/li>\n<li>carta de inten\u00e7\u00f5es (m\u00e1ximo 2 p\u00e1ginas), explicando sua motiva\u00e7\u00e3o para realizar o mestrado e doutorado no Brasil, e especificamente no PPGEC\/UFSM, sua escolha de tema de trabalho e sua expectativa de carreira profissional que seguir\u00e1 ap\u00f3s o doutorado ou mestrado.<\/li>\n<li>projeto de pesquisa, em m\u00e1ximo 5 p\u00e1ginas, contendo: introdu\u00e7\u00e3o e justificativa; objetivos; caracteriza\u00e7\u00e3o da \u00e1rea e do sistema de estudo, mais detalhado se fora do Brasil; m\u00e9todos, incluindo trabalho de campo e desenho experimental, conforme o caso, e de an\u00e1lise de dados; cronograma de desenvolvimento; plano de custeio do trabalho (materiais de consumo, despesas de campo e viagens necess\u00e1rias). \u00a0O projeto poder\u00e1 ser redigido em portugu\u00eas, espanhol ou ingl\u00eas.<\/li>\n<li>carta de aceita\u00e7\u00e3o do futuro orientador, com aprova\u00e7\u00e3o do projeto apresentado<\/li>\n<li>exame ou documento de sufici\u00eancia em ingl\u00eas ou portugu\u00eas (flu\u00eancia de leitura e reda\u00e7\u00e3o de textos cient\u00edficos)<\/li>\n<li>nome, endere\u00e7o de correio, email e telefone de 3 docentes ou profissionais que possam fornecer recomenda\u00e7\u00f5es e informa\u00e7\u00f5es<\/li>\n<li>c\u00f3pia (preferencialmente eletr\u00f4nica, em formato pdf ou equivalente) de sua tese de mestrado ou de gradua\u00e7\u00e3o e de trabalhos publicados, aceitos ou submetidos a publica\u00e7\u00e3o.<\/li>\n<\/ol>\n<\/li>\n<li>A documenta\u00e7\u00e3o acima ser\u00e1 avaliada pela Coordena\u00e7\u00e3o e por outros docentes do PPGEC. \u00a0A Coordena\u00e7\u00e3o dever\u00e1 solicitar informa\u00e7\u00f5es e recomenda\u00e7\u00f5es \u00e0s pessoas indicadas pelo candidato.<\/li>\n<li>Caso o projeto e o candidato sejam avaliados positivamente, ser\u00e1 realizada uma entrevista, por teleconfer\u00eancia (Google Meet) ou outro meio de comunica\u00e7\u00e3o, em data e hor\u00e1rio previamente marcados.<\/li>\n<li>Uma vez que estas exig\u00eancias sejam cumpridas, a Coordena\u00e7\u00e3o do PPGEC poder\u00e1 emitir carta de que o candidato preencheu os requisitos para ser avaliado para ingresso no Programa de P\u00f3s-Gradua\u00e7\u00e3o em Engenharia Civil.<\/li>\n<li>Uma vez aprovado nas etapas acima, a Coordena\u00e7\u00e3o do PPGEC informar\u00e1 a Pr\u00f3-Reitoria de P\u00f3s-Gradua\u00e7\u00e3o e a Coordena\u00e7\u00e3o de Rela\u00e7\u00f5es Internacionais da UFSM da aceita\u00e7\u00e3o do candidato para matr\u00edcula.<\/li>\n<\/ol>\n<p>\u00a0<\/p>\n<p>Esteja ciente que:<\/p>\n<ol>\n<li>A documenta\u00e7\u00e3o para inscri\u00e7\u00e3o poder\u00e1 ser submetida em qualquer per\u00edodo e normalmente a avalia\u00e7\u00e3o ser\u00e1 realizada no prazo de 60 dias, durante os per\u00edodos letivos brasileiros (mar\u00e7o-junho e agosto-novembro). \u00a0Nas demais \u00e9pocas, a avalia\u00e7\u00e3o poder\u00e1 levar mais de 90 dias, devido a f\u00e9rias e viagens para trabalho ou cursos de campo. \u00a0Recomenda-se fortemente aos candidatos que prevejam 90 dias de avalia\u00e7\u00e3o, al\u00e9m dos prazos para tramita\u00e7\u00e3o de pedidos de bolsa e vistos.<\/li>\n<li>O PPGEC n\u00e3o realizar\u00e1 exame de sufici\u00eancia em portugu\u00eas (CELPE\/BRAS &#8211; https:\/\/www.gov.br\/inep\/pt-br\/areas-de-atuacao\/avaliacao-e-exames-educacionais\/celpe-bras), que usualmente \u00e9 exigido para emiss\u00e3o do visto de estudante. As disciplinas te\u00f3ricas e pr\u00e1ticas s\u00e3o normalmente ministradas em portugu\u00eas, e todas as provas, trabalhos e relat\u00f3rios ser\u00e3o realizados neste idioma. Al\u00e9m disto, a flu\u00eancia de leitura em ingl\u00eas cient\u00edfico \u00e9 indispens\u00e1vel, uma vez que a maior parte da literatura \u00e9 neste idioma. A tese de doutorado dever\u00e1 ser redigida em ingl\u00eas ou portugu\u00eas, exceto por cap\u00edtulos correspondentes a trabalhos j\u00e1 publicados ou aceitos para publica\u00e7\u00e3o.<\/li>\n<li>O PPGEC n\u00e3o oferece suporte para obten\u00e7\u00e3o de vistos ou moradia. Informa\u00e7\u00f5es e algum apoio podem ser obtidos na Coordena\u00e7\u00e3o de Rela\u00e7\u00f5es Internacionais da UFSM.<\/li>\n<li>Casos omissos ser\u00e3o decididos pelo Colegiado do Programa.<\/li>\n<\/ol>\n<p><a href=\"https:\/\/www.ufsm.br\/cursos\/pos-graduacao\/santa-maria\/ppgec\/aluno-estrangeiro\/\">Retornar \u00e0 p\u00e1gina anterior<\/a><\/p>\n","protected":false},"excerpt":{"rendered":"<p>Para essa forma de ingresso, o aluno estrangeiro dever\u00e1 buscar bolsa de estudos para custear-se durante o mestrado ou doutorado, em programas de seu pa\u00eds de origem, institui\u00e7\u00f5es internacionais, ou conv\u00eanios do Brasil (por exemplo, o programa PECPG\/CAPES). \u00c9 importante notar que: o candidato dever\u00e1 buscar informa\u00e7\u00f5es sobre as fontes potenciais por conta pr\u00f3pria. O [&hellip;]<\/p>\n","protected":false},"author":741,"featured_media":0,"parent":0,"menu_order":0,"comment_status":"closed","ping_status":"closed","template":"","meta":{"footnotes":""},"categories":[],"tags":[],"class_list":["post-1580","page","type-page","status-publish","hentry"],"acf":[],"_links":{"self":[{"href":"https:\/\/www.ufsm.br\/cursos\/pos-graduacao\/santa-maria\/ppgec\/wp-json\/wp\/v2\/pages\/1580","targetHints":{"allow":["GET"]}}],"collection":[{"href":"https:\/\/www.ufsm.br\/cursos\/pos-graduacao\/santa-maria\/ppgec\/wp-json\/wp\/v2\/pages"}],"about":[{"href":"https:\/\/www.ufsm.br\/cursos\/pos-graduacao\/santa-maria\/ppgec\/wp-json\/wp\/v2\/types\/page"}],"author":[{"embeddable":true,"href":"https:\/\/www.ufsm.br\/cursos\/pos-graduacao\/santa-maria\/ppgec\/wp-json\/wp\/v2\/users\/741"}],"replies":[{"embeddable":true,"href":"https:\/\/www.ufsm.br\/cursos\/pos-graduacao\/santa-maria\/ppgec\/wp-json\/wp\/v2\/comments?post=1580"}],"version-history":[{"count":0,"href":"https:\/\/www.ufsm.br\/cursos\/pos-graduacao\/santa-maria\/ppgec\/wp-json\/wp\/v2\/pages\/1580\/revisions"}],"wp:attachment":[{"href":"https:\/\/www.ufsm.br\/cursos\/pos-graduacao\/santa-maria\/ppgec\/wp-json\/wp\/v2\/media?parent=1580"}],"wp:term":[{"taxonomy":"category","embeddable":true,"href":"https:\/\/www.ufsm.br\/cursos\/pos-graduacao\/santa-maria\/ppgec\/wp-json\/wp\/v2\/categories?post=1580"},{"taxonomy":"post_tag","embeddable":true,"href":"https:\/\/www.ufsm.br\/cursos\/pos-graduacao\/santa-maria\/ppgec\/wp-json\/wp\/v2\/tags?post=1580"}],"curies":[{"name":"wp","href":"https:\/\/api.w.org\/{rel}","templated":true}]}}