{"id":1581,"date":"2021-10-03T16:35:21","date_gmt":"2021-10-03T19:35:21","guid":{"rendered":"https:\/\/www.ufsm.br\/cursos\/pos-graduacao\/santa-maria\/ppgec\/?page_id=1581"},"modified":"2025-08-19T11:27:10","modified_gmt":"2025-08-19T14:27:10","slug":"professor-visitante","status":"publish","type":"page","link":"https:\/\/www.ufsm.br\/cursos\/pos-graduacao\/santa-maria\/ppgec\/professor-visitante","title":{"rendered":"Professor Visitante"},"content":{"rendered":"\n<p>Professores visitantes poder\u00e3o passar um tempo no PPGEC desenvolvendo atividades de ensino, pesquisa e extens\u00e3o. Os pesquisadores visitantes podem dedicar-se inteiramente \u00e0 pesquisa, com exce\u00e7\u00e3o de ter que ministrar alguma que outra disciplina ou semin\u00e1rio.<\/p>\n<p>As vagas s\u00e3o atrav\u00e9s de editais espec\u00edficos publicados no site da <a href=\"https:\/\/www.ufsm.br\/pro-reitorias\/progep\/busca\/?q=&amp;sites%5B%5D=341&amp;area=editais&amp;orderby=modified&amp;order=DESC\">PROGEP, <\/a>n\u00e3o h\u00e1 periodicidade quanto a oferta, por\u00e9m, ocorre a ampla divulga\u00e7\u00e3o quando da exist\u00eancia.\u00a0<\/p>\n<p>O PPGEC oferece acesso a professores visitantes de duas maneiras:<\/p>\n<ol>\n<li>Atrav\u00e9s de editais espec\u00edficos. N\u00e3o h\u00e1 periodicidade e as vagas s\u00e3o anunciadas quando da exist\u00eancia de recursos. Exemplo do \u00faltimo edital com contrata\u00e7\u00e3o de professore visitante nacional e estrangeiro no PPGEC: <a href=\"https:\/\/www.ufsm.br\/pro-reitorias\/progep\/2019\/11\/21\/abertura-de-edital-de-processo-seletivo-simplificado-para-professor-visitante-na-ufsm-12-vagas\/\">https:\/\/www.ufsm.br\/pro-reitorias\/progep\/2019\/11\/21\/abertura-de-edital-de-processo-seletivo-simplificado-para-professor-visitante-na-ufsm-12-vagas\/<\/a><\/li>\n<li>para candidatos estrangeiros que possuam bolsa de estudos ou recursos externos ao PPGEC para custear a sua estadia. Se enquadram nessa categoria os candidatos estrangeiros que j\u00e1 possuam bolsa ou recursos no momento de ingresso no PPGEC :\n<ol>\n<li>do seu pa\u00eds de origem;<\/li>\n<li>de institui\u00e7\u00f5es internacionais (Ex, <a href=\"https:\/\/us.fulbrightonline.org\/countries\/western-hemisphere\/brazil\/85\">Fulbright<\/a>)<\/li>\n<li>atrav\u00e9s de um conv\u00eanio com o governo brasileiro como o <a href=\"http:\/\/portal.mec.gov.br\/pet\/180-estudantes-108009469\/pos-graduacao-500454045\/8622-sp-1898467293\">PVE\/CAPES<\/a> \u2013<\/li>\n<li>conv\u00eanio internacional com a UFSM, existindo duas possibilidades:\n<ol>\n<li>um <a href=\"https:\/\/www.ufsm.br\/orgaos-de-apoio\/sai\/mobilities-through-bilateral-agreements\/\">convenio bilateral<\/a> com uma <a href=\"https:\/\/www.ufsm.br\/orgaos-de-apoio\/sai\/convenios-bilaterais-ativos\/\">universidade parceira<\/a>.<\/li>\n<li>Programa de interc\u00e2mbios internacionais, como, por exemplo, o <a href=\"https:\/\/www.ufsm.br\/projetos\/institucional\/capes-print\/capes-print-ufsm\/\">PrInt UFSM<\/a><\/li>\n<li>Outras modalidades ou informa\u00e7\u00f5es no site da SAI\/UFSM e sites das ag\u00eancias <a href=\"https:\/\/www.gov.br\/capes\/pt-br\/acesso-a-informacao\/acoes-e-programas\/bolsas\/bolsas-e-auxilios-internacionais\/encontre-aqui\/paises\/multinacional\/programa-de-estudantes-convenio-de-pos-graduacao-pec-pg\">CAPES<\/a> e <a href=\"https:\/\/www.gov.br\/cnpq\/pt-br\">CNPQ<\/a> do Brasil<\/li>\n<\/ol>\n<\/li>\n<\/ol>\n<\/li>\n<\/ol>\n<p>\u00a0<\/p>\n<p>Para ingressar pela alternativa (b), entre em contato com algu\u00e9m de nossos <a href=\"https:\/\/www.ufsm.br\/cursos\/pos-graduacao\/santa-maria\/ppgec\/docentes\/\">docentes<\/a> para verificar a disponibilidade dos <a href=\"https:\/\/www.ufsm.br\/cursos\/pos-graduacao\/santa-maria\/ppgec\/infraestrutura-do-ppgec\/\">espa\u00e7os, laborat\u00f3rios e equipamentos necess\u00e1rios para a pesquisa<\/a>. Nossos professores s\u00e3o fluentes em ingl\u00eas e espanhol, al\u00e9m do portugu\u00eas. Tamb\u00e9m verifique que preenche com os requisitos de <a href=\"https:\/\/www.ufsm.br\/cursos\/pos-graduacao\/santa-maria\/ppgec\/criterios-de-credenciamento-e-descredenciamento\/\">credenciamento do PPGEC.<\/a><\/p>\n<p><strong>\u00a0<\/strong><\/p>\n<ol>\n<li>Para inscrever-se como candidato, \u00e9 necess\u00e1rio submeter um e-mail a <a href=\"mailto:ppgec@ufsm.br\">ppgec@ufsm.br<\/a> com os seguintes documentos:\n<ol>\n<li>c\u00f3pia de diplomas de doutorado (n\u00e3o h\u00e1 necessidade de reconhecimento consular ou de tradu\u00e7\u00e3o juramentada mas, caso seja aceito no programa, para a matr\u00edcula na Universidade e obten\u00e7\u00e3o de visto para o Brasil, h\u00e1 exig\u00eancias espec\u00edficas).<\/li>\n<li>c\u00f3pia de documento de identidade e passaporte, se tiver<\/li>\n<li>curriculum.<\/li>\n<li>plano de trabalho, em m\u00e1ximo 10 p\u00e1ginas redigido em portugu\u00eas, espanhol ou ingl\u00eas contendo:\n<ol>\n<li>introdu\u00e7\u00e3o e justificativa; objetivos; m\u00e9todos, incluindo trabalho de campo e desenho experimental, conforme o caso, e de an\u00e1lise de dados; cronograma de desenvolvimento; plano de custeio do trabalho (materiais de consumo, despesas de campo e viagens necess\u00e1rias);<\/li>\n<li>Indica\u00e7\u00e3o da infraestrutura e os recursos necess\u00e1rios para o desenvolvimento das atividades descritas no plano de trabalho (A descri\u00e7\u00e3o dos principais equipamentos dos laborat\u00f3rios vinculados ao PPGEC consta no site do Programa: <a href=\"https:\/\/www.ufsm.br\/cursos\/pos-graduacao\/santa-maria\/ppgec\/infraestrutura-do-ppgec\/\">https:\/\/www.ufsm.br\/cursos\/pos-graduacao\/santa-maria\/ppgec\/infraestrutura-do-ppgec\/<\/a>);<\/li>\n<li>Indica\u00e7\u00e3o das disciplinas que pretende ministrar (incluindo as ementas e justificativa). A rela\u00e7\u00e3o de disciplinas do PPGEC pode ser consultada no site do Programa: <a href=\"https:\/\/www.ufsm.br\/cursos\/pos-graduacao\/santa-maria\/ppgec\/infraestrutura-do-ppgec\/\">https:\/\/www.ufsm.br\/cursos\/pos-graduacao\/santa-maria\/ppgec\/informacoes-do-curriculo)<\/a>.<\/li>\n<li>Indica\u00e7\u00e3o dos<a href=\"https:\/\/www.ufsm.br\/cursos\/pos-graduacao\/santa-maria\/ppgec\/grupos-de-pesquisa\/\"> grupos de pesquisa<\/a>\/<a href=\"https:\/\/www.ufsm.br\/cursos\/pos-graduacao\/santa-maria\/ppgec\/docentes\/\">pesquisadores<\/a> vinculados ao PPGEC com os quais pretende realizar colabora\u00e7\u00f5es<\/li>\n<\/ol>\n<\/li>\n<li>carta de aceita\u00e7\u00e3o dos grupos de pesquisa\/pesquisador, com aprova\u00e7\u00e3o do projeto apresentado<\/li>\n<\/ol>\n<\/li>\n<li>Uma vez aprovado nas etapas acima, a Coordena\u00e7\u00e3o do PPGEC informar\u00e1 a Pr\u00f3-Reitoria de P\u00f3s-Gradua\u00e7\u00e3o e a <a href=\"https:\/\/www.ufsm.br\/orgaos-de-apoio\/sai\/\">SAI<\/a> da UFSM da aceita\u00e7\u00e3o do candidato.<\/li>\n<\/ol>\n<p>Esteja ciente que:<\/p>\n<ol>\n<li>A documenta\u00e7\u00e3o para inscri\u00e7\u00e3o poder\u00e1 ser submetida em qualquer per\u00edodo e normalmente a avalia\u00e7\u00e3o ser\u00e1 realizada no prazo de 60 dias, durante os per\u00edodos letivos brasileiros (mar\u00e7o-junho e agosto-novembro). \u00a0Nas demais \u00e9pocas, a avalia\u00e7\u00e3o poder\u00e1 levar mais de 90 dias, devido a f\u00e9rias e viagens para trabalho ou cursos de campo. \u00a0Recomenda-se fortemente aos candidatos que prevejam 90 dias de avalia\u00e7\u00e3o, al\u00e9m dos prazos para tramita\u00e7\u00e3o de pedidos de bolsa e vistos.<\/li>\n<\/ol>\n<ol start=\"2\">\n<li>O PPGEC n\u00e3o oferece suporte para obten\u00e7\u00e3o de vistos ou moradia. Informa\u00e7\u00f5es e algum apoio podem ser obtidos na Coordena\u00e7\u00e3o de Rela\u00e7\u00f5es Internacionais da UFSM ou com os grupos de pesquisa com os quais pretende realizar colabora\u00e7\u00f5es<\/li>\n<\/ol>\n","protected":false},"excerpt":{"rendered":"<p>Professores visitantes poder\u00e3o passar um tempo no PPGEC desenvolvendo atividades de ensino, pesquisa e extens\u00e3o. Os pesquisadores visitantes podem dedicar-se inteiramente \u00e0 pesquisa, com exce\u00e7\u00e3o de ter que ministrar alguma que outra disciplina ou semin\u00e1rio. As vagas s\u00e3o atrav\u00e9s de editais espec\u00edficos publicados no site da PROGEP, n\u00e3o h\u00e1 periodicidade quanto a oferta, por\u00e9m, ocorre [&hellip;]<\/p>\n","protected":false},"author":741,"featured_media":0,"parent":0,"menu_order":0,"comment_status":"closed","ping_status":"closed","template":"","meta":{"footnotes":""},"categories":[],"tags":[],"class_list":["post-1581","page","type-page","status-publish","hentry"],"acf":[],"_links":{"self":[{"href":"https:\/\/www.ufsm.br\/cursos\/pos-graduacao\/santa-maria\/ppgec\/wp-json\/wp\/v2\/pages\/1581","targetHints":{"allow":["GET"]}}],"collection":[{"href":"https:\/\/www.ufsm.br\/cursos\/pos-graduacao\/santa-maria\/ppgec\/wp-json\/wp\/v2\/pages"}],"about":[{"href":"https:\/\/www.ufsm.br\/cursos\/pos-graduacao\/santa-maria\/ppgec\/wp-json\/wp\/v2\/types\/page"}],"author":[{"embeddable":true,"href":"https:\/\/www.ufsm.br\/cursos\/pos-graduacao\/santa-maria\/ppgec\/wp-json\/wp\/v2\/users\/741"}],"replies":[{"embeddable":true,"href":"https:\/\/www.ufsm.br\/cursos\/pos-graduacao\/santa-maria\/ppgec\/wp-json\/wp\/v2\/comments?post=1581"}],"version-history":[{"count":0,"href":"https:\/\/www.ufsm.br\/cursos\/pos-graduacao\/santa-maria\/ppgec\/wp-json\/wp\/v2\/pages\/1581\/revisions"}],"wp:attachment":[{"href":"https:\/\/www.ufsm.br\/cursos\/pos-graduacao\/santa-maria\/ppgec\/wp-json\/wp\/v2\/media?parent=1581"}],"wp:term":[{"taxonomy":"category","embeddable":true,"href":"https:\/\/www.ufsm.br\/cursos\/pos-graduacao\/santa-maria\/ppgec\/wp-json\/wp\/v2\/categories?post=1581"},{"taxonomy":"post_tag","embeddable":true,"href":"https:\/\/www.ufsm.br\/cursos\/pos-graduacao\/santa-maria\/ppgec\/wp-json\/wp\/v2\/tags?post=1581"}],"curies":[{"name":"wp","href":"https:\/\/api.w.org\/{rel}","templated":true}]}}