{"id":1728,"date":"2022-03-14T14:57:38","date_gmt":"2022-03-14T17:57:38","guid":{"rendered":"https:\/\/www.ufsm.br\/cursos\/pos-graduacao\/santa-maria\/ppgec\/?page_id=1728"},"modified":"2025-08-19T11:08:20","modified_gmt":"2025-08-19T14:08:20","slug":"objetivos","status":"publish","type":"page","link":"https:\/\/www.ufsm.br\/cursos\/pos-graduacao\/santa-maria\/ppgec\/objetivos","title":{"rendered":"Objetivos"},"content":{"rendered":"\n<p>O Programa de P\u00f3s-Gradua\u00e7\u00e3o em Engenharia Civil (PPGEC) da Universidade Federal de Santa Maria (UFSM), n\u00edvel de mestrado e doutorado, tem por finalidade a qualifica\u00e7\u00e3o de recursos humanos, e aumento da capacidade de gera\u00e7\u00e3o, de difus\u00e3o e de utiliza\u00e7\u00e3o de conhecimentos cient\u00edficos para o exerc\u00edcio das atividades de pesquisa, ensino e extens\u00e3o no campo da Engenharia Civil e \u00e1reas afins, utilizando para isso um enfoque multidisciplinar e interdisciplinar.<\/p>\n<p>O PPGEC\/UFSM, tamb\u00e9m busca a manuten\u00e7\u00e3o de relacionamento com institui\u00e7\u00f5es de ensino e pesquisa nacionais e internacionais, a integra\u00e7\u00e3o com a comunidade, por assessorias e trabalhos t\u00e9cnicos desenvolvidos pelo seu <a href=\"https:\/\/www.ufsm.br\/cursos\/pos-graduacao\/santa-maria\/ppgec\/docentes\">corpo docente<\/a>, <a href=\"https:\/\/www.ufsm.br\/cursos\/pos-graduacao\/santa-maria\/ppgec\/discentes\">discente<\/a> e t\u00e9cnico nos <a href=\"https:\/\/www.ufsm.br\/cursos\/pos-graduacao\/santa-maria\/ppgec\/infraestrutura-do-ppgec\/\">laborat\u00f3rios<\/a> que d\u00e3o suporte ao programa.\u00a0<\/p>\n<p>O PPGEC tamb\u00e9m visa contribuir para o aprimoramento dos cursos de gradua\u00e7\u00e3o da UFSM, que desenvolvem atividades relacionadas com as \u00e1reas de concentra\u00e7\u00e3o e linhas de pesquisa do Programa, por meio da participa\u00e7\u00e3o de discentes em projetos de pesquisa, aulas de doc\u00eancia, orienta\u00e7\u00f5es de trabalhos de conclus\u00e3o e inicia\u00e7\u00e3o cient\u00edfica e tecnol\u00f3gica.\u00a0<\/p>\n<p>Os egressos do curso de Doutorado permitem ampliar a difus\u00e3o do conhecimento gerado no PPGEC, e contribuem de maneira significativa para o desenvolvimento cient\u00edfico e tecnol\u00f3gico do pa\u00eds.<\/p>\n<p>Estes objetivos s\u00e3o atingidos gra\u00e7as ao desenvolvimento de atividades nas diferentes <a href=\"https:\/\/www.ufsm.br\/cursos\/pos-graduacao\/santa-maria\/ppgec\/areas-e-linhas-de-pesquisa\/\">\u00e1reas de concentra\u00e7\u00e3o<\/a> e <a href=\"https:\/\/www.ufsm.br\/cursos\/pos-graduacao\/santa-maria\/ppgec\/areas-e-linhas-de-pesquisa\/\">linhas de pesquisa<\/a> do PPGEC, com seus objetivos espec\u00edficos caracter\u00edsticos.\u00a0<\/p>\n<p style=\"text-align: center\"><strong>O Programa de P\u00f3s-Gradua\u00e7\u00e3o em Engenharia Civil \u2013\u00a0<a href=\"https:\/\/www.ufsm.br\/cursos\/pos-graduacao\/santa-maria\/ppgec\" target=\"_blank\" rel=\"noopener\">\u00a0PPGEC<\/a>\u00a0e o Programa de P\u00f3s-Gradua\u00e7\u00e3o em Engenharia Ambiental \u2013\u00a0<a href=\"https:\/\/www.ufsm.br\/cursos\/pos-graduacao\/santa-maria\/ppgeamb\" target=\"_blank\" rel=\"noopener\">\u00a0PPGEAmb<\/a>\u00a0est\u00e3o fusionados e tornaram-se o\u00a0<a href=\"https:\/\/www.ufsm.br\/cursos\/pos-graduacao\/santa-maria\/ppgecam\" target=\"_blank\" rel=\"noopener\">\u00a0PPGECAM \u2013 Programa de P\u00f3s-Gradua\u00e7\u00e3o em Engenharia Civil e Ambiental<\/a>.<\/strong><\/p>\n<hr \/>\n<p><a href=\"https:\/\/www.ufsm.br\/cursos\/pos-graduacao\/santa-maria\/ppgec\/\">In\u00edcio<\/a><\/p>\n<p><a href=\"http:\/\/www.ufsm.br\/cursos\/pos-graduacao\/santa-maria\/ppgec\/apresentacao-2\/\">Apresenta\u00e7\u00e3o<\/a><\/p>\n<ul class=\"sub-menu\">\n<li id=\"menu-item-1725\" class=\"menu-item menu-item-type-post_type menu-item-object-page menu-item-1725\"><a href=\"http:\/\/www.ufsm.br\/cursos\/pos-graduacao\/santa-maria\/ppgec\/missao\/\">Miss\u00e3o, Vis\u00e3o e Valores<\/a><\/li>\n<li id=\"menu-item-1729\" class=\"menu-item menu-item-type-post_type menu-item-object-page menu-item-1729\"><a href=\"http:\/\/www.ufsm.br\/cursos\/pos-graduacao\/santa-maria\/ppgec\/objetivos\/\">Objetivos<\/a><\/li>\n<li id=\"menu-item-319\" class=\"menu-item menu-item-type-post_type menu-item-object-page menu-item-319\"><a href=\"http:\/\/www.ufsm.br\/cursos\/pos-graduacao\/santa-maria\/ppgec\/apresentacao\/\">Hist\u00f3rico<\/a><\/li>\n<li id=\"menu-item-1739\" class=\"menu-item menu-item-type-post_type menu-item-object-page menu-item-1739\"><a href=\"http:\/\/www.ufsm.br\/cursos\/pos-graduacao\/santa-maria\/ppgec\/estrutura-curricular\/\">Estrutura curricular<\/a><\/li>\n<li id=\"menu-item-1735\" class=\"menu-item menu-item-type-post_type menu-item-object-page menu-item-1735\"><a href=\"http:\/\/www.ufsm.br\/cursos\/pos-graduacao\/santa-maria\/ppgec\/nossos-egressos\/\">Acompanhamento de Egressos<\/a><\/li>\n<\/ul>\n","protected":false},"excerpt":{"rendered":"<p>O Programa de P\u00f3s-Gradua\u00e7\u00e3o em Engenharia Civil (PPGEC) da Universidade Federal de Santa Maria (UFSM), n\u00edvel de mestrado e doutorado, tem por finalidade a qualifica\u00e7\u00e3o de recursos humanos, e aumento da capacidade de gera\u00e7\u00e3o, de difus\u00e3o e de utiliza\u00e7\u00e3o de conhecimentos cient\u00edficos para o exerc\u00edcio das atividades de pesquisa, ensino e extens\u00e3o no campo da [&hellip;]<\/p>\n","protected":false},"author":741,"featured_media":0,"parent":0,"menu_order":0,"comment_status":"closed","ping_status":"closed","template":"","meta":{"footnotes":""},"categories":[],"tags":[],"class_list":["post-1728","page","type-page","status-publish","hentry"],"acf":[],"_links":{"self":[{"href":"https:\/\/www.ufsm.br\/cursos\/pos-graduacao\/santa-maria\/ppgec\/wp-json\/wp\/v2\/pages\/1728","targetHints":{"allow":["GET"]}}],"collection":[{"href":"https:\/\/www.ufsm.br\/cursos\/pos-graduacao\/santa-maria\/ppgec\/wp-json\/wp\/v2\/pages"}],"about":[{"href":"https:\/\/www.ufsm.br\/cursos\/pos-graduacao\/santa-maria\/ppgec\/wp-json\/wp\/v2\/types\/page"}],"author":[{"embeddable":true,"href":"https:\/\/www.ufsm.br\/cursos\/pos-graduacao\/santa-maria\/ppgec\/wp-json\/wp\/v2\/users\/741"}],"replies":[{"embeddable":true,"href":"https:\/\/www.ufsm.br\/cursos\/pos-graduacao\/santa-maria\/ppgec\/wp-json\/wp\/v2\/comments?post=1728"}],"version-history":[{"count":0,"href":"https:\/\/www.ufsm.br\/cursos\/pos-graduacao\/santa-maria\/ppgec\/wp-json\/wp\/v2\/pages\/1728\/revisions"}],"wp:attachment":[{"href":"https:\/\/www.ufsm.br\/cursos\/pos-graduacao\/santa-maria\/ppgec\/wp-json\/wp\/v2\/media?parent=1728"}],"wp:term":[{"taxonomy":"category","embeddable":true,"href":"https:\/\/www.ufsm.br\/cursos\/pos-graduacao\/santa-maria\/ppgec\/wp-json\/wp\/v2\/categories?post=1728"},{"taxonomy":"post_tag","embeddable":true,"href":"https:\/\/www.ufsm.br\/cursos\/pos-graduacao\/santa-maria\/ppgec\/wp-json\/wp\/v2\/tags?post=1728"}],"curies":[{"name":"wp","href":"https:\/\/api.w.org\/{rel}","templated":true}]}}