{"id":2188,"date":"2023-03-06T16:53:54","date_gmt":"2023-03-06T19:53:54","guid":{"rendered":"https:\/\/www.ufsm.br\/cursos\/pos-graduacao\/santa-maria\/ppgec\/?page_id=2188"},"modified":"2024-06-03T15:30:00","modified_gmt":"2024-06-03T18:30:00","slug":"auxpe-auxilio-financeiro-a-projeto-educacional-ou-de-pesquisa","status":"publish","type":"page","link":"https:\/\/www.ufsm.br\/cursos\/pos-graduacao\/santa-maria\/ppgec\/auxpe-auxilio-financeiro-a-projeto-educacional-ou-de-pesquisa","title":{"rendered":"AUXPE &#8211; Aux\u00edlio Financeiro a Projeto Educacional ou de Pesquisa\u00a0"},"content":{"rendered":"\t\t<div data-elementor-type=\"wp-page\" data-elementor-id=\"2188\" class=\"elementor elementor-2188\">\n\t\t\t\t\t\t<section class=\"elementor-section elementor-top-section elementor-element elementor-element-13ac7eca elementor-section-boxed elementor-section-height-default elementor-section-height-default\" data-id=\"13ac7eca\" data-element_type=\"section\">\n\t\t\t\t\t\t<div class=\"elementor-container elementor-column-gap-default\">\n\t\t\t\t\t<div class=\"elementor-column elementor-col-100 elementor-top-column elementor-element elementor-element-3b1ddf6f\" data-id=\"3b1ddf6f\" data-element_type=\"column\">\n\t\t\t<div class=\"elementor-widget-wrap elementor-element-populated\">\n\t\t\t\t\t\t<div class=\"elementor-element elementor-element-18c4ade3 elementor-widget elementor-widget-text-editor\" data-id=\"18c4ade3\" data-element_type=\"widget\" data-widget_type=\"text-editor.default\">\n\t\t\t\t<div class=\"elementor-widget-container\">\n\t\t\t\t\t\t\t<p><!-- wp:tadv\/classic-paragraph --><\/p>\n<p><!-- wp:tadv\/classic-paragraph --><\/p>\n<p>O AUXPE &#8211; Aux\u00edlio Financeiro a Projeto Educacional ou de Pesquisa \u00e9 o instrumento de transfer\u00eancia de recursos financeiros consignados no or\u00e7amento da CAPES ao Coordenador do PPG. O recurso \u00e9 disponibilizado somente para despesas de custeio.<br \/>Regem as despesas de custeio as seguintes portarias:\u00a0<a href=\"http:\/\/cad.capes.gov.br\/ato-administrativo-detalhar?idAtoAdmElastic=9322#anchor\"><strong>Portaria 155\/2022\u00a0 &#8211; CAPES\u00a0 e<\/strong><\/a>\u00a0<strong><a href=\"https:\/\/www.gov.br\/capes\/pt-br\/centrais-de-conteudo\/portaria-059-2013-auxpe-siprec-pdf\">Portaria CAPES n\u00ba 59\/2013<\/a><\/strong><\/p>\n<p style=\"text-align: justify\"><strong>O recurso permite a utiliza\u00e7\u00e3o de despesas de custeio, que s\u00e3o:<\/strong><strong><br \/><\/strong>I &#8211; servi\u00e7os de terceiros: para pagamento integral ou parcial de contratos de manuten\u00e7\u00e3o e servi\u00e7os de terceiros, pessoa f\u00edsica ou jur\u00eddica, de car\u00e1ter eventual;<br \/>II &#8211; material de consumo, componentes e\/ou pe\u00e7as de reposi\u00e7\u00e3o de equipamentos, instala\u00e7\u00e3o, recupera\u00e7\u00e3o e manuten\u00e7\u00e3o de equipamentos, manuten\u00e7\u00e3o e funcionamento de laborat\u00f3rio de ensino e pesquisa, servi\u00e7os e taxas relacionados \u00e0 importa\u00e7\u00e3o;<br \/>III &#8211; produ\u00e7\u00e3o, revis\u00e3o, tradu\u00e7\u00e3o, editora\u00e7\u00e3o, confec\u00e7\u00e3o e publica\u00e7\u00e3o de conte\u00fados acad\u00eamico-cient\u00edficas e de divulga\u00e7\u00e3o das atividades desenvolvidas no \u00e2mbito dos PPGs;<br \/>IV &#8211; manuten\u00e7\u00e3o do acervo de peri\u00f3dicos, desde que n\u00e3o contemplados no Portal de Peri\u00f3dicos da CAPES;<br \/>V &#8211;\u00a0 passagens e di\u00e1rias para:<br \/>\u00a0 \u00a0 \u00a0 a) participa\u00e7\u00e3o de professores, pesquisadores e alunos em eventos acad\u00eamicos e cient\u00edficos;<br \/>\u00a0 \u00a0 \u00a0 b) miss\u00f5es de estudo ou pesquisa em campo;<br \/>\u00a0 \u00a0 \u00a0 c) participa\u00e7\u00e3o em bancas de disserta\u00e7\u00f5es e teses.<\/p>\n<p style=\"text-align: justify\"><span style=\"font-size: 16px;font-weight: var( --e-global-typography-text-font-weight );color: #1c1c1c;text-align: left\">A ajuda de custos a eventos e atividade de campo, poder\u00e1 compreender: taxa de inscri\u00e7\u00e3o no evento, passagens e di\u00e1rias. Os tipos e valores a serem liberados ser\u00e3o analisados pelo coordenador do programa.\u00a0\u00a0<\/span><span style=\"font-size: 16px;font-weight: var( --e-global-typography-text-font-weight );color: #1c1c1c;text-align: left\">N\u00e3o h\u00e1\u00a0 a possibilidade de restitui\u00e7\u00e3o de valor de despesas j\u00e1 pagas.<\/span><\/p>\n<p><em>\u00a7 3\u00ba Os gastos devem ser efetuados conforme a legisla\u00e7\u00e3o vigente aplic\u00e1vel ao instrumento AUXPE, observando o estabelecido no Anexo I da <strong><a href=\"http:\/\/cad.capes.gov.br\/ato-administrativo-detalhar?idAtoAdmElastic=5402\" target=\"_blank\" rel=\"noopener\">Portaria CAPES n\u00ba 59\/2013<\/a><\/strong> e na <strong><a href=\"https:\/\/sisweb.tesouro.gov.br\/apex\/f?p=2501:9::::9:P9_ID_PUBLICACAO:8754\" target=\"_blank\" rel=\"noopener\">Portaria n\u00ba 448\/2002<\/a> <\/strong>da Secretaria do Tesouro Nacional, dentro do per\u00edodo de vig\u00eancia do AUXPE<\/em><\/p>\n<p><em><strong><span style=\"color: #ff0000\">ATEN\u00c7\u00c3O:<\/span><\/strong> Todo e qualquer material produzido dever\u00e1 incluir a logomarca da CAPES conforme <strong><a href=\"https:\/\/in.gov.br\/materia\/-\/asset_publisher\/Kujrw0TZC2Mb\/content\/id\/39729251\/do1-2018-09-05-portaria-n-206-de-4-de-setembro-de-2018-39729135\">Portaria n\u00ba 206, de 4 de setembro de 2018<\/a><\/strong>.<\/em><\/p>\n<p>\u00a0<\/p>\n<h5 style=\"text-align: justify\"><strong>ATEN\u00c7\u00c3O:<\/strong> Este recurso \u00e9 administrado pelo coordenador do programa, n\u00e3o h\u00e1 reembolso de despesas. Toda a necessidade de recursos dever\u00e1 ser consultada a secretaria para verificar a disponibilidade.<\/h5>\n<p style=\"text-align: justify\"><span style=\"font-weight: bolder;text-align: var(--bs-body-text-align)\">\u00a0 \u00a0 \u00a0 \u00a0 \u00a0PRESTA\u00c7\u00c3O DE CONTAS:\u00a0<\/span><span style=\"color: #1c1c1c;font-size: 16px;font-weight: var( --e-global-typography-text-font-weight );text-align: var(--bs-body-text-align)\">Deve ocorrer em at\u00e9 5 dias enviando ao e-mail ppgec@ufsm.br:<\/span><\/p>\n<ul style=\"color: #1c1c1c;font-size: 16px\">\n<li>Toda a nota fiscal ou o recibo de pagamento dever\u00e1, OBRIGATORIAMENTE, ser emitida no nome do coordenador do programa: Daniel Gustavo Allasia Piccilli (CPF: 828.247.700-15)<\/li>\n<li>Para a presta\u00e7\u00e3o de contas de passagens dever\u00e1 ainda ser enviado o canhoto ou ticket de embarque.<\/li>\n<li>Na nota fiscal ou recibo dever\u00e1 constar a\u00a0descri\u00e7\u00e3o detalhada dos materiais, bens ou servi\u00e7os adquiridos\/contratados\u00a0e o nome do programa da CAPES:\u00a0<span style=\"font-size: 10pt;font-family: Arial, sans-serif;color: #1c1c1c;background-image: initial;background-position: initial;background-size: initial;background-repeat: initial;background-attachment: initial\"><b>&#8220;PDPG-Consolida\u00e7\u00e3o 3-4&#8221;.<\/b><\/span><\/li>\n<li>Endere\u00e7o para a nota fiscal \/ recibo:<br \/>Av. Roraima, 1000 (UFSM)<br \/>Camobi \u2013 Santa Maria \u2013 RS \u2013 97105900<br \/>Telefone: 55 3220 8837<br \/>e-mail: ppgec@ufsm.br<\/li>\n<\/ul>\n<p><!-- \/wp:tadv\/classic-paragraph --><\/p>\n<p><!-- \/wp:tadv\/classic-paragraph --><!-- wp:tadv\/classic-paragraph \/--><\/p>\t\t\t\t\t\t<\/div>\n\t\t\t\t<\/div>\n\t\t\t\t\t<\/div>\n\t\t<\/div>\n\t\t\t\t\t<\/div>\n\t\t<\/section>\n\t\t\t\t<section class=\"elementor-section elementor-top-section elementor-element elementor-element-ff80d40 elementor-section-boxed elementor-section-height-default elementor-section-height-default\" data-id=\"ff80d40\" data-element_type=\"section\">\n\t\t\t\t\t\t<div class=\"elementor-container elementor-column-gap-default\">\n\t\t\t\t\t<div class=\"elementor-column elementor-col-100 elementor-top-column elementor-element elementor-element-60c84a0\" data-id=\"60c84a0\" data-element_type=\"column\">\n\t\t\t<div class=\"elementor-widget-wrap elementor-element-populated\">\n\t\t\t\t\t\t<div class=\"elementor-element elementor-element-de256e1 elementor-widget elementor-widget-toggle\" data-id=\"de256e1\" data-element_type=\"widget\" data-widget_type=\"toggle.default\">\n\t\t\t\t<div class=\"elementor-widget-container\">\n\t\t\t\t\t<div class=\"elementor-toggle\">\n\t\t\t\t\t\t\t<div class=\"elementor-toggle-item\">\n\t\t\t\t\t<div id=\"elementor-tab-title-2321\" class=\"elementor-tab-title\" data-tab=\"1\" role=\"button\" aria-controls=\"elementor-tab-content-2321\" aria-expanded=\"false\">\n\t\t\t\t\t\t\t\t\t\t\t\t<span class=\"elementor-toggle-icon elementor-toggle-icon-left\" aria-hidden=\"true\">\n\t\t\t\t\t\t\t\t\t\t\t\t\t\t\t<span class=\"elementor-toggle-icon-closed\"><i class=\"fas fa-caret-right\"><\/i><\/span>\n\t\t\t\t\t\t\t\t<span class=\"elementor-toggle-icon-opened\"><i class=\"elementor-toggle-icon-opened fas fa-caret-up\"><\/i><\/span>\n\t\t\t\t\t\t\t\t\t\t\t\t\t<\/span>\n\t\t\t\t\t\t\t\t\t\t\t\t<a class=\"elementor-toggle-title\" tabindex=\"0\">Material de Consumo ou Servi\u00e7o de Terceiros - AUXPE<\/a>\n\t\t\t\t\t<\/div>\n\n\t\t\t\t\t<div id=\"elementor-tab-content-2321\" class=\"elementor-tab-content elementor-clearfix\" data-tab=\"1\" role=\"region\" aria-labelledby=\"elementor-tab-title-2321\"><p><span style=\"font-weight: var( --e-global-typography-text-font-weight )\">Caracteriza-se por\u00a0MATERIAL DE CONSUMO, componentes e\/ou pe\u00e7as de reposi\u00e7\u00e3o de equipamentos, instala\u00e7\u00e3o, recupera\u00e7\u00e3o e manuten\u00e7\u00e3o de equipamentos, manuten\u00e7\u00e3o e funcionamento de laborat\u00f3rio de ensino e pesquisa, servi\u00e7os e taxas relacionados \u00e0 importa\u00e7\u00e3o;<\/span><\/p>\n<p>Para solicita\u00e7\u00e3o de aux\u00edlio para pagamento de material de consumo ou servi\u00e7o de terceiros, deve-se anexar os documentos abaixo em formato PDF e enviar para o e-mail ppgec@ufsm.br, com t\u00edtulo: Solicita\u00e7\u00e3o de Material ou Servi\u00e7o.<\/p>\n<p>&#8211; <strong><a href=\"https:\/\/www.ufsm.br\/app\/uploads\/sites\/550\/2024\/06\/2-Formulario-de-solicitacao-de-Recurso-AUXPE-1.doc\" target=\"_blank\" rel=\"noopener\">Formul\u00e1rio de solicita\u00e7\u00e3o de Recurso AUXPE<\/a>\u00a0<\/strong>(preenchido e assinado);<br \/>&#8211;\u00a0Tr\u00eas or\u00e7amentos.\u00a0<\/p>\n<p>Para a presta\u00e7\u00e3o de contas:<br \/>\u2013 Nota fiscal ou recibo do material ou servi\u00e7o;\u00a0<br \/>\u2013 Comprovante de pagamento.<\/p><\/div>\n\t\t\t\t<\/div>\n\t\t\t\t\t\t\t<div class=\"elementor-toggle-item\">\n\t\t\t\t\t<div id=\"elementor-tab-title-2322\" class=\"elementor-tab-title\" data-tab=\"2\" role=\"button\" aria-controls=\"elementor-tab-content-2322\" aria-expanded=\"false\">\n\t\t\t\t\t\t\t\t\t\t\t\t<span class=\"elementor-toggle-icon elementor-toggle-icon-left\" aria-hidden=\"true\">\n\t\t\t\t\t\t\t\t\t\t\t\t\t\t\t<span class=\"elementor-toggle-icon-closed\"><i class=\"fas fa-caret-right\"><\/i><\/span>\n\t\t\t\t\t\t\t\t<span class=\"elementor-toggle-icon-opened\"><i class=\"elementor-toggle-icon-opened fas fa-caret-up\"><\/i><\/span>\n\t\t\t\t\t\t\t\t\t\t\t\t\t<\/span>\n\t\t\t\t\t\t\t\t\t\t\t\t<a class=\"elementor-toggle-title\" tabindex=\"0\">Taxa de Publica\u00e7\u00e3o (peri\u00f3dicos, livros e cap\u00edtulos de livros) - AUXPE<\/a>\n\t\t\t\t\t<\/div>\n\n\t\t\t\t\t<div id=\"elementor-tab-content-2322\" class=\"elementor-tab-content elementor-clearfix\" data-tab=\"2\" role=\"region\" aria-labelledby=\"elementor-tab-title-2322\"><p>O aux\u00edlio para taxa de publica\u00e7\u00e3o busca estimular a participa\u00e7\u00e3o dos\u00a0<strong>docentes e discentes<\/strong>\u00a0em peri\u00f3dicos acad\u00eamicos\/cient\u00edficos com o custeio do valor da publica\u00e7\u00e3o.\u00a0Poder\u00e1 ser disponibilizado recurso para a publica\u00e7\u00e3o de artigos cient\u00edficos em peri\u00f3dicos com classifica\u00e7\u00e3o Qualis\/CAPES e cap\u00edtulos de livros.<br \/>O solicitante dever\u00e1, mediante a aprova\u00e7\u00e3o do seu\/sua orientadora (se aluno(a), solicitar a ajuda de custo para pagamento da taxa.\u00a0<strong>N\u00e3o h\u00e1\u00a0 a possibilidade de restitui\u00e7\u00e3o de valor de taxas j\u00e1 pagas.<\/strong><\/p>\n<p>Para solicita\u00e7\u00e3o, enviar os documentos abaixo em\u00a0formato PDF\u00a0e enviar para o e-mail\u00a0<span id=\"cloak9ae891a0e98844820d9a887ececd643d\">ppgec@ufsm.br<\/span>, com t\u00edtulo: Solicita\u00e7\u00e3o de Taxa de Publica\u00e7\u00e3o.<\/p>\n<p>\u2013\u00a0<a href=\"https:\/\/www.ufsm.br\/app\/uploads\/sites\/550\/2024\/06\/2-Formulario-de-solicitacao-de-Recurso-AUXPE-1.doc\" target=\"_blank\" rel=\"noopener\"><strong>Formul\u00e1rio de solicita\u00e7\u00e3o de Recurso AUXPE<\/strong><strong>\u00a0<\/strong><\/a>(preenchido e assinado);<br \/>\u2013 Proposta no valor da taxa de publica\u00e7\u00e3o;<br \/>\u2013 Documento com artigo\/cap\u00edtulo de livro com nome dos autores(as);<br \/>\u2013 Link da p\u00e1gina do peri\u00f3dico na internet;<br \/>\u2013 Comprova\u00e7\u00e3o do estrato Qualis\/CAPES;<br \/>\u2013\u00a0Convers\u00e3o feita no\u00a0<a href=\"https:\/\/www.bcb.gov.br\/conversao\" target=\"_blank\" rel=\"noopener\">s\u00edtio do Banco Central<\/a>, se for peri\u00f3dico internacional.<br \/>Obrigat\u00f3rio ter pelo menos um docente e um discente do programa.<\/p>\n<p>Para a presta\u00e7\u00e3o de contas:\u00a0<br \/>\u2013 Nota fiscal ou recibo do servi\u00e7o;<br \/>\u2013 Comprovante de pagamento.<\/p><\/div>\n\t\t\t\t<\/div>\n\t\t\t\t\t\t\t<div class=\"elementor-toggle-item\">\n\t\t\t\t\t<div id=\"elementor-tab-title-2323\" class=\"elementor-tab-title\" data-tab=\"3\" role=\"button\" aria-controls=\"elementor-tab-content-2323\" aria-expanded=\"false\">\n\t\t\t\t\t\t\t\t\t\t\t\t<span class=\"elementor-toggle-icon elementor-toggle-icon-left\" aria-hidden=\"true\">\n\t\t\t\t\t\t\t\t\t\t\t\t\t\t\t<span class=\"elementor-toggle-icon-closed\"><i class=\"fas fa-caret-right\"><\/i><\/span>\n\t\t\t\t\t\t\t\t<span class=\"elementor-toggle-icon-opened\"><i class=\"elementor-toggle-icon-opened fas fa-caret-up\"><\/i><\/span>\n\t\t\t\t\t\t\t\t\t\t\t\t\t<\/span>\n\t\t\t\t\t\t\t\t\t\t\t\t<a class=\"elementor-toggle-title\" tabindex=\"0\">Participa\u00e7\u00e3o em Eventos - Taxa de Inscri\u00e7\u00e3o \u2013 AUXPE<\/a>\n\t\t\t\t\t<\/div>\n\n\t\t\t\t\t<div id=\"elementor-tab-content-2323\" class=\"elementor-tab-content elementor-clearfix\" data-tab=\"3\" role=\"region\" aria-labelledby=\"elementor-tab-title-2323\"><p>O aux\u00edlio para taxa de inscri\u00e7\u00e3o busca estimular a participa\u00e7\u00e3o dos docentes e discentes em eventos acad\u00eamicos\/cient\u00edficos com o custeio do valor da inscri\u00e7\u00e3o. Aos alunos regulares do PPGEC, poder\u00e1 ser disponibilizado recurso para a participa\u00e7\u00e3o em eventos.<\/p>\n<p>Para cada trabalho a ser apresentado a ajuda de custo ser\u00e1 para\u00a0<strong>somente um dos autores<\/strong>\u00a0que ir\u00e1 apresentar. Poder\u00e1 ser disponibilizada a taxa de inscri\u00e7\u00e3o tamb\u00e9m a alunos(as) que ir\u00e3o participar do evento sem a apresenta\u00e7\u00e3o de trabalho, quando houver recurso dispon\u00edvel e mediante autoriza\u00e7\u00e3o do(a) orientador(a).\u00a0<\/p>\n<p>Para solicita\u00e7\u00e3o o aux\u00edlio, dever\u00e1 enviar os documentos abaixo em formato PDF para o e-mail ppgec@ufsm.br, com t\u00edtulo: Solicita\u00e7\u00e3o de Taxa de Inscri\u00e7\u00e3o<\/p>\n<p>\u2013\u00a0<a href=\"https:\/\/www.ufsm.br\/app\/uploads\/sites\/550\/2024\/06\/2-Formulario-de-solicitacao-de-Recurso-AUXPE-1.doc\" target=\"_blank\" rel=\"noopener\"><strong>Formul\u00e1rio de solicita\u00e7\u00e3o de Recurso AUXPE<\/strong><\/a>\u00a0(preenchida e assinada);<br \/>\u2013 Carta de aceite do trabalho em nome do solicitante;<br \/>\u2013 Or\u00e7amento com valor da taxa de inscri\u00e7\u00e3o;<br \/>\u2013 Trabalho a ser apresentado;<br \/>\u2013 Folder do Evento e link da p\u00e1gina do evento na internet;\u00a0<br \/>\u2013 Cronograma do evento;<br \/>\u2013 Convers\u00e3o feita no\u00a0<a href=\"https:\/\/www.bcb.gov.br\/conversao\" target=\"_blank\" rel=\"noopener\">s\u00edtio do Banco Central<\/a>, se for evento internacional.<\/p>\n<p>Para a presta\u00e7\u00e3o de contas:<br \/>\u2013 Certificado de apresenta\u00e7\u00e3o ou participa\u00e7\u00e3o no evento;\u00a0<br \/>\u2013 Nota fiscal ou recibo de pagamento;<br \/>\u2013 Comprovante de pagamento banc\u00e1rio.<\/p><\/div>\n\t\t\t\t<\/div>\n\t\t\t\t\t\t\t<div class=\"elementor-toggle-item\">\n\t\t\t\t\t<div id=\"elementor-tab-title-2324\" class=\"elementor-tab-title\" data-tab=\"4\" role=\"button\" aria-controls=\"elementor-tab-content-2324\" aria-expanded=\"false\">\n\t\t\t\t\t\t\t\t\t\t\t\t<span class=\"elementor-toggle-icon elementor-toggle-icon-left\" aria-hidden=\"true\">\n\t\t\t\t\t\t\t\t\t\t\t\t\t\t\t<span class=\"elementor-toggle-icon-closed\"><i class=\"fas fa-caret-right\"><\/i><\/span>\n\t\t\t\t\t\t\t\t<span class=\"elementor-toggle-icon-opened\"><i class=\"elementor-toggle-icon-opened fas fa-caret-up\"><\/i><\/span>\n\t\t\t\t\t\t\t\t\t\t\t\t\t<\/span>\n\t\t\t\t\t\t\t\t\t\t\t\t<a class=\"elementor-toggle-title\" tabindex=\"0\">Participa\u00e7\u00e3o em Eventos - Di\u00e1rias e ou Passagens \u2013 AUXPE<\/a>\n\t\t\t\t\t<\/div>\n\n\t\t\t\t\t<div id=\"elementor-tab-content-2324\" class=\"elementor-tab-content elementor-clearfix\" data-tab=\"4\" role=\"region\" aria-labelledby=\"elementor-tab-title-2324\"><p>A ajuda de custo para viagens, que compreende di\u00e1rias e ou passagens a\u00e9rea e terrestres, fluviais e mar\u00edtimas, busca estimular a participa\u00e7\u00e3o dos docentes e discentes em eventos acad\u00eamicos\/cient\u00edficos,\u00a0miss\u00f5es de estudo ou pesquisa em campo; e\u00a0participa\u00e7\u00e3o em bancas de disserta\u00e7\u00f5es e teses.\u00a0<\/p>\n<p>Para cada trabalho a ser apresentado a ajuda de custo ser\u00e1 para\u00a0<strong>somente um dos autores<\/strong>\u00a0que ir\u00e1 apresentar. Poder\u00e1 ser disponibilizada ajuda de custo tamb\u00e9m a alunos(as) que ir\u00e3o participar do evento sem a apresenta\u00e7\u00e3o de trabalho, quando houver recurso dispon\u00edvel e mediante autoriza\u00e7\u00e3o do(a) orientador(a).\u00a0<\/p>\n<p>Para solicita\u00e7\u00e3o de aux\u00edlio para participa\u00e7\u00e3o em evento\/congresso, enviar os documentos abaixo em formato PDF para o e-mail ppgec@ufsm.br, com t\u00edtulo: Solicita\u00e7\u00e3o \u2013 Di\u00e1rias ou Passagens.<\/p>\n<p><strong>\u2013\u00a0<\/strong><a href=\"https:\/\/www.ufsm.br\/app\/uploads\/sites\/550\/2024\/06\/2-Formulario-de-solicitacao-de-Recurso-AUXPE-1.doc\" target=\"_blank\" rel=\"noopener\"><strong>Formul\u00e1rio de solicita\u00e7\u00e3o de Recurso AUXPE<\/strong><\/a>\u00a0(preenchida e assinada);<br \/>\u2013 Carta de aceite do trabalho em nome do solicitante;<br \/>\u2013 Trabalho a ser apresentado;<br \/>\u2013 Folder do Evento e link da p\u00e1gina do evento na internet;\u00a0<br \/>\u2013 Cronograma do evento;<br \/>\u2013 Convers\u00e3o feita no\u00a0<a href=\"https:\/\/www.bcb.gov.br\/conversao\" target=\"_blank\" rel=\"noopener\">s\u00edtio do Banco Central<\/a>, se for evento internacional;<br \/>\u2013 Quando miss\u00f5es de estudos ou pesquisa de campo: projeto de pesquisa que conste atividade e parecer do orientador(a);<br \/>\u2013 Outras situa\u00e7\u00f5es consultar a secretaria do programa.<\/p>\n<p>Para a presta\u00e7\u00e3o de contas:<br \/>\u2013 Relat\u00f3rio de viagens \u2013\u00a0<a href=\"https:\/\/www.ufsm.br\/cursos\/pos-graduacao\/santa-maria\/ppgec\/diarias-e-passagens\" target=\"_blank\" rel=\"noopener\">aqui modelos;<\/a><br \/>\u2013 Notas de despesas, pelo menos uma nota por dia e no local informado;<br \/>\u2013 Nota de hospedagem que conste nome do benefici\u00e1rio;<br \/>\u2013\u00a0Quando passagens a\u00e9reas: cart\u00f5es de embarque;<br \/>\u2013 Quando viagens terrestres, fluviais e mar\u00edtimas:\u00a0 bilhetes da viagem;<br \/>\u2013 Quando eventos: Certificado de apresenta\u00e7\u00e3o ou participa\u00e7\u00e3o.<br \/>\u2013<strong>\u00a0<a href=\"https:\/\/www.gov.br\/capes\/pt-br\/centrais-de-conteudo\/auxpe-jun13-recibomodelo-b-pdf\">Modelo\u00a0Recibo A<\/a>:<\/strong>\u00a0Quando o benefici\u00e1rio for terceiro.<br \/><strong>\u2013\u00a0<a href=\"https:\/\/www.gov.br\/capes\/pt-br\/centrais-de-conteudo\/auxpe-jun13-recibomodelo-b-pdf\">Modelo Recibo B:<\/a><\/strong>\u00a0Quando o benefici\u00e1rio for o respons\u00e1vel do projeto (coordenador).<\/p><\/div>\n\t\t\t\t<\/div>\n\t\t\t\t\t\t\t\t<\/div>\n\t\t\t\t<\/div>\n\t\t\t\t<\/div>\n\t\t\t\t\t<\/div>\n\t\t<\/div>\n\t\t\t\t\t<\/div>\n\t\t<\/section>\n\t\t\t\t<\/div>\n\t\t","protected":false},"excerpt":{"rendered":"<p>Material de Consumo ou Servi\u00e7o de Terceiros &#8211; AUXPE Caracteriza-se por\u00a0MATERIAL DE CONSUMO, componentes e\/ou pe\u00e7as de reposi\u00e7\u00e3o de equipamentos, instala\u00e7\u00e3o, recupera\u00e7\u00e3o e manuten\u00e7\u00e3o de equipamentos, manuten\u00e7\u00e3o e funcionamento de laborat\u00f3rio de ensino e pesquisa, servi\u00e7os e taxas relacionados \u00e0 importa\u00e7\u00e3o; Para solicita\u00e7\u00e3o de aux\u00edlio para pagamento de material de consumo ou servi\u00e7o de terceiros, [&hellip;]<\/p>\n","protected":false},"author":883,"featured_media":0,"parent":0,"menu_order":0,"comment_status":"closed","ping_status":"closed","template":"","meta":{"footnotes":""},"categories":[],"tags":[],"class_list":["post-2188","page","type-page","status-publish","hentry"],"acf":[],"_links":{"self":[{"href":"https:\/\/www.ufsm.br\/cursos\/pos-graduacao\/santa-maria\/ppgec\/wp-json\/wp\/v2\/pages\/2188","targetHints":{"allow":["GET"]}}],"collection":[{"href":"https:\/\/www.ufsm.br\/cursos\/pos-graduacao\/santa-maria\/ppgec\/wp-json\/wp\/v2\/pages"}],"about":[{"href":"https:\/\/www.ufsm.br\/cursos\/pos-graduacao\/santa-maria\/ppgec\/wp-json\/wp\/v2\/types\/page"}],"author":[{"embeddable":true,"href":"https:\/\/www.ufsm.br\/cursos\/pos-graduacao\/santa-maria\/ppgec\/wp-json\/wp\/v2\/users\/883"}],"replies":[{"embeddable":true,"href":"https:\/\/www.ufsm.br\/cursos\/pos-graduacao\/santa-maria\/ppgec\/wp-json\/wp\/v2\/comments?post=2188"}],"version-history":[{"count":0,"href":"https:\/\/www.ufsm.br\/cursos\/pos-graduacao\/santa-maria\/ppgec\/wp-json\/wp\/v2\/pages\/2188\/revisions"}],"wp:attachment":[{"href":"https:\/\/www.ufsm.br\/cursos\/pos-graduacao\/santa-maria\/ppgec\/wp-json\/wp\/v2\/media?parent=2188"}],"wp:term":[{"taxonomy":"category","embeddable":true,"href":"https:\/\/www.ufsm.br\/cursos\/pos-graduacao\/santa-maria\/ppgec\/wp-json\/wp\/v2\/categories?post=2188"},{"taxonomy":"post_tag","embeddable":true,"href":"https:\/\/www.ufsm.br\/cursos\/pos-graduacao\/santa-maria\/ppgec\/wp-json\/wp\/v2\/tags?post=2188"}],"curies":[{"name":"wp","href":"https:\/\/api.w.org\/{rel}","templated":true}]}}