{"id":2688,"date":"2024-10-23T10:32:30","date_gmt":"2024-10-23T13:32:30","guid":{"rendered":"https:\/\/www.ufsm.br\/cursos\/pos-graduacao\/santa-maria\/ppgec\/?page_id=2688"},"modified":"2024-10-23T10:46:47","modified_gmt":"2024-10-23T13:46:47","slug":"diarias-internacionais-para-discentes","status":"publish","type":"page","link":"https:\/\/www.ufsm.br\/cursos\/pos-graduacao\/santa-maria\/ppgec\/diarias-internacionais-para-discentes","title":{"rendered":"Di\u00e1rias Internacionais para Discentes"},"content":{"rendered":"\n<p>Poder\u00e1 ser concedido di\u00e1rias e passagens a\/\u00e0 alunos(as) e docentes do Programa para a realiza\u00e7\u00e3o de viagens para atividades de trabalho em campo, participa\u00e7\u00e3o em eventos, participa\u00e7\u00e3o de examinadores externos em bancas de defesas e outras situa\u00e7\u00f5es que estejam de acordo com a<a href=\"http:\/\/cad.capes.gov.br\/ato-administrativo-detalhar?idAtoAdmElastic=438#anchor\" target=\"_blank\" rel=\"noopener\">\u00a0<strong>PORTARIA\u00a0N\u00ba 156\/2014 \u2013 PROAP\/CAPES<\/strong><\/a>\u00a0e\u00a0<strong><a href=\"https:\/\/www.in.gov.br\/en\/web\/dou\/-\/portaria-n-2.227-de-31-de-dezembro-de-2019-236265796\" target=\"_blank\" rel=\"noopener\">PORTARIA 2.227\/2019-MEC.<\/a><\/strong><\/p>\n<p>As di\u00e1rias compreendem despesas de alimenta\u00e7\u00e3o, locomo\u00e7\u00e3o e hospedagem, e n\u00e3o devem ultrapassar a quantidade de dias da viagem para qualquer tipo de proposto e ser\u00e3o de acordo com o autorizado pela coordena\u00e7\u00e3o do programa.<\/p>\n<p><strong>O formul\u00e1rio com a solicita\u00e7\u00e3o deve ser enviado para lan\u00e7amento com pelo menos 20 dias antes do in\u00edcio da viagem. <\/strong>N\u00e3o h\u00e1\u00a0 a possibilidade de qualquer restitui\u00e7\u00e3o de valor de atividades j\u00e1 ocorridas.<\/p>\n<p><strong><span style=\"color: #ff6600\">PARA SOLICITAR:<\/span><br \/><\/strong>A solicita\u00e7\u00e3o e envio da documenta\u00e7\u00e3o, assim como os documentos para a presta\u00e7\u00e3o de contas devem ser enviadas (arquivos separados e PDF leg\u00edvel), ao e-mail do programa e s\u00e3o:<br \/>&#8211; <a href=\"https:\/\/www.ufsm.br\/app\/uploads\/sites\/345\/2024\/09\/Requerimento-de-Pagamento-de-Diarias-Internacionais-Alunos.doc\" target=\"_blank\" rel=\"noopener\"><strong>Requerimento de pagamento de di\u00e1rias internacionais para discente.<\/strong><\/a><br \/>\u00a0&#8211; Formul\u00e1rio de <a href=\"https:\/\/www.ufsm.br\/app\/uploads\/sites\/550\/2023\/07\/Solicitacao-de-Diarias-e-Passagens_Formulario_Sub3-PPG-CT-1.docx\" target=\"_blank\" rel=\"noopener\"><strong>Solicita\u00e7\u00e3o\u00a0<\/strong><strong>de Di\u00e1rias e Passagens<\/strong><\/a>\u00a0(preenchido e assinado);\u00a0<br \/>&#8211; <a href=\"https:\/\/www.ufsm.br\/app\/uploads\/sites\/550\/2024\/09\/Autorizacao-Desconto-em-Folha-PROAP.doc\" target=\"_blank\" rel=\"noopener\"><strong>Autoriza\u00e7\u00e3o de Desconto em Folha \u2013 PROAP\/CAPES\u00a0<\/strong><\/a>ou\u00a0<a href=\"https:\/\/www.ufsm.br\/app\/uploads\/sites\/550\/2024\/09\/Autorizacao-Desconto-em-Folha-Edital-50.doc\" target=\"_blank\" rel=\"noopener\"><strong>Autoriza\u00e7\u00e3o de Desconto em Folha \u2013 Edital 50<\/strong><\/a>;<br \/>&#8211;\u00a0Folder do evento;<br \/>&#8211; Aceite do trabalho;<br \/>&#8211; Convers\u00e3o feita no s\u00edtio do <a href=\"https:\/\/www.bcb.gov.br\/conversao\" target=\"_blank\" rel=\"noopener\">Banco Central<\/a>.<\/p>\n<p>A <strong>presta\u00e7\u00e3o de contas<\/strong> da viagem dever\u00e1 ocorrer em at\u00e9 (15) quinze contados da conclus\u00e3o da miss\u00e3o, em que o requerente (proposto) dever\u00e1 enviar para o e-mail do curso os seguintes documentos:<br \/>\u2013 Relat\u00f3rio de viagem assinado, quando discente, pelo(a) orientador(a);<br \/>\u2013 Notas fiscais de alimenta\u00e7\u00e3o ou hospedagem (no local e per\u00edodo informado), pelo menos uma ao dia;<br \/>\u2013 Certificado de apresenta\u00e7\u00e3o\/participa\u00e7\u00e3o de trabalho em eventos, congressos, semin\u00e1rios, etc;<br \/><span style=\"color: initial\">&#8211; Documentos que comprovem o meio de transporte;<br \/><\/span><span style=\"color: initial;font-size: revert\">\u2013 Cart\u00e3o de embarque (apenas quando houver pagamento de passagens a\u00e9reas pela UFSM);<br \/><\/span>\u2013 Documentos relacionados com o objetivo das viagens realizadas a servi\u00e7o, como atas de reuni\u00e3o, certificados e outros;<br \/>\u2013 Havendo a necessidade, outros documentos poder\u00e3o ser solicitados para comprovar a atividade.<\/p>\n<p><span style=\"background-color: #00ffff\">Aten\u00e7\u00e3o:<\/span><br \/>\u2013 Alguma documenta\u00e7\u00e3o em desacordo ou incompleta, ser\u00e1 devolvida para corre\u00e7\u00e3o ou complementa\u00e7\u00e3o.<br \/>\u2013 Havendo a necessidade, qualquer outro documento poder\u00e1 ser solicitado.<br \/>\u2013\u00a0A secretaria do programa dar\u00e1 o andamento, ap\u00f3s comunicar\u00e1 ao solicitante o valor liberado e as instru\u00e7\u00f5es para a presta\u00e7\u00e3o de contas.\u00a0<br \/>\u2013 Para passagens a\u00e9reas o requerente receber\u00e1 o voucher pelo e-mail informado na solicita\u00e7\u00e3o.<\/p>\n<div><strong>Aqui links para:<\/strong><\/div>\n<div><a href=\"https:\/\/www.ufsm.br\/pro-reitorias\/prpgp\/valores-de-indenizacoes-de-diarias\" target=\"_blank\" rel=\"noopener\">Valor de Indeniza\u00e7\u00f5es de Di\u00e1rias no Pa\u00eds e Exterior<\/a><\/div>\n<div><a href=\"https:\/\/www.ufsm.br\/app\/uploads\/sites\/345\/2021\/04\/Formulario_-_Relatorio_de_viagem-1.doc\" target=\"_blank\" rel=\"noopener\">FORMUL\u00c1RIO PARA RELAT\u00d3RIO DE VIAGEM<\/a><br \/><a href=\"https:\/\/www.ufsm.br\/app\/uploads\/sites\/345\/2023\/02\/formulario-prprp-diaria-intern-PEN-oficial-2023.doc\" target=\"_blank\" rel=\"noopener\">Formul\u00e1rio de di\u00e1rias internacionais para alunos<\/a><a href=\"https:\/\/www.ufsm.br\/app\/uploads\/sites\/345\/2023\/02\/formulario-prprp-diaria-intern-PEN-oficial-2023.doc\" target=\"_blank\" rel=\"noopener\">\u00a0(doc)<\/a><\/div>\n<div><a href=\"https:\/\/www.ufsm.br\/app\/uploads\/sites\/345\/2024\/09\/MODELO-PREENCHIDO-RELATORIO-CIRCUNSTANCIADO-DE-VIAGEM.pdf\" target=\"_blank\" rel=\"noopener\"><span class=\"elementor-icon-list-text\">MODELO DE RELAT\u00d3RIO DE VIAGEM \u2013 PREENCHIDO<\/span><\/a><br \/><a style=\"font-size: revert\" href=\"https:\/\/www.ufsm.br\/app\/uploads\/sites\/345\/2024\/09\/MODELO-PREENCHIDO-RELATORIO-CIRCUNSTANCIADO-DE-VIAGEM-DE-CAMPO.pdf\" target=\"_blank\" rel=\"noopener\">MODELO DE RELAT\u00d3RIO DE VIAGEM DE CAMPO \u2013 PREENCHIDO<\/a><\/div>\n<div>\n<p>O\u00a0<a href=\"https:\/\/www.ufsm.br\/pro-reitorias\/prpgp\/nafin\" target=\"_blank\" rel=\"noopener\">N\u00facleo de Apoio Administrativo-Financeiro da PRPGP (NAAO)<\/a>\u00a0ser\u00e1 respons\u00e1vel por supervisionar as solicita\u00e7\u00f5es.<\/p>\n<p><span style=\"color: #ff0000\"><strong>A n\u00e3o presta\u00e7\u00e3o de contas pelo requisitante ir\u00e1 impossibilitar novas solicita\u00e7\u00f5es.<\/strong><\/span><\/p>\n<\/div>\n","protected":false},"excerpt":{"rendered":"<p>Poder\u00e1 ser concedido di\u00e1rias e passagens a\/\u00e0 alunos(as) e docentes do Programa para a realiza\u00e7\u00e3o de viagens para atividades de trabalho em campo, participa\u00e7\u00e3o em eventos, participa\u00e7\u00e3o de examinadores externos em bancas de defesas e outras situa\u00e7\u00f5es que estejam de acordo com a\u00a0PORTARIA\u00a0N\u00ba 156\/2014 \u2013 PROAP\/CAPES\u00a0e\u00a0PORTARIA 2.227\/2019-MEC. As di\u00e1rias compreendem despesas de alimenta\u00e7\u00e3o, locomo\u00e7\u00e3o e [&hellip;]<\/p>\n","protected":false},"author":883,"featured_media":0,"parent":0,"menu_order":0,"comment_status":"closed","ping_status":"closed","template":"","meta":{"footnotes":""},"categories":[],"tags":[],"class_list":["post-2688","page","type-page","status-publish","hentry"],"acf":[],"_links":{"self":[{"href":"https:\/\/www.ufsm.br\/cursos\/pos-graduacao\/santa-maria\/ppgec\/wp-json\/wp\/v2\/pages\/2688","targetHints":{"allow":["GET"]}}],"collection":[{"href":"https:\/\/www.ufsm.br\/cursos\/pos-graduacao\/santa-maria\/ppgec\/wp-json\/wp\/v2\/pages"}],"about":[{"href":"https:\/\/www.ufsm.br\/cursos\/pos-graduacao\/santa-maria\/ppgec\/wp-json\/wp\/v2\/types\/page"}],"author":[{"embeddable":true,"href":"https:\/\/www.ufsm.br\/cursos\/pos-graduacao\/santa-maria\/ppgec\/wp-json\/wp\/v2\/users\/883"}],"replies":[{"embeddable":true,"href":"https:\/\/www.ufsm.br\/cursos\/pos-graduacao\/santa-maria\/ppgec\/wp-json\/wp\/v2\/comments?post=2688"}],"version-history":[{"count":0,"href":"https:\/\/www.ufsm.br\/cursos\/pos-graduacao\/santa-maria\/ppgec\/wp-json\/wp\/v2\/pages\/2688\/revisions"}],"wp:attachment":[{"href":"https:\/\/www.ufsm.br\/cursos\/pos-graduacao\/santa-maria\/ppgec\/wp-json\/wp\/v2\/media?parent=2688"}],"wp:term":[{"taxonomy":"category","embeddable":true,"href":"https:\/\/www.ufsm.br\/cursos\/pos-graduacao\/santa-maria\/ppgec\/wp-json\/wp\/v2\/categories?post=2688"},{"taxonomy":"post_tag","embeddable":true,"href":"https:\/\/www.ufsm.br\/cursos\/pos-graduacao\/santa-maria\/ppgec\/wp-json\/wp\/v2\/tags?post=2688"}],"curies":[{"name":"wp","href":"https:\/\/api.w.org\/{rel}","templated":true}]}}