{"id":276,"date":"2019-03-27T15:22:44","date_gmt":"2019-03-27T18:22:44","guid":{"rendered":"https:\/\/www.ufsm.br\/cursos\/pos-graduacao\/santa-maria\/ppgec\/?page_id=276"},"modified":"2020-07-16T16:20:40","modified_gmt":"2020-07-16T19:20:40","slug":"grupos-de-pesquisa","status":"publish","type":"page","link":"https:\/\/www.ufsm.br\/cursos\/pos-graduacao\/santa-maria\/ppgec\/grupos-de-pesquisa","title":{"rendered":"Grupos de Pesquisa"},"content":{"rendered":"\n<h4>\u00a0<\/h4>\n<h5><strong>\u00c1rea de Constru\u00e7\u00e3o Civil e Preserva\u00e7\u00e3o Ambiental<\/strong><\/h5>\n<p>\u00a0<\/p>\n<p><strong>Linha \u2013 Conforto Ambiental\u00a0<\/strong><\/p>\n<p><a href=\"https:\/\/www.ufsm.br\/cursos\/pos-graduacao\/santa-maria\/ppgec\/grupo-de-pesquisa-acustica\/\"><strong>Grupo de Pesquisa Ac\u00fastica<\/strong><\/a><\/p>\n<p>L\u00edder do Grupo: Dinara Xavier da Paix\u00e3o<\/p>\n<p>\u00a0<\/p>\n<p><strong>Linha \u2013 Estruturas e Sistemas Construtivos<\/strong><\/p>\n<p><a href=\"https:\/\/www.ufsm.br\/cursos\/pos-graduacao\/santa-maria\/ppgec\/gepecon-grupo-de-estudos-e-pesquisas-em-estruturas-de-concreto\/\"><strong>GEPECON &#8211; Grupo de Estudos e Pesquisas em Estruturas de Concreto<\/strong><\/a><\/p>\n<p>L\u00edder do Grupo: Andr\u00e9 L\u00fcbeck<\/p>\n<p>\u00a0<\/p>\n<p><strong>Linha \u2013 Materiais de Constru\u00e7\u00e3o<\/strong><\/p>\n<p><a href=\"https:\/\/www.ufsm.br\/cursos\/pos-graduacao\/santa-maria\/ppgec\/gpedessc-grupo-de-pesquisa-em-desempenho-do-sistema-construtivo\/\"><strong>GPeDesSC &#8211; Grupo de Pesquisa em Desempenho do Sistema Construtivo<\/strong><\/a><\/p>\n<p>L\u00edder do Grupo: Gihad Mohamad<\/p>\n<p>\u00a0<\/p>\n<p><a href=\"https:\/\/www.ufsm.br\/cursos\/pos-graduacao\/santa-maria\/ppgec\/nest-nucleo-de-estudos-em-experimentacao-e-analise-numerica-de-estruturas\/\"><strong>NEst &#8211; N\u00facleo de Estudos em Experimenta\u00e7\u00e3o e An\u00e1lise Num\u00e9rica de Estruturas<\/strong><\/a><\/p>\n<p>L\u00edderes do Grupo: Jos\u00e9 Mario Doleys Soares e Jo\u00e3o Kaminski Junior<\/p>\n<p>\u00a0<\/p>\n<p><strong>Linha \u2013 Geotecnia e Pavimenta\u00e7\u00e3o<\/strong><\/p>\n<p><a href=\"https:\/\/www.ufsm.br\/cursos\/pos-graduacao\/santa-maria\/ppgec\/geoma-grupo-de-pesquisa-geotecnia-e-meio-ambiente\/\"><strong>GEOMA &#8211; Grupo de Pesquisa Geotecnia e Meio Ambiente<\/strong>\u00a0<\/a><\/p>\n<p>L\u00edderes do Grupo: Rinaldo J. B. Pinheiro e Andrea Valli Nummer<\/p>\n<p>\u00a0<\/p>\n<p><a href=\"https:\/\/www.ufsm.br\/cursos\/pos-graduacao\/santa-maria\/ppgec\/geppasv-grupo-de-estudos-e-pesquisas-em-pavimentacao-e-seguranca-viaria\/\"><strong>GEPPASV &#8211; Grupo de Estudos e Pesquisas em Pavimenta\u00e7\u00e3o e Seguran\u00e7a Vi\u00e1ria<\/strong><\/a><\/p>\n<p>L\u00edderes do Grupo:\u00a0Luciano Pivoto Specht e Tatiana Cureau Cervo<\/p>\n<p>\u00a0<\/p>\n<p>\u00a0<\/p>\n<h5><strong>\u00c1rea de Recursos H\u00eddricos e Saneamento Ambiental\u00a0<\/strong><\/h5>\n<p>\u00a0<\/p>\n<p><strong>Linha \u2013 Gest\u00e3o ambiental e Recursos h\u00eddricos<\/strong>:<\/p>\n<p><a href=\"https:\/\/www.ufsm.br\/cursos\/pos-graduacao\/santa-maria\/ppgec\/gerhi-gestao-de-recursos-hidricos\/\"><strong>GERHI &#8211; Gest\u00e3o de Recursos H\u00eddricos<\/strong><\/a><\/p>\n<p>L\u00edderes do Grupo: Jussara Cabral Cruz e Geraldo Lopes da Silveira<\/p>\n<p>\u00a0<\/p>\n<p><strong><a href=\"https:\/\/www.ufsm.br\/cursos\/pos-graduacao\/santa-maria\/ppgec\/labhidrogeo-laboratorio-de-hidrogeologia\/\">LABHIDROGEO &#8211; Laborat\u00f3rio de Hidrogeologia<\/a><\/strong><\/p>\n<p>L\u00edder do Grupo: Jos\u00e9 Luis Silv\u00e9rio da Silva<\/p>\n<p>\u00a0<\/p>\n<p><a href=\"https:\/\/www.ufsm.br\/cursos\/pos-graduacao\/santa-maria\/ppgec\/gepetecs-grupo-de-estudo-e-pesquisa-em-tecnologias-sustentaveis\/\"><strong>GEPETECS &#8211; Grupo de Estudo e Pesquisa em Tecnologias Sustent\u00e1veis<\/strong><\/a><\/p>\n<p>L\u00edderes do grupo: Marcos Alberto Oss Vaghetti e Elvis Carissimi<\/p>\n<p>\u00a0<\/p>\n<p><strong>Linha \u2013 Monitoramento e Modelagem dos Recursos H\u00eddricos:<\/strong><\/p>\n<p><a href=\"https:\/\/www.ufsm.br\/cursos\/pos-graduacao\/santa-maria\/ppgec\/grupo-de-pesquisa-em-modelagem-hidroambiental-e-ecotecnologias\/\"><strong>Grupo de Pesquisa em Modelagem Hidroambiental e Ecotecnologias<\/strong><\/a><\/p>\n<p>L\u00edderes do Grupo: Rutineia Tassi e Daniel Allasia Piccilli<\/p>\n<p>\u00a0<\/p>\n<p><strong>Linha \u2013 Saneamento B\u00e1sico e Ambiental:<\/strong><\/p>\n<p><a href=\"https:\/\/www.ufsm.br\/cursos\/pos-graduacao\/santa-maria\/ppgec\/ghidros-recursos-hidricos-e-saneamento-ambiental\/\"><strong>GHIDROS &#8211;\u00a0<\/strong><strong>Recursos H\u00eddricos e Saneamento Ambiental\u00a0<\/strong><\/a><\/p>\n<p>L\u00edder do grupo: Jo\u00e3o Batista Dias de Paiva<\/p>\n<p>\u00a0<\/p>\n<p>\u00a0<\/p>\n<p>\u00a0<\/p>\n<p>\u00a0<\/p>\n","protected":false},"excerpt":{"rendered":"<p>\u00a0 \u00c1rea de Constru\u00e7\u00e3o Civil e Preserva\u00e7\u00e3o Ambiental \u00a0 Linha \u2013 Conforto Ambiental\u00a0 Grupo de Pesquisa Ac\u00fastica L\u00edder do Grupo: Dinara Xavier da Paix\u00e3o \u00a0 Linha \u2013 Estruturas e Sistemas Construtivos GEPECON &#8211; Grupo de Estudos e Pesquisas em Estruturas de Concreto L\u00edder do Grupo: Andr\u00e9 L\u00fcbeck \u00a0 Linha \u2013 Materiais de Constru\u00e7\u00e3o GPeDesSC &#8211; [&hellip;]<\/p>\n","protected":false},"author":723,"featured_media":0,"parent":0,"menu_order":0,"comment_status":"closed","ping_status":"closed","template":"","meta":{"footnotes":""},"categories":[],"tags":[],"class_list":["post-276","page","type-page","status-publish","hentry"],"acf":[],"_links":{"self":[{"href":"https:\/\/www.ufsm.br\/cursos\/pos-graduacao\/santa-maria\/ppgec\/wp-json\/wp\/v2\/pages\/276","targetHints":{"allow":["GET"]}}],"collection":[{"href":"https:\/\/www.ufsm.br\/cursos\/pos-graduacao\/santa-maria\/ppgec\/wp-json\/wp\/v2\/pages"}],"about":[{"href":"https:\/\/www.ufsm.br\/cursos\/pos-graduacao\/santa-maria\/ppgec\/wp-json\/wp\/v2\/types\/page"}],"author":[{"embeddable":true,"href":"https:\/\/www.ufsm.br\/cursos\/pos-graduacao\/santa-maria\/ppgec\/wp-json\/wp\/v2\/users\/723"}],"replies":[{"embeddable":true,"href":"https:\/\/www.ufsm.br\/cursos\/pos-graduacao\/santa-maria\/ppgec\/wp-json\/wp\/v2\/comments?post=276"}],"version-history":[{"count":0,"href":"https:\/\/www.ufsm.br\/cursos\/pos-graduacao\/santa-maria\/ppgec\/wp-json\/wp\/v2\/pages\/276\/revisions"}],"wp:attachment":[{"href":"https:\/\/www.ufsm.br\/cursos\/pos-graduacao\/santa-maria\/ppgec\/wp-json\/wp\/v2\/media?parent=276"}],"wp:term":[{"taxonomy":"category","embeddable":true,"href":"https:\/\/www.ufsm.br\/cursos\/pos-graduacao\/santa-maria\/ppgec\/wp-json\/wp\/v2\/categories?post=276"},{"taxonomy":"post_tag","embeddable":true,"href":"https:\/\/www.ufsm.br\/cursos\/pos-graduacao\/santa-maria\/ppgec\/wp-json\/wp\/v2\/tags?post=276"}],"curies":[{"name":"wp","href":"https:\/\/api.w.org\/{rel}","templated":true}]}}