{"id":277,"date":"2019-03-27T14:55:36","date_gmt":"2019-03-27T17:55:36","guid":{"rendered":"https:\/\/www.ufsm.br\/cursos\/pos-graduacao\/santa-maria\/ppgec\/?page_id=277"},"modified":"2019-03-27T15:01:39","modified_gmt":"2019-03-27T18:01:39","slug":"gerhi-gestao-de-recursos-hidricos","status":"publish","type":"page","link":"https:\/\/www.ufsm.br\/cursos\/pos-graduacao\/santa-maria\/ppgec\/gerhi-gestao-de-recursos-hidricos","title":{"rendered":"GERHI &#8211; Gest\u00e3o de Recursos H\u00eddricos"},"content":{"rendered":"\n<p><strong>Linha de pesquisa \u2013 Gest\u00e3o Ambiental e Recursos H\u00eddricos<\/strong><\/p>\n<p><strong>L\u00edderes do Grupo: Jussara Cabral Cruz e Geraldo Lopes da Silveira<\/strong><\/p>\n<p>\u00a0<\/p>\n<p>O objetivo deste grupo de pesquisa \u00e9 o estudo de processos, m\u00e9todos e pol\u00edticas atrav\u00e9s de a\u00e7\u00e3o multidisciplinar, buscando sustentar o uso qualitativo e quantitativo da \u00e1gua em harmonia com a preserva\u00e7\u00e3o do meio ambiente.<\/p>\n","protected":false},"excerpt":{"rendered":"<p>Linha de pesquisa \u2013 Gest\u00e3o Ambiental e Recursos H\u00eddricos L\u00edderes do Grupo: Jussara Cabral Cruz e Geraldo Lopes da Silveira \u00a0 O objetivo deste grupo de pesquisa \u00e9 o estudo de processos, m\u00e9todos e pol\u00edticas atrav\u00e9s de a\u00e7\u00e3o multidisciplinar, buscando sustentar o uso qualitativo e quantitativo da \u00e1gua em harmonia com a preserva\u00e7\u00e3o do meio [&hellip;]<\/p>\n","protected":false},"author":723,"featured_media":0,"parent":0,"menu_order":0,"comment_status":"closed","ping_status":"closed","template":"","meta":{"footnotes":""},"categories":[],"tags":[],"class_list":["post-277","page","type-page","status-publish","hentry"],"acf":[],"_links":{"self":[{"href":"https:\/\/www.ufsm.br\/cursos\/pos-graduacao\/santa-maria\/ppgec\/wp-json\/wp\/v2\/pages\/277","targetHints":{"allow":["GET"]}}],"collection":[{"href":"https:\/\/www.ufsm.br\/cursos\/pos-graduacao\/santa-maria\/ppgec\/wp-json\/wp\/v2\/pages"}],"about":[{"href":"https:\/\/www.ufsm.br\/cursos\/pos-graduacao\/santa-maria\/ppgec\/wp-json\/wp\/v2\/types\/page"}],"author":[{"embeddable":true,"href":"https:\/\/www.ufsm.br\/cursos\/pos-graduacao\/santa-maria\/ppgec\/wp-json\/wp\/v2\/users\/723"}],"replies":[{"embeddable":true,"href":"https:\/\/www.ufsm.br\/cursos\/pos-graduacao\/santa-maria\/ppgec\/wp-json\/wp\/v2\/comments?post=277"}],"version-history":[{"count":0,"href":"https:\/\/www.ufsm.br\/cursos\/pos-graduacao\/santa-maria\/ppgec\/wp-json\/wp\/v2\/pages\/277\/revisions"}],"wp:attachment":[{"href":"https:\/\/www.ufsm.br\/cursos\/pos-graduacao\/santa-maria\/ppgec\/wp-json\/wp\/v2\/media?parent=277"}],"wp:term":[{"taxonomy":"category","embeddable":true,"href":"https:\/\/www.ufsm.br\/cursos\/pos-graduacao\/santa-maria\/ppgec\/wp-json\/wp\/v2\/categories?post=277"},{"taxonomy":"post_tag","embeddable":true,"href":"https:\/\/www.ufsm.br\/cursos\/pos-graduacao\/santa-maria\/ppgec\/wp-json\/wp\/v2\/tags?post=277"}],"curies":[{"name":"wp","href":"https:\/\/api.w.org\/{rel}","templated":true}]}}