{"id":281,"date":"2019-03-27T14:58:21","date_gmt":"2019-03-27T17:58:21","guid":{"rendered":"https:\/\/www.ufsm.br\/cursos\/pos-graduacao\/santa-maria\/ppgec\/?page_id=281"},"modified":"2019-03-27T15:02:28","modified_gmt":"2019-03-27T18:02:28","slug":"labhidrogeo-laboratorio-de-hidrogeologia","status":"publish","type":"page","link":"https:\/\/www.ufsm.br\/cursos\/pos-graduacao\/santa-maria\/ppgec\/labhidrogeo-laboratorio-de-hidrogeologia","title":{"rendered":"LABHIDROGEO &#8211; Laborat\u00f3rio de Hidrogeologia"},"content":{"rendered":"\n<p><strong>Linha de pesquisa \u2013 Gest\u00e3o Ambiental e Recursos H\u00eddricos<\/strong><\/p>\n<p><strong>L\u00edder do Grupo: Jos\u00e9 Luis Silv\u00e9rio da Silva<\/strong><\/p>\n<p>\u00a0<\/p>\n<p>O grupo certificado desde 2001, em estudos dos recursos h\u00eddricos subterr\u00e2neos: suas potencialidades, vulnerabilidade e fragilidades. Estuda a qualidade f\u00edsico-qu\u00edmica natural de concentra\u00e7\u00f5es an\u00f4malas de fluoretos. Identifica\u00e7\u00e3o de pontos potenciais de contamina\u00e7\u00e3o (Lix\u00f5es, Cemit\u00e9rios, Postos de Combust\u00edveis). Estudos no Sistema Aqu\u00edfero Guarani e Sistema Aqu\u00edfero Serra Geral\/RS, SC e no Uruguai com a UdelaR\/IMFIA. Utiliza t\u00e9cnicas de geologia, geoqu\u00edmica, geotecnologia, geoestat\u00edstica aplicada e mapas tem\u00e1ticos em 3D em Sistema de Informa\u00e7\u00f5es Geogr\u00e1fica. Participa em projetos de intera\u00e7\u00e3o rio-aqu\u00edfero com Grupos GERHI (FRAG-RIO), GHIDRO, e em estudos de EIA\/RIMA de obras de engenharia. Estudos de Balan\u00e7o h\u00eddrico em \u00e1reas de florestamento de eucaliptos. Realiza interfaces com Geotecnia, Pedologia, Geografia e Hidr\u00e1ulica. Visa a forma\u00e7\u00e3o de recursos humanos no monitoramento e no gerenciamento. Atua em rede em bacias costeiras com a UFCG\/PB e UFAL\/AL. Projetos financiados pelo GEF\/Banco Mundial, FINEP, CNPq\/FAPERGS.<\/p>\n","protected":false},"excerpt":{"rendered":"<p>Linha de pesquisa \u2013 Gest\u00e3o Ambiental e Recursos H\u00eddricos L\u00edder do Grupo: Jos\u00e9 Luis Silv\u00e9rio da Silva \u00a0 O grupo certificado desde 2001, em estudos dos recursos h\u00eddricos subterr\u00e2neos: suas potencialidades, vulnerabilidade e fragilidades. Estuda a qualidade f\u00edsico-qu\u00edmica natural de concentra\u00e7\u00f5es an\u00f4malas de fluoretos. Identifica\u00e7\u00e3o de pontos potenciais de contamina\u00e7\u00e3o (Lix\u00f5es, Cemit\u00e9rios, Postos de Combust\u00edveis). [&hellip;]<\/p>\n","protected":false},"author":723,"featured_media":0,"parent":0,"menu_order":0,"comment_status":"closed","ping_status":"closed","template":"","meta":{"footnotes":""},"categories":[],"tags":[],"class_list":["post-281","page","type-page","status-publish","hentry"],"acf":[],"_links":{"self":[{"href":"https:\/\/www.ufsm.br\/cursos\/pos-graduacao\/santa-maria\/ppgec\/wp-json\/wp\/v2\/pages\/281","targetHints":{"allow":["GET"]}}],"collection":[{"href":"https:\/\/www.ufsm.br\/cursos\/pos-graduacao\/santa-maria\/ppgec\/wp-json\/wp\/v2\/pages"}],"about":[{"href":"https:\/\/www.ufsm.br\/cursos\/pos-graduacao\/santa-maria\/ppgec\/wp-json\/wp\/v2\/types\/page"}],"author":[{"embeddable":true,"href":"https:\/\/www.ufsm.br\/cursos\/pos-graduacao\/santa-maria\/ppgec\/wp-json\/wp\/v2\/users\/723"}],"replies":[{"embeddable":true,"href":"https:\/\/www.ufsm.br\/cursos\/pos-graduacao\/santa-maria\/ppgec\/wp-json\/wp\/v2\/comments?post=281"}],"version-history":[{"count":0,"href":"https:\/\/www.ufsm.br\/cursos\/pos-graduacao\/santa-maria\/ppgec\/wp-json\/wp\/v2\/pages\/281\/revisions"}],"wp:attachment":[{"href":"https:\/\/www.ufsm.br\/cursos\/pos-graduacao\/santa-maria\/ppgec\/wp-json\/wp\/v2\/media?parent=281"}],"wp:term":[{"taxonomy":"category","embeddable":true,"href":"https:\/\/www.ufsm.br\/cursos\/pos-graduacao\/santa-maria\/ppgec\/wp-json\/wp\/v2\/categories?post=281"},{"taxonomy":"post_tag","embeddable":true,"href":"https:\/\/www.ufsm.br\/cursos\/pos-graduacao\/santa-maria\/ppgec\/wp-json\/wp\/v2\/tags?post=281"}],"curies":[{"name":"wp","href":"https:\/\/api.w.org\/{rel}","templated":true}]}}