{"id":283,"date":"2019-03-27T15:04:33","date_gmt":"2019-03-27T18:04:33","guid":{"rendered":"https:\/\/www.ufsm.br\/cursos\/pos-graduacao\/santa-maria\/ppgec\/?page_id=283"},"modified":"2019-03-27T15:04:35","modified_gmt":"2019-03-27T18:04:35","slug":"gepetecs-grupo-de-estudo-e-pesquisa-em-tecnologias-sustentaveis","status":"publish","type":"page","link":"https:\/\/www.ufsm.br\/cursos\/pos-graduacao\/santa-maria\/ppgec\/gepetecs-grupo-de-estudo-e-pesquisa-em-tecnologias-sustentaveis","title":{"rendered":"GEPETECS &#8211; Grupo de Estudo e Pesquisa em Tecnologias Sustent\u00e1veis"},"content":{"rendered":"\n<p><strong>Linha de pesquisa \u2013 Gest\u00e3o Ambiental e Recursos H\u00eddricos<\/strong><\/p>\n<p><strong>L\u00edderes do grupo: Marcos Alberto Oss Vaghetti e Elvis Carissimi<\/strong><\/p>\n<p>\u00a0<\/p>\n<p>As repercuss\u00f5es do GPETECS para a comunidade em geral e especialmente para a comunidade t\u00e9cnico-cient\u00edfica vem apoiada em justificativas importantes, que s\u00e3o a social, a ambiental, a econ\u00f4mica e a tecnol\u00f3gica. A justificativa social remete a uma premissa b\u00e1sica e talvez a mais importante, de desenvolver pesquisas para a melhoria da qualidade de vida das pessoas, colocando em evid\u00eancia a natureza de solidariedade do ser humano, implantando alternativas que viabilizem o melhor &#8220;viver&#8221; em sociedade. A justificativa ambiental est\u00e1 em evid\u00eancia no mundo inteiro, tanto que diversos pa\u00edses j\u00e1 protocolaram algumas inten\u00e7\u00f5es, a partir do Tratado de Quioto, para diminuir o &#8220;efeito estufa&#8221; e com isso melhorar as condi\u00e7\u00f5es ambientais e de vida em nosso planeta, tais como: reformar os setores de energia e transportes, promover o uso de fontes energ\u00e9ticas renov\u00e1veis, limitar as emiss\u00f5es de metano no gerenciamento de res\u00edduos e dos sistemas energ\u00e9ticos e proteger florestas e outros sumidouros de carbono. Diante disso, pesquisar buscando propostas que contemplem a utiliza\u00e7\u00e3o dos recursos naturais atentando para a preserva\u00e7\u00e3o ambiental, constitui-se num vi\u00e9s ecologicamente sustent\u00e1vel. A justificativa econ\u00f4mica t\u00eam raz\u00e3o de ser em fun\u00e7\u00e3o do grupo de pesquisa estar permanentemente buscando propostas poss\u00edveis de serem implementadas com um baixo custo financeiro devido ao aproveitamento dos recursos naturais dispon\u00edveis, ou seja otimizando sempre os projetos para que se tenha um produto final &#8220;sustent\u00e1vel&#8221;, contrastando com os custos gerados por pesquisas sem essa preocupa\u00e7\u00e3o ambiental. A justificativa tecnol\u00f3gica tamb\u00e9m tem um fator importante, pois estudando novos materiais ou sistemas construtivos eficientes do ponto de vista ambiental, est\u00e1 buscando-se outras alternativas para a preserva\u00e7\u00e3o da natureza, al\u00e9m de ter contribui\u00e7\u00e3o para o crescimento intelectual do pesquisador.<\/p>\n","protected":false},"excerpt":{"rendered":"<p>Linha de pesquisa \u2013 Gest\u00e3o Ambiental e Recursos H\u00eddricos L\u00edderes do grupo: Marcos Alberto Oss Vaghetti e Elvis Carissimi \u00a0 As repercuss\u00f5es do GPETECS para a comunidade em geral e especialmente para a comunidade t\u00e9cnico-cient\u00edfica vem apoiada em justificativas importantes, que s\u00e3o a social, a ambiental, a econ\u00f4mica e a tecnol\u00f3gica. A justificativa social remete [&hellip;]<\/p>\n","protected":false},"author":723,"featured_media":0,"parent":0,"menu_order":0,"comment_status":"closed","ping_status":"closed","template":"","meta":{"footnotes":""},"categories":[],"tags":[],"class_list":["post-283","page","type-page","status-publish","hentry"],"acf":[],"_links":{"self":[{"href":"https:\/\/www.ufsm.br\/cursos\/pos-graduacao\/santa-maria\/ppgec\/wp-json\/wp\/v2\/pages\/283","targetHints":{"allow":["GET"]}}],"collection":[{"href":"https:\/\/www.ufsm.br\/cursos\/pos-graduacao\/santa-maria\/ppgec\/wp-json\/wp\/v2\/pages"}],"about":[{"href":"https:\/\/www.ufsm.br\/cursos\/pos-graduacao\/santa-maria\/ppgec\/wp-json\/wp\/v2\/types\/page"}],"author":[{"embeddable":true,"href":"https:\/\/www.ufsm.br\/cursos\/pos-graduacao\/santa-maria\/ppgec\/wp-json\/wp\/v2\/users\/723"}],"replies":[{"embeddable":true,"href":"https:\/\/www.ufsm.br\/cursos\/pos-graduacao\/santa-maria\/ppgec\/wp-json\/wp\/v2\/comments?post=283"}],"version-history":[{"count":0,"href":"https:\/\/www.ufsm.br\/cursos\/pos-graduacao\/santa-maria\/ppgec\/wp-json\/wp\/v2\/pages\/283\/revisions"}],"wp:attachment":[{"href":"https:\/\/www.ufsm.br\/cursos\/pos-graduacao\/santa-maria\/ppgec\/wp-json\/wp\/v2\/media?parent=283"}],"wp:term":[{"taxonomy":"category","embeddable":true,"href":"https:\/\/www.ufsm.br\/cursos\/pos-graduacao\/santa-maria\/ppgec\/wp-json\/wp\/v2\/categories?post=283"},{"taxonomy":"post_tag","embeddable":true,"href":"https:\/\/www.ufsm.br\/cursos\/pos-graduacao\/santa-maria\/ppgec\/wp-json\/wp\/v2\/tags?post=283"}],"curies":[{"name":"wp","href":"https:\/\/api.w.org\/{rel}","templated":true}]}}