{"id":2835,"date":"2025-05-13T15:35:47","date_gmt":"2025-05-13T18:35:47","guid":{"rendered":"https:\/\/www.ufsm.br\/cursos\/pos-graduacao\/santa-maria\/ppgec\/?page_id=2835"},"modified":"2025-05-13T15:58:52","modified_gmt":"2025-05-13T18:58:52","slug":"avaliacao-quadrienal-capes-2017-2020","status":"publish","type":"page","link":"https:\/\/www.ufsm.br\/cursos\/pos-graduacao\/santa-maria\/ppgec\/avaliacao-quadrienal-capes-2017-2020","title":{"rendered":"Avalia\u00e7\u00e3o Quadrienal 2021 &#8211; CAPES (2017 &#8211; 2020)"},"content":{"rendered":"\n<p>Conceito CAPES: 4<\/p>\n<p>Per\u00edodo: 2017 a 2020<br \/><a href=\"https:\/\/sucupira-legado.capes.gov.br\/sucupira\/public\/consultas\/avaliacao\/gerarRelatorioView.jsf?idFicha=13011&amp;idTipoAvaliacao=1&amp;publico=true&amp;popup=true\" target=\"_blank\" rel=\"noopener\">Ficha de Avalia\u00e7\u00e3o PPGEC &#8211; detalhamento<\/a><br \/><a href=\"https:\/\/sucupira-legado.capes.gov.br\/sucupira\/public\/consultas\/avaliacao\/viewPreenchimentoFicha.jsf?idFicha=13011&amp;popup=true\" target=\"_blank\" rel=\"noopener\">Hist\u00f3rico e Resumo &#8211; Avalia\u00e7\u00e3o PPGEC<\/a><br \/>Planilha de resultados: <a class=\"internal-link\" title=\"\" href=\"https:\/\/www.gov.br\/capes\/pt-br\/centrais-de-conteudo\/documentos\/avaliacao\/19122022_PlanilhaGeralQuadrienal2021_publicao.xlsx\" target=\"_blank\" rel=\"noopener\" data-tippreview-image=\"\" data-tippreview-title=\"\" data-tippreview-enabled=\"false\">Programas acad\u00eamicos e Programas profissionais<\/a><br \/><strong><a class=\"external-link\" href=\"https:\/\/app.powerbi.com\/view?r=eyJrIjoiNTA4NjljZWEtYmQzNi00OTIyLTk5NGEtN2RhZThjZGI0NmI1IiwidCI6IjJmNGRlYmI4LTY0M2EtNGRiZS05MjdiLTllNTYyZWY3MDBiOSJ9&amp;pageName=ReportSection31d10fca03d1e4f2190f\" target=\"_blank\" rel=\"noopener\" data-tippreview-enabled=\"true\" data-tippreview-image=\"\" data-tippreview-title=\"\" data-tippy=\"\">Painel de divulga\u00e7\u00e3o da Quadrienal 2021<\/a><br \/><\/strong>P\u00e1gina da \u00e1rea: <a href=\"https:\/\/www.gov.br\/capes\/pt-br\/acesso-a-informacao\/acoes-e-programas\/avaliacao\/sobre-a-avaliacao\/areas-avaliacao\/sobre-as-areas-de-avaliacao\/colegio-de-ciencias-exatas-tecnologicas-e-multidisciplinar\/engenharias\/engenharias-i\" target=\"_blank\" rel=\"noopener\">Engenharias I<\/a><\/p>\n","protected":false},"excerpt":{"rendered":"<p>Conceito CAPES: 4 Per\u00edodo: 2017 a 2020Ficha de Avalia\u00e7\u00e3o PPGEC &#8211; detalhamentoHist\u00f3rico e Resumo &#8211; Avalia\u00e7\u00e3o PPGECPlanilha de resultados: Programas acad\u00eamicos e Programas profissionaisPainel de divulga\u00e7\u00e3o da Quadrienal 2021P\u00e1gina da \u00e1rea: Engenharias I<\/p>\n","protected":false},"author":883,"featured_media":0,"parent":0,"menu_order":0,"comment_status":"closed","ping_status":"closed","template":"","meta":{"footnotes":""},"categories":[],"tags":[],"class_list":["post-2835","page","type-page","status-publish","hentry"],"acf":[],"_links":{"self":[{"href":"https:\/\/www.ufsm.br\/cursos\/pos-graduacao\/santa-maria\/ppgec\/wp-json\/wp\/v2\/pages\/2835","targetHints":{"allow":["GET"]}}],"collection":[{"href":"https:\/\/www.ufsm.br\/cursos\/pos-graduacao\/santa-maria\/ppgec\/wp-json\/wp\/v2\/pages"}],"about":[{"href":"https:\/\/www.ufsm.br\/cursos\/pos-graduacao\/santa-maria\/ppgec\/wp-json\/wp\/v2\/types\/page"}],"author":[{"embeddable":true,"href":"https:\/\/www.ufsm.br\/cursos\/pos-graduacao\/santa-maria\/ppgec\/wp-json\/wp\/v2\/users\/883"}],"replies":[{"embeddable":true,"href":"https:\/\/www.ufsm.br\/cursos\/pos-graduacao\/santa-maria\/ppgec\/wp-json\/wp\/v2\/comments?post=2835"}],"version-history":[{"count":0,"href":"https:\/\/www.ufsm.br\/cursos\/pos-graduacao\/santa-maria\/ppgec\/wp-json\/wp\/v2\/pages\/2835\/revisions"}],"wp:attachment":[{"href":"https:\/\/www.ufsm.br\/cursos\/pos-graduacao\/santa-maria\/ppgec\/wp-json\/wp\/v2\/media?parent=2835"}],"wp:term":[{"taxonomy":"category","embeddable":true,"href":"https:\/\/www.ufsm.br\/cursos\/pos-graduacao\/santa-maria\/ppgec\/wp-json\/wp\/v2\/categories?post=2835"},{"taxonomy":"post_tag","embeddable":true,"href":"https:\/\/www.ufsm.br\/cursos\/pos-graduacao\/santa-maria\/ppgec\/wp-json\/wp\/v2\/tags?post=2835"}],"curies":[{"name":"wp","href":"https:\/\/api.w.org\/{rel}","templated":true}]}}