{"id":285,"date":"2019-03-27T15:16:52","date_gmt":"2019-03-27T18:16:52","guid":{"rendered":"https:\/\/www.ufsm.br\/cursos\/pos-graduacao\/santa-maria\/ppgec\/?page_id=285"},"modified":"2019-03-27T15:18:02","modified_gmt":"2019-03-27T18:18:02","slug":"ghidros-recursos-hidricos-e-saneamento-ambiental","status":"publish","type":"page","link":"https:\/\/www.ufsm.br\/cursos\/pos-graduacao\/santa-maria\/ppgec\/ghidros-recursos-hidricos-e-saneamento-ambiental","title":{"rendered":"GHIDROS &#8211;\u00a0Recursos H\u00eddricos e Saneamento Ambiental"},"content":{"rendered":"\n<p><strong>Linha de pesquisa \u2013 Saneamento b\u00e1sico e ambiental<\/strong><\/p>\n<p><strong>L\u00edder do grupo: Jo\u00e3o Batista Dias de Paiva<\/strong><\/p>\n<p>&nbsp;<\/p>\n<p>Esse grupo, criado em 1993, contribui para o aprimoramento e desenvolvimento, sob condi\u00e7\u00f5es tipicamente brasileiras, de metodologias de avalia\u00e7\u00e3o de impactos ambientais do uso do solo, sobre a precipita\u00e7\u00e3o, as disponibilidades h\u00eddricas, as cheias, a produ\u00e7\u00e3o, transporte e deposi\u00e7\u00e3o de sedimentos e sobre a qualidade da \u00e1gua em bacias hidrogr\u00e1ficas e reservat\u00f3rios. Tais informa\u00e7\u00f5es permitem a sua aplica\u00e7\u00e3o em regi\u00f5es que n\u00e3o disponham de dados. Colabora com o desenvolvimento cient\u00edfico, nacional e regional nas \u00e1reas de Recursos H\u00eddricos, Saneamento B\u00e1sico e Educa\u00e7\u00e3o Ambiental, atuando em n\u00edvel de p\u00f3s-gradua\u00e7\u00e3o nos junto aos programas de p\u00f3s-gradua\u00e7\u00e3o nas \u00e1reas de Engenharia, Agronomia e Geoci\u00eancias da UFSM. Atua tamb\u00e9m junto a \u00f3rg\u00e3os p\u00fablicos e organiza\u00e7\u00f5es n\u00e3o governamentais buscando a sua inser\u00e7\u00e3o comunit\u00e1ria. \u00c9 pr\u00e1tica comum o seu envolvimento em projetos de pesquisa e extens\u00e3o em coopera\u00e7\u00e3o com \u00f3rg\u00e3os da administra\u00e7\u00e3o p\u00fablica e empresas privadas, com a participa\u00e7\u00e3o de professores e alunos. No \u00e2mbito nacional, o grupo, participou e coordenou as subredes 1 e 3 da Rede Cooperativa de Pesquisas em Recursos H\u00eddricos (REHIDRO) &#8211; Projeto RECOPE- FINEP. Dentre os projetos em rede de pesquisa em andamento destacam-se: MATASUL &#8211; Rede de pesquisa em bacias representativas e experimentais no bioma da Mata Atl\u00e2ntica, na Regi\u00e3o Sul do Brasil; CLIMASUL- Estudo de mudan\u00e7as clim\u00e1ticas na Regi\u00e3o Sul do Brasil; INTEGRA &#8211; Rede Cooperativa de Pesquisa em Disponibilidade H\u00eddrica para Aplica\u00e7\u00e3o dos Instrumentos de Gest\u00e3o de Recursos H\u00eddricos. Quantidade e Qualidade de \u00c1gua.<\/p>\n","protected":false},"excerpt":{"rendered":"<p>Linha de pesquisa \u2013 Saneamento b\u00e1sico e ambiental L\u00edder do grupo: Jo\u00e3o Batista Dias de Paiva &nbsp; Esse grupo, criado em 1993, contribui para o aprimoramento e desenvolvimento, sob condi\u00e7\u00f5es tipicamente brasileiras, de metodologias de avalia\u00e7\u00e3o de impactos ambientais do uso do solo, sobre a precipita\u00e7\u00e3o, as disponibilidades h\u00eddricas, as cheias, a produ\u00e7\u00e3o, transporte e [&hellip;]<\/p>\n","protected":false},"author":723,"featured_media":0,"parent":0,"menu_order":0,"comment_status":"closed","ping_status":"closed","template":"","meta":{"footnotes":""},"categories":[],"tags":[],"class_list":["post-285","page","type-page","status-publish","hentry"],"acf":[],"_links":{"self":[{"href":"https:\/\/www.ufsm.br\/cursos\/pos-graduacao\/santa-maria\/ppgec\/wp-json\/wp\/v2\/pages\/285","targetHints":{"allow":["GET"]}}],"collection":[{"href":"https:\/\/www.ufsm.br\/cursos\/pos-graduacao\/santa-maria\/ppgec\/wp-json\/wp\/v2\/pages"}],"about":[{"href":"https:\/\/www.ufsm.br\/cursos\/pos-graduacao\/santa-maria\/ppgec\/wp-json\/wp\/v2\/types\/page"}],"author":[{"embeddable":true,"href":"https:\/\/www.ufsm.br\/cursos\/pos-graduacao\/santa-maria\/ppgec\/wp-json\/wp\/v2\/users\/723"}],"replies":[{"embeddable":true,"href":"https:\/\/www.ufsm.br\/cursos\/pos-graduacao\/santa-maria\/ppgec\/wp-json\/wp\/v2\/comments?post=285"}],"version-history":[{"count":0,"href":"https:\/\/www.ufsm.br\/cursos\/pos-graduacao\/santa-maria\/ppgec\/wp-json\/wp\/v2\/pages\/285\/revisions"}],"wp:attachment":[{"href":"https:\/\/www.ufsm.br\/cursos\/pos-graduacao\/santa-maria\/ppgec\/wp-json\/wp\/v2\/media?parent=285"}],"wp:term":[{"taxonomy":"category","embeddable":true,"href":"https:\/\/www.ufsm.br\/cursos\/pos-graduacao\/santa-maria\/ppgec\/wp-json\/wp\/v2\/categories?post=285"},{"taxonomy":"post_tag","embeddable":true,"href":"https:\/\/www.ufsm.br\/cursos\/pos-graduacao\/santa-maria\/ppgec\/wp-json\/wp\/v2\/tags?post=285"}],"curies":[{"name":"wp","href":"https:\/\/api.w.org\/{rel}","templated":true}]}}