{"id":288,"date":"2019-03-27T15:37:34","date_gmt":"2019-03-27T18:37:34","guid":{"rendered":"https:\/\/www.ufsm.br\/cursos\/pos-graduacao\/santa-maria\/ppgec\/?page_id=288"},"modified":"2020-07-16T16:21:52","modified_gmt":"2020-07-16T19:21:52","slug":"gepecon-grupo-de-estudos-e-pesquisas-em-estruturas-de-concreto","status":"publish","type":"page","link":"https:\/\/www.ufsm.br\/cursos\/pos-graduacao\/santa-maria\/ppgec\/gepecon-grupo-de-estudos-e-pesquisas-em-estruturas-de-concreto","title":{"rendered":"GEPECON &#8211; Grupo de Estudos e Pesquisas em Estruturas de Concreto"},"content":{"rendered":"\n<p><strong>Linha de pesquisa \u2013 Estruturas e Sistemas Construtivos<\/strong><\/p>\n<p><strong>L\u00edder do Grupo: Andr\u00e9 L\u00fcbeck<br \/><\/strong><\/p>\n<p>\u00a0<\/p>\n<p>O GEPECON do Centro de Tecnologia da UFSM tem por objetivo estudar, de modo multidisciplinar, aspectos inerentes ao desempenho e vida \u00fatil das estruturas de concreto estrutural, com \u00eanfase a durabilidade e patologias decorrentes de materiais ou de constru\u00e7\u00f5es acabadas.<\/p>\n<p>Por ser a constru\u00e7\u00e3o civil uma atividade indissoci\u00e1vel do progresso da humanidade, o seu desenvolvimento deve ser de modo sustent\u00e1vel e, para tanto, as estruturas de concreto, o material mais consumido pelo homem, deve apresentar caracter\u00edsticas de sustentabilidade em rela\u00e7\u00e3o ao consumo de mat\u00e9ria prima, consumo de energia e emiss\u00e3o de gases poluentes.<\/p>\n<p>Objetiva-se o estudo de concreto em condi\u00e7\u00f5es mais pr\u00f3ximas poss\u00edveis de seu ambiente real, para que possam ser mais compreendidos os mecanismos e fatores influentes na degrada\u00e7\u00e3o das estruturas reais, em especial as que cont\u00eam elevados teores de adi\u00e7\u00f5es minerais em substitui\u00e7\u00e3o ao cimento. Como meta \u00faltima, objetiva-se pesquisar os par\u00e2metros que governam, em longo-prazo, a vida \u00fatil das estruturas de concreto, especialmente com teores elevados de adi\u00e7\u00f5es minerais, atrav\u00e9s de estudos laboratoriais e de campo por meio de esta\u00e7\u00f5es de envelhecimento, com o intuito de alongar seu tempo de utiliza\u00e7\u00e3o, tornando-as mais sustent\u00e1veis.<\/p>\n<p>O Grupo est\u00e1 inscrito no cadastro dos Grupos de Pesquisa do CNPq desde 1997, embora tenha exist\u00eancia desde 1991. Desde 1991 realizou-se 20 projetos de pesquisa com recursos da FAPERGS, CNPq e CAPES, que geraram cerca de 200 publica\u00e7\u00f5es em peri\u00f3dicos ou em anais de eventos nacionais e internacionais. O trabalho Synergic action of fly ash in ternary mixtures with microsilica and rice husk ash foi considerado pelo 10th International Congress on the Chemistry of Cement, realizado em Gotenburgo, Su\u00e9cia, em 1997, como um dos cinco mais destacados do evento. Em 1999, o Prof. Geraldo Isaia foi agraciado pelo 2nd CANMET\/ACI International Conference on High-Performance Concrete, com o pr\u00eamio por relevantes contribui\u00e7\u00f5es na \u00e1rea de concreto de alto desempenho.<\/p>\n<p>Foi organizado em 1999, o International Symposium on Nondestructive Testing, realizado em Torres, RS. . Foi desenvolvido pelo Programa PROSUL do CNPq pesquisas conjuntas com o LEMIT, La Plata, Argentina e UDELAR, Montevideo. Destacam-se pesquisas com adi\u00e7\u00f5es minerias, pozolanas, cimento branco, sustentabilidade e an\u00e1lise do ciclo de vida.<\/p>\n","protected":false},"excerpt":{"rendered":"<p>Linha de pesquisa \u2013 Estruturas e Sistemas Construtivos L\u00edder do Grupo: Andr\u00e9 L\u00fcbeck \u00a0 O GEPECON do Centro de Tecnologia da UFSM tem por objetivo estudar, de modo multidisciplinar, aspectos inerentes ao desempenho e vida \u00fatil das estruturas de concreto estrutural, com \u00eanfase a durabilidade e patologias decorrentes de materiais ou de constru\u00e7\u00f5es acabadas. Por [&hellip;]<\/p>\n","protected":false},"author":723,"featured_media":0,"parent":0,"menu_order":0,"comment_status":"closed","ping_status":"closed","template":"","meta":{"footnotes":""},"categories":[],"tags":[],"class_list":["post-288","page","type-page","status-publish","hentry"],"acf":[],"_links":{"self":[{"href":"https:\/\/www.ufsm.br\/cursos\/pos-graduacao\/santa-maria\/ppgec\/wp-json\/wp\/v2\/pages\/288","targetHints":{"allow":["GET"]}}],"collection":[{"href":"https:\/\/www.ufsm.br\/cursos\/pos-graduacao\/santa-maria\/ppgec\/wp-json\/wp\/v2\/pages"}],"about":[{"href":"https:\/\/www.ufsm.br\/cursos\/pos-graduacao\/santa-maria\/ppgec\/wp-json\/wp\/v2\/types\/page"}],"author":[{"embeddable":true,"href":"https:\/\/www.ufsm.br\/cursos\/pos-graduacao\/santa-maria\/ppgec\/wp-json\/wp\/v2\/users\/723"}],"replies":[{"embeddable":true,"href":"https:\/\/www.ufsm.br\/cursos\/pos-graduacao\/santa-maria\/ppgec\/wp-json\/wp\/v2\/comments?post=288"}],"version-history":[{"count":0,"href":"https:\/\/www.ufsm.br\/cursos\/pos-graduacao\/santa-maria\/ppgec\/wp-json\/wp\/v2\/pages\/288\/revisions"}],"wp:attachment":[{"href":"https:\/\/www.ufsm.br\/cursos\/pos-graduacao\/santa-maria\/ppgec\/wp-json\/wp\/v2\/media?parent=288"}],"wp:term":[{"taxonomy":"category","embeddable":true,"href":"https:\/\/www.ufsm.br\/cursos\/pos-graduacao\/santa-maria\/ppgec\/wp-json\/wp\/v2\/categories?post=288"},{"taxonomy":"post_tag","embeddable":true,"href":"https:\/\/www.ufsm.br\/cursos\/pos-graduacao\/santa-maria\/ppgec\/wp-json\/wp\/v2\/tags?post=288"}],"curies":[{"name":"wp","href":"https:\/\/api.w.org\/{rel}","templated":true}]}}