{"id":289,"date":"2019-03-27T15:43:32","date_gmt":"2019-03-27T18:43:32","guid":{"rendered":"https:\/\/www.ufsm.br\/cursos\/pos-graduacao\/santa-maria\/ppgec\/?page_id=289"},"modified":"2019-03-27T15:44:14","modified_gmt":"2019-03-27T18:44:14","slug":"gpedessc-grupo-de-pesquisa-em-desempenho-do-sistema-construtivo","status":"publish","type":"page","link":"https:\/\/www.ufsm.br\/cursos\/pos-graduacao\/santa-maria\/ppgec\/gpedessc-grupo-de-pesquisa-em-desempenho-do-sistema-construtivo","title":{"rendered":"GPeDesSC &#8211; Grupo de Pesquisa em Desempenho do Sistema Construtivo"},"content":{"rendered":"\n<p><strong>Linha de pesquisa \u2013 Materiais de Constru\u00e7\u00e3o<\/strong><\/p>\n<p><strong>L\u00edder do Grupo: Gihad Mohamad<\/strong><\/p>\n<p>\u00a0<\/p>\n<p>Tem por objetivo avaliar o desempenho e desenvolver novas tecnologias para o ambiente constru\u00eddo, al\u00e9m de capacitar recursos humanos para o meio t\u00e9cnico-cient\u00edfico regional e nacional na \u00e1rea de Arquitetura e Engenharia Civil.<\/p>\n","protected":false},"excerpt":{"rendered":"<p>Linha de pesquisa \u2013 Materiais de Constru\u00e7\u00e3o L\u00edder do Grupo: Gihad Mohamad \u00a0 Tem por objetivo avaliar o desempenho e desenvolver novas tecnologias para o ambiente constru\u00eddo, al\u00e9m de capacitar recursos humanos para o meio t\u00e9cnico-cient\u00edfico regional e nacional na \u00e1rea de Arquitetura e Engenharia Civil.<\/p>\n","protected":false},"author":723,"featured_media":0,"parent":0,"menu_order":0,"comment_status":"closed","ping_status":"closed","template":"","meta":{"footnotes":""},"categories":[],"tags":[],"class_list":["post-289","page","type-page","status-publish","hentry"],"acf":[],"_links":{"self":[{"href":"https:\/\/www.ufsm.br\/cursos\/pos-graduacao\/santa-maria\/ppgec\/wp-json\/wp\/v2\/pages\/289","targetHints":{"allow":["GET"]}}],"collection":[{"href":"https:\/\/www.ufsm.br\/cursos\/pos-graduacao\/santa-maria\/ppgec\/wp-json\/wp\/v2\/pages"}],"about":[{"href":"https:\/\/www.ufsm.br\/cursos\/pos-graduacao\/santa-maria\/ppgec\/wp-json\/wp\/v2\/types\/page"}],"author":[{"embeddable":true,"href":"https:\/\/www.ufsm.br\/cursos\/pos-graduacao\/santa-maria\/ppgec\/wp-json\/wp\/v2\/users\/723"}],"replies":[{"embeddable":true,"href":"https:\/\/www.ufsm.br\/cursos\/pos-graduacao\/santa-maria\/ppgec\/wp-json\/wp\/v2\/comments?post=289"}],"version-history":[{"count":0,"href":"https:\/\/www.ufsm.br\/cursos\/pos-graduacao\/santa-maria\/ppgec\/wp-json\/wp\/v2\/pages\/289\/revisions"}],"wp:attachment":[{"href":"https:\/\/www.ufsm.br\/cursos\/pos-graduacao\/santa-maria\/ppgec\/wp-json\/wp\/v2\/media?parent=289"}],"wp:term":[{"taxonomy":"category","embeddable":true,"href":"https:\/\/www.ufsm.br\/cursos\/pos-graduacao\/santa-maria\/ppgec\/wp-json\/wp\/v2\/categories?post=289"},{"taxonomy":"post_tag","embeddable":true,"href":"https:\/\/www.ufsm.br\/cursos\/pos-graduacao\/santa-maria\/ppgec\/wp-json\/wp\/v2\/tags?post=289"}],"curies":[{"name":"wp","href":"https:\/\/api.w.org\/{rel}","templated":true}]}}