{"id":291,"date":"2019-03-27T15:52:46","date_gmt":"2019-03-27T18:52:46","guid":{"rendered":"https:\/\/www.ufsm.br\/cursos\/pos-graduacao\/santa-maria\/ppgec\/?page_id=291"},"modified":"2019-03-27T15:52:48","modified_gmt":"2019-03-27T18:52:48","slug":"geoma-grupo-de-pesquisa-geotecnia-e-meio-ambiente","status":"publish","type":"page","link":"https:\/\/www.ufsm.br\/cursos\/pos-graduacao\/santa-maria\/ppgec\/geoma-grupo-de-pesquisa-geotecnia-e-meio-ambiente","title":{"rendered":"GEOMA &#8211; Grupo de Pesquisa Geotecnia e Meio Ambiente\u00a0"},"content":{"rendered":"\n<p><strong>Linha de pesquisa \u2013 Geotecnia e Pavimenta\u00e7\u00e3o<\/strong><\/p>\n<p><strong>L\u00edderes do Grupo: Rinaldo J. B. Pinheiro e Andrea Valli Nummer<\/strong><\/p>\n<p>\u00a0<\/p>\n<p>O\u00a0<em>Grupo de Pesquisa Geotecnia e Meio Ambiente\u00a0<\/em>(GEOMA) desenvolve atividades de\u00a0ensino, pesquisa e extens\u00e3o\u00a0nas \u00e1reas de Engenharia e Meio Ambiente atuando nos cursos de gradua\u00e7\u00e3o e p\u00f3s-gradua\u00e7\u00e3o de Engenharia Civil, Engenharia Ambiental, Engenharia Florestal e Geografia.\u00a0As atividades extens\u00e3o s\u00e3o desenvolvidas\u00a0no Laborat\u00f3rio de Materiais de Constru\u00e7\u00e3o Civil (LMCC) do Centro de Tecnologia,\u00a0atrav\u00e9s de\u00a0campanhas de ensaios de laborat\u00f3rio e campo, controle tecnol\u00f3gico, acompanhamento e fiscaliza\u00e7\u00e3o de pavimenta\u00e7\u00f5es urbanas, rodovi\u00e1rias e obras de terra , principalmente na regi\u00e3o central e norte do Estado do Rio Grande do Sul. Quanto aos estudos e pesquisas desenvolvidos abrangem ensaios de caracteriza\u00e7\u00e3o de solos para uso em aterros rodovi\u00e1rios, aterros ferrovi\u00e1rios, obras de terra (barragens, taludes naturais e artificiais, escava\u00e7\u00f5es e estruturas de conten\u00e7\u00e3o) e funda\u00e7\u00f5es.\u00a0 Tanto no estudo de jazidas de solos e rochas estudos espec\u00edficos relacionados com o meio ambiente s\u00e3o desenvolvidos pelo grupo. Entre as linhas de pesquisa em desenvolvimento destacam-se:<\/p>\n<ol>\n<li>Investiga\u00e7\u00e3o, Instrumenta\u00e7\u00e3o e Monitoramento de movimentos de massa associados as encostas;<\/li>\n<li>Avalia\u00e7\u00e3o da erodibilidade de solos e rochas sedimentartes do estado do RS;<\/li>\n<li>Desenvolvimento e transfer\u00eancia de tecnologias para utiliza\u00e7\u00e3o de res\u00edduos da constru\u00e7\u00e3o civil (RCC).<\/li>\n<li>Avalia\u00e7\u00e3o da compressibilidade de aterros sanit\u00e1rios<\/li>\n<li>Estudo da deformabilidade e resist\u00eancia de solos e agregados para uso em pavimenta\u00e7\u00e3o.<\/li>\n<\/ol>\n<p>\u00a0<\/p>\n","protected":false},"excerpt":{"rendered":"<p>Linha de pesquisa \u2013 Geotecnia e Pavimenta\u00e7\u00e3o L\u00edderes do Grupo: Rinaldo J. B. Pinheiro e Andrea Valli Nummer \u00a0 O\u00a0Grupo de Pesquisa Geotecnia e Meio Ambiente\u00a0(GEOMA) desenvolve atividades de\u00a0ensino, pesquisa e extens\u00e3o\u00a0nas \u00e1reas de Engenharia e Meio Ambiente atuando nos cursos de gradua\u00e7\u00e3o e p\u00f3s-gradua\u00e7\u00e3o de Engenharia Civil, Engenharia Ambiental, Engenharia Florestal e Geografia.\u00a0As atividades [&hellip;]<\/p>\n","protected":false},"author":723,"featured_media":0,"parent":0,"menu_order":0,"comment_status":"closed","ping_status":"closed","template":"","meta":{"footnotes":""},"categories":[],"tags":[],"class_list":["post-291","page","type-page","status-publish","hentry"],"acf":[],"_links":{"self":[{"href":"https:\/\/www.ufsm.br\/cursos\/pos-graduacao\/santa-maria\/ppgec\/wp-json\/wp\/v2\/pages\/291","targetHints":{"allow":["GET"]}}],"collection":[{"href":"https:\/\/www.ufsm.br\/cursos\/pos-graduacao\/santa-maria\/ppgec\/wp-json\/wp\/v2\/pages"}],"about":[{"href":"https:\/\/www.ufsm.br\/cursos\/pos-graduacao\/santa-maria\/ppgec\/wp-json\/wp\/v2\/types\/page"}],"author":[{"embeddable":true,"href":"https:\/\/www.ufsm.br\/cursos\/pos-graduacao\/santa-maria\/ppgec\/wp-json\/wp\/v2\/users\/723"}],"replies":[{"embeddable":true,"href":"https:\/\/www.ufsm.br\/cursos\/pos-graduacao\/santa-maria\/ppgec\/wp-json\/wp\/v2\/comments?post=291"}],"version-history":[{"count":0,"href":"https:\/\/www.ufsm.br\/cursos\/pos-graduacao\/santa-maria\/ppgec\/wp-json\/wp\/v2\/pages\/291\/revisions"}],"wp:attachment":[{"href":"https:\/\/www.ufsm.br\/cursos\/pos-graduacao\/santa-maria\/ppgec\/wp-json\/wp\/v2\/media?parent=291"}],"wp:term":[{"taxonomy":"category","embeddable":true,"href":"https:\/\/www.ufsm.br\/cursos\/pos-graduacao\/santa-maria\/ppgec\/wp-json\/wp\/v2\/categories?post=291"},{"taxonomy":"post_tag","embeddable":true,"href":"https:\/\/www.ufsm.br\/cursos\/pos-graduacao\/santa-maria\/ppgec\/wp-json\/wp\/v2\/tags?post=291"}],"curies":[{"name":"wp","href":"https:\/\/api.w.org\/{rel}","templated":true}]}}