{"id":316,"date":"2019-03-29T09:49:02","date_gmt":"2019-03-29T12:49:02","guid":{"rendered":"https:\/\/www.ufsm.br\/cursos\/pos-graduacao\/santa-maria\/ppgec\/?page_id=316"},"modified":"2025-08-19T11:01:48","modified_gmt":"2025-08-19T14:01:48","slug":"apresentacao","status":"publish","type":"page","link":"https:\/\/www.ufsm.br\/cursos\/pos-graduacao\/santa-maria\/ppgec\/apresentacao","title":{"rendered":"Hist\u00f3rico"},"content":{"rendered":"\n<p>O Programa de P\u00f3s-gradua\u00e7\u00e3o em Engenharia Civil (PPGEC) teve seu in\u00edcio no ano de 1994, em n\u00edvel de Mestrado Acad\u00eamico, com o objetivo de qualificar profissionais para o exerc\u00edcio das atividades de pesquisa, ensino e extens\u00e3o no campo da Engenharia Civil e \u00e1reas afins. Inicialmente, foi criado na <a href=\"https:\/\/www.ufsm.br\/cursos\/pos-graduacao\/santa-maria\/ppgec\/areas-e-linhas-de-pesquisa\/\">\u00e1rea de concentra\u00e7\u00e3o em Constru\u00e7\u00e3o Civil e Preserva\u00e7\u00e3o Ambiental<\/a>; posteriormente, em 1999, houve a amplia\u00e7\u00e3o com a cria\u00e7\u00e3o da <a href=\"https:\/\/www.ufsm.br\/cursos\/pos-graduacao\/santa-maria\/ppgec\/areas-e-linhas-de-pesquisa\/\">\u00e1rea de concentra\u00e7\u00e3o em Recursos H\u00eddricos e Saneamento Ambiental<\/a>.\u00a0<\/p>\n<p>Fruto de um <a href=\"https:\/\/www.ufsm.br\/cursos\/pos-graduacao\/santa-maria\/ppgec\/autoavaliacao-e-planejamento-estrategico\/\">Programa S\u00f3lido de Autoavalia\u00e7\u00e3o e Planejamento Estrat\u00e9gico<\/a>, a evolu\u00e7\u00e3o do PPGEC foi cont\u00ednua e, em abril de 2014, ocorreu a aprova\u00e7\u00e3o pela CAPES curso de Doutorado no PPGEC e as produ\u00e7\u00f5es qualificadas em peri\u00f3dicos Qualis A1, A2, B1 e\u00a0 B2 aumentaram em mais de 145% entre o ano 2017 e 2020. Somente no Estrato A1, as produ\u00e7\u00f5es aumentaram em 60% entre 2017 e 2020 e praticamente duplicaram em 2021. Crescimento continuado!<\/p>\n<p><img fetchpriority=\"high\" decoding=\"async\" class=\"alignnone  wp-image-1745\" src=\"https:\/\/www.ufsm.br\/app\/uploads\/sites\/550\/2022\/03\/WhatsApp-Image-2022-03-14-at-19.39.14-300x141.jpeg\" alt=\"\" width=\"442\" height=\"208\" srcset=\"https:\/\/www.ufsm.br\/app\/uploads\/sites\/550\/2022\/03\/WhatsApp-Image-2022-03-14-at-19.39.14-300x141.jpeg 300w, https:\/\/www.ufsm.br\/app\/uploads\/sites\/550\/2022\/03\/WhatsApp-Image-2022-03-14-at-19.39.14-1024x482.jpeg 1024w, https:\/\/www.ufsm.br\/app\/uploads\/sites\/550\/2022\/03\/WhatsApp-Image-2022-03-14-at-19.39.14-768x361.jpeg 768w, https:\/\/www.ufsm.br\/app\/uploads\/sites\/550\/2022\/03\/WhatsApp-Image-2022-03-14-at-19.39.14.jpeg 1118w\" sizes=\"(max-width: 442px) 100vw, 442px\" \/> <img decoding=\"async\" class=\"alignnone  wp-image-1744\" src=\"https:\/\/www.ufsm.br\/app\/uploads\/sites\/550\/2022\/03\/WhatsApp-Image-2022-03-14-at-19.38.40-300x123.jpeg\" alt=\"\" width=\"505\" height=\"207\" srcset=\"https:\/\/www.ufsm.br\/app\/uploads\/sites\/550\/2022\/03\/WhatsApp-Image-2022-03-14-at-19.38.40-300x123.jpeg 300w, https:\/\/www.ufsm.br\/app\/uploads\/sites\/550\/2022\/03\/WhatsApp-Image-2022-03-14-at-19.38.40-1024x419.jpeg 1024w, https:\/\/www.ufsm.br\/app\/uploads\/sites\/550\/2022\/03\/WhatsApp-Image-2022-03-14-at-19.38.40-768x314.jpeg 768w, https:\/\/www.ufsm.br\/app\/uploads\/sites\/550\/2022\/03\/WhatsApp-Image-2022-03-14-at-19.38.40.jpeg 1280w\" sizes=\"(max-width: 505px) 100vw, 505px\" \/><\/p>\n<p style=\"text-align: center\">Fig1a) Publica\u00e7\u00f5es em peri\u00f3dicos Qualis A1 a A4 (antigos A1, A2, B1 e\u00a0 B2). 1b) Publica\u00e7\u00f5es em artigos estratos A1.<\/p>\n<p>No ano de 2021, o <a href=\"https:\/\/www.ufsm.br\/cursos\/pos-graduacao\/santa-maria\/ppgec\/docentes\">corpo docente<\/a> do PPGEC foi formado por 33 docentes, sendo 23 permanentes, 1 professor visitante e 6 colaboradores, desse, quase 40% <a href=\"https:\/\/www.ufsm.br\/cursos\/pos-graduacao\/santa-maria\/ppgec\/bolsa-de-produtividade-em-pesquisa-pq\/\">bolsistas de Produtividade em Pesquisa do CNPq<\/a> ou Coordenadores do <a href=\"https:\/\/www.ufsm.br\/cursos\/graduacao\/santa-maria\/engenharia-civil\/pet-engenharia-civil\/\">PET da Engenharia Civil.<\/a>\u00a0 O corpo docente \u00e9 formado em sua maioria por Engenheiros Civis, contudo, h\u00e1 tamb\u00e9m Engenheiros Ambientais, Ac\u00fasticos, Mec\u00e2nicos, Hidr\u00e1ulicos, Arquitetos etc. Dessa forma podemos ofertar aos nossos alunos, disciplinas com estrutura curricular e transmiss\u00e3o de conhecimento diversificado.<\/p>\n<p><img decoding=\"async\" class=\"size-medium wp-image-1722 aligncenter\" src=\"https:\/\/www.ufsm.br\/app\/uploads\/sites\/550\/2022\/03\/Professores-300x250.jpg\" alt=\"\" width=\"300\" height=\"250\" srcset=\"https:\/\/www.ufsm.br\/app\/uploads\/sites\/550\/2022\/03\/Professores-300x250.jpg 300w, https:\/\/www.ufsm.br\/app\/uploads\/sites\/550\/2022\/03\/Professores.jpg 600w\" sizes=\"(max-width: 300px) 100vw, 300px\" \/><\/p>\n<p>O PPGEC t\u00eam, em m\u00e9dia, mais de 160 <a href=\"https:\/\/www.ufsm.br\/cursos\/pos-graduacao\/santa-maria\/ppgec\/discentes\">discentes ativos<\/a>, sendo, aproximadamente 90 mestrandos,70 doutorandos e 2 p\u00f3s-doutorandos. Os alunos s\u00e3o oriundos de todo o Brasil tendo um n\u00famero significativo de discentes de mestrado origin\u00e1rios de cursos de gradua\u00e7\u00e3o da regi\u00e3o Central do RS (UNIPAMPA, UFFS, UFN, URI, etc) e dos pr\u00f3prios cursos de gradua\u00e7\u00e3o da UFSM como Arquitetura e Urbanismo, Engenharia Civil, Engenharia Ac\u00fastica, Engenharia Qu\u00edmica e Engenharia Sanit\u00e1ria e Ambiental. Praticamente todos os alunos de inicia\u00e7\u00e3o cient\u00edfica da UFSM se engajam em um dos nossos PPGs da institui\u00e7\u00e3o, sendo um n\u00famero significativo no PPGEC.\u00a0<\/p>\n<p>No doutorado, al\u00e9m dos pr\u00f3prios alunos do PPGEC, e de docentes das IES mencionadas, a demanda supre a procura por capacita\u00e7\u00e3o de outros PPGs da UFSM como Engenharia Ambiental, Engenharia Agr\u00edcola, Engenharia de Processos, Engenharia de Produ\u00e7\u00e3o, Engenharia Florestal, Agrobiologia, Arquitetura e Urbanismo, Engenharia Mec\u00e2nica, al\u00e9m, entre outros dos PPGs em Ci\u00eancias Ambientais, Agricultura e Ambiente do campus Frederico Westphalen da UFSM. No entanto, s\u00e3o encontrados no PPGEC alunos e <a href=\"https:\/\/www.ufsm.br\/cursos\/pos-graduacao\/santa-maria\/ppgec\/nossos-egressos\/\">egressos<\/a> de doutorado de todo o Brasil.<\/p>\n<p>No ano de 2019 iniciou um processo de fus\u00e3o entre os programas PPGEC e PPGEAmb, com a discuss\u00e3o entre suas coordena\u00e7\u00f5es quando a Capes sugere lan\u00e7a a ideia das fus\u00f5es entre programas das mesmas \u00e1reas de conhecimento de uma institui\u00e7\u00e3o de ensino para o fortalecimento da p\u00f3s-gradua\u00e7\u00e3o (PG). Logo a discuss\u00e3o chegou aos colegiados dos programas e houve o estudo de cen\u00e1rios. Com o amadurecimento de ideias e todo o planejamento para isso, a proposta de fus\u00e3o foi enviada e aprovada na Capes em 2023. A <a href=\"https:\/\/www.in.gov.br\/web\/dou\/-\/portaria-n-883-de-30-de-agosto-de-2024-582079954\" target=\"_blank\" rel=\"noreferrer noopener\">Portaria 883, de 30 de agosto de 2024<\/a>\u00a0foi homologado pelo Minist\u00e9rio da Educa\u00e7\u00e3o (MEC) o Parecer CNE\/CES n\u00ba 421\/2024(C\u00e2mara de Educa\u00e7\u00e3o Superior do Conselho Nacional de Educa\u00e7\u00e3o), sendo autorizado o funcionamento do Programa j\u00e1 fusionado para o ano de 2025.\u00a0<\/p>\n<p style=\"text-align: center\"><strong>Ent\u00e3o, em 2025, o Programa de P\u00f3s-Gradua\u00e7\u00e3o em Engenharia Civil \u2013 <a href=\"https:\/\/www.ufsm.br\/cursos\/pos-graduacao\/santa-maria\/ppgec\" target=\"_blank\" rel=\"noopener\">\u00a0PPGEC<\/a>\u00a0e o Programa de P\u00f3s-Gradua\u00e7\u00e3o em Engenharia Ambiental \u2013\u00a0<a href=\"https:\/\/www.ufsm.br\/cursos\/pos-graduacao\/santa-maria\/ppgeamb\" target=\"_blank\" rel=\"noopener\">\u00a0PPGEAmb<\/a>\u00a0est\u00e3o fusionados e tornaram-se o\u00a0<a href=\"https:\/\/www.ufsm.br\/cursos\/pos-graduacao\/santa-maria\/ppgecam\" target=\"_blank\" rel=\"noopener\">\u00a0PPGECAM \u2013 Programa de P\u00f3s-Gradua\u00e7\u00e3o em Engenharia Civil e Ambiental<\/a>.<\/strong><\/p>\n<p><img loading=\"lazy\" decoding=\"async\" class=\"aligncenter wp-image-2845 \" src=\"https:\/\/www.ufsm.br\/app\/uploads\/sites\/550\/2025\/06\/site-fusao-819x1024.jpg\" alt=\"\" width=\"443\" height=\"554\" \/><\/p>\n","protected":false},"excerpt":{"rendered":"<p>O Programa de P\u00f3s-gradua\u00e7\u00e3o em Engenharia Civil (PPGEC) teve seu in\u00edcio no ano de 1994, em n\u00edvel de Mestrado Acad\u00eamico, com o objetivo de qualificar profissionais para o exerc\u00edcio das atividades de pesquisa, ensino e extens\u00e3o no campo da Engenharia Civil e \u00e1reas afins. Inicialmente, foi criado na \u00e1rea de concentra\u00e7\u00e3o em Constru\u00e7\u00e3o Civil e [&hellip;]<\/p>\n","protected":false},"author":723,"featured_media":0,"parent":0,"menu_order":0,"comment_status":"closed","ping_status":"closed","template":"","meta":{"footnotes":""},"categories":[],"tags":[],"class_list":["post-316","page","type-page","status-publish","hentry"],"acf":[],"_links":{"self":[{"href":"https:\/\/www.ufsm.br\/cursos\/pos-graduacao\/santa-maria\/ppgec\/wp-json\/wp\/v2\/pages\/316","targetHints":{"allow":["GET"]}}],"collection":[{"href":"https:\/\/www.ufsm.br\/cursos\/pos-graduacao\/santa-maria\/ppgec\/wp-json\/wp\/v2\/pages"}],"about":[{"href":"https:\/\/www.ufsm.br\/cursos\/pos-graduacao\/santa-maria\/ppgec\/wp-json\/wp\/v2\/types\/page"}],"author":[{"embeddable":true,"href":"https:\/\/www.ufsm.br\/cursos\/pos-graduacao\/santa-maria\/ppgec\/wp-json\/wp\/v2\/users\/723"}],"replies":[{"embeddable":true,"href":"https:\/\/www.ufsm.br\/cursos\/pos-graduacao\/santa-maria\/ppgec\/wp-json\/wp\/v2\/comments?post=316"}],"version-history":[{"count":0,"href":"https:\/\/www.ufsm.br\/cursos\/pos-graduacao\/santa-maria\/ppgec\/wp-json\/wp\/v2\/pages\/316\/revisions"}],"wp:attachment":[{"href":"https:\/\/www.ufsm.br\/cursos\/pos-graduacao\/santa-maria\/ppgec\/wp-json\/wp\/v2\/media?parent=316"}],"wp:term":[{"taxonomy":"category","embeddable":true,"href":"https:\/\/www.ufsm.br\/cursos\/pos-graduacao\/santa-maria\/ppgec\/wp-json\/wp\/v2\/categories?post=316"},{"taxonomy":"post_tag","embeddable":true,"href":"https:\/\/www.ufsm.br\/cursos\/pos-graduacao\/santa-maria\/ppgec\/wp-json\/wp\/v2\/tags?post=316"}],"curies":[{"name":"wp","href":"https:\/\/api.w.org\/{rel}","templated":true}]}}