{"id":580,"date":"2019-04-15T12:18:25","date_gmt":"2019-04-15T15:18:25","guid":{"rendered":"https:\/\/www.ufsm.br\/cursos\/pos-graduacao\/santa-maria\/ppgec\/?page_id=580"},"modified":"2025-03-07T09:18:05","modified_gmt":"2025-03-07T12:18:05","slug":"docentes","status":"publish","type":"page","link":"https:\/\/www.ufsm.br\/cursos\/pos-graduacao\/santa-maria\/ppgec\/docentes","title":{"rendered":"Docentes"},"content":{"rendered":"\t\t<div data-elementor-type=\"wp-post\" data-elementor-id=\"580\" class=\"elementor elementor-580\">\n\t\t\t\t\t\t<section class=\"elementor-section elementor-top-section elementor-element elementor-element-31a16ad0 elementor-section-boxed elementor-section-height-default elementor-section-height-default\" data-id=\"31a16ad0\" data-element_type=\"section\">\n\t\t\t\t\t\t<div class=\"elementor-container elementor-column-gap-default\">\n\t\t\t\t\t<div class=\"elementor-column elementor-col-100 elementor-top-column elementor-element elementor-element-61f0891\" data-id=\"61f0891\" data-element_type=\"column\">\n\t\t\t<div class=\"elementor-widget-wrap elementor-element-populated\">\n\t\t\t\t\t\t<div class=\"elementor-element elementor-element-1dc11285 elementor-widget__width-initial elementor-widget elementor-widget-text-editor\" data-id=\"1dc11285\" data-element_type=\"widget\" data-widget_type=\"text-editor.default\">\n\t\t\t\t<div class=\"elementor-widget-container\">\n\t\t\t\t\t\t\t<table style=\"width: 120.036%;height: 1752px\">\n<thead>\n<tr style=\"height: 24px\">\n<th style=\"width: 42.633%;height: 24px\">Nome<\/th>\n<th style=\"width: 7.75065%;height: 24px\">Categoria<\/th>\n<th style=\"width: 3.32033%;height: 24px;text-align: center\">\u00c1rea<\/th>\n<th style=\"width: 122.915%;text-align: center\">Linha de Pesquisa\u00a0<\/th>\n<th style=\"width: 4.26541%;height: 24px;text-align: center\">E-mail<\/th>\n<th style=\"width: 1.57978%;height: 24px\">Lattes<\/th>\n<\/tr>\n<\/thead>\n<tbody>\n<tr style=\"height: 48px\">\n<td style=\"width: 42.633%;height: 48px\">Alexandre Silva de Vargas<\/td>\n<td style=\"width: 7.75065%;height: 48px;text-align: center\">\u00a0Permanente<\/td>\n<td style=\"width: 3.32033%;height: 48px;text-align: center\">CC<\/td>\n<td style=\"width: 122.915%;text-align: center\">Materiais de Constru\u00e7\u00e3o<\/td>\n<td style=\"width: 4.26541%;height: 48px;text-align: center\">\u00a0<a href=\"mailto:alexandre.vargas@ufsm.br\" target=\"_blank\" rel=\"noopener\">alexandre.vargas@ufsm.br<\/a>\u00a0<\/td>\n<td style=\"width: 1.57978%;height: 48px\"><a href=\"http:\/\/lattes.cnpq.br\/6501148372644975\" target=\"_blank\" rel=\"noopener\">\u00a0Lattes<\/a><\/td>\n<\/tr>\n<tr style=\"height: 48px\">\n<td style=\"width: 42.633%;height: 48px\">Almir Barros da Silva Santos Neto<\/td>\n<td style=\"width: 7.75065%;height: 48px;text-align: center\">Colaborador<\/td>\n<td style=\"width: 3.32033%;height: 48px;text-align: center\">CC\u00a0<\/td>\n<td style=\"width: 122.915%;text-align: center\">Sistemas Estruturais e Construtivos<\/td>\n<td style=\"width: 4.26541%;height: 48px;text-align: center\"><a href=\"mailto:almir.neto@ufsm.br\">almir.neto@ufsm.br<\/a><\/td>\n<td style=\"width: 1.57978%;height: 48px;text-align: center\">\u00a0<a href=\"http:\/\/buscatextual.cnpq.br\/buscatextual\/visualizacv.do?metodo=apresentar&amp;id=K4768356E6\">Lattes<\/a><\/td>\n<\/tr>\n<tr style=\"height: 48px\">\n<td style=\"width: 42.633%;height: 48px\">Andr\u00e9 L\u00fcbeck<\/td>\n<td style=\"width: 7.75065%;height: 48px;text-align: center\">Permanente<\/td>\n<td style=\"width: 3.32033%;height: 48px;text-align: center\">CC\u00a0<\/td>\n<td style=\"width: 122.915%;text-align: center\">Sistemas Estruturais e Construtivos \/ Materiais de Constru\u00e7\u00e3o<\/td>\n<td style=\"width: 4.26541%;height: 48px;text-align: center\"><a href=\"mailto:andrelubeck@gmail.com\" target=\"_blank\" rel=\"noopener\">andrelubeck@gmail.com\u00a0<\/a><\/td>\n<td style=\"width: 1.57978%;height: 48px\"><a href=\"http:\/\/lattes.cnpq.br\/7511022637484145\" target=\"_blank\" rel=\"noopener\">Lattes<\/a><\/td>\n<\/tr>\n<tr style=\"height: 72px\">\n<td style=\"width: 42.633%;height: 72px\">Daniel Gustavo Allasia Piccilli<\/td>\n<td style=\"width: 7.75065%;height: 72px;text-align: center\">Permanente<\/td>\n<td style=\"width: 3.32033%;height: 72px;text-align: center\">RH\u00a0<\/td>\n<td style=\"width: 122.915%;text-align: center\">Monitoramento e Modelagem dos Recursos H\u00eddricos<\/td>\n<td style=\"width: 4.26541%;height: 72px;text-align: center\"><a href=\"mailto:dga@ufsm.br\">dga@ufsm.br<\/a><\/td>\n<td style=\"width: 1.57978%;height: 72px\"><a href=\"http:\/\/buscatextual.cnpq.br\/buscatextual\/visualizacv.do?metodo=apresentar&amp;id=K4773962P8\">Lattes<\/a><\/td>\n<\/tr>\n<tr style=\"height: 48px\">\n<td style=\"width: 42.633%;height: 48px\">D\u00e9bora Missio Bayer<\/td>\n<td style=\"width: 7.75065%;height: 48px;text-align: center\">Permanente<\/td>\n<td style=\"width: 3.32033%;height: 48px;text-align: center\">RH\u00a0<\/td>\n<td style=\"width: 122.915%;text-align: center\">\u00a0Monitoramento e Modelagem dos Recursos H\u00eddricos<\/td>\n<td style=\"width: 4.26541%;height: 48px;text-align: center\"><a href=\"mailto:deborabayer@gmail.com\">deborabayer@gmail.com<\/a><\/td>\n<td style=\"width: 1.57978%;height: 48px\"><a href=\"http:\/\/buscatextual.cnpq.br\/buscatextual\/visualizacv.do?metodo=apresentar&amp;id=K4138661U2\">Lattes<\/a><\/td>\n<\/tr>\n<tr style=\"height: 48px\">\n<td style=\"width: 42.633%;height: 48px\">Deividi da Silva Pereira<\/td>\n<td style=\"width: 7.75065%;height: 48px;text-align: center\">Permanente<\/td>\n<td style=\"width: 3.32033%;height: 48px;text-align: center\">CC\u00a0<\/td>\n<td style=\"width: 122.915%;text-align: center\">Geotecnia e Pavimenta\u00e7\u00e3o<\/td>\n<td style=\"width: 4.26541%;height: 48px;text-align: center\"><a href=\"mailto:dsp@ufsm.br\">dsp@ufsm.br<\/a><\/td>\n<td style=\"width: 1.57978%;height: 48px\"><a href=\"http:\/\/buscatextual.cnpq.br\/buscatextual\/visualizacv.do?metodo=apresentar&amp;id=K4704154D4\">Lattes<\/a><\/td>\n<\/tr>\n<tr style=\"height: 72px\">\n<td style=\"width: 42.633%;height: 72px\">Delmira Beatriz Wolff<\/td>\n<td style=\"width: 7.75065%;height: 72px;text-align: center\">Permanente<\/td>\n<td style=\"width: 3.32033%;height: 72px;text-align: center\">RH<\/td>\n<td style=\"width: 122.915%;text-align: center\">Saneamento B\u00e1sico e Ambiental<\/td>\n<td style=\"width: 4.26541%;height: 72px;text-align: center\"><a href=\"mailto:delmira-wolff.dw@ufsm.br\" target=\"_blank\" rel=\"noopener\">delmira-wolff.dw@ufsm.br<\/a><\/td>\n<td style=\"width: 1.57978%;height: 72px\"><a href=\"http:\/\/buscatextual.cnpq.br\/buscatextual\/visualizacv.do?metodo=apresentar&amp;id=K4792154J1\">Lattes<\/a><\/td>\n<\/tr>\n<tr style=\"height: 48px\">\n<td style=\"width: 42.633%;height: 48px\">Eduardo Rizzatti<\/td>\n<td style=\"width: 7.75065%;height: 48px;text-align: center\">Colaborador<\/td>\n<td style=\"width: 3.32033%;height: 48px;text-align: center\">CC\u00a0<\/td>\n<td style=\"width: 122.915%;text-align: center\">Sistemas Estruturais e Construtivos<\/td>\n<td style=\"width: 4.26541%;height: 48px;text-align: center\"><a href=\"mailto:edu_rizzatti@yahoo.com.br\">edu_rizzatti@yahoo.com.br<\/a><\/td>\n<td style=\"width: 1.57978%;height: 48px\"><a href=\"http:\/\/buscatextual.cnpq.br\/buscatextual\/visualizacv.do?metodo=apresentar&amp;id=K4707100J1\">Lattes<\/a><\/td>\n<\/tr>\n<tr style=\"height: 48px\">\n<td style=\"width: 42.633%;height: 48px\">Elvis Carissimi<\/td>\n<td style=\"width: 7.75065%;height: 48px;text-align: center\">Permanente<\/td>\n<td style=\"width: 3.32033%;height: 48px;text-align: center\">RH\u00a0<\/td>\n<td style=\"width: 122.915%;text-align: center\">Saneamento B\u00e1sico e Ambiental<\/td>\n<td style=\"width: 4.26541%;height: 48px;text-align: center\"><a href=\"mailto:ecarissimi@gmail.com\">ecarissimi@gmail.com<\/a><\/td>\n<td style=\"width: 1.57978%;height: 48px\"><a href=\"http:\/\/buscatextual.cnpq.br\/buscatextual\/visualizacv.do?metodo=apresentar&amp;id=K4764408D0\">Lattes<\/a><\/td>\n<\/tr>\n<tr style=\"height: 48px\">\n<td style=\"width: 42.633%;height: 48px\">Eric Brand\u00e3o Carneiro<\/td>\n<td style=\"width: 7.75065%;height: 48px;text-align: center\">Permanente<\/td>\n<td style=\"width: 3.32033%;height: 48px;text-align: center\">CC\u00a0<\/td>\n<td style=\"width: 122.915%;text-align: center\">Conforto Ambiental<\/td>\n<td style=\"width: 4.26541%;height: 48px;text-align: center\"><a href=\"mailto:eric.brandao@eac.ufsm.br\">eric.brandao@eac.ufsm.br<\/a><\/td>\n<td style=\"width: 1.57978%;height: 48px\"><a href=\"http:\/\/buscatextual.cnpq.br\/buscatextual\/visualizacv.do?metodo=apresentar&amp;id=K4270722T1\">Lattes<\/a><\/td>\n<\/tr>\n<tr style=\"height: 72px\">\n<td style=\"width: 42.633%;height: 72px\">Erich David Rodriguez Martinez<\/td>\n<td style=\"width: 7.75065%;height: 72px;text-align: center\">Permanente<\/td>\n<td style=\"width: 3.32033%;height: 72px;text-align: center\">CC\u00a0<\/td>\n<td style=\"width: 122.915%;text-align: center\">Materiais de Constru\u00e7\u00e3o<\/td>\n<td style=\"width: 4.26541%;height: 72px;text-align: center\"><a href=\"mailto:erich.rodriguez@ufsm.br\">erich.rodriguez@ufsm.br<\/a><\/td>\n<td style=\"width: 1.57978%;height: 72px\"><a href=\"http:\/\/buscatextual.cnpq.br\/buscatextual\/visualizacv.do?metodo=apresentar&amp;id=K8741931Z5\">Lattes<\/a><\/td>\n<\/tr>\n<tr style=\"height: 48px\">\n<td style=\"width: 42.633%;height: 48px\">Geraldo Cechella Isaia<\/td>\n<td style=\"width: 7.75065%;height: 48px;text-align: center\">Colaborador<\/td>\n<td style=\"width: 3.32033%;height: 48px;text-align: center\">CC<\/td>\n<td style=\"width: 122.915%;text-align: center\">Materiais de Constru\u00e7\u00e3o<\/td>\n<td style=\"width: 4.26541%;height: 48px;text-align: center\"><a href=\"mailto:geraldoisaia@gmail.com\" target=\"_blank\" rel=\"noopener\">geraldoisaia@gmail.com<\/a><\/td>\n<td style=\"width: 1.57978%;height: 48px\"><a href=\"http:\/\/lattes.cnpq.br\/8260652949733370\" target=\"_blank\" rel=\"noopener\">Lattes<\/a><\/td>\n<\/tr>\n<tr style=\"height: 48px\">\n<td style=\"width: 42.633%;height: 48px\">Giane de Campos Grigoletti\u00a0<\/td>\n<td style=\"width: 7.75065%;height: 48px;text-align: center\">Permanente<\/td>\n<td style=\"width: 3.32033%;height: 48px;text-align: center\">CC<\/td>\n<td style=\"width: 122.915%;text-align: center\">\u00a0Conforto Ambiental<\/td>\n<td style=\"width: 4.26541%;height: 48px;text-align: center\"><a href=\"mailto:giane.c.grigoletti@ufsm.br\" target=\"_blank\" rel=\"noopener\">g<\/a><a href=\"mailto:giane.c.grigoletti@ufsm.br\" target=\"_blank\" rel=\"noopener\">iane.c.grigoletti@ufsm.br<\/a><\/td>\n<td style=\"width: 1.57978%;height: 48px\"><a href=\"http:\/\/buscatextual.cnpq.br\/buscatextual\/visualizacv.do?metodo=apresentar&amp;id=K4785720U5\">Lattes<\/a><\/td>\n<\/tr>\n<tr style=\"height: 48px\">\n<td style=\"width: 42.633%;height: 48px\">Gihad Mohamad<\/td>\n<td style=\"width: 7.75065%;height: 48px;text-align: center\">Permanente<\/td>\n<td style=\"width: 3.32033%;height: 48px;text-align: center\">CC<\/td>\n<td style=\"width: 122.915%;text-align: center\">\u00a0Materiais de Constru\u00e7\u00e3o \/ Sistemas Estruturais e Construtivos<\/td>\n<td style=\"width: 4.26541%;height: 48px;text-align: center\"><a href=\"mailto:gihad@ufsm.br\">gihad@ufsm.br<\/a><\/td>\n<td style=\"width: 1.57978%;height: 48px\"><a href=\"http:\/\/buscatextual.cnpq.br\/buscatextual\/visualizacv.do?metodo=apresentar&amp;id=K4795342Y5\">Lattes<\/a><\/td>\n<\/tr>\n<tr style=\"height: 72px\">\n<td style=\"width: 42.633%;height: 72px\">Jo\u00e3o Kaminski Junior<\/td>\n<td style=\"width: 7.75065%;height: 72px;text-align: center\">Permanente<\/td>\n<td style=\"width: 3.32033%;height: 72px;text-align: center\">CC\u00a0<\/td>\n<td style=\"width: 122.915%;text-align: center\">Sistemas Estruturais e Construtivos<\/td>\n<td style=\"width: 4.26541%;height: 72px;text-align: center\"><a href=\"mailto:jkj@ufsm.br\">jkj@ufsm.br<\/a><\/td>\n<td style=\"width: 1.57978%;height: 72px\"><a href=\"http:\/\/buscatextual.cnpq.br\/buscatextual\/visualizacv.do?metodo=apresentar&amp;id=K4723786A6\">Lattes<\/a><\/td>\n<\/tr>\n<tr style=\"height: 72px\">\n<td style=\"width: 42.633%;height: 72px\">Joaquim Cesar Pizzutti dos Santos<\/td>\n<td style=\"width: 7.75065%;height: 72px;text-align: center\">Colaborador<\/td>\n<td style=\"width: 3.32033%;height: 72px;text-align: center\">CC\u00a0<\/td>\n<td style=\"width: 122.915%;text-align: center\">\u00a0Conforto Ambiental<\/td>\n<td style=\"width: 4.26541%;height: 72px;text-align: center\"><a href=\"mailto:joaquimpizzutti@hotmail.com\">joaquimpizzutti@hotmail.com<\/a><\/td>\n<td style=\"width: 1.57978%;height: 72px\"><a href=\"http:\/\/buscatextual.cnpq.br\/buscatextual\/visualizacv.do?metodo=apresentar&amp;id=K4792651E5\">Lattes<\/a><\/td>\n<\/tr>\n<tr style=\"height: 48px\">\n<td style=\"width: 42.633%;height: 48px\">Jos\u00e9 Tadeu Balbo<\/td>\n<td style=\"width: 7.75065%;height: 48px;text-align: center\">Colaborador<\/td>\n<td style=\"width: 3.32033%;height: 48px;text-align: center\">CC\u00a0<\/td>\n<td style=\"width: 122.915%;text-align: center\">Geotecnia e Pavimenta\u00e7\u00e3o<\/td>\n<td style=\"width: 4.26541%;height: 48px;text-align: center\"><a href=\"mailto:jotbalbo@usp.br\">jotbalbo@usp.br<\/a><\/td>\n<td style=\"width: 1.57978%;height: 48px\"><a href=\"http:\/\/buscatextual.cnpq.br\/buscatextual\/visualizacv.do?metodo=apresentar&amp;id=K4792706E0\">Lattes<\/a><\/td>\n<\/tr>\n<tr style=\"height: 48px\">\n<td style=\"width: 42.633%;height: 48px\">Jussara Cabral Cruz<\/td>\n<td style=\"width: 7.75065%;height: 48px;text-align: center\">Colaborador<\/td>\n<td style=\"width: 3.32033%;height: 48px;text-align: center\">RH\u00a0<\/td>\n<td style=\"width: 122.915%;text-align: center\">Gest\u00e3o Ambiental e de Recursos H\u00eddricos\u00a0<\/td>\n<td style=\"width: 4.26541%;height: 48px;text-align: center\"><a href=\"mailto:jussaracruz@gmail.com\">jussaracruz@gmail.com<\/a><\/td>\n<td style=\"width: 1.57978%;height: 48px\"><a href=\"http:\/\/buscatextual.cnpq.br\/buscatextual\/visualizacv.do?metodo=apresentar&amp;id=K4786350H4\">Lattes<\/a><\/td>\n<\/tr>\n<tr style=\"height: 48px\">\n<td style=\"width: 42.633%;height: 48px\">Leandro Concei\u00e7\u00e3o Pinto<\/td>\n<td style=\"width: 7.75065%;height: 48px;text-align: center\">Colaborador<\/td>\n<td style=\"width: 3.32033%;height: 48px;text-align: center\">RH\u00a0<\/td>\n<td style=\"width: 122.915%;text-align: center\">Monitoramento e Modelagem dos Recursos H\u00eddricos<\/td>\n<td style=\"width: 4.26541%;height: 48px;text-align: center\"><a href=\"mailto:leandro.pinto@ufsm.br\">leandro.pinto@ufsm.br<\/a><\/td>\n<td style=\"width: 1.57978%;height: 48px\"><a href=\"http:\/\/buscatextual.cnpq.br\/buscatextual\/visualizacv.do?metodo=apresentar&amp;id=K4559926A3\">Lattes<\/a><\/td>\n<\/tr>\n<tr style=\"height: 72px\">\n<td style=\"width: 42.633%;height: 72px\">Luciano Pivoto Specht<\/td>\n<td style=\"width: 7.75065%;height: 72px;text-align: center\">Permanente<\/td>\n<td style=\"width: 3.32033%;height: 72px;text-align: center\">CC\u00a0<\/td>\n<td style=\"width: 122.915%;text-align: center\">Geotecnia e Pavimenta\u00e7\u00e3o<\/td>\n<td style=\"width: 4.26541%;height: 72px;text-align: center\"><a href=\"mailto:luspecht@ufsm.br\">luspecht@ufsm.br<\/a><\/td>\n<td style=\"width: 1.57978%;height: 72px\"><a href=\"http:\/\/buscatextual.cnpq.br\/buscatextual\/visualizacv.do?metodo=apresentar&amp;id=K4700198H2\">Lattes<\/a><\/td>\n<\/tr>\n<tr style=\"height: 48px\">\n<td style=\"width: 42.633%;height: 48px\">Magnos Baroni<\/td>\n<td style=\"width: 7.75065%;height: 48px;text-align: center\">Permanente<\/td>\n<td style=\"width: 3.32033%;height: 48px;text-align: center\">\u00a0CC\u00a0<\/td>\n<td style=\"width: 122.915%;text-align: center\">Geotecnia e Pavimenta\u00e7\u00e3o<\/td>\n<td style=\"width: 4.26541%;height: 48px;text-align: center\"><a href=\"mailto:magnos.baroni@gmail.com\">magnos.baroni@gmail.com<\/a><\/td>\n<td style=\"width: 1.57978%;height: 48px\"><a href=\"http:\/\/buscatextual.cnpq.br\/buscatextual\/visualizacv.do?metodo=apresentar&amp;id=K4200570U3\">Lattes<\/a><\/td>\n<\/tr>\n<tr style=\"height: 72px\">\n<td style=\"width: 42.633%;height: 72px\">Ren\u00e9 Quispe Rodriguez<\/td>\n<td style=\"width: 7.75065%;height: 72px;text-align: center\">Permanente<\/td>\n<td style=\"width: 3.32033%;height: 72px;text-align: center\">CC\u00a0<\/td>\n<td style=\"width: 122.915%;text-align: center\">Sistemas Estruturais e Construtivos<\/td>\n<td style=\"width: 4.26541%;height: 72px;text-align: center\"><a href=\"mailto:rene.rodriguez@ufsm.br\" target=\"_blank\" rel=\"noopener\">rene.rodriguez@ufsm.br\u00a0<\/a><\/td>\n<td style=\"width: 1.57978%;height: 72px\">\u00a0<a href=\"http:\/\/lattes.cnpq.br\/0620634336314463\" target=\"_blank\" rel=\"noopener\">Lattes<\/a><\/td>\n<\/tr>\n<tr style=\"height: 72px\">\n<td style=\"width: 42.633%;height: 72px\">Rinaldo Jos\u00e9 Barbosa Pinheiro<\/td>\n<td style=\"width: 7.75065%;height: 72px;text-align: center\">Permanente<\/td>\n<td style=\"width: 3.32033%;height: 72px;text-align: center\">CC\u00a0<\/td>\n<td style=\"width: 122.915%;text-align: center\">Geotecnia e Pavimenta\u00e7\u00e3o<\/td>\n<td style=\"width: 4.26541%;height: 72px;text-align: center\"><a href=\"mailto:rinaldo@ufsm.br\">rinaldo@ufsm.br<\/a><\/td>\n<td style=\"width: 1.57978%;height: 72px\"><a href=\"http:\/\/buscatextual.cnpq.br\/buscatextual\/visualizacv.do?metodo=apresentar&amp;id=K4780835T4\">Lattes<\/a><\/td>\n<\/tr>\n<tr style=\"height: 48px\">\n<td style=\"width: 42.633%;height: 48px\">\u00a0Roberto Aizik Tenenbaum<\/td>\n<td style=\"width: 7.75065%;height: 48px;text-align: center\">\u00a0Permanente<\/td>\n<td style=\"width: 3.32033%;height: 48px;text-align: center\">\u00a0CC<\/td>\n<td style=\"width: 122.915%;text-align: center\">Conforto Ambiental<\/td>\n<td style=\"width: 4.26541%;height: 48px;text-align: center\">\u00a0<a href=\"mailto:ratenenbaum@gmail.com\" target=\"_blank\" rel=\"noopener\">ratenenbaum@gmail.com<\/a>\u00a0<\/td>\n<td style=\"width: 1.57978%;height: 48px\">\u00a0<a href=\"http:\/\/lattes.cnpq.br\/1161317972489632\" target=\"_blank\" rel=\"noopener\">Lattes<\/a><\/td>\n<\/tr>\n<tr style=\"height: 72px\">\n<td style=\"width: 42.633%;height: 72px\">Rog\u00e9rio Cattelan Antocheves de Lima<\/td>\n<td style=\"width: 7.75065%;height: 72px;text-align: center\">Permanente<\/td>\n<td style=\"width: 3.32033%;height: 72px;text-align: center\">CC\u00a0<\/td>\n<td style=\"width: 122.915%;text-align: center\">Sistemas Estruturais e Construtivos<\/td>\n<td style=\"width: 4.26541%;height: 72px;text-align: center\"><a href=\"mailto:rogerio@ufsm.br\">rogerio@ufsm.br<\/a><\/td>\n<td style=\"width: 1.57978%;height: 72px\"><a href=\"http:\/\/lattes.cnpq.br\/5518587537986438\" target=\"_blank\" rel=\"noopener\">Lattes<\/a><\/td>\n<\/tr>\n<tr style=\"height: 48px\">\n<td style=\"width: 42.633%;height: 48px\">Rutineia Tassi<\/td>\n<td style=\"width: 7.75065%;height: 48px;text-align: center\">Permanente<\/td>\n<td style=\"width: 3.32033%;height: 48px;text-align: center\">RH\u00a0<\/td>\n<td style=\"width: 122.915%;text-align: center\">Monitoramento e Modelagem dos Recursos H\u00eddricos<\/td>\n<td style=\"width: 4.26541%;height: 48px;text-align: center\"><a href=\"mailto:rutineia@gmail.com\">rutineia@gmail.com<\/a><\/td>\n<td style=\"width: 1.57978%;height: 48px\"><a href=\"http:\/\/buscatextual.cnpq.br\/buscatextual\/visualizacv.do?metodo=apresentar&amp;id=K4707966H9\">Lattes<\/a><\/td>\n<\/tr>\n<tr style=\"height: 48px\">\n<td style=\"width: 42.633%;height: 48px\">Tatiana Cervo<\/td>\n<td style=\"width: 7.75065%;height: 48px;text-align: center\">Colaborador<\/td>\n<td style=\"width: 3.32033%;height: 48px;text-align: center\">CC\u00a0<\/td>\n<td style=\"width: 122.915%;text-align: center\">Geotecnia e Pavimenta\u00e7\u00e3o<\/td>\n<td style=\"width: 4.26541%;height: 48px;text-align: center\"><a href=\"mailto:cervo.tatiana@ufsm.br\">cervo.tatiana@ufsm.br<\/a><\/td>\n<td style=\"width: 1.57978%;height: 48px\"><a href=\"http:\/\/buscatextual.cnpq.br\/buscatextual\/visualizacv.do?metodo=apresentar&amp;id=K4767432H6\">Lattes<\/a><\/td>\n<\/tr>\n<tr style=\"height: 48px\">\n<td style=\"width: 42.633%;height: 48px\">Vanessa Sari<\/td>\n<td style=\"width: 7.75065%;height: 48px;text-align: center\">Colaborador<\/td>\n<td style=\"width: 3.32033%;height: 48px;text-align: center\">RH<\/td>\n<td style=\"width: 122.915%;text-align: center\">Monitoramento e Modelagem dos Recursos H\u00eddricos<\/td>\n<td style=\"width: 4.26541%;height: 48px;text-align: center\"><a href=\"mailto:vanessa.sari@ufsm.br\">vanessa.sari@ufsm.br<\/a><\/td>\n<td style=\"width: 1.57978%;height: 48px\"><a href=\"http:\/\/buscatextual.cnpq.br\/buscatextual\/visualizacv.do?metodo=apresentar&amp;id=K4138478A6\">Lattes<\/a><\/td>\n<\/tr>\n<tr style=\"height: 72px\">\n<td style=\"width: 42.633%;height: 72px\">Viviane Suzey Gomes de Melo<\/td>\n<td style=\"width: 7.75065%;height: 72px;text-align: center\">Colaborador<\/td>\n<td style=\"width: 3.32033%;height: 72px;text-align: center\">CC<\/td>\n<td style=\"width: 122.915%;text-align: center\">Conforto Ambiental<\/td>\n<td style=\"width: 4.26541%;height: 72px;text-align: center\"><a href=\"mailto:viviane.melo@eac.ufsm.br\">viviane.melo@eac.ufsm.br<\/a><\/td>\n<td style=\"width: 1.57978%;height: 72px\"><a href=\"http:\/\/lattes.cnpq.br\/5640661336499240\" target=\"_blank\" rel=\"noopener\">Lattes<\/a><\/td>\n<\/tr>\n<\/tbody>\n<\/table>\n<p style=\"text-align: center\">CC: Constru\u00e7\u00e3o Civil e Preserva\u00e7\u00e3o Ambiental<br \/>RH: Recursos H\u00eddricos e Saneamento AmbientalSistemas Estruturais e Construtivos<\/p>\n<p><!-- \/wp:table --><\/p>\t\t\t\t\t\t<\/div>\n\t\t\t\t<\/div>\n\t\t\t\t\t<\/div>\n\t\t<\/div>\n\t\t\t\t\t<\/div>\n\t\t<\/section>\n\t\t\t\t<\/div>\n\t\t","protected":false},"excerpt":{"rendered":"<p>Nome Categoria \u00c1rea Linha de Pesquisa\u00a0 E-mail Lattes Alexandre Silva de Vargas \u00a0Permanente CC Materiais de Constru\u00e7\u00e3o \u00a0alexandre.vargas@ufsm.br\u00a0 \u00a0Lattes Almir Barros da Silva Santos Neto Colaborador CC\u00a0 Sistemas Estruturais e Construtivos almir.neto@ufsm.br \u00a0Lattes Andr\u00e9 L\u00fcbeck Permanente CC\u00a0 Sistemas Estruturais e Construtivos \/ Materiais de Constru\u00e7\u00e3o andrelubeck@gmail.com\u00a0 Lattes Daniel Gustavo Allasia Piccilli Permanente RH\u00a0 Monitoramento e [&hellip;]<\/p>\n","protected":false},"author":118,"featured_media":0,"parent":0,"menu_order":0,"comment_status":"closed","ping_status":"closed","template":"","meta":{"footnotes":""},"categories":[],"tags":[],"class_list":["post-580","page","type-page","status-publish","hentry"],"acf":[],"_links":{"self":[{"href":"https:\/\/www.ufsm.br\/cursos\/pos-graduacao\/santa-maria\/ppgec\/wp-json\/wp\/v2\/pages\/580","targetHints":{"allow":["GET"]}}],"collection":[{"href":"https:\/\/www.ufsm.br\/cursos\/pos-graduacao\/santa-maria\/ppgec\/wp-json\/wp\/v2\/pages"}],"about":[{"href":"https:\/\/www.ufsm.br\/cursos\/pos-graduacao\/santa-maria\/ppgec\/wp-json\/wp\/v2\/types\/page"}],"author":[{"embeddable":true,"href":"https:\/\/www.ufsm.br\/cursos\/pos-graduacao\/santa-maria\/ppgec\/wp-json\/wp\/v2\/users\/118"}],"replies":[{"embeddable":true,"href":"https:\/\/www.ufsm.br\/cursos\/pos-graduacao\/santa-maria\/ppgec\/wp-json\/wp\/v2\/comments?post=580"}],"version-history":[{"count":0,"href":"https:\/\/www.ufsm.br\/cursos\/pos-graduacao\/santa-maria\/ppgec\/wp-json\/wp\/v2\/pages\/580\/revisions"}],"wp:attachment":[{"href":"https:\/\/www.ufsm.br\/cursos\/pos-graduacao\/santa-maria\/ppgec\/wp-json\/wp\/v2\/media?parent=580"}],"wp:term":[{"taxonomy":"category","embeddable":true,"href":"https:\/\/www.ufsm.br\/cursos\/pos-graduacao\/santa-maria\/ppgec\/wp-json\/wp\/v2\/categories?post=580"},{"taxonomy":"post_tag","embeddable":true,"href":"https:\/\/www.ufsm.br\/cursos\/pos-graduacao\/santa-maria\/ppgec\/wp-json\/wp\/v2\/tags?post=580"}],"curies":[{"name":"wp","href":"https:\/\/api.w.org\/{rel}","templated":true}]}}