{"id":757,"date":"2019-09-12T16:21:34","date_gmt":"2019-09-12T19:21:34","guid":{"rendered":"https:\/\/www.ufsm.br\/cursos\/pos-graduacao\/santa-maria\/ppgec\/?page_id=757"},"modified":"2023-10-27T15:20:25","modified_gmt":"2023-10-27T18:20:25","slug":"coorientacao-em-dissertacoes-e-teses","status":"publish","type":"page","link":"https:\/\/www.ufsm.br\/cursos\/pos-graduacao\/santa-maria\/ppgec\/coorientacao-em-dissertacoes-e-teses","title":{"rendered":"Coorienta\u00e7\u00e3o em Disserta\u00e7\u00f5es e Teses"},"content":{"rendered":"\n<p>Poder\u00e1 o(a) discente, havendo a necessidade para o desenvolvimento dos estudos, dispor\u00a0de coorientador(es\/as).<\/p>\n<p>Ao(\u00e0) coorientador(a) compete colaborar com a pesquisa do(a) discente, interagindo com o(a) orientador(a), no planejamento inicial, na implementa\u00e7\u00e3o e\/ou na reda\u00e7\u00e3o da disserta\u00e7\u00e3o ou tese e dos artigos cient\u00edficos resultantes dos trabalhos finais.\u00a0A escolha pela coorienta\u00e7\u00e3o ser\u00e1 em comum acordo, orientador(a), orientando(a) e\u00a0 coorientador(a).<\/p>\n<p><strong>Podem atuar como coorientador(a):<\/strong> docentes ou pesquisadores(as) que atuam na \u00e1rea acad\u00eamica ou profissional, internos ou externos ao programa de p\u00f3s-gradua\u00e7\u00e3o (PPG) e \u00e0 UFSM. Obrigatoriamente, devem ter o<strong> t\u00edtulo de Doutor(a)<\/strong>.\u00a0A indica\u00e7\u00e3o do(a) coorientador(a) dever\u00e1 ser aprovada pela coordena\u00e7\u00e3o do programa quando for docente credenciado no PPG e pelo Colegiado, quando for externo ao PPG ou \u00e0 UFSM. Ap\u00f3s essa aprova\u00e7\u00e3o, dever\u00e1 ocorrer a inclus\u00e3o da coorienta\u00e7\u00e3o no Plano de Estudos pelo(a) discente.<\/p>\n<p><strong>Banca Examinadora de Defesas:<\/strong> O nome e a designa\u00e7\u00e3o de coorientador(a) dever\u00e1 constar na portaria da banca examinadora da disserta\u00e7\u00e3o ou tese e na ata de defesa. Para isso, o(a) discente dever\u00e1 efetuar a inser\u00e7\u00e3o como membro da banca (coorientador \u2013 efetivo) no momento da abertura do processo da defesa pelo Portal Estudantil.<br \/>&#8211; Quando n\u00e3o for poss\u00edvel a participa\u00e7\u00e3o do(a) orientador(a) presidindo a banca examinadora da prova de defesa de disserta\u00e7\u00e3o, qualifica\u00e7\u00e3o ou tese, um dos(as) coorientadores(as) poder\u00e1 presidir os trabalhos de defesa. Na impossibilidade do(a) coorientador(a) presidir a defesa de disserta\u00e7\u00e3o, qualifica\u00e7\u00e3o ou tese em substitui\u00e7\u00e3o ao(a) orientador(a), este(a) dever\u00e1 comunicar oficialmente \u00e0 coordena\u00e7\u00e3o do programa, a qual indicar\u00e1 outro(a) docente para presidir os trabalhos.<br \/>Estando o(a) orientador(a) e o(a) coorientador(a) presentes na banca examinadora de defesa de disserta\u00e7\u00e3o ou tese, esta banca contar\u00e1 com mais 1 (um\/uma) membro(a) efetivo(a), sendo que o(a) coorientador(a) n\u00e3o poder\u00e1 participar da atribui\u00e7\u00e3o do conceito final.<\/p>\n<h1><em><span style=\"color: #800080\"><strong><img decoding=\"async\" class=\"an1\" src=\"https:\/\/fonts.gstatic.com\/s\/e\/notoemoji\/15.0\/1f449\/32.png\" alt=\"\ud83d\udc49\" data-emoji=\"\ud83d\udc49\" aria-label=\"\ud83d\udc49\" \/> A SOLICITA\u00c7\u00c3O SER\u00c1 DA SEGUINTE FORMA:\u00a0<\/strong><\/span><\/em><\/h1>\n<p><strong>1)<\/strong> Aluno(a): efetua a abertura de PEN (processo eletr\u00f4nico nacional) pela sua <strong><a href=\"https:\/\/portal.ufsm.br\/estudantil\/index.html\">Caixa Postal no Portal Estudantil,<\/a><\/strong> com o tipo documental: Processo de coorienta\u00e7\u00e3o para aluno de mestrado\/doutorado (134.331), anexando:<br \/><strong><a href=\"https:\/\/www.ufsm.br\/app\/uploads\/sites\/550\/2023\/10\/Requerimento-de-Coorientacao_Nome-discente.docx\">&#8211; Requerimento de Coorienta\u00e7\u00e3o<\/a>;<br \/><\/strong><strong><a href=\"https:\/\/www.ufsm.br\/app\/uploads\/sites\/550\/2023\/07\/Formulario-de-informacoes-Participantes-externos-a-UFSM.doc\">&#8211; Formul\u00e1rio de informa\u00e7\u00f5es &#8211; Participantes externos \u00e0 UFSM <\/a><\/strong>(nos casos de externos \u00e0 UFSM e que ainda n\u00e3o participou em atividade recente com o programa).<\/p>\n<p><strong>2)<\/strong> O Requerimento dever\u00e1 ser assinado pelas partes envolvidas, discente, orientador(a) e coorientador(a). Sendo assinado eletronicamente via PEN_UFSM, a tramita\u00e7\u00e3o deve ocorrer a cada uma das partes, que tamb\u00e9m podem efetuar a assinatura digital pelo <a href=\"https:\/\/www.gov.br\/governodigital\/pt-br\/assinatura-eletronica\" target=\"_blank\" rel=\"noopener\">Gov.Br.<\/a><\/p>\n<p>Ap\u00f3s a aprova\u00e7\u00e3o da coorienta\u00e7\u00e3o, o processo PEN ser\u00e1 tramitado \u00e0 caixa postal do discente para ci\u00eancia e a inclus\u00e3o da coorienta\u00e7\u00e3o no <strong><em><a href=\"https:\/\/www.ufsm.br\/cursos\/pos-graduacao\/santa-maria\/ppgec\/plano-de-estudos\/\">Plano de Estudos on-line.<\/a><\/em><\/strong><\/p>\n<p><strong>BASE LEGAL:<\/strong><\/p>\n<p><strong><a href=\"https:\/\/www.ufsm.br\/app\/uploads\/sites\/345\/2023\/10\/RES_UFSM_2023_139_ANEXO_I_Regulamento-Geral-PG-Stricto-Sensu-UFSM-2023.pdf\">Regulamento Geral da P\u00f3s-Gradua\u00e7\u00e3o Stricto Sensu \u2013 RESOLU\u00c7\u00c3O UFSM N\u00b0 139\/2023 \u2013 ANEXO I<\/a><\/strong><\/p>\n<p>\u00a0<\/p>\n","protected":false},"excerpt":{"rendered":"<p>Poder\u00e1 o(a) discente, havendo a necessidade para o desenvolvimento dos estudos, dispor\u00a0de coorientador(es\/as). Ao(\u00e0) coorientador(a) compete colaborar com a pesquisa do(a) discente, interagindo com o(a) orientador(a), no planejamento inicial, na implementa\u00e7\u00e3o e\/ou na reda\u00e7\u00e3o da disserta\u00e7\u00e3o ou tese e dos artigos cient\u00edficos resultantes dos trabalhos finais.\u00a0A escolha pela coorienta\u00e7\u00e3o ser\u00e1 em comum acordo, orientador(a), orientando(a) [&hellip;]<\/p>\n","protected":false},"author":883,"featured_media":0,"parent":0,"menu_order":0,"comment_status":"closed","ping_status":"closed","template":"","meta":{"footnotes":""},"categories":[],"tags":[],"class_list":["post-757","page","type-page","status-publish","hentry"],"acf":[],"_links":{"self":[{"href":"https:\/\/www.ufsm.br\/cursos\/pos-graduacao\/santa-maria\/ppgec\/wp-json\/wp\/v2\/pages\/757","targetHints":{"allow":["GET"]}}],"collection":[{"href":"https:\/\/www.ufsm.br\/cursos\/pos-graduacao\/santa-maria\/ppgec\/wp-json\/wp\/v2\/pages"}],"about":[{"href":"https:\/\/www.ufsm.br\/cursos\/pos-graduacao\/santa-maria\/ppgec\/wp-json\/wp\/v2\/types\/page"}],"author":[{"embeddable":true,"href":"https:\/\/www.ufsm.br\/cursos\/pos-graduacao\/santa-maria\/ppgec\/wp-json\/wp\/v2\/users\/883"}],"replies":[{"embeddable":true,"href":"https:\/\/www.ufsm.br\/cursos\/pos-graduacao\/santa-maria\/ppgec\/wp-json\/wp\/v2\/comments?post=757"}],"version-history":[{"count":0,"href":"https:\/\/www.ufsm.br\/cursos\/pos-graduacao\/santa-maria\/ppgec\/wp-json\/wp\/v2\/pages\/757\/revisions"}],"wp:attachment":[{"href":"https:\/\/www.ufsm.br\/cursos\/pos-graduacao\/santa-maria\/ppgec\/wp-json\/wp\/v2\/media?parent=757"}],"wp:term":[{"taxonomy":"category","embeddable":true,"href":"https:\/\/www.ufsm.br\/cursos\/pos-graduacao\/santa-maria\/ppgec\/wp-json\/wp\/v2\/categories?post=757"},{"taxonomy":"post_tag","embeddable":true,"href":"https:\/\/www.ufsm.br\/cursos\/pos-graduacao\/santa-maria\/ppgec\/wp-json\/wp\/v2\/tags?post=757"}],"curies":[{"name":"wp","href":"https:\/\/api.w.org\/{rel}","templated":true}]}}