{"id":254,"date":"2025-05-01T19:48:09","date_gmt":"2025-05-01T22:48:09","guid":{"rendered":"https:\/\/www.ufsm.br\/cursos\/pos-graduacao\/santa-maria\/ppgecam\/?page_id=254"},"modified":"2025-06-02T13:30:44","modified_gmt":"2025-06-02T16:30:44","slug":"sobre-nos","status":"publish","type":"page","link":"https:\/\/www.ufsm.br\/cursos\/pos-graduacao\/santa-maria\/ppgecam\/sobre-nos","title":{"rendered":"Sobre N\u00f3s"},"content":{"rendered":"\n<p><\/p>\n\n\n\n<p style=\"text-align: justify\">O Programa de P\u00f3s-Gradua\u00e7\u00e3o em Engenharia Civil e Ambiental (PPGECAM) \u00e9 o resultado da fus\u00e3o entre o Programa de P\u00f3s-Gradua\u00e7\u00e3o em Engenharia Civil (<a href=\"https:\/\/www.ufsm.br\/cursos\/pos-graduacao\/santa-maria\/ppgec\" target=\"_blank\" rel=\"noreferrer noopener\">PPGEC<\/a>) e o Programa de P\u00f3s-Gradua\u00e7\u00e3o em Engenharia Ambiental (<a href=\"https:\/\/www.ufsm.br\/cursos\/pos-graduacao\/santa-maria\/ppgeamb\" target=\"_blank\" rel=\"noreferrer noopener\">PPGEAmb<\/a>).<\/p>\n<p style=\"text-align: justify\">O processo de fus\u00e3o entre os programas PPGEC e PPGEAmb iniciou no ano de 2019 com a discuss\u00e3o entre suas coordena\u00e7\u00f5es quando a Capes sugere lan\u00e7a a ideia das fus\u00f5es entre programas das mesmas \u00e1reas de conhecimento de uma institui\u00e7\u00e3o de ensino para o fortalecimento da p\u00f3s-gradua\u00e7\u00e3o (PG). Logo a discuss\u00e3o chegou aos colegiados dos programas e houve o estudo de cen\u00e1rios. Com o amadurecimento de ideias e todo o planejamento para isso, a proposta de fus\u00e3o foi enviada e aprovada na Capes em 2023. A <a href=\"https:\/\/www.in.gov.br\/web\/dou\/-\/portaria-n-883-de-30-de-agosto-de-2024-582079954\" target=\"_blank\" rel=\"noreferrer noopener\">Portaria 883, de 30 de agosto de 2024<\/a> foi homologado pelo Minist\u00e9rio da Educa\u00e7\u00e3o (MEC) o Parecer CNE\/CES n\u00ba 421\/2024(C\u00e2mara de Educa\u00e7\u00e3o Superior do Conselho Nacional de Educa\u00e7\u00e3o), sendo autorizado o funcionamento do Programa j\u00e1 fusionado para o ano de 2025.\u00a0<\/p>\n<p style=\"text-align: justify\">O PPGEC teve seu in\u00edcio no ano de 1994, em n\u00edvel de Mestrado Acad\u00eamico, e com o doutorado aprovado com o ingresso da 1\u00aa turma em 2014, formando at\u00e9 o final do ano de 2024, 620 mestres(as) e doutores(as). O PPGEAmb, que iniciou as atividades no ano de 2012 e teve na mesma data a forma\u00e7\u00e3o de 87 mestres(as) e doutores(as). Ambos totalizaram a forma\u00e7\u00e3o de 707 mestres(as) e doutores(as) aptos a atual como pesquisadores, docentes e profissionais nas \u00e1reas das <a href=\"https:\/\/www.gov.br\/capes\/pt-br\/acesso-a-informacao\/acoes-e-programas\/avaliacao\/sobre-a-avaliacao\/areas-avaliacao\/sobre-as-areas-de-avaliacao\/colegio-de-ciencias-exatas-tecnologicas-e-multidisciplinar\/engenharias\/engenharias-i\">Engenharias I<\/a>.<\/p>\n\n\n\n<p><\/p>\n","protected":false},"excerpt":{"rendered":"<p>O Programa de P\u00f3s-Gradua\u00e7\u00e3o em Engenharia Civil e Ambiental (PPGECAM) \u00e9 o resultado da fus\u00e3o entre o Programa de P\u00f3s-Gradua\u00e7\u00e3o em Engenharia Civil (PPGEC) e o Programa de P\u00f3s-Gradua\u00e7\u00e3o em Engenharia Ambiental (PPGEAmb). O processo de fus\u00e3o entre os programas PPGEC e PPGEAmb iniciou no ano de 2019 com a discuss\u00e3o entre suas coordena\u00e7\u00f5es quando [&hellip;]<\/p>\n","protected":false},"author":883,"featured_media":0,"parent":0,"menu_order":0,"comment_status":"closed","ping_status":"closed","template":"","meta":{"footnotes":""},"categories":[],"tags":[],"class_list":["post-254","page","type-page","status-publish","hentry"],"acf":[],"_links":{"self":[{"href":"https:\/\/www.ufsm.br\/cursos\/pos-graduacao\/santa-maria\/ppgecam\/wp-json\/wp\/v2\/pages\/254","targetHints":{"allow":["GET"]}}],"collection":[{"href":"https:\/\/www.ufsm.br\/cursos\/pos-graduacao\/santa-maria\/ppgecam\/wp-json\/wp\/v2\/pages"}],"about":[{"href":"https:\/\/www.ufsm.br\/cursos\/pos-graduacao\/santa-maria\/ppgecam\/wp-json\/wp\/v2\/types\/page"}],"author":[{"embeddable":true,"href":"https:\/\/www.ufsm.br\/cursos\/pos-graduacao\/santa-maria\/ppgecam\/wp-json\/wp\/v2\/users\/883"}],"replies":[{"embeddable":true,"href":"https:\/\/www.ufsm.br\/cursos\/pos-graduacao\/santa-maria\/ppgecam\/wp-json\/wp\/v2\/comments?post=254"}],"version-history":[{"count":0,"href":"https:\/\/www.ufsm.br\/cursos\/pos-graduacao\/santa-maria\/ppgecam\/wp-json\/wp\/v2\/pages\/254\/revisions"}],"wp:attachment":[{"href":"https:\/\/www.ufsm.br\/cursos\/pos-graduacao\/santa-maria\/ppgecam\/wp-json\/wp\/v2\/media?parent=254"}],"wp:term":[{"taxonomy":"category","embeddable":true,"href":"https:\/\/www.ufsm.br\/cursos\/pos-graduacao\/santa-maria\/ppgecam\/wp-json\/wp\/v2\/categories?post=254"},{"taxonomy":"post_tag","embeddable":true,"href":"https:\/\/www.ufsm.br\/cursos\/pos-graduacao\/santa-maria\/ppgecam\/wp-json\/wp\/v2\/tags?post=254"}],"curies":[{"name":"wp","href":"https:\/\/api.w.org\/{rel}","templated":true}]}}