{"id":1178,"date":"2022-08-29T08:15:07","date_gmt":"2022-08-29T11:15:07","guid":{"rendered":"https:\/\/www.ufsm.br\/cursos\/pos-graduacao\/santa-maria\/ppged\/?page_id=1178"},"modified":"2022-08-29T08:20:19","modified_gmt":"2022-08-29T11:20:19","slug":"gpea-grupo-de-pesquisa-em-economia-aplicada","status":"publish","type":"page","link":"https:\/\/www.ufsm.br\/cursos\/pos-graduacao\/santa-maria\/ppged\/gpea-grupo-de-pesquisa-em-economia-aplicada","title":{"rendered":"GPEA \u2013 Grupo de Pesquisa em Economia Aplicada"},"content":{"rendered":"\n<p><img fetchpriority=\"high\" decoding=\"async\" class=\"aligncenter wp-image-1174 size-full\" src=\"https:\/\/www.ufsm.br\/app\/uploads\/sites\/533\/2022\/08\/295554536_1274254636726774_3318896194917697903_n.jpg\" alt=\"\" width=\"640\" height=\"640\" srcset=\"https:\/\/www.ufsm.br\/app\/uploads\/sites\/533\/2022\/08\/295554536_1274254636726774_3318896194917697903_n.jpg 640w, https:\/\/www.ufsm.br\/app\/uploads\/sites\/533\/2022\/08\/295554536_1274254636726774_3318896194917697903_n-300x300.jpg 300w, https:\/\/www.ufsm.br\/app\/uploads\/sites\/533\/2022\/08\/295554536_1274254636726774_3318896194917697903_n-150x150.jpg 150w\" sizes=\"(max-width: 640px) 100vw, 640px\" \/><\/p>\n<div class=\"entry-content\">\n<article id=\"post-1173\" class=\"single-grupos post-1173 grupos type-grupos status-publish hentry\">\n<div class=\"entry-content\">\n<div class=\"row\">\n<div class=\"col-lg-12\">\n<p style=\"text-align: justify\">O Grupo de Pesquisa em Economia Aplicada (GPEA) foi criado em 2018, a linhas de pesquisa s\u00e3o: Economia do Meio Ambiente, Economia Agr\u00edcola e Industrial; Economia Social, Pol\u00edticas P\u00fablicas e Desenvolvimento Regional; Macroeconomia, Economia Internacional e Finan\u00e7as.<\/p>\n<p>\u00a0<\/p>\n<p><strong>L\u00edderes do Grupo:<\/strong><\/p>\n<p>Profa. Dra. Kalinca Leia Becker;<\/p>\n<p>Prof. Dr. Anderson Ant\u00f4nio Denardin<\/p>\n<p>\u00a0<\/p>\n<p><strong>\u00c1rea predominante:<\/strong> Ci\u00eancias Sociais aplicadas; Economia.<\/p>\n<p>\u00a0<\/p>\n<p>Institui\u00e7\u00e3o do Grupo: UFSM<\/p>\n<div><a href=\"http:\/\/dgp.cnpq.br\/dgp\/espelhogrupo\/312764\" target=\"_blank\" rel=\"noopener\" data-saferedirecturl=\"https:\/\/www.google.com\/url?q=http:\/\/dgp.cnpq.br\/dgp\/espelhogrupo\/312764&amp;source=gmail&amp;ust=1661855172774000&amp;usg=AOvVaw3B41EefZSo_z4-OEIj5WQr\">http:\/\/dgp.cnpq.br\/dgp\/espelhogrupo\/312764<\/a><\/div>\n<div>e-mail: <a href=\"mailto:ufsmgpea@gmail.com\" target=\"_blank\" rel=\"noopener\">ufsmgpea@gmail.com<\/a><\/div>\n<div><a href=\"https:\/\/www.instagram.com\/gpea_ufsm\/\" target=\"_blank\" rel=\"noopener\" data-saferedirecturl=\"https:\/\/www.google.com\/url?q=https:\/\/www.instagram.com\/gpea_ufsm\/&amp;source=gmail&amp;ust=1661855172774000&amp;usg=AOvVaw12ycHoPGuzE5d-qDaM4q3S\">https:\/\/www.instagram.com\/gpea_ufsm\/<\/a><\/div>\n<div><a href=\"https:\/\/www.facebook.com\/GPEAUFSM\" target=\"_blank\" rel=\"noopener\" data-saferedirecturl=\"https:\/\/www.google.com\/url?q=https:\/\/www.facebook.com\/GPEAUFSM&amp;source=gmail&amp;ust=1661855172774000&amp;usg=AOvVaw2eak2eX4TqxUKesrXDz1vM\">https:\/\/www.facebook.com\/GPEAUFSM<\/a><\/div>\n<\/div>\n<\/div>\n<\/div>\n<\/article>\n<\/div>\n<p>https:\/\/www.ufsm.br\/grupos\/gpea-grupo-de-pesquisa-em\/<\/p>\n<p><blockquote class=\"wp-embedded-content\" data-secret=\"Ug4g8YTcv3\"><a href=\"https:\/\/www.ufsm.br\/pro-reitorias\/prpgp\/grupo-de-pesquisa\/gpea-grupo-de-pesquisa-em-economia-aplicada\">GPEA \u2013 Grupo de Pesquisa em Economia Aplicada<\/a><\/blockquote><iframe class=\"wp-embedded-content\" sandbox=\"allow-scripts\" security=\"restricted\" style=\"position: absolute; clip: rect(1px, 1px, 1px, 1px);\" title=\"&#8220;GPEA \u2013 Grupo de Pesquisa em Economia Aplicada&#8221; &#8212; PRPGP\" src=\"https:\/\/www.ufsm.br\/pro-reitorias\/prpgp\/grupo-de-pesquisa\/gpea-grupo-de-pesquisa-em-economia-aplicada\/embed#?secret=swcEVoXkdM#?secret=Ug4g8YTcv3\" data-secret=\"Ug4g8YTcv3\" width=\"500\" height=\"282\" frameborder=\"0\" marginwidth=\"0\" marginheight=\"0\" scrolling=\"no\"><\/iframe><\/p>\n","protected":false},"excerpt":{"rendered":"<p>O Grupo de Pesquisa em Economia Aplicada (GPEA) foi criado em 2018, a linhas de pesquisa s\u00e3o: Economia do Meio Ambiente, Economia Agr\u00edcola e Industrial; Economia Social, Pol\u00edticas P\u00fablicas e Desenvolvimento Regional; Macroeconomia, Economia Internacional e Finan\u00e7as. \u00a0 L\u00edderes do Grupo: Profa. Dra. Kalinca Leia Becker; Prof. Dr. Anderson Ant\u00f4nio Denardin \u00a0 \u00c1rea predominante: Ci\u00eancias [&hellip;]<\/p>\n","protected":false},"author":905,"featured_media":0,"parent":0,"menu_order":0,"comment_status":"closed","ping_status":"closed","template":"","meta":{"footnotes":""},"categories":[],"tags":[],"class_list":["post-1178","page","type-page","status-publish","hentry"],"acf":[],"_links":{"self":[{"href":"https:\/\/www.ufsm.br\/cursos\/pos-graduacao\/santa-maria\/ppged\/wp-json\/wp\/v2\/pages\/1178","targetHints":{"allow":["GET"]}}],"collection":[{"href":"https:\/\/www.ufsm.br\/cursos\/pos-graduacao\/santa-maria\/ppged\/wp-json\/wp\/v2\/pages"}],"about":[{"href":"https:\/\/www.ufsm.br\/cursos\/pos-graduacao\/santa-maria\/ppged\/wp-json\/wp\/v2\/types\/page"}],"author":[{"embeddable":true,"href":"https:\/\/www.ufsm.br\/cursos\/pos-graduacao\/santa-maria\/ppged\/wp-json\/wp\/v2\/users\/905"}],"replies":[{"embeddable":true,"href":"https:\/\/www.ufsm.br\/cursos\/pos-graduacao\/santa-maria\/ppged\/wp-json\/wp\/v2\/comments?post=1178"}],"version-history":[{"count":0,"href":"https:\/\/www.ufsm.br\/cursos\/pos-graduacao\/santa-maria\/ppged\/wp-json\/wp\/v2\/pages\/1178\/revisions"}],"wp:attachment":[{"href":"https:\/\/www.ufsm.br\/cursos\/pos-graduacao\/santa-maria\/ppged\/wp-json\/wp\/v2\/media?parent=1178"}],"wp:term":[{"taxonomy":"category","embeddable":true,"href":"https:\/\/www.ufsm.br\/cursos\/pos-graduacao\/santa-maria\/ppged\/wp-json\/wp\/v2\/categories?post=1178"},{"taxonomy":"post_tag","embeddable":true,"href":"https:\/\/www.ufsm.br\/cursos\/pos-graduacao\/santa-maria\/ppged\/wp-json\/wp\/v2\/tags?post=1178"}],"curies":[{"name":"wp","href":"https:\/\/api.w.org\/{rel}","templated":true}]}}