{"id":158,"date":"2019-02-01T12:07:02","date_gmt":"2019-02-01T14:07:02","guid":{"rendered":"https:\/\/www.ufsm.br\/cursos\/pos-graduacao\/santa-maria\/ppged\/?page_id=158"},"modified":"2025-11-12T16:37:44","modified_gmt":"2025-11-12T19:37:44","slug":"ingresso","status":"publish","type":"page","link":"https:\/\/www.ufsm.br\/cursos\/pos-graduacao\/santa-maria\/ppged\/ingresso","title":{"rendered":"Ingresso"},"content":{"rendered":"\n<p>O PROGRAMA DE P\u00d3S-GRADUA\u00c7\u00c3O EM ECONOMIA E DESENVOLVIMENTO SELECIONA OS CANDIDATOS A MESTRADO DE DUAS FORMAS:<\/p>\n<p>\u00a0<\/p>\n<p><strong>Sele\u00e7\u00e3o Exame de Sele\u00e7\u00e3o Nacional Anpec 2026<\/strong><\/p>\n<ol>\n<li>\n<p>A ANPEC divulgou o calend\u00e1rio do Exame de Sele\u00e7\u00e3o Nacional de candidatos aos cursos de\u00a0mestrado e doutorado em Economia oferecidos por seus Centros membros ou associados. O\u00a0per\u00edodo para inscri\u00e7\u00f5es vai de 02 de junho a 31 de julho de 2025. Podem inscrever-se para o\u00a0Exame os portadores de diplomas de gradua\u00e7\u00e3o de qualquer \u00e1rea do conhecimento e\u00a0estudantes universit\u00e1rios. Estrangeiros tamb\u00e9m podem participar do Exame.\u00a0S\u00e3o objetivos do Exame ANPEC 2026 avaliar a qualifica\u00e7\u00e3o acad\u00eamica dos candidatos e\u00a0fornecer aos Centros os resultados da avalia\u00e7\u00e3o. Tradicionalmente, o PPGE&amp;D utiliza-se do\u00a0Exame ANPEC para selecionar novos(as) discentes. Neste ano, s\u00e3o ofertadas 6 (seis) vagas\u00a0para ingresso no primeiro semestre letivo de 2026.<\/p>\n<p>O(A) candidato(a) do Exame Anpec, ao escolher o PPGE&amp;D\/UFSM, se submete \u00e0s normas do\u00a0edital de sele\u00e7\u00e3o de p\u00f3s-gradua\u00e7\u00e3o da Universidade Federal de Santa Maria. \u00c9\u00a0responsabilidade do(a) candidato(a) acompanhar o edital e a p\u00e1gina do\u00a0<strong><a href=\"https:\/\/www.ufsm.br\/cursos\/pos-graduacao\/santa-maria\/ppged\/politica-de-avaliacao-do-programa\">Programa<\/a>.<\/strong><\/p>\n<p>Para mais informa\u00e7\u00f5es sobre Exame ANPEC 2026, acesse\u00a0<a href=\"https:\/\/exame.anpec.org.br\/\"><strong>aqui<\/strong><\/a><strong>!<\/strong><\/p>\n<p>PPGE&amp;D divulga a classifica\u00e7\u00e3o final do Exame da ANPEC 2026<\/p>\n<div>\u201cAp\u00f3s avalia\u00e7\u00e3o das provas discursivas de Economia Brasileira, o Programa de P\u00f3s-Gradua\u00e7\u00e3o em Economia e Desenvolvimento (PPGE&amp;D) informa a classifica\u00e7\u00e3o final do Exame da Anpec 2026. Aproveitamos para informar que os convites ocorrer\u00e3o entre 26\/11 e 05\/12\/2025 e ser\u00e3o feitos no sistema (plataforma) da\u00a0ANPEC\u201d.<\/div>\n<div>Acesse\u00a0<a href=\"https:\/\/www.ufsm.br\/app\/uploads\/sites\/533\/2025\/11\/CLASSIFICACAO-FINAL-EXAME-ANPEC-2026.pdf\"><strong>Aqui<\/strong><\/a><\/div>\n<\/li>\n<\/ol>\n<table style=\"border-collapse: collapse;width: 100%\">\n<tbody>\n<tr>\n<td style=\"width: 100%;background-color: #d6d6d6\">\u00a0<\/td>\n<\/tr>\n<\/tbody>\n<\/table>\n<p style=\"text-align: justify\"><strong>1)\u00a0EXAME NACIONAL DA ANPEC:<\/strong> A sele\u00e7\u00e3o dos candidatos ao Programa de P\u00f3s-Gradua\u00e7\u00e3o em Economia e Desenvolvimento (PPGE&amp;D) \u00e9 realizada pela Comiss\u00e3o de Sele\u00e7\u00e3o do PPGE&amp;D com base nos resultados do Exame Nacional de Sele\u00e7\u00e3o da <a href=\"http:\/\/www.anpec.org.br\/novosite\/br\">ANPEC<\/a> (Associa\u00e7\u00e3o Nacional de Centros de P\u00f3s-Gradua\u00e7\u00e3o em Economia). O exame da ANPEC \u00e9 realizado anualmente no m\u00eas de outubro, com inscri\u00e7\u00f5es entre junho e agosto.<\/p>\n<p style=\"text-align: justify\">As provas\u00a0<span dir=\"ltr\">da edi\u00e7\u00e3o 2022 ser\u00e3o <\/span><span dir=\"ltr\">aplicadas\u00a0<em>online<\/em>\u00a0nos dias 30 de setembro e 01 de outubro de 2021. Os interessados dever\u00e3o inscrever-se de 14 de junho a<\/span><span dir=\"ltr\">\u00a0<\/span><span dir=\"ltr\">20 de agosto de 2021.<\/span><\/p>\n<p style=\"text-align: justify\">Mais informa\u00e7\u00f5es do Exame ANPEC\/2022 no link: <a href=\"https:\/\/exame.anpec.org.br\/\">https:\/\/exame.anpec.org.br\/<\/a><\/p>\n<p style=\"text-align: justify\">\u00a0<\/p>\n<p style=\"text-align: justify\"><strong>2)\u00a0SELE\u00c7\u00c3O UFSM<\/strong>: O Programa de P\u00f3s-Gradua\u00e7\u00e3o em Economia e Desenvolvimento (PPGE&amp;D) publica anualmente edital para sele\u00e7\u00e3o de candidatos ao Mestrado. Para o ingresso no PPGE&amp;D o candidato ao Mestrado dever\u00e1 ter curso de n\u00edvel superior. A sele\u00e7\u00e3o dos candidatos \u00e9 realizada pela Comiss\u00e3o de Sele\u00e7\u00e3o do PPGE&amp;D de acordo com o edital.<\/p>\n<p style=\"text-align: justify\">\u00a0Confira os <a href=\"https:\/\/www.ufsm.br\/cursos\/pos-graduacao\/santa-maria\/ppged\/2021\/01\/11\/publicado-edital-extraordinario-001-2021-processo-seletivo-de-pos-graduacao-em-nivel-de-doutorado-mestrado-e-especializacao-para-ingresso-em-marco-de-2021\/\">Editais de Sele\u00e7\u00e3o Ingresso 2021\/1.<\/a><\/p>\n<p style=\"text-align: justify\">Acompanhe as not\u00edcias aqui na p\u00e1gina e siga o PPGE&amp;D no <a href=\"https:\/\/www.facebook.com\/ppged.ufsm\">Facebook<\/a> e <a href=\"https:\/\/www.instagram.com\/ppged_ufsm\/?hl=pt-br\">Instagram<\/a>.<\/p>\n","protected":false},"excerpt":{"rendered":"<p>O PROGRAMA DE P\u00d3S-GRADUA\u00c7\u00c3O EM ECONOMIA E DESENVOLVIMENTO SELECIONA OS CANDIDATOS A MESTRADO DE DUAS FORMAS: \u00a0 Sele\u00e7\u00e3o Exame de Sele\u00e7\u00e3o Nacional Anpec 2026 A ANPEC divulgou o calend\u00e1rio do Exame de Sele\u00e7\u00e3o Nacional de candidatos aos cursos de\u00a0mestrado e doutorado em Economia oferecidos por seus Centros membros ou associados. O\u00a0per\u00edodo para inscri\u00e7\u00f5es vai de [&hellip;]<\/p>\n","protected":false},"author":194,"featured_media":0,"parent":0,"menu_order":0,"comment_status":"closed","ping_status":"closed","template":"","meta":{"footnotes":""},"categories":[],"tags":[],"class_list":["post-158","page","type-page","status-publish","hentry"],"acf":[],"_links":{"self":[{"href":"https:\/\/www.ufsm.br\/cursos\/pos-graduacao\/santa-maria\/ppged\/wp-json\/wp\/v2\/pages\/158","targetHints":{"allow":["GET"]}}],"collection":[{"href":"https:\/\/www.ufsm.br\/cursos\/pos-graduacao\/santa-maria\/ppged\/wp-json\/wp\/v2\/pages"}],"about":[{"href":"https:\/\/www.ufsm.br\/cursos\/pos-graduacao\/santa-maria\/ppged\/wp-json\/wp\/v2\/types\/page"}],"author":[{"embeddable":true,"href":"https:\/\/www.ufsm.br\/cursos\/pos-graduacao\/santa-maria\/ppged\/wp-json\/wp\/v2\/users\/194"}],"replies":[{"embeddable":true,"href":"https:\/\/www.ufsm.br\/cursos\/pos-graduacao\/santa-maria\/ppged\/wp-json\/wp\/v2\/comments?post=158"}],"version-history":[{"count":0,"href":"https:\/\/www.ufsm.br\/cursos\/pos-graduacao\/santa-maria\/ppged\/wp-json\/wp\/v2\/pages\/158\/revisions"}],"wp:attachment":[{"href":"https:\/\/www.ufsm.br\/cursos\/pos-graduacao\/santa-maria\/ppged\/wp-json\/wp\/v2\/media?parent=158"}],"wp:term":[{"taxonomy":"category","embeddable":true,"href":"https:\/\/www.ufsm.br\/cursos\/pos-graduacao\/santa-maria\/ppged\/wp-json\/wp\/v2\/categories?post=158"},{"taxonomy":"post_tag","embeddable":true,"href":"https:\/\/www.ufsm.br\/cursos\/pos-graduacao\/santa-maria\/ppged\/wp-json\/wp\/v2\/tags?post=158"}],"curies":[{"name":"wp","href":"https:\/\/api.w.org\/{rel}","templated":true}]}}