{"id":162,"date":"2019-02-01T12:12:52","date_gmt":"2019-02-01T14:12:52","guid":{"rendered":"https:\/\/www.ufsm.br\/cursos\/pos-graduacao\/santa-maria\/ppged\/?page_id=162"},"modified":"2025-08-08T14:10:09","modified_gmt":"2025-08-08T17:10:09","slug":"grupos-de-pesquisa","status":"publish","type":"page","link":"https:\/\/www.ufsm.br\/cursos\/pos-graduacao\/santa-maria\/ppged\/grupos-de-pesquisa","title":{"rendered":"Linhas de Pesquisa"},"content":{"rendered":"\n<p style=\"margin-top: 3.6pt\"><span style=\"text-decoration: underline\"><strong><span lang=\"PT\">INSTITUI\u00c7\u00d5ES, INOVA\u00c7\u00c3O E DESENVOLVIMENTO<\/span><\/strong><\/span><\/p>\n<p style=\"text-align: justify\">Contempla estudos sobre as interconex\u00f5es din\u00e2micas entre institui\u00e7\u00f5es, processos inovativos e reconfigura\u00e7\u00f5es dos mercados (lato sensu) no processo de desenvolvimento econ\u00f4mico. Os estudos &#8211; emp\u00edricos e\/ou te\u00f3ricos \u2013 partem da concep\u00e7\u00e3o de que essas interconex\u00f5es ocorrem no plano da realidade econ\u00f4mica e social, que \u00e9 historicamente determinada. Os principais temas de estudo t\u00eam sido: institui\u00e7\u00f5es e seus condicionantes hist\u00f3ricos, sociais e culturais para a configura\u00e7\u00e3o de sistemas de produ\u00e7\u00e3o e de mercados; governan\u00e7a, capacidade estatal e pol\u00edticas econ\u00f4micas (destacando- se pol\u00edticas industriais e tecnol\u00f3gicas); estrutura e din\u00e2mica de configura\u00e7\u00f5es e organiza\u00e7\u00f5es produtivas (nos planos das empresas, dos setores e dos mercados); ci\u00eancia, tecnologia, sistemas de inova\u00e7\u00e3o e seus impactos em sistemas produtivos, em mercados e no processo de desenvolvimento econ\u00f4mico.<\/p>\n<p><span style=\"text-decoration: underline\"><strong>COM\u00c9RCIO, DESENVOLVIMENTO REGIONAL E AGRONEG\u00d3CIO<\/strong><\/span><\/p>\n<p style=\"text-align: justify\">Tem como foco estudos abrangentes sobre o com\u00e9rcio internacional, as formas e caracter\u00edsticas da inser\u00e7\u00e3o de pa\u00edses (regi\u00f5es) perif\u00e9ricos(as) no mercado internacional, a sua interrela\u00e7\u00e3o com o desenvolvimento regional e com o setor do agroneg\u00f3cio. Desse modo, a linha de pesquisa busca lan\u00e7ar luz sobre as din\u00e2micas econ\u00f4micas que moldam as economias perif\u00e9ricas em um contexto globalizado, bem como investigar o papel crucial que o agroneg\u00f3cio desempenha nesse cen\u00e1rio, com o intuito de contribuir para a formula\u00e7\u00e3o de pol\u00edticas p\u00fablicas, promovendo o desenvolvimento sustent\u00e1vel e a participa\u00e7\u00e3o mais eficaz no cen\u00e1rio globalizado do com\u00e9rcio internacional. Nesse prop\u00f3sito, alguns dos principais temas de interesse s\u00e3o: a evolu\u00e7\u00e3o e o padr\u00e3o de com\u00e9rcio exterior de bens e servi\u00e7os; o investimento externo direto e o papel das empresas transnacionais; os sistemas monet\u00e1rio e financeiro internacionais; com\u00e9rcio internacional e pol\u00edtica comercial; a globaliza\u00e7\u00e3o econ\u00f4mica e os impactos nas formas de inser\u00e7\u00e3o internacional de economias perif\u00e9ricas; integra\u00e7\u00e3o regional e globaliza\u00e7\u00e3o; as cadeias globais de valor; com\u00e9rcio e desenvolvimento econ\u00f4mico regional; sustentabilidade, cadeias de valor, inova\u00e7\u00e3o e tecnologia e pol\u00edticas de apoio ao agroneg\u00f3cio; com\u00e9rcio e produ\u00e7\u00e3o agr\u00edcola.<\/p>\n<p><span style=\"text-decoration: underline\"><strong>ECONOMIA SOCIAL, DESIGUALDADE E DESENVOLVIMENTO SUSTENT\u00c1VEL<\/strong><\/span><\/p>\n<p style=\"text-align: justify\">Tem como eixo central a realiza\u00e7\u00e3o de estudos sobre pobreza, desigualdade e a sustentabilidade socioambiental no processo de desenvolvimento econ\u00f4mico. Especialmente s\u00e3o tratados aspectos e caracter\u00edsticas da vulnerabilidade econ\u00f4mica e social, tais como as que se consubstanciam nos \u00e2mbitos alimentar, educacional, habitacional, da sa\u00fade, da seguran\u00e7a, dentre outras. S\u00e3o objeto de an\u00e1lise as pol\u00edticas p\u00fablicas (nos planos nacional, estadual e local) e suas rela\u00e7\u00f5es e\/ou impactos com\/sobre o desenvolvimento humano, o bem-estar social e a pobreza; as metodologias de mensura\u00e7\u00e3o e de defini\u00e7\u00e3o do desenvolvimento humano e da pobreza. No plano do desenvolvimento sustent\u00e1vel, os estudos focam o uso de recursos naturais e suas interconex\u00f5es com a sustentabilidade das condi\u00e7\u00f5es ecol\u00f3gicas; o uso de energias alternativas e\/ou renov\u00e1veis; os instrumentos econ\u00f4micos (p\u00fablicos e privados) de controle ambiental; produ\u00e7\u00e3o agr\u00edcola e quest\u00f5es ambientais.<\/p>\n","protected":false},"excerpt":{"rendered":"<p>INSTITUI\u00c7\u00d5ES, INOVA\u00c7\u00c3O E DESENVOLVIMENTO Contempla estudos sobre as interconex\u00f5es din\u00e2micas entre institui\u00e7\u00f5es, processos inovativos e reconfigura\u00e7\u00f5es dos mercados (lato sensu) no processo de desenvolvimento econ\u00f4mico. Os estudos &#8211; emp\u00edricos e\/ou te\u00f3ricos \u2013 partem da concep\u00e7\u00e3o de que essas interconex\u00f5es ocorrem no plano da realidade econ\u00f4mica e social, que \u00e9 historicamente determinada. Os principais temas de [&hellip;]<\/p>\n","protected":false},"author":194,"featured_media":0,"parent":0,"menu_order":0,"comment_status":"closed","ping_status":"closed","template":"","meta":{"footnotes":""},"categories":[],"tags":[],"class_list":["post-162","page","type-page","status-publish","hentry"],"acf":[],"_links":{"self":[{"href":"https:\/\/www.ufsm.br\/cursos\/pos-graduacao\/santa-maria\/ppged\/wp-json\/wp\/v2\/pages\/162","targetHints":{"allow":["GET"]}}],"collection":[{"href":"https:\/\/www.ufsm.br\/cursos\/pos-graduacao\/santa-maria\/ppged\/wp-json\/wp\/v2\/pages"}],"about":[{"href":"https:\/\/www.ufsm.br\/cursos\/pos-graduacao\/santa-maria\/ppged\/wp-json\/wp\/v2\/types\/page"}],"author":[{"embeddable":true,"href":"https:\/\/www.ufsm.br\/cursos\/pos-graduacao\/santa-maria\/ppged\/wp-json\/wp\/v2\/users\/194"}],"replies":[{"embeddable":true,"href":"https:\/\/www.ufsm.br\/cursos\/pos-graduacao\/santa-maria\/ppged\/wp-json\/wp\/v2\/comments?post=162"}],"version-history":[{"count":0,"href":"https:\/\/www.ufsm.br\/cursos\/pos-graduacao\/santa-maria\/ppged\/wp-json\/wp\/v2\/pages\/162\/revisions"}],"wp:attachment":[{"href":"https:\/\/www.ufsm.br\/cursos\/pos-graduacao\/santa-maria\/ppged\/wp-json\/wp\/v2\/media?parent=162"}],"wp:term":[{"taxonomy":"category","embeddable":true,"href":"https:\/\/www.ufsm.br\/cursos\/pos-graduacao\/santa-maria\/ppged\/wp-json\/wp\/v2\/categories?post=162"},{"taxonomy":"post_tag","embeddable":true,"href":"https:\/\/www.ufsm.br\/cursos\/pos-graduacao\/santa-maria\/ppged\/wp-json\/wp\/v2\/tags?post=162"}],"curies":[{"name":"wp","href":"https:\/\/api.w.org\/{rel}","templated":true}]}}