{"id":163,"date":"2019-02-01T12:13:53","date_gmt":"2019-02-01T14:13:53","guid":{"rendered":"https:\/\/www.ufsm.br\/cursos\/pos-graduacao\/santa-maria\/ppged\/?page_id=163"},"modified":"2026-03-06T12:02:59","modified_gmt":"2026-03-06T15:02:59","slug":"revista-red","status":"publish","type":"page","link":"https:\/\/www.ufsm.br\/cursos\/pos-graduacao\/santa-maria\/ppged\/revista-red","title":{"rendered":"Revista (RE&amp;D)"},"content":{"rendered":"\n<p><strong>Revista Economia e Desenvolvimento [<a href=\"http:\/\/cascavel.ufsm.br\/revistas\/ojs-2.2.2\/index.php\/eed\/index\">site da revista<\/a>]<\/strong><\/p>\n<p>\u00a0<\/p>\n<p><strong>Apresenta\u00e7\u00e3o<\/strong><\/p>\n<p style=\"text-align: justify\">A revista Economia e Desenvolvimento (E&amp;D) \u00e9 um peri\u00f3dico acad\u00eamico-cient\u00edfico em formato\u00a0<em>on-line<\/em>\u00a0da \u00e1rea de Economia, vinculada ao Programa de P\u00f3s-Gradua\u00e7\u00e3o em Economia e Desenvolvimento (PPGE&amp;D) do Departamento de Economia e Rela\u00e7\u00f5es Internacionais da Universidade Federal de Santa Maria.<\/p>\n<p style=\"text-align: justify\">Foi criada em 1995 com edi\u00e7\u00f5es impressas, sendo que em 1999 passou a ter suas publica\u00e7\u00f5es divulgadas por meio eletr\u00f4nico, e em 2011 integrou-se ao sistema de peri\u00f3dicos da UFSM, passando a seguir o padr\u00e3o de submiss\u00e3o e publica\u00e7\u00e3o j\u00e1 adotado por revistas de outros departamentos da Universidade.<\/p>\n<p style=\"text-align: justify\">A E&amp;D tem a finalidade de divulgar a produ\u00e7\u00e3o cient\u00edfica e promover o debate acad\u00eamico na tem\u00e1tica do desenvolvimento econ\u00f4mico, considerando a pluralidade te\u00f3rica e metodol\u00f3gica da Ci\u00eancia Econ\u00f4mica. Para atender a esse prop\u00f3sito, a E&amp;D publica, em fluxo cont\u00ednuo, artigos e resenhas, em portugu\u00eas, espanhol ou ingl\u00eas.<\/p>\n<p style=\"text-align: justify\">A E&amp;D tem classifica\u00e7\u00e3o B1 no Qualis\/CAPES (2021-2024), registrada com ISSN 2595-833X, e est\u00e1 indexada \u00e0 base Latindex.<\/p>\n<p>\u00a0<\/p>\n<p><br \/><strong>Editor Chefe<\/strong><\/p>\n<p>J\u00falio Eduardo Rohenkohl (UFSM-RS)<\/p>\n<p>\u00a0<\/p>\n<p><strong>Editora Gerente<\/strong><\/p>\n<p>Fabiane do Amaral Pacheco (UFSM-RS)<\/p>\n<p><br \/><strong>Conselho Editorial<\/strong><\/p>\n<p>Adriano Jos\u00e9 Pereira (UFSM-RS)<\/p>\n<p>Carlos Alves do Nascimento (UFU-MG)<\/p>\n<p>Clailton Ata\u00eddes de Freitas (UFSM-RS)<\/p>\n<p>Daniel Arruda Coronel\u00a0(UFSM-RS)<\/p>\n<p>Edison Rodrigues Barreto J\u00fanior (UFS-SE)<\/p>\n<p>Gilberto de Oliveira Veloso (UFSM-RS)<\/p>\n<p>Igor Castellano da Silva\u00a0(UFSM-RS)<\/p>\n<p>Irina Mikhailova (UFSM-RS)<\/p>\n<p>Izete Pengo Bagolin (PUC-RS)<\/p>\n<p>Jos\u00e9 Marangoni Camargo (UNESP-SP)<\/p>\n<p>J\u00falio Eduardo Rohenkohl\u00a0(UFSM-RS)<\/p>\n<p>Marcelo Arend (UFSC-RS)<\/p>\n<p>Mariano Francisco Laplane (UNICAMP-SP)<\/p>\n<p>Orlando Martinelli J\u00fanior\u00a0(UFSM-RS)<\/p>\n<p>Pascoal Jos\u00e9 Marion Filho (UFSM-RS)<\/p>\n<p>Paulo de Andrade Jacinto (PUCRS)<\/p>\n<p>Paulo Ricardo Feistel (UFSM)<\/p>\n<p>Ram\u00f3n Garc\u00eda Fern\u00e1ndez (UFABC)<\/p>\n<p>Rita In\u00eas Paetzhold Pauli (UFSM-RS)<\/p>\n<p>S\u00e9rgio Alfredo Massen Prieb (UFSM-RS)<\/p>\n<p>Sibele Vasconcelos Oliveira\u00a0(UFSM-RS)<\/p>\n<p>S\u00edlvio C\u00e9zar Arend (UNISC-RS)<\/p>\n<p>Solange Regina Marin (UFSC-SC)<\/p>\n<p>Uacauan Bonilha (UFSM-RS)<\/p>\n<p>Valny Giacomelli Sobrinho (UFSM-RS)<\/p>\n<p>\u00a0<\/p>\n<p>\u00a0<strong>Equipe T\u00e9cnica<\/strong><\/p>\n<p>Bruna Farencena Dotto\u00a0(UFSM-RS)<\/p>\n<p>Fernando CAvalheiro Krauzer\u00a0(UFSM-RS)<\/p>\n<p><br \/><strong>Natureza das Colabora\u00e7\u00f5es<\/strong><\/p>\n<p style=\"text-align: justify\">Aceitam-se contribui\u00e7\u00f5es em Portugu\u00eas, Espanhol, Franc\u00eas ou Ingl\u00eas. O artigo deve ser in\u00e9dito, n\u00e3o estando em processo de avalia\u00e7\u00e3o para publica\u00e7\u00e3o em outro meio, mas caso esteja dever\u00e1 ser justificado em espa\u00e7o reservado para tal informa\u00e7\u00e3o. Demais especifica\u00e7\u00f5es podem ser encontradas na p\u00e1gina da revista.<\/p>\n<p style=\"text-align: justify\">Para realizar a\u00a0<a href=\"http:\/\/cascavel.ufsm.br\/revistas\/ojs-2.2.2\/index.php\/eed\/about\/submissions#onlineSubmissions\">submiss\u00e3o online<\/a>\u00a0\u00e9 preciso fazer o cadastro na revista, e fazer o login, usando os dados cadastrais.<\/p>\n","protected":false},"excerpt":{"rendered":"<p>Revista Economia e Desenvolvimento [site da revista] \u00a0 Apresenta\u00e7\u00e3o A revista Economia e Desenvolvimento (E&amp;D) \u00e9 um peri\u00f3dico acad\u00eamico-cient\u00edfico em formato\u00a0on-line\u00a0da \u00e1rea de Economia, vinculada ao Programa de P\u00f3s-Gradua\u00e7\u00e3o em Economia e Desenvolvimento (PPGE&amp;D) do Departamento de Economia e Rela\u00e7\u00f5es Internacionais da Universidade Federal de Santa Maria. Foi criada em 1995 com edi\u00e7\u00f5es impressas, sendo [&hellip;]<\/p>\n","protected":false},"author":194,"featured_media":0,"parent":0,"menu_order":0,"comment_status":"closed","ping_status":"closed","template":"","meta":{"footnotes":""},"categories":[],"tags":[],"class_list":["post-163","page","type-page","status-publish","hentry"],"acf":[],"_links":{"self":[{"href":"https:\/\/www.ufsm.br\/cursos\/pos-graduacao\/santa-maria\/ppged\/wp-json\/wp\/v2\/pages\/163","targetHints":{"allow":["GET"]}}],"collection":[{"href":"https:\/\/www.ufsm.br\/cursos\/pos-graduacao\/santa-maria\/ppged\/wp-json\/wp\/v2\/pages"}],"about":[{"href":"https:\/\/www.ufsm.br\/cursos\/pos-graduacao\/santa-maria\/ppged\/wp-json\/wp\/v2\/types\/page"}],"author":[{"embeddable":true,"href":"https:\/\/www.ufsm.br\/cursos\/pos-graduacao\/santa-maria\/ppged\/wp-json\/wp\/v2\/users\/194"}],"replies":[{"embeddable":true,"href":"https:\/\/www.ufsm.br\/cursos\/pos-graduacao\/santa-maria\/ppged\/wp-json\/wp\/v2\/comments?post=163"}],"version-history":[{"count":0,"href":"https:\/\/www.ufsm.br\/cursos\/pos-graduacao\/santa-maria\/ppged\/wp-json\/wp\/v2\/pages\/163\/revisions"}],"wp:attachment":[{"href":"https:\/\/www.ufsm.br\/cursos\/pos-graduacao\/santa-maria\/ppged\/wp-json\/wp\/v2\/media?parent=163"}],"wp:term":[{"taxonomy":"category","embeddable":true,"href":"https:\/\/www.ufsm.br\/cursos\/pos-graduacao\/santa-maria\/ppged\/wp-json\/wp\/v2\/categories?post=163"},{"taxonomy":"post_tag","embeddable":true,"href":"https:\/\/www.ufsm.br\/cursos\/pos-graduacao\/santa-maria\/ppged\/wp-json\/wp\/v2\/tags?post=163"}],"curies":[{"name":"wp","href":"https:\/\/api.w.org\/{rel}","templated":true}]}}