{"id":156,"date":"2019-04-08T11:06:02","date_gmt":"2019-04-08T14:06:02","guid":{"rendered":"https:\/\/www.ufsm.br\/cursos\/pos-graduacao\/santa-maria\/ppgee\/?page_id=156"},"modified":"2025-04-16T10:38:00","modified_gmt":"2025-04-16T13:38:00","slug":"historico","status":"publish","type":"page","link":"https:\/\/www.ufsm.br\/cursos\/pos-graduacao\/santa-maria\/ppgee\/historico","title":{"rendered":"Hist\u00f3rico"},"content":{"rendered":"\n<p><span data-contrast=\"auto\">O Programa de P\u00f3s-Gradua\u00e7\u00e3o em Engenharia El\u00e9trica (PPGEE) da Universidade Federal de Santa Maria (UFSM), c\u00f3digo 42002010003P8, foi criado em 1974, com a oferta do primeiro Curso de Mestrado em Engenharia El\u00e9trica do Estado do Rio Grande do Sul.\u00a0<\/span><span data-ccp-props=\"{&quot;335551550&quot;:6,&quot;335551620&quot;:6,&quot;335559739&quot;:240}\">\u00a0<\/span><\/p>\n<p><span data-contrast=\"auto\">Em 1994, realizou-se uma reestrutura\u00e7\u00e3o do programa definindo novas pol\u00edticas de a\u00e7\u00f5es com destaque para a qualifica\u00e7\u00e3o do corpo permanente, defini\u00e7\u00e3o de indicadores internos de produtividade e incentivo para publica\u00e7\u00f5es em peri\u00f3dicos relevantes internacionais.\u00a0<\/span><span data-ccp-props=\"{&quot;335551550&quot;:6,&quot;335551620&quot;:6,&quot;335559739&quot;:240}\">\u00a0<\/span><\/p>\n<p><span data-contrast=\"auto\">Como resultado desta reestrutura\u00e7\u00e3o, o PPGEE obteve seu primeiro conceito &#8220;B&#8221; no bi\u00eanio 1996-1997, criando as condi\u00e7\u00f5es exigidas para, em 1999, obter a recomenda\u00e7\u00e3o favor\u00e1vel da CAPES para a implanta\u00e7\u00e3o tamb\u00e9m do primeiro Curso de Doutorado em Engenharia El\u00e9trica do Estado do Rio Grande do Sul.\u00a0<\/span><span data-ccp-props=\"{&quot;335551550&quot;:6,&quot;335551620&quot;:6,&quot;335559739&quot;:240}\">\u00a0<\/span><\/p>\n<p><span data-contrast=\"auto\">A partir de ent\u00e3o, o programa vem constantemente evoluindo nas avalia\u00e7\u00f5es da CAPES, obtendo conceito \u201c4\u201d no ano de 2001, conceito \u201c5\u201d nos anos 2004, 2007 e 2010. Em 2013 o PPGEE passou a fazer parte do seleto grupo de Programas de Excel\u00eancia (PROEX) da CAPES atingindo o conceito \u201c6\u201d no ano de 2013 e mantendo o este mesmo conceito no ano de 2016. Na avalia\u00e7\u00e3o quadrienal de 2020, per\u00edodo de 2017 a 2020, o PPGEE manteve-se nos Programas de Excel\u00eancia (PROEX) alcan\u00e7ando o conceito m\u00e1ximo de avalia\u00e7\u00e3o, \u201c7\u201d.<\/span><span data-ccp-props=\"{&quot;335551550&quot;:6,&quot;335551620&quot;:6,&quot;335559739&quot;:240}\">\u00a0<\/span><\/p>\n<p><span data-contrast=\"auto\">O programa \u00e9 estruturado por Grupos de Pesquisa: Centro de Excel\u00eancia em Energia e Sistemas de Pot\u00eancia (CEESP), Grupo de Eletr\u00f4nica de Pot\u00eancia e Controle (GEPOC) e Intelig\u00eancia em Ilumina\u00e7\u00e3o (GEDRE). As atua\u00e7\u00f5es dos grupos d\u00e3o sustenta\u00e7\u00e3o \u00e0s quatros linhas de pesquisas do PPGEE na \u00e1rea de concentra\u00e7\u00e3o de Processamento de Energia:\u00a0<\/span><span data-ccp-props=\"{&quot;335551550&quot;:6,&quot;335551620&quot;:6,&quot;335559739&quot;:240}\">\u00a0<\/span><\/p>\n<ol style=\"list-style-type: lower-roman\">\n<li>Eletr\u00f4nica de Pot\u00eancia<\/li>\n<li>Controle Aplicado<\/li>\n<li>Sistemas de Energia<\/li>\n<li>Sistemas de Ilumina\u00e7\u00e3o<\/li>\n<\/ol>\n<p><span data-contrast=\"auto\">Tamb\u00e9m foram criadas comiss\u00f5es espec\u00edficas que auxiliam a gest\u00e3o do programa, al\u00e9m do Colegiado: Comiss\u00e3o de Bolsas, Comiss\u00e3o de Ensino e Orienta\u00e7\u00e3o Acad\u00eamica, Comiss\u00e3o de Gest\u00e3o, Comiss\u00e3o de Internacionaliza\u00e7\u00e3o, Comiss\u00e3o de Planejamento e Avalia\u00e7\u00e3o.\u00a0<\/span><span data-ccp-props=\"{&quot;335551550&quot;:6,&quot;335551620&quot;:6,&quot;335559739&quot;:240}\">\u00a0<\/span><\/p>\n<p><span data-contrast=\"auto\">Para ilustrar o papel importante na forma\u00e7\u00e3o de mestres e doutores do PPGEE\/UFSM, segue o n\u00famero de defesas anuais do programa desde sua cria\u00e7\u00e3o:<\/span><\/p>\n<ul>\n<li><strong>534 defesas de Mestrado:<\/strong> <span class=\"TextRun SCXW217815506 BCX0\" lang=\"PT-BR\" xml:lang=\"PT-BR\" data-contrast=\"auto\"><span class=\"NormalTextRun SCXW217815506 BCX0\">2024 \u2013 29 defesas, 2023 \u2013 34 defesas, 2022 \u2013 41 defesas, 2021 \u2013 35 defesas, <\/span><\/span>2020 &#8211; 40 defesas, 2019 &#8211; 36 defesas, 2018 &#8211; 34 defesas, 2017 &#8211; 32 defesas, 2016 &#8211; 28 defesas, 2015 &#8211; 26 defesas, 2014 &#8211; 20 defesas, 2013 &#8211; 20 defesas, 2012 &#8211; 18 defesas, 2011 &#8211; 11 defesas, 2010 &#8211; 8 defesas, 2009 &#8211; 16 defesas, 2008 &#8211; 12 defesas, 2007 &#8211; 8 defesas, 2006 &#8211; 11 defesas, 2005 &#8211; 6 defesas, 2004 &#8211; 10 defesas, 2003 &#8211; 3 defesas, 2002 &#8211; 8 defesas, 2001 &#8211; 5 defesas, 2000 &#8211; 5 defesas, 1999 &#8211; 4 defesas, 1998 &#8211; 4 defesas, 1997 &#8211; 5 defesas, 1996 &#8211; 3 defesas, 1995 &#8211; 2 defesas, 1994 &#8211; 2 defesas, 1993 &#8211; 3 defesas, 1991 &#8211; 1 defesa, 1989 &#8211; 1 defesa, 1988 &#8211; 3 defesas, 1987 &#8211; 2 defesas, 1986 &#8211; 1 defesa, 1985 &#8211; 1 defesa, 1984 &#8211; 1 defesa, 1983 &#8211; 1 defesa, 1982 &#8211; 1 defesa, 1981 &#8211; 1 defesa, 1979 &#8211; 2 defesas.<\/li>\n<li><strong>217 defesas de Doutorado:<\/strong> <span class=\"TextRun SCXW157249978 BCX0\" lang=\"PT-BR\" xml:lang=\"PT-BR\" data-contrast=\"auto\"><span class=\"NormalTextRun SCXW157249978 BCX0\">2024 \u2013 17 defesas, 2023 \u2013 17 defesas, 2022 \u2013 18 defesas, 2021 \u2013 18 defesas, <\/span><\/span>2020 \u2013 12 defesas, 2019 &#8211; 13 defesas, 2018 &#8211; 20 defesas, 2017 &#8211; 25 defesas, 2016 &#8211; 9 defesas, 2015 &#8211; 9 defesas, 2014 &#8211; 6 defesas, 2013 &#8211; 7 defesas, 2012 &#8211; 12 defesas, 2011 &#8211; 1 defesa, 2010 &#8211; 4 defesas, 2009 &#8211; 5 defesas, 2008 &#8211; 6 defesas, 2007 &#8211; 5 defesas, 2006 &#8211; 3 defesas, 2005 &#8211; 3 defesas, 2004 &#8211; 3 defesas, 2003 &#8211; 4 defesas.<\/li>\n<\/ul>\n<p><a href=\"https:\/\/www.ufsm.br\/app\/uploads\/sites\/553\/2025\/03\/Grafico-Defesas-PPGEE-1979-a-2024.jpg\"><img fetchpriority=\"high\" decoding=\"async\" class=\"aligncenter wp-image-4422 size-large\" src=\"https:\/\/www.ufsm.br\/app\/uploads\/sites\/553\/2025\/03\/Grafico-Defesas-PPGEE-1979-a-2024-1024x391.jpg\" alt=\"\" width=\"1024\" height=\"391\" srcset=\"https:\/\/www.ufsm.br\/app\/uploads\/sites\/553\/2025\/03\/Grafico-Defesas-PPGEE-1979-a-2024-1024x391.jpg 1024w, https:\/\/www.ufsm.br\/app\/uploads\/sites\/553\/2025\/03\/Grafico-Defesas-PPGEE-1979-a-2024-300x115.jpg 300w, https:\/\/www.ufsm.br\/app\/uploads\/sites\/553\/2025\/03\/Grafico-Defesas-PPGEE-1979-a-2024-768x294.jpg 768w, https:\/\/www.ufsm.br\/app\/uploads\/sites\/553\/2025\/03\/Grafico-Defesas-PPGEE-1979-a-2024-1536x587.jpg 1536w, https:\/\/www.ufsm.br\/app\/uploads\/sites\/553\/2025\/03\/Grafico-Defesas-PPGEE-1979-a-2024.jpg 1920w\" sizes=\"(max-width: 1024px) 100vw, 1024px\" \/><\/a><\/p>\n<p><span class=\"NormalTextRun SCXW68649848 BCX0\">Cabe destacar <\/span><span class=\"NormalTextRun SCXW68649848 BCX0\">a manuten\u00e7\u00e3o de um n\u00famero constante e elevado de defesas de mestrado e doutorado, <\/span><span class=\"FindHit SCXW68649848 BCX0\">reflexo da matura\u00e7\u00e3o de seu corpo docente<\/span><span class=\"NormalTextRun SCXW68649848 BCX0\">, <\/span><span class=\"NormalTextRun SCXW68649848 BCX0\">onde <\/span><span class=\"NormalTextRun SCXW68649848 BCX0\">19<\/span><span class=\"NormalTextRun SCXW68649848 BCX0\"> dos 2<\/span><span class=\"NormalTextRun SCXW68649848 BCX0\">6<\/span><span class=\"NormalTextRun SCXW68649848 BCX0\"> docentes permanentes<\/span><span class=\"NormalTextRun SCXW68649848 BCX0\"> que atuaram durante o quadri\u00eanio<\/span><span class=\"NormalTextRun SCXW68649848 BCX0\"> s\u00e3o bolsistas de produtividade<\/span><span class=\"NormalTextRun SCXW68649848 BCX0\"> ou de desenvolvimento tecnol\u00f3gico<\/span><span class=\"NormalTextRun SCXW68649848 BCX0\"> do CNPq <\/span><span class=\"NormalTextRun SCXW68649848 BCX0\">(8 PQ-1, 7 PQ-2, 1 DT-1, <\/span><span class=\"NormalTextRun SCXW68649848 BCX0\">3<\/span><span class=\"NormalTextRun SCXW68649848 BCX0\"> DT<\/span><span class=\"NormalTextRun SCXW68649848 BCX0\">-2<\/span>).<\/p>\n<p><span class=\"TextRun SCXW167953061 BCX0\" lang=\"PT-BR\" xml:lang=\"PT-BR\" data-contrast=\"auto\"><span class=\"FindHit SCXW167953061 BCX0\">O PPGEE tem como objetivo geral a forma\u00e7\u00e3o e quali<\/span><span class=\"NormalTextRun SCXW167953061 BCX0\">fica\u00e7\u00e3o de profissionais, capacitando na \u00e1rea de Processamento de Energia para o desenvolvimento do conhecimento cient\u00edfico e tecnol\u00f3gico, com o intuito de propiciar o retorno social e econ\u00f4mico do investimento realizado nos setores eletroenerg\u00e9tico e eletroeletr\u00f4nico.<\/span><\/span><span class=\"EOP SCXW167953061 BCX0\" data-ccp-props=\"{&quot;335551550&quot;:6,&quot;335551620&quot;:6,&quot;335559739&quot;:240}\">\u00a0<\/span><\/p>\n<p>Como objetivos espec\u00edficos do programa t\u00eam-se:<\/p>\n<ol style=\"list-style-type: lower-roman\">\n<li>Qualidade das atividades de ensino, extens\u00e3o, produ\u00e7\u00e3o cient\u00edfica e tecnol\u00f3gica;<\/li>\n<li>Busca de atualiza\u00e7\u00e3o continuada nas \u00e1reas de conhecimento;<\/li>\n<li>Forma\u00e7\u00e3o de recursos humanos qualificados em todos os n\u00edveis de atua\u00e7\u00e3o da p\u00f3s-gradua\u00e7\u00e3o;<\/li>\n<li>Internacionaliza\u00e7\u00e3o do programa;<\/li>\n<li>Inova\u00e7\u00e3o e transfer\u00eancia do conhecimento;<\/li>\n<li>Inser\u00e7\u00e3o social, econ\u00f4mica e tecnol\u00f3gica.<\/li>\n<\/ol>\n<p><span data-contrast=\"auto\">Atualmente, as atividades de ensino e pesquisa n\u00e3o se restringem apenas \u00e0s salas de aula e laborat\u00f3rios, de modo que o programa vem explorando outros meios e experi\u00eancias para qualificar a forma\u00e7\u00e3o de seus alunos. Um exemplo \u00e9 o n\u00famero expressivo de discentes do PPGEE que participam ativamente do IEEE UFSM Student Branch (<\/span><a href=\"https:\/\/www.ufsm.br\/grupos\/ieeesb\"><span data-contrast=\"none\">https:\/\/www.ufsm.br\/grupos\/ieeesb<\/span><\/a><span data-contrast=\"auto\">), que promove uma s\u00e9rie de atividades como organiza\u00e7\u00e3o de eventos, workshops, palestras, competi\u00e7\u00f5es, miss\u00f5es de trabalho e estudo, e visitas t\u00e9cnicas. O programa incentiva, fomenta e apoia institucionalmente as iniciativas desenvolvidas pelos tr\u00eas cap\u00edtulos t\u00e9cnicos vinculados ao IEEE \u2014 Industry Applications Society (IAS), Power &amp; Energy Society (PES) e Robotics and Automation Society (RAS) \u2014 al\u00e9m do grupo Women in Engineering (WIE), que busca fomentar a participa\u00e7\u00e3o de mulheres na engenharia e promover a equidade de g\u00eanero na \u00e1rea tecnol\u00f3gica. Essas a\u00e7\u00f5es t\u00eam contribu\u00eddo significativamente para o crescimento pessoal, acad\u00eamico e profissional dos alunos envolvidos.<\/span><span data-ccp-props=\"{&quot;335551550&quot;:6,&quot;335551620&quot;:6,&quot;335559739&quot;:240}\">\u00a0<\/span><\/p>\n<p><span data-contrast=\"auto\">O PPGEE tamb\u00e9m promoveu, durante o quadri\u00eanio, eventos t\u00e9cnico-cient\u00edficos internacionais e nacionais de grande porte, com participa\u00e7\u00e3o ativa dos discentes nas comiss\u00f5es organizadoras, como o IX Simp\u00f3sio Brasileiro de Sistemas El\u00e9tricos (SBSE 2022), o 16th Seminar on Power Electronics and Control (SEPOC 2024), o 15th SEPOC (2023), o 14th SEPOC (2022), o 13th SEPOC (2021) e o 1\u00ba Simp\u00f3sio de Inova\u00e7\u00e3o em Tecnologias para Energia Sustent\u00e1vel (SINTEC 2021).<\/span><span data-ccp-props=\"{&quot;335551550&quot;:6,&quot;335551620&quot;:6,&quot;335559739&quot;:240}\">\u00a0<\/span><\/p>\n<p><span data-contrast=\"auto\">Al\u00e9m disso, em fun\u00e7\u00e3o da pandemia da COVID-19, intensificou-se o incentivo \u00e0 participa\u00e7\u00e3o em cursos \u00e0 dist\u00e2ncia e webinars. Como destaque, o PPGEE se cadastrou na plataforma Coursera for Campus, oferecendo acesso a 1.205 cursos (Massive Open Online Courses \u2013 MOOCs), com a participa\u00e7\u00e3o de cerca de 150 discentes e docentes do programa. Os cursos s\u00e3o ministrados por mais de 190 universidades e empresas reconhecidas internacionalmente, abrangendo diversas \u00e1reas do conhecimento.<\/span><span data-ccp-props=\"{&quot;335551550&quot;:6,&quot;335551620&quot;:6,&quot;335559739&quot;:240}\">\u00a0<\/span><\/p>\n","protected":false},"excerpt":{"rendered":"<p>O Programa de P\u00f3s-Gradua\u00e7\u00e3o em Engenharia El\u00e9trica (PPGEE) da Universidade Federal de Santa Maria (UFSM), c\u00f3digo 42002010003P8, foi criado em 1974, com a oferta do primeiro Curso de Mestrado em Engenharia El\u00e9trica do Estado do Rio Grande do Sul.\u00a0\u00a0 Em 1994, realizou-se uma reestrutura\u00e7\u00e3o do programa definindo novas pol\u00edticas de a\u00e7\u00f5es com destaque para a [&hellip;]<\/p>\n","protected":false},"author":115,"featured_media":0,"parent":0,"menu_order":0,"comment_status":"closed","ping_status":"closed","template":"","meta":{"footnotes":""},"categories":[],"tags":[],"class_list":["post-156","page","type-page","status-publish","hentry"],"acf":[],"_links":{"self":[{"href":"https:\/\/www.ufsm.br\/cursos\/pos-graduacao\/santa-maria\/ppgee\/wp-json\/wp\/v2\/pages\/156","targetHints":{"allow":["GET"]}}],"collection":[{"href":"https:\/\/www.ufsm.br\/cursos\/pos-graduacao\/santa-maria\/ppgee\/wp-json\/wp\/v2\/pages"}],"about":[{"href":"https:\/\/www.ufsm.br\/cursos\/pos-graduacao\/santa-maria\/ppgee\/wp-json\/wp\/v2\/types\/page"}],"author":[{"embeddable":true,"href":"https:\/\/www.ufsm.br\/cursos\/pos-graduacao\/santa-maria\/ppgee\/wp-json\/wp\/v2\/users\/115"}],"replies":[{"embeddable":true,"href":"https:\/\/www.ufsm.br\/cursos\/pos-graduacao\/santa-maria\/ppgee\/wp-json\/wp\/v2\/comments?post=156"}],"version-history":[{"count":0,"href":"https:\/\/www.ufsm.br\/cursos\/pos-graduacao\/santa-maria\/ppgee\/wp-json\/wp\/v2\/pages\/156\/revisions"}],"wp:attachment":[{"href":"https:\/\/www.ufsm.br\/cursos\/pos-graduacao\/santa-maria\/ppgee\/wp-json\/wp\/v2\/media?parent=156"}],"wp:term":[{"taxonomy":"category","embeddable":true,"href":"https:\/\/www.ufsm.br\/cursos\/pos-graduacao\/santa-maria\/ppgee\/wp-json\/wp\/v2\/categories?post=156"},{"taxonomy":"post_tag","embeddable":true,"href":"https:\/\/www.ufsm.br\/cursos\/pos-graduacao\/santa-maria\/ppgee\/wp-json\/wp\/v2\/tags?post=156"}],"curies":[{"name":"wp","href":"https:\/\/api.w.org\/{rel}","templated":true}]}}