{"id":162,"date":"2019-04-08T11:10:44","date_gmt":"2019-04-08T14:10:44","guid":{"rendered":"https:\/\/www.ufsm.br\/cursos\/pos-graduacao\/santa-maria\/ppgee\/?page_id=162"},"modified":"2019-05-20T15:53:42","modified_gmt":"2019-05-20T18:53:42","slug":"area-de-concentracao","status":"publish","type":"page","link":"https:\/\/www.ufsm.br\/cursos\/pos-graduacao\/santa-maria\/ppgee\/area-de-concentracao","title":{"rendered":"\u00c1rea de Concentra\u00e7\u00e3o e Linhas de Pesquisa"},"content":{"rendered":"\n<p>O Programa de P\u00f3s-Gradua\u00e7\u00e3o em Engenharia El\u00e9trica da Universidade Federal de Santa Maria oferece cursos em n\u00edvel de Mestrado e Doutorado, conferindo o t\u00edtulo de Mestre ou Doutor em Engenharia El\u00e9trica, na \u00e1rea de concentra\u00e7\u00e3o de Processamento de Energia.<\/p>\n<p>Dentro da \u00e1rea da Engenharia El\u00e9trica, o Processamento de Energia \u00e9 respons\u00e1vel pela convers\u00e3o, controle, qualidade e conserva\u00e7\u00e3o da energia el\u00e9trica para as mais diversas aplica\u00e7\u00f5es. Neste sentido o candidato desenvolve suas atividades curriculares dentre quatro linhas de pesquisas:<\/p>\n<div>i. Controle Aplicado<\/div>\n<div>ii. Eletr\u00f4nica de Pot\u00eancia<\/div>\n<div>iii. Sistemas de Energia<\/div>\n<div>iv. Sistemas de Ilumina\u00e7\u00e3o<\/div>\n<div>\u00a0<\/div>\n<div>\n<p><strong>Controle Aplicado<\/strong><\/p>\n<p>An\u00e1lise, desenvolvimento e avalia\u00e7\u00e3o de t\u00e9cnicas de controle anal\u00f3gico e\/ou digital aplicado a processos e sistemas de processamento de energia.<\/p>\n<p><strong>Eletr\u00f4nica de Pot\u00eancia<\/strong><\/p>\n<p>Desenvolvimento de conversores est\u00e1ticos, fontes de energia, dispositivos de pot\u00eancia, t\u00e9cnicas de controle aplicado, sistemas eletr\u00f4nicos de ilumina\u00e7\u00e3o e automa\u00e7\u00e3o, sistemas distribu\u00eddos de energia el\u00e9trica, acionamentos el\u00e9tricos.<\/p>\n<p><strong>Sistemas de Energia<\/strong><\/p>\n<p>An\u00e1lise e estudo da viabilidade de fontes alternativas de energia, sistemas el\u00e9tricos de pot\u00eancia e prote\u00e7\u00e3o. A linha de Sistemas de Energia est\u00e1 voltada para a pesquisa, na \u00e1rea de otimiza\u00e7\u00e3o, planejamento, opera\u00e7\u00e3o, an\u00e1lise e modelagem.<\/p>\n<p><strong>Sistemas de Ilumina\u00e7\u00e3o<\/strong><\/p>\n<p>Eficientiza\u00e7\u00e3o energ\u00e9tica de sistemas de ilumina\u00e7\u00e3o, desenvolvimento de reatores eletr\u00f4nicos para alimenta\u00e7\u00e3o de l\u00e2mpadas de descarga de alta e baixa press\u00e3o, desenvolvimento de drivers eletr\u00f4nicos para LEDs, an\u00e1lise t\u00e9rmica de lumin\u00e1rias de LEDs, estudo \u00f3tico de lumin\u00e1rias, caracteriza\u00e7\u00e3o e minimiza\u00e7\u00e3o de resson\u00e2ncias ac\u00fasticas em l\u00e2mpadas de descarga de alta press\u00e3o, estudo e implementa\u00e7\u00e3o de t\u00e9cnicas de dimming em l\u00e2mpadas de descarga e LEDs, automa\u00e7\u00e3o de sistemas de ilumina\u00e7\u00e3o, desenvolvimento de conversores para gera\u00e7\u00e3o de radia\u00e7\u00e3o ultravioleta.<\/p>\n<\/div>\n","protected":false},"excerpt":{"rendered":"<p>O Programa de P\u00f3s-Gradua\u00e7\u00e3o em Engenharia El\u00e9trica da Universidade Federal de Santa Maria oferece cursos em n\u00edvel de Mestrado e Doutorado, conferindo o t\u00edtulo de Mestre ou Doutor em Engenharia El\u00e9trica, na \u00e1rea de concentra\u00e7\u00e3o de Processamento de Energia. Dentro da \u00e1rea da Engenharia El\u00e9trica, o Processamento de Energia \u00e9 respons\u00e1vel pela convers\u00e3o, controle, qualidade [&hellip;]<\/p>\n","protected":false},"author":115,"featured_media":0,"parent":0,"menu_order":0,"comment_status":"closed","ping_status":"closed","template":"","meta":{"footnotes":""},"categories":[],"tags":[],"class_list":["post-162","page","type-page","status-publish","hentry"],"acf":[],"_links":{"self":[{"href":"https:\/\/www.ufsm.br\/cursos\/pos-graduacao\/santa-maria\/ppgee\/wp-json\/wp\/v2\/pages\/162","targetHints":{"allow":["GET"]}}],"collection":[{"href":"https:\/\/www.ufsm.br\/cursos\/pos-graduacao\/santa-maria\/ppgee\/wp-json\/wp\/v2\/pages"}],"about":[{"href":"https:\/\/www.ufsm.br\/cursos\/pos-graduacao\/santa-maria\/ppgee\/wp-json\/wp\/v2\/types\/page"}],"author":[{"embeddable":true,"href":"https:\/\/www.ufsm.br\/cursos\/pos-graduacao\/santa-maria\/ppgee\/wp-json\/wp\/v2\/users\/115"}],"replies":[{"embeddable":true,"href":"https:\/\/www.ufsm.br\/cursos\/pos-graduacao\/santa-maria\/ppgee\/wp-json\/wp\/v2\/comments?post=162"}],"version-history":[{"count":0,"href":"https:\/\/www.ufsm.br\/cursos\/pos-graduacao\/santa-maria\/ppgee\/wp-json\/wp\/v2\/pages\/162\/revisions"}],"wp:attachment":[{"href":"https:\/\/www.ufsm.br\/cursos\/pos-graduacao\/santa-maria\/ppgee\/wp-json\/wp\/v2\/media?parent=162"}],"wp:term":[{"taxonomy":"category","embeddable":true,"href":"https:\/\/www.ufsm.br\/cursos\/pos-graduacao\/santa-maria\/ppgee\/wp-json\/wp\/v2\/categories?post=162"},{"taxonomy":"post_tag","embeddable":true,"href":"https:\/\/www.ufsm.br\/cursos\/pos-graduacao\/santa-maria\/ppgee\/wp-json\/wp\/v2\/tags?post=162"}],"curies":[{"name":"wp","href":"https:\/\/api.w.org\/{rel}","templated":true}]}}