{"id":214,"date":"2019-04-08T13:29:08","date_gmt":"2019-04-08T16:29:08","guid":{"rendered":"https:\/\/www.ufsm.br\/cursos\/pos-graduacao\/santa-maria\/ppgee\/?page_id=214"},"modified":"2019-04-10T15:04:57","modified_gmt":"2019-04-10T18:04:57","slug":"dinter-ufsm-unir","status":"publish","type":"page","link":"https:\/\/www.ufsm.br\/cursos\/pos-graduacao\/santa-maria\/ppgee\/dinter-ufsm-unir","title":{"rendered":"Projeto de Doutorado Interinstitucional em Engenharia El\u00e9trica (DINTER)"},"content":{"rendered":"\n<p>\u00a0<\/p>\n<p><strong>DINTER UFSM &#8211; UNIR<\/strong><\/p>\n<p><b>1. PROJETO DE DOUTORADO INTERINSTITUCIONAL EM ENGENHARIA EL\u00c9TRICA &#8211; DINTER<\/b><\/p>\n<p>PROMOTORA: UNIVERSIDADE FEDERAL DE SANTA MARIA &#8211; UFSM<br \/>Coordenador: Ph.D. Jos\u00e9 Renes Pinheiro<br \/>Professor Titular, Coordenador do Programa de P\u00f3s-Gradua\u00e7\u00e3o em Engenharia El\u00e9trica.<\/p>\n<p>RECEPTORA: UNIVERSIDADE FEDERAL DE ROND\u00d4NIA &#8211; UNIR<br \/>Coordenador: Dr. Carlos Alberto Ten\u00f3rio de Carvalho J\u00fanior<br \/>Professor Associado II, L\u00edder do Grupo de Pesquisa em Modelagem de Sistemas El\u00e9tricos.<\/p>\n<p><a href=\"https:\/\/www.ufsm.br\/cursos\/pos-graduacao\/santa-maria\/ppgee\/wp-content\/uploads\/sites\/553\/2019\/04\/REL_DINTER-UFSM-UNIR.pdf\">Relat\u00f3rio Final de Execu\u00e7\u00e3o (2012 &#8211; 2016)<\/a><\/p>\n<p><b>1.2. Teses\u00a0de Doutorado\u00a0<\/b><\/p>\n<ol start=\"1\">\n<li>Cicero Hildenberg Lima de Oliveira.\u00a0<b>APLICA\u00c7\u00c3O DE LEDS NA MICROSCOPIA \u00d3PTICA AO DIAGN\u00d3STICO DA MAL\u00c1RIA<\/b>,\u00a0Programa de P\u00f3s-Gradua\u00e7\u00e3o em Engenharia El\u00e9trica, \u00c1rea de Concentra\u00e7\u00e3o em Processamento de Energia, da Universidade Federal de Santa Maria (UFSM, RS), 2016.<\/li>\n<li>Elaine Aparecida de Lima Vianna.\u00a0<b>PRIORIZA\u00c7\u00c3O DA MANUTEN\u00c7\u00c3O EM SUBESTA\u00c7\u00d5ES COM FOCO NA CONFIABILIDADE E NA REMUNERA\u00c7\u00c3O DA FUN\u00c7\u00c3O TRANSMISS\u00c3O<\/b>, Programa de P\u00f3s-Gradua\u00e7\u00e3o em Engenharia El\u00e9trica, \u00c1rea de Concentra\u00e7\u00e3o em Processamento de Energia, da Universidade Federal de Santa Maria (UFSM, RS), 2017.<\/li>\n<li>Paulo Roberto de Oliveira Borges.\u00a0<b>REPOTENCIALIZA\u00c7\u00c3O DE SISTEMAS DE DISTRIBUI\u00c7\u00c3O RURAIS MONOF\u00c1SICOS POR MEIO DE DOIS CABOS A\u00c9REOS O O SOLO COMO A TERCEIRA FASE<\/b>,\u00a0Programa de P\u00f3s-Gradua\u00e7\u00e3o em Engenharia El\u00e9trica, \u00c1rea de Concentra\u00e7\u00e3o em Processamento de Energia, da Universidade Federal de Santa Maria (UFSM, RS), 2017.<\/li>\n<li>Let\u00edcia Carvalho Pivetta,\u00a0<b>SISTEMA DE PROJETOS OTIMIZADOS DE CONVERSORES EST\u00c1TICOS (POCE) USANDO ALGORITMOS GEN\u00c9TICOS<\/b>, Programa de P\u00f3s-Gradua\u00e7\u00e3o em Engenharia El\u00e9trica, \u00c1rea de Concentra\u00e7\u00e3o em Processamento de Energia, da Universidade Federal de Santa Maria (UFSM, RS), 2017.\u00a0<\/li>\n<li>Antonio Carlos Duarte Ricciotti.\u00a0<b>MODULA\u00c7\u00c3O DESCONT\u00cdNUA PARA CONVERSORES COM PERNAS EM PARALELO MAGNETICAMENTE ACOPLADAS<\/b>,\u00a0Programa de P\u00f3s-Gradua\u00e7\u00e3o em Engenharia El\u00e9trica, \u00c1rea de Concentra\u00e7\u00e3o em Processamento de Energia, da Universidade Federal de Santa Maria (UFSM, RS), 2017.<\/li>\n<li>Ciro Jos\u00e9 Egoavil Montero.\u00a0<b>MONITORAMENTO REMOTO E SEGURO DO CAMPO ELETROMAGN\u00c9TICO EM LINHAS D TRANSMISS\u00c3O DE ALTA TENS\u00c3O<\/b>,\u00a0Programa de P\u00f3s-Gradua\u00e7\u00e3o em Engenharia El\u00e9trica, \u00c1rea de Concentra\u00e7\u00e3o em Processamento de Energia, da Universidade Federal de Santa Maria (UFSM, RS), 2017.<\/li>\n<li>Cl\u00e1udio Luiz do Amaral Santini.\u00a0<b>UM CONTROLADOR \u00d3TIMO ROBUSTO APLICADO A INVERSORES CONECTADOS \u00c0 REDE<\/b>,\u00a0Programa de P\u00f3s-Gradua\u00e7\u00e3o em Engenharia El\u00e9trica, \u00c1rea de Concentra\u00e7\u00e3o em Processamento de Energia, da Universidade Federal de Santa Maria (UFSM, RS), 2017.<\/li>\n<\/ol>\n","protected":false},"excerpt":{"rendered":"<p>\u00a0 DINTER UFSM &#8211; UNIR 1. PROJETO DE DOUTORADO INTERINSTITUCIONAL EM ENGENHARIA EL\u00c9TRICA &#8211; DINTER PROMOTORA: UNIVERSIDADE FEDERAL DE SANTA MARIA &#8211; UFSMCoordenador: Ph.D. Jos\u00e9 Renes PinheiroProfessor Titular, Coordenador do Programa de P\u00f3s-Gradua\u00e7\u00e3o em Engenharia El\u00e9trica. RECEPTORA: UNIVERSIDADE FEDERAL DE ROND\u00d4NIA &#8211; UNIRCoordenador: Dr. Carlos Alberto Ten\u00f3rio de Carvalho J\u00faniorProfessor Associado II, L\u00edder do Grupo [&hellip;]<\/p>\n","protected":false},"author":115,"featured_media":0,"parent":0,"menu_order":0,"comment_status":"closed","ping_status":"closed","template":"","meta":{"footnotes":""},"categories":[],"tags":[],"class_list":["post-214","page","type-page","status-publish","hentry"],"acf":[],"_links":{"self":[{"href":"https:\/\/www.ufsm.br\/cursos\/pos-graduacao\/santa-maria\/ppgee\/wp-json\/wp\/v2\/pages\/214","targetHints":{"allow":["GET"]}}],"collection":[{"href":"https:\/\/www.ufsm.br\/cursos\/pos-graduacao\/santa-maria\/ppgee\/wp-json\/wp\/v2\/pages"}],"about":[{"href":"https:\/\/www.ufsm.br\/cursos\/pos-graduacao\/santa-maria\/ppgee\/wp-json\/wp\/v2\/types\/page"}],"author":[{"embeddable":true,"href":"https:\/\/www.ufsm.br\/cursos\/pos-graduacao\/santa-maria\/ppgee\/wp-json\/wp\/v2\/users\/115"}],"replies":[{"embeddable":true,"href":"https:\/\/www.ufsm.br\/cursos\/pos-graduacao\/santa-maria\/ppgee\/wp-json\/wp\/v2\/comments?post=214"}],"version-history":[{"count":0,"href":"https:\/\/www.ufsm.br\/cursos\/pos-graduacao\/santa-maria\/ppgee\/wp-json\/wp\/v2\/pages\/214\/revisions"}],"wp:attachment":[{"href":"https:\/\/www.ufsm.br\/cursos\/pos-graduacao\/santa-maria\/ppgee\/wp-json\/wp\/v2\/media?parent=214"}],"wp:term":[{"taxonomy":"category","embeddable":true,"href":"https:\/\/www.ufsm.br\/cursos\/pos-graduacao\/santa-maria\/ppgee\/wp-json\/wp\/v2\/categories?post=214"},{"taxonomy":"post_tag","embeddable":true,"href":"https:\/\/www.ufsm.br\/cursos\/pos-graduacao\/santa-maria\/ppgee\/wp-json\/wp\/v2\/tags?post=214"}],"curies":[{"name":"wp","href":"https:\/\/api.w.org\/{rel}","templated":true}]}}