{"id":234,"date":"2019-04-08T13:44:23","date_gmt":"2019-04-08T16:44:23","guid":{"rendered":"https:\/\/www.ufsm.br\/cursos\/pos-graduacao\/santa-maria\/ppgee\/?page_id=234"},"modified":"2019-05-16T10:20:18","modified_gmt":"2019-05-16T13:20:18","slug":"identidade-visual","status":"publish","type":"page","link":"https:\/\/www.ufsm.br\/cursos\/pos-graduacao\/santa-maria\/ppgee\/identidade-visual","title":{"rendered":"Identidade Visual"},"content":{"rendered":"\n<p>O logotipo \u00e9 mais do que uma figura representativa ou um s\u00edmbolo; ela \u00e9 representa\u00e7\u00e3o de uma s\u00e9rie de atributos e valores que refletem a vis\u00e3o e o compromisso do Programa de P\u00f3s-Gradua\u00e7\u00e3o em Engenharia El\u00e9trica (PPGEE) com a comunidade cient\u00edfica nacional e internacional.<\/p>\n<p>\u00a0\u00c9 terminantemente proibida a altera\u00e7\u00e3o ou recria\u00e7\u00e3o da forma, tratamento gr\u00e1fico ou da cor do logotipo doPrograma de P\u00f3s-Gradua\u00e7\u00e3o em Engenharia El\u00e9trica (PPGEE).<\/p>\n<p><img decoding=\"async\" class=\"wp-image-235 size-medium aligncenter\" src=\"https:\/\/www.ufsm.br\/cursos\/pos-graduacao\/santa-maria\/ppgee\/wp-content\/uploads\/sites\/553\/2019\/04\/ppgeemarca-300x93.jpg\" alt=\"\" width=\"300\" height=\"93\" srcset=\"https:\/\/www.ufsm.br\/app\/uploads\/sites\/553\/2019\/04\/ppgeemarca-300x93.jpg 300w, https:\/\/www.ufsm.br\/app\/uploads\/sites\/553\/2019\/04\/ppgeemarca-768x237.jpg 768w, https:\/\/www.ufsm.br\/app\/uploads\/sites\/553\/2019\/04\/ppgeemarca.jpg 968w\" sizes=\"(max-width: 300px) 100vw, 300px\" \/><\/p>\n","protected":false},"excerpt":{"rendered":"<p>O logotipo \u00e9 mais do que uma figura representativa ou um s\u00edmbolo; ela \u00e9 representa\u00e7\u00e3o de uma s\u00e9rie de atributos e valores que refletem a vis\u00e3o e o compromisso do Programa de P\u00f3s-Gradua\u00e7\u00e3o em Engenharia El\u00e9trica (PPGEE) com a comunidade cient\u00edfica nacional e internacional. \u00a0\u00c9 terminantemente proibida a altera\u00e7\u00e3o ou recria\u00e7\u00e3o da forma, tratamento gr\u00e1fico [&hellip;]<\/p>\n","protected":false},"author":115,"featured_media":0,"parent":0,"menu_order":0,"comment_status":"closed","ping_status":"closed","template":"","meta":{"footnotes":""},"categories":[],"tags":[],"class_list":["post-234","page","type-page","status-publish","hentry"],"acf":[],"_links":{"self":[{"href":"https:\/\/www.ufsm.br\/cursos\/pos-graduacao\/santa-maria\/ppgee\/wp-json\/wp\/v2\/pages\/234","targetHints":{"allow":["GET"]}}],"collection":[{"href":"https:\/\/www.ufsm.br\/cursos\/pos-graduacao\/santa-maria\/ppgee\/wp-json\/wp\/v2\/pages"}],"about":[{"href":"https:\/\/www.ufsm.br\/cursos\/pos-graduacao\/santa-maria\/ppgee\/wp-json\/wp\/v2\/types\/page"}],"author":[{"embeddable":true,"href":"https:\/\/www.ufsm.br\/cursos\/pos-graduacao\/santa-maria\/ppgee\/wp-json\/wp\/v2\/users\/115"}],"replies":[{"embeddable":true,"href":"https:\/\/www.ufsm.br\/cursos\/pos-graduacao\/santa-maria\/ppgee\/wp-json\/wp\/v2\/comments?post=234"}],"version-history":[{"count":0,"href":"https:\/\/www.ufsm.br\/cursos\/pos-graduacao\/santa-maria\/ppgee\/wp-json\/wp\/v2\/pages\/234\/revisions"}],"wp:attachment":[{"href":"https:\/\/www.ufsm.br\/cursos\/pos-graduacao\/santa-maria\/ppgee\/wp-json\/wp\/v2\/media?parent=234"}],"wp:term":[{"taxonomy":"category","embeddable":true,"href":"https:\/\/www.ufsm.br\/cursos\/pos-graduacao\/santa-maria\/ppgee\/wp-json\/wp\/v2\/categories?post=234"},{"taxonomy":"post_tag","embeddable":true,"href":"https:\/\/www.ufsm.br\/cursos\/pos-graduacao\/santa-maria\/ppgee\/wp-json\/wp\/v2\/tags?post=234"}],"curies":[{"name":"wp","href":"https:\/\/api.w.org\/{rel}","templated":true}]}}