{"id":237,"date":"2019-04-08T13:45:42","date_gmt":"2019-04-08T16:45:42","guid":{"rendered":"https:\/\/www.ufsm.br\/cursos\/pos-graduacao\/santa-maria\/ppgee\/?page_id=237"},"modified":"2025-05-08T10:24:35","modified_gmt":"2025-05-08T13:24:35","slug":"contato-2","status":"publish","type":"page","link":"https:\/\/www.ufsm.br\/cursos\/pos-graduacao\/santa-maria\/ppgee\/contato-2","title":{"rendered":"Contato"},"content":{"rendered":"\t\t<div data-elementor-type=\"wp-post\" data-elementor-id=\"237\" class=\"elementor elementor-237\">\n\t\t\t\t\t\t<section class=\"elementor-section elementor-top-section elementor-element elementor-element-265e569a elementor-section-boxed elementor-section-height-default elementor-section-height-default\" data-id=\"265e569a\" data-element_type=\"section\">\n\t\t\t\t\t\t<div class=\"elementor-container elementor-column-gap-default\">\n\t\t\t\t\t<div class=\"elementor-column elementor-col-100 elementor-top-column elementor-element elementor-element-39c2821b\" data-id=\"39c2821b\" data-element_type=\"column\">\n\t\t\t<div class=\"elementor-widget-wrap elementor-element-populated\">\n\t\t\t\t\t\t<div class=\"elementor-element elementor-element-4c9bd016 elementor-widget elementor-widget-text-editor\" data-id=\"4c9bd016\" data-element_type=\"widget\" data-widget_type=\"text-editor.default\">\n\t\t\t\t<div class=\"elementor-widget-container\">\n\t\t\t\t\t\t\t<!-- wp:html -->\n<p><strong>Coordena\u00e7\u00e3o PPGEE:<br \/><\/strong>Coordenador: Prof. Marco Ant\u00f4nio Dalla Costa &#8211; e-mail: <span id=\"cloak9a3b2af63d1df6eba4b767e6fd4a19b6\"><a href=\"mailto:marcodc@gedre.ufsm.br\">marcodc@gedre.ufsm.br<\/a><\/span><span id=\"cloakaf2c87ae24e1391c4496ea5ae81026f4\"><br \/><\/span>Coordenador Substituto: M\u00e1rio L\u00facio da Silva Martins &#8211; e-mail:\u00a0<span id=\"cloak9a3b2af63d1df6eba4b767e6fd4a19b6\"><a href=\"mailto:mariolsm@gmail.com\">mariolsm@gmail.com<\/a><\/span><span id=\"cloak9a3b2af63d1df6eba4b767e6fd4a19b6\"><\/span><\/p>\n<p><strong>Secretaria PPGEE:<br \/><\/strong>Assist. Adm. Andr\u00e9 Ross Borniatti<br \/>Sec. Exec. Luciana Ivanete Kapelinski<br \/><br \/><strong>Contato:<\/strong><br \/>Fone (Whats App): (55) 3220-8344<br \/>e-mail: <span id=\"cloak911c5db616b1cfd89d2d600f10024bb6\"><a href=\"mailto:ppgee@ufsm.br\">ppgee@ufsm.br<\/a><\/span><\/p>\n<p><strong>M\u00eddias Sociais:<\/strong><\/p>\n<p><strong><a href=\"http:\/\/www.youtube.com\/c\/ProgramadeP\u00f3sGradua\u00e7\u00e3oemEngenhariaEl\u00e9tricaUFSM\/\" target=\"_blank\" rel=\"noopener\"><img decoding=\"async\" class=\"alignleft wp-image-3563 size-full\" src=\"https:\/\/www.ufsm.br\/app\/uploads\/sites\/553\/2021\/10\/5296521_play_video_vlog_youtube_youtube-logo_icon.png\" alt=\"www.youtube.com\/c\/ProgramadeP\u00f3sGradua\u00e7\u00e3oemEngenhariaEl\u00e9tricaUFSM\/ \" width=\"48\" height=\"48\" \/><\/a><\/strong><\/p>\n<p><a href=\"http:\/\/www.instagram.com\/ppgeeufsm\/\" target=\"_blank\" rel=\"noopener\"><img decoding=\"async\" class=\"alignleft wp-image-3564 size-full\" src=\"https:\/\/www.ufsm.br\/app\/uploads\/sites\/553\/2021\/10\/5296765_camera_instagram_instagram-logo_icon.png\" alt=\"www.instagram.com\/ppgeeufsm\/\" width=\"48\" height=\"48\" \/><\/a><\/p>\n<p><a href=\"http:\/\/www.linkedin.com\/in\/ppgeeufsm\" target=\"_blank\" rel=\"noopener\"><img decoding=\"async\" class=\"alignleft wp-image-3562 size-full\" src=\"https:\/\/www.ufsm.br\/app\/uploads\/sites\/553\/2021\/10\/5296501_linkedin_network_linkedin-logo_icon.png\" alt=\"https:\/\/www.linkedin.com\/in\/ppgeeufsm\" width=\"48\" height=\"48\" \/><\/a><\/p>\n<p><a href=\"http:\/\/www.facebook.com\/ppgeeufsm6\/\" target=\"_blank\" rel=\"noopener\"><img loading=\"lazy\" decoding=\"async\" class=\"alignleft wp-image-3561 size-full\" src=\"https:\/\/www.ufsm.br\/app\/uploads\/sites\/553\/2021\/10\/5296499_fb_facebook_facebook-logo_icon-1.png\" alt=\"www.facebook.com\/ppgeeufsm6\/\" width=\"48\" height=\"48\" \/><\/a><\/p>\n<p>&nbsp;<\/p>\n<p>&nbsp;<\/p>\n<p><strong>Endere\u00e7o:<br \/><\/strong>Universidade Federal de Santa Maria \u2013 UFSM<br \/>Programa de P\u00f3s-Gradua\u00e7\u00e3o em Engenharia El\u00e9trica &#8211; PPGEE<br \/>Av. Roraima n\u00ba 1000 \u2013 Campus Universit\u00e1rio \u2013 Bairro Camobi<br \/>Pr\u00e9dio do INPE &#8211; Instituto Nacional de Pesquisas Espaciais<br \/>2\u00ba piso \u2013 Sala 2060<br \/>CEP 97105-900 &#8211; Santa Maria \u2013 RS<strong><br \/><\/strong><\/p>\n<p><strong>Localiza\u00e7\u00e3o:<\/strong><\/p>\n<p><iframe src=\"https:\/\/www.google.com\/maps\/embed?pb=!1m18!1m12!1m3!1d3465.259137827322!2d-53.72085102541974!3d-29.712252015949836!2m3!1f0!2f0!3f0!3m2!1i1024!2i768!4f13.1!3m3!1m2!1s0x9503b59e2bd9d247%3A0x65091f68321d47c5!2sPPGEE%20-%20Programa%20de%20P%C3%B3s-Gradua%C3%A7%C3%A3o%20em%20Engenharia%20El%C3%A9trica%20(UFSM)!5e0!3m2!1spt-BR!2sbr!4v1746710168207!5m2!1spt-BR!2sbr\" width=\"600\" height=\"450\" allowfullscreen=\"\"><\/iframe><\/p>\n<!-- \/wp:html -->\t\t\t\t\t\t<\/div>\n\t\t\t\t<\/div>\n\t\t\t\t\t<\/div>\n\t\t<\/div>\n\t\t\t\t\t<\/div>\n\t\t<\/section>\n\t\t\t\t<\/div>\n\t\t","protected":false},"excerpt":{"rendered":"<p>Coordena\u00e7\u00e3o PPGEE:Coordenador: Prof. Marco Ant\u00f4nio Dalla Costa &#8211; e-mail: marcodc@gedre.ufsm.brCoordenador Substituto: M\u00e1rio L\u00facio da Silva Martins &#8211; e-mail:\u00a0mariolsm@gmail.com Secretaria PPGEE:Assist. Adm. Andr\u00e9 Ross BorniattiSec. Exec. Luciana Ivanete Kapelinski Contato:Fone (Whats App): (55) 3220-8344e-mail: ppgee@ufsm.br M\u00eddias Sociais: &nbsp; &nbsp; Endere\u00e7o:Universidade Federal de Santa Maria \u2013 UFSMPrograma de P\u00f3s-Gradua\u00e7\u00e3o em Engenharia El\u00e9trica &#8211; PPGEEAv. Roraima n\u00ba 1000 [&hellip;]<\/p>\n","protected":false},"author":115,"featured_media":0,"parent":0,"menu_order":0,"comment_status":"closed","ping_status":"closed","template":"","meta":{"footnotes":""},"categories":[],"tags":[],"class_list":["post-237","page","type-page","status-publish","hentry"],"acf":[],"_links":{"self":[{"href":"https:\/\/www.ufsm.br\/cursos\/pos-graduacao\/santa-maria\/ppgee\/wp-json\/wp\/v2\/pages\/237","targetHints":{"allow":["GET"]}}],"collection":[{"href":"https:\/\/www.ufsm.br\/cursos\/pos-graduacao\/santa-maria\/ppgee\/wp-json\/wp\/v2\/pages"}],"about":[{"href":"https:\/\/www.ufsm.br\/cursos\/pos-graduacao\/santa-maria\/ppgee\/wp-json\/wp\/v2\/types\/page"}],"author":[{"embeddable":true,"href":"https:\/\/www.ufsm.br\/cursos\/pos-graduacao\/santa-maria\/ppgee\/wp-json\/wp\/v2\/users\/115"}],"replies":[{"embeddable":true,"href":"https:\/\/www.ufsm.br\/cursos\/pos-graduacao\/santa-maria\/ppgee\/wp-json\/wp\/v2\/comments?post=237"}],"version-history":[{"count":0,"href":"https:\/\/www.ufsm.br\/cursos\/pos-graduacao\/santa-maria\/ppgee\/wp-json\/wp\/v2\/pages\/237\/revisions"}],"wp:attachment":[{"href":"https:\/\/www.ufsm.br\/cursos\/pos-graduacao\/santa-maria\/ppgee\/wp-json\/wp\/v2\/media?parent=237"}],"wp:term":[{"taxonomy":"category","embeddable":true,"href":"https:\/\/www.ufsm.br\/cursos\/pos-graduacao\/santa-maria\/ppgee\/wp-json\/wp\/v2\/categories?post=237"},{"taxonomy":"post_tag","embeddable":true,"href":"https:\/\/www.ufsm.br\/cursos\/pos-graduacao\/santa-maria\/ppgee\/wp-json\/wp\/v2\/tags?post=237"}],"curies":[{"name":"wp","href":"https:\/\/api.w.org\/{rel}","templated":true}]}}