{"id":239,"date":"2019-04-08T13:47:34","date_gmt":"2019-04-08T16:47:34","guid":{"rendered":"https:\/\/www.ufsm.br\/cursos\/pos-graduacao\/santa-maria\/ppgee\/?page_id=239"},"modified":"2023-10-19T16:35:16","modified_gmt":"2023-10-19T19:35:16","slug":"selecao","status":"publish","type":"page","link":"https:\/\/www.ufsm.br\/cursos\/pos-graduacao\/santa-maria\/ppgee\/selecao","title":{"rendered":"Sele\u00e7\u00e3o de Alunos"},"content":{"rendered":"\t\t<div data-elementor-type=\"wp-post\" data-elementor-id=\"239\" class=\"elementor elementor-239\">\n\t\t\t\t\t\t<section class=\"elementor-section elementor-top-section elementor-element elementor-element-39fd5fd elementor-section-boxed elementor-section-height-default elementor-section-height-default\" data-id=\"39fd5fd\" data-element_type=\"section\">\n\t\t\t\t\t\t<div class=\"elementor-container elementor-column-gap-default\">\n\t\t\t\t\t<div class=\"elementor-column elementor-col-100 elementor-top-column elementor-element elementor-element-76eef12\" data-id=\"76eef12\" data-element_type=\"column\">\n\t\t\t<div class=\"elementor-widget-wrap elementor-element-populated\">\n\t\t\t\t\t\t<div class=\"elementor-element elementor-element-72f8fa7 elementor-widget elementor-widget-toggle\" data-id=\"72f8fa7\" data-element_type=\"widget\" data-widget_type=\"toggle.default\">\n\t\t\t\t<div class=\"elementor-widget-container\">\n\t\t\t\t\t<div class=\"elementor-toggle\">\n\t\t\t\t\t\t\t<div class=\"elementor-toggle-item\">\n\t\t\t\t\t<div id=\"elementor-tab-title-1201\" class=\"elementor-tab-title\" data-tab=\"1\" role=\"button\" aria-controls=\"elementor-tab-content-1201\" aria-expanded=\"false\">\n\t\t\t\t\t\t\t\t\t\t\t\t<span class=\"elementor-toggle-icon elementor-toggle-icon-left\" aria-hidden=\"true\">\n\t\t\t\t\t\t\t\t\t\t\t\t\t\t\t<span class=\"elementor-toggle-icon-closed\"><i class=\"fas fa-caret-right\"><\/i><\/span>\n\t\t\t\t\t\t\t\t<span class=\"elementor-toggle-icon-opened\"><i class=\"elementor-toggle-icon-opened fas fa-caret-up\"><\/i><\/span>\n\t\t\t\t\t\t\t\t\t\t\t\t\t<\/span>\n\t\t\t\t\t\t\t\t\t\t\t\t<a class=\"elementor-toggle-title\" tabindex=\"0\">Aluno Regular - Mestrado e Doutorado<\/a>\n\t\t\t\t\t<\/div>\n\n\t\t\t\t\t<div id=\"elementor-tab-content-1201\" class=\"elementor-tab-content elementor-clearfix\" data-tab=\"1\" role=\"region\" aria-labelledby=\"elementor-tab-title-1201\"><p><!-- wp:tadv\/classic-paragraph --><\/p>\n<p>A sele\u00e7\u00e3o para os cursos de Mestrado e Doutorado do PPGEE ocorre atrav\u00e9s de edital p\u00fablico. A sele\u00e7\u00e3o \u00e9 SEMESTRAL, sendo lan\u00e7ados dois editais por ano, geralmente nos meses de MAIO (para ingresso no 2\u00ba semestre) e OUTUBRO (para ingresso no 1\u00ba semestre do ano posterior).<\/p>\n<p>O n\u00famero de vagas para cada orientador \u00e9 definido pelo Colegiado do Programa a cada semestre, de acordo com a disponibilidade de orienta\u00e7\u00e3o.<\/p>\n<p>Podem se inscrever profissionais portadores do Diploma de Gradua\u00e7\u00e3o em Engenharia El\u00e9trica ou \u00e1reas afins. Al\u00e9m disso, para o Doutorado, tamb\u00e9m deve possuir o diploma de Mestrado em Engenharia El\u00e9trica ou \u00e1reas afins.<\/p>\n<p>Os editais s\u00e3o publicados na p\u00e1gina do PPGEE e na p\u00e1gina de Editais da UFSM (<a href=\"http:\/\/site.ufsm.br\/editais\/prpgp\">http:\/\/site.ufsm.br\/editais\/prpgp<\/a>).<\/p>\n<p><!-- \/wp:tadv\/classic-paragraph --><\/p><\/div>\n\t\t\t\t<\/div>\n\t\t\t\t\t\t\t<div class=\"elementor-toggle-item\">\n\t\t\t\t\t<div id=\"elementor-tab-title-1202\" class=\"elementor-tab-title\" data-tab=\"2\" role=\"button\" aria-controls=\"elementor-tab-content-1202\" aria-expanded=\"false\">\n\t\t\t\t\t\t\t\t\t\t\t\t<span class=\"elementor-toggle-icon elementor-toggle-icon-left\" aria-hidden=\"true\">\n\t\t\t\t\t\t\t\t\t\t\t\t\t\t\t<span class=\"elementor-toggle-icon-closed\"><i class=\"fas fa-caret-right\"><\/i><\/span>\n\t\t\t\t\t\t\t\t<span class=\"elementor-toggle-icon-opened\"><i class=\"elementor-toggle-icon-opened fas fa-caret-up\"><\/i><\/span>\n\t\t\t\t\t\t\t\t\t\t\t\t\t<\/span>\n\t\t\t\t\t\t\t\t\t\t\t\t<a class=\"elementor-toggle-title\" tabindex=\"0\">Aluno Especial<\/a>\n\t\t\t\t\t<\/div>\n\n\t\t\t\t\t<div id=\"elementor-tab-content-1202\" class=\"elementor-tab-content elementor-clearfix\" data-tab=\"2\" role=\"region\" aria-labelledby=\"elementor-tab-title-1202\"><p>O Regimento Geral da P\u00f3s-Gradua\u00e7\u00e3o da UFSM, assim como o Regulamento do PPGEE, prev\u00ea que a matr\u00edcula como aluno especial pode ser concedida nos seguintes casos:<\/p>\n<p>I \u2013 discentes de gradua\u00e7\u00e3o de qualquer IES com, no m\u00ednimo, setenta e cinco por cento dos cr\u00e9ditos necess\u00e1rios \u00e0 conclus\u00e3o do seu curso e participantes de projeto de pesquisa aprovados no \u00e2mbito da Institui\u00e7\u00e3o, cabendo ao coordenador do projeto a responsabilidade pela solicita\u00e7\u00e3o com as devidas justificativas \u00e0 coordena\u00e7\u00e3o;<\/p>\n<p>II \u2013 discentes vinculados a programas de p\u00f3s-gradua\u00e7\u00e3o de outras IES nacionais ou estrangeiras, cabendo \u00e0 coordena\u00e7\u00e3o do programa de origem do discente a responsabilidade pela solicita\u00e7\u00e3o \u00e0 Coordena\u00e7\u00e3o do PPGEE;<\/p>\n<p>III \u2013 portadores de diploma de curso superior, participantes de projeto de pesquisa aprovados no \u00e2mbito da Institui\u00e7\u00e3o, cabendo ao coordenador do projeto a responsabilidade pela solicita\u00e7\u00e3o \u00e0 Coordena\u00e7\u00e3o do PPGEE; e<\/p>\n<p>IV \u2013 servidores portadores de diploma de curso superior da Institui\u00e7\u00e3o e de outras IES, cabendo ao chefe imediato a responsabilidade pela solicita\u00e7\u00e3o \u00e0 coordena\u00e7\u00e3o.<\/p>\n<p>Com exce\u00e7\u00e3o dos candidatos previstos no inciso II, a matr\u00edcula especial em disciplinas de p\u00f3s-gradua\u00e7\u00e3o \u00e9 limitada a uma disciplina por semestre para cada discente e, no m\u00e1ximo, a duas matr\u00edculas especiais em um programa de p\u00f3s-gradua\u00e7\u00e3o.<\/p>\n<p>Duas vezes ao ano (pr\u00f3ximo ao in\u00edcio de cada semestre) o Departamento de Registro e Controle Acad\u00eamico \u2013 DERCA lan\u00e7a, em sua p\u00e1gina de editais, o edital de abertura de inscri\u00e7\u00e3o a categoria de Aluno Especial I em disciplinas de p\u00f3s-gradua\u00e7\u00e3o.<\/p>\n<p>A solicita\u00e7\u00e3o de matr\u00edcula como Aluno Especial ocorre em quatro etapas:<\/p>\n<p>1 \u2013 Requerente solicita matr\u00edcula, via Web;<\/p>\n<p>2 \u2013 Requerente envia documenta\u00e7\u00e3o para a coordena\u00e7\u00e3o do curso;<\/p>\n<p>3 \u2013 Curso envia ao DERCA os pedidos deferidos;<\/p>\n<p>4 \u2013 Requerente executa a matr\u00edcula junto ao DERCA.<\/p>\n<p>As datas espec\u00edficas a cada uma das etapas da solicita\u00e7\u00e3o de matr\u00edcula como Aluno Especial I est\u00e3o estipuladas no Calend\u00e1rio Acad\u00eamico da P\u00f3s-Gradua\u00e7\u00e3o (publicado no site da PRPGP).<\/p><\/div>\n\t\t\t\t<\/div>\n\t\t\t\t\t\t\t<div class=\"elementor-toggle-item\">\n\t\t\t\t\t<div id=\"elementor-tab-title-1203\" class=\"elementor-tab-title\" data-tab=\"3\" role=\"button\" aria-controls=\"elementor-tab-content-1203\" aria-expanded=\"false\">\n\t\t\t\t\t\t\t\t\t\t\t\t<span class=\"elementor-toggle-icon elementor-toggle-icon-left\" aria-hidden=\"true\">\n\t\t\t\t\t\t\t\t\t\t\t\t\t\t\t<span class=\"elementor-toggle-icon-closed\"><i class=\"fas fa-caret-right\"><\/i><\/span>\n\t\t\t\t\t\t\t\t<span class=\"elementor-toggle-icon-opened\"><i class=\"elementor-toggle-icon-opened fas fa-caret-up\"><\/i><\/span>\n\t\t\t\t\t\t\t\t\t\t\t\t\t<\/span>\n\t\t\t\t\t\t\t\t\t\t\t\t<a class=\"elementor-toggle-title\" tabindex=\"0\">Aluno Estrangeiro<\/a>\n\t\t\t\t\t<\/div>\n\n\t\t\t\t\t<div id=\"elementor-tab-content-1203\" class=\"elementor-tab-content elementor-clearfix\" data-tab=\"3\" role=\"region\" aria-labelledby=\"elementor-tab-title-1203\"><p><strong>PEC-PG<\/strong><\/p>\n<p>A CAPES (<a href=\"http:\/\/www.capes.gov.br\/cooperacao-internacional\/multinacional\/pec-pg\">http:\/\/www.capes.gov.br\/cooperacao-internacional\/multinacional\/pec-pg<\/a>) e o CNPq (<a href=\"http:\/\/memoria.cnpq.br\/web\/guest\/pec-pg\">http:\/\/memoria.cnpq.br\/web\/guest\/pec-pg<\/a>) administram o Programa de Estudantes-Conv\u00eanio de P\u00f3s-gradua\u00e7\u00e3o (PEC-PG), juntamente com o Departamento Cultural do Minist\u00e9rio das Rela\u00e7\u00f5es Exteriores. Este programa objetiva a forma\u00e7\u00e3o de recursos humanos, com vistas a possibilitar cidad\u00e3os oriundos de pa\u00edses em desenvolvimento a realiza\u00e7\u00e3o de estudos de p\u00f3s-gradua\u00e7\u00e3o em Institui\u00e7\u00e3o de Ensino Superior brasileira. S\u00e3o priorizados os pa\u00edses que apresentem candidatos no \u00e2mbito de programas nacionais de desenvolvimento socioecon\u00f4mico, acordados entre o Brasil e os pa\u00edses interessados, por via diplom\u00e1tica.<\/p>\n<p>Isso significa que o ingresso de alunos nos Programas de PG na UFSM pode acontecer para o Mestrado ou Doutorado via o Programa PEC-PG, sem a necessidade de que esses candidatos participem do processo seletivo normal, via edital para sele\u00e7\u00e3o da UFSM. Contudo, destaca-se que os candidatos devem possuir a Carta de Aceita\u00e7\u00e3o, \u201dque \u00e9 um documento necess\u00e1rio para o candidato apresentar sua candidatura na Embaixada Brasileira, no seu pa\u00eds de origem.<\/p>\n<p>Uma vez emitida a Carta de Aceita\u00e7\u00e3o do programa e confirmada a concess\u00e3o da bolsa para o candidato pela CAPES ou CNPq, \u00e9 compromisso do PPGEE ofertar uma vaga para o candidato aceito previamente.<\/p><\/div>\n\t\t\t\t<\/div>\n\t\t\t\t\t\t\t<div class=\"elementor-toggle-item\">\n\t\t\t\t\t<div id=\"elementor-tab-title-1204\" class=\"elementor-tab-title\" data-tab=\"4\" role=\"button\" aria-controls=\"elementor-tab-content-1204\" aria-expanded=\"false\">\n\t\t\t\t\t\t\t\t\t\t\t\t<span class=\"elementor-toggle-icon elementor-toggle-icon-left\" aria-hidden=\"true\">\n\t\t\t\t\t\t\t\t\t\t\t\t\t\t\t<span class=\"elementor-toggle-icon-closed\"><i class=\"fas fa-caret-right\"><\/i><\/span>\n\t\t\t\t\t\t\t\t<span class=\"elementor-toggle-icon-opened\"><i class=\"elementor-toggle-icon-opened fas fa-caret-up\"><\/i><\/span>\n\t\t\t\t\t\t\t\t\t\t\t\t\t<\/span>\n\t\t\t\t\t\t\t\t\t\t\t\t<a class=\"elementor-toggle-title\" tabindex=\"0\">Aluno P\u00f3s-Doutorado<\/a>\n\t\t\t\t\t<\/div>\n\n\t\t\t\t\t<div id=\"elementor-tab-content-1204\" class=\"elementor-tab-content elementor-clearfix\" data-tab=\"4\" role=\"region\" aria-labelledby=\"elementor-tab-title-1204\"><p style=\"font-size: 16px;text-align: justify\">O Programa de P\u00f3s-doutorado na Universidade Federal de Santa Maria, regulamentado pelo&nbsp;<a href=\"https:\/\/portal.ufsm.br\/documentos\/download.html?action=arquivosIndexados&amp;id=14820644&amp;download=false\"><span style=\"font-weight: bolder\">Anexo I da&nbsp;<\/span><span style=\"font-weight: bolder\">Resolu\u00e7\u00e3o UFSM N. 139\/2023<\/span><\/a><span style=\"font-weight: bolder\">&nbsp;<\/span>e pela&nbsp;<a href=\"https:\/\/www.ufsm.br\/app\/uploads\/sites\/345\/2021\/01\/INSTRUCAO-NORMATIVA-PRPGP-UFSM-N.-07-DE-04-DE-OUTUBRO-DE-2023.pdf\"><span style=\"font-weight: bolder\">Instru\u00e7\u00e3o Normativa PRPGP\/UFSM N. 007\/2023<\/span><\/a>, \u00e9 um programa de aprimoramento em pesquisa avan\u00e7ada sob supervis\u00e3o de docente ou pesquisador(a) credenciado(a) em programa de p\u00f3s-gradua\u00e7\u00e3o&nbsp;<span style=\"font-weight: bolder\">stricto sensu<\/span>&nbsp;da UFSM, devendo ocorrer em car\u00e1ter presencial.<\/p><p><span style=\"font-weight: var( --e-global-typography-text-font-weight )\">Mais informa\u00e7\u00f5es em: <\/span><a href=\"https:\/\/www.ufsm.br\/pro-reitorias\/prpgp\/servicos\/programa-de-pos-doutorado-na-universidade-federal-de-santa-maria\" style=\"font-weight: var( --e-global-typography-text-font-weight )\">https:\/\/www.ufsm.br\/pro-reitorias\/prpgp\/servicos\/programa-de-pos-doutorado-na-universidade-federal-de-santa-maria<\/a><br><\/p><\/div>\n\t\t\t\t<\/div>\n\t\t\t\t\t\t\t\t<\/div>\n\t\t\t\t<\/div>\n\t\t\t\t<\/div>\n\t\t\t\t\t<\/div>\n\t\t<\/div>\n\t\t\t\t\t<\/div>\n\t\t<\/section>\n\t\t\t\t<\/div>\n\t\t","protected":false},"excerpt":{"rendered":"<p>Aluno Regular &#8211; Mestrado e Doutorado A sele\u00e7\u00e3o para os cursos de Mestrado e Doutorado do PPGEE ocorre atrav\u00e9s de edital p\u00fablico. A sele\u00e7\u00e3o \u00e9 SEMESTRAL, sendo lan\u00e7ados dois editais por ano, geralmente nos meses de MAIO (para ingresso no 2\u00ba semestre) e OUTUBRO (para ingresso no 1\u00ba semestre do ano posterior). O n\u00famero de [&hellip;]<\/p>\n","protected":false},"author":115,"featured_media":0,"parent":0,"menu_order":0,"comment_status":"closed","ping_status":"closed","template":"","meta":{"footnotes":""},"categories":[],"tags":[],"class_list":["post-239","page","type-page","status-publish","hentry"],"acf":[],"_links":{"self":[{"href":"https:\/\/www.ufsm.br\/cursos\/pos-graduacao\/santa-maria\/ppgee\/wp-json\/wp\/v2\/pages\/239","targetHints":{"allow":["GET"]}}],"collection":[{"href":"https:\/\/www.ufsm.br\/cursos\/pos-graduacao\/santa-maria\/ppgee\/wp-json\/wp\/v2\/pages"}],"about":[{"href":"https:\/\/www.ufsm.br\/cursos\/pos-graduacao\/santa-maria\/ppgee\/wp-json\/wp\/v2\/types\/page"}],"author":[{"embeddable":true,"href":"https:\/\/www.ufsm.br\/cursos\/pos-graduacao\/santa-maria\/ppgee\/wp-json\/wp\/v2\/users\/115"}],"replies":[{"embeddable":true,"href":"https:\/\/www.ufsm.br\/cursos\/pos-graduacao\/santa-maria\/ppgee\/wp-json\/wp\/v2\/comments?post=239"}],"version-history":[{"count":0,"href":"https:\/\/www.ufsm.br\/cursos\/pos-graduacao\/santa-maria\/ppgee\/wp-json\/wp\/v2\/pages\/239\/revisions"}],"wp:attachment":[{"href":"https:\/\/www.ufsm.br\/cursos\/pos-graduacao\/santa-maria\/ppgee\/wp-json\/wp\/v2\/media?parent=239"}],"wp:term":[{"taxonomy":"category","embeddable":true,"href":"https:\/\/www.ufsm.br\/cursos\/pos-graduacao\/santa-maria\/ppgee\/wp-json\/wp\/v2\/categories?post=239"},{"taxonomy":"post_tag","embeddable":true,"href":"https:\/\/www.ufsm.br\/cursos\/pos-graduacao\/santa-maria\/ppgee\/wp-json\/wp\/v2\/tags?post=239"}],"curies":[{"name":"wp","href":"https:\/\/api.w.org\/{rel}","templated":true}]}}