{"id":256,"date":"2019-04-08T14:07:58","date_gmt":"2019-04-08T17:07:58","guid":{"rendered":"https:\/\/www.ufsm.br\/cursos\/pos-graduacao\/santa-maria\/ppgee\/?page_id=256"},"modified":"2025-03-12T10:02:38","modified_gmt":"2025-03-12T13:02:38","slug":"bolsas-de-estudos","status":"publish","type":"page","link":"https:\/\/www.ufsm.br\/cursos\/pos-graduacao\/santa-maria\/ppgee\/bolsas-de-estudos","title":{"rendered":"Bolsas de Estudos"},"content":{"rendered":"\t\t<div data-elementor-type=\"wp-post\" data-elementor-id=\"256\" class=\"elementor elementor-256\">\n\t\t\t\t\t\t<section class=\"elementor-section elementor-top-section elementor-element elementor-element-6ec31cb6 elementor-section-boxed elementor-section-height-default elementor-section-height-default\" data-id=\"6ec31cb6\" data-element_type=\"section\">\n\t\t\t\t\t\t<div class=\"elementor-container elementor-column-gap-default\">\n\t\t\t\t\t<div class=\"elementor-column elementor-col-100 elementor-top-column elementor-element elementor-element-304365ac\" data-id=\"304365ac\" data-element_type=\"column\">\n\t\t\t<div class=\"elementor-widget-wrap elementor-element-populated\">\n\t\t\t\t\t\t<div class=\"elementor-element elementor-element-3757d68c elementor-widget elementor-widget-text-editor\" data-id=\"3757d68c\" data-element_type=\"widget\" data-widget_type=\"text-editor.default\">\n\t\t\t\t<div class=\"elementor-widget-container\">\n\t\t\t\t\t\t\t<h1 style=\"text-align: left\"><span style=\"font-size: 18pt\">Aplicativo Bolsista CAPES<\/span><\/h1>\n<p>O aplicativo Bolsista CAPES foi criado para ser acessado por bolsistas e ex-bolsistas dos programas oferecidos pela Coordena\u00e7\u00e3o de Aperfei\u00e7oamento de Pessoal de N\u00edvel Superior (CAPES), uma funda\u00e7\u00e3o do Minist\u00e9rio da Educa\u00e7\u00e3o (MEC). Por meio deste aplicativo, \u00e9 poss\u00edvel visualizar os dados de bolsas em andamentos e finalizadas, bem como o hist\u00f3rico de pagamentos. Lan\u00e7ado em abril de 2017, o aplicativo est\u00e1 dispon\u00edvel gratuitamente nas lojas do Google Play e da Apple Store.<\/p>\n<ul>\n<li><a href=\"https:\/\/play.google.com\/store\/apps\/details?id=br.gov.capes.bolsista\">Google Play<\/a><\/li>\n<li><a href=\"https:\/\/itunes.apple.com\/br\/app\/bolsista-capes\/id1200516646?mt=8\">Apple Store<\/a><\/li>\n<\/ul>\n<h1 style=\"text-align: left\"><span style=\"font-size: 18pt\">Servi\u00e7os disponibilizados pela CAPES<\/span><\/h1>\n<ul>\n<li><a href=\"http:\/\/informerendimentos.capes.gov.br\/informerendimentos\/informerendimentoForm.jsp\">Comprovante de Rendimentos da CAPES para IR<\/a><\/li>\n<li><a href=\"http:\/\/transparencia.capes.gov.br\/transparencia\/xhtml\/index.faces\">Portal Transpar\u00eancia CAPES<\/a><\/li>\n<li><a href=\"http:\/\/sdi.capes.gov.br\/\">SDI \u2013 Sistema de Dissemina\u00e7\u00e3o de Informa\u00e7\u00f5es<\/a><\/li>\n<\/ul>\n<div>\n<div><span style=\"color: #000000\">Os bolsistas tem acesso ao\u00a0<a href=\"https:\/\/scba.capes.gov.br\/\">Sistema de Controle de Bolsas e Aux\u00edlios &#8211; SCBA<\/a> para gerar a declara\u00e7\u00e3o de bolsa e tamb\u00e9m extrato de pagamento.<\/span><\/div>\n<div>\u00a0<\/div>\n<\/div>\n<p><!-- wp:tadv\/classic-paragraph \/--><\/p>\t\t\t\t\t\t<\/div>\n\t\t\t\t<\/div>\n\t\t\t\t\t<\/div>\n\t\t<\/div>\n\t\t\t\t\t<\/div>\n\t\t<\/section>\n\t\t\t\t<section class=\"elementor-section elementor-top-section elementor-element elementor-element-86a80f6 elementor-section-boxed elementor-section-height-default elementor-section-height-default\" data-id=\"86a80f6\" data-element_type=\"section\">\n\t\t\t\t\t\t<div class=\"elementor-container elementor-column-gap-default\">\n\t\t\t\t\t<div class=\"elementor-column elementor-col-100 elementor-top-column elementor-element elementor-element-f2e5aea\" data-id=\"f2e5aea\" data-element_type=\"column\">\n\t\t\t<div class=\"elementor-widget-wrap elementor-element-populated\">\n\t\t\t\t\t\t<div class=\"elementor-element elementor-element-e12f4d2 elementor-widget elementor-widget-toggle\" data-id=\"e12f4d2\" data-element_type=\"widget\" data-widget_type=\"toggle.default\">\n\t\t\t\t<div class=\"elementor-widget-container\">\n\t\t\t\t\t<div class=\"elementor-toggle\">\n\t\t\t\t\t\t\t<div class=\"elementor-toggle-item\">\n\t\t\t\t\t<div id=\"elementor-tab-title-2361\" class=\"elementor-tab-title\" data-tab=\"1\" role=\"button\" aria-controls=\"elementor-tab-content-2361\" aria-expanded=\"false\">\n\t\t\t\t\t\t\t\t\t\t\t\t<span class=\"elementor-toggle-icon elementor-toggle-icon-left\" aria-hidden=\"true\">\n\t\t\t\t\t\t\t\t\t\t\t\t\t\t\t<span class=\"elementor-toggle-icon-closed\"><i class=\"fas fa-caret-right\"><\/i><\/span>\n\t\t\t\t\t\t\t\t<span class=\"elementor-toggle-icon-opened\"><i class=\"elementor-toggle-icon-opened fas fa-caret-up\"><\/i><\/span>\n\t\t\t\t\t\t\t\t\t\t\t\t\t<\/span>\n\t\t\t\t\t\t\t\t\t\t\t\t<a class=\"elementor-toggle-title\" tabindex=\"0\">Crit\u00e9rios de Concess\u00e3o e Regulamento PROEX<\/a>\n\t\t\t\t\t<\/div>\n\n\t\t\t\t\t<div id=\"elementor-tab-content-2361\" class=\"elementor-tab-content elementor-clearfix\" data-tab=\"1\" role=\"region\" aria-labelledby=\"elementor-tab-title-2361\"><p>A <a href=\"https:\/\/www.ufsm.br\/app\/uploads\/sites\/553\/2025\/03\/Deliberacao-PPGEE-01-2025-Bolsas.pdf\">Delibera\u00e7\u00e3o PPGEE N\u00ba 01\/2025<\/a> estabelece as normas gerais e os crit\u00e9rios de concess\u00e3o e manuten\u00e7\u00e3o de bolsas de mestrado e doutorado.<\/p>\n<p>A <a href=\"https:\/\/www.ufsm.br\/cursos\/pos-graduacao\/santa-maria\/ppgee\/wp-content\/uploads\/sites\/553\/2019\/04\/Regulamento-PROEX-2017-Versao-final-1.pdf\" target=\"_blank\" rel=\"noopener\">Portaria n\u00ba 034, de 30 de maio de 2016<\/a>, cont\u00e9m o Regulamento do Programa de Excel\u00eancia Acad\u00eamica \u2013 PROEX<\/p>\n<p>A <a href=\"https:\/\/portal.ufsm.br\/documentos\/publico\/documento.html?id=14855493\" target=\"_blank\" rel=\"noopener\" data-saferedirecturl=\"https:\/\/www.google.com\/url?q=https:\/\/portal.ufsm.br\/documentos\/publico\/documento.html?id%3D14855493&amp;source=gmail&amp;ust=1696007996379000&amp;usg=AOvVaw2IywdZsi_XAp3lvPIMGI_9\">Portaria Normativa PRPGP\/UFSM N. 1\/2023<\/a> disp\u00f5e sobre as diretrizes para o estabelecimento de crit\u00e9rios de concess\u00e3o, renova\u00e7\u00e3o, cancelamento, e ac\u00famulo de bolsas de p\u00f3s-gradua\u00e7\u00e3o concedidas no pa\u00eds com atividade remunerada ou outros rendimentos, no \u00e2mbito da Universidade Federal de Santa Maria.<\/p><\/div>\n\t\t\t\t<\/div>\n\t\t\t\t\t\t\t<div class=\"elementor-toggle-item\">\n\t\t\t\t\t<div id=\"elementor-tab-title-2362\" class=\"elementor-tab-title\" data-tab=\"2\" role=\"button\" aria-controls=\"elementor-tab-content-2362\" aria-expanded=\"false\">\n\t\t\t\t\t\t\t\t\t\t\t\t<span class=\"elementor-toggle-icon elementor-toggle-icon-left\" aria-hidden=\"true\">\n\t\t\t\t\t\t\t\t\t\t\t\t\t\t\t<span class=\"elementor-toggle-icon-closed\"><i class=\"fas fa-caret-right\"><\/i><\/span>\n\t\t\t\t\t\t\t\t<span class=\"elementor-toggle-icon-opened\"><i class=\"elementor-toggle-icon-opened fas fa-caret-up\"><\/i><\/span>\n\t\t\t\t\t\t\t\t\t\t\t\t\t<\/span>\n\t\t\t\t\t\t\t\t\t\t\t\t<a class=\"elementor-toggle-title\" tabindex=\"0\">Solicita\u00e7\u00e3o de bolsa<\/a>\n\t\t\t\t\t<\/div>\n\n\t\t\t\t\t<div id=\"elementor-tab-content-2362\" class=\"elementor-tab-content elementor-clearfix\" data-tab=\"2\" role=\"region\" aria-labelledby=\"elementor-tab-title-2362\"><p>A cada in\u00edcio de semestre \u00e9 encaminhado pela Secretaria PPGEE um e-mail com o question\u00e1rio abaixo para identifica\u00e7\u00e3o de interesse de bolsa de estudos. Ap\u00f3s, a Comiss\u00e3o de Bolsas do PPGEE se re\u00fane e realiza a distribui\u00e7\u00e3o de bolsas, baseada nos Crit\u00e9rios de Concess\u00e3o.<\/p>\n<p>O question\u00e1rio enviado geralmente t\u00eam as perguntas abaixo:<\/p>\n<p><b><strong>QUESTION\u00c1RIO<\/strong><\/b><b><strong>\u00a0SEMESTRAL BOLSISTAS PPGEE<\/strong><\/b><\/p>\n<p>1 \u2013 Nome completo:<\/p>\n<p>2 \u2013 E-mail:\u00a0<\/p>\n<p>3 \u2013 N\u00famero de telefone para contato:\u00a0<\/p>\n<p>4 \u2013 N\u00famero de matr\u00edcula:<\/p>\n<p>5 \u2013 Endere\u00e7o residencial:<\/p>\n<p>6 \u2013 Caso seja contemplado com bolsa e n\u00e3o resida em Santa Maria, h\u00e1 possibilidade de residir em Santa Maria:<\/p>\n<p>( \u00a0) Sim \u00a0( \u00a0) N\u00e3o<\/p>\n<p>7 \u2013 Ano e semestre de ingresso:<\/p>\n<p>8 \u2013\u00a0Curso: ( \u00a0) Mestrado \u2013 926 \u00a0 \u00a0 \u00a0( \u00a0) Doutorado \u2013 948<\/p>\n<p>9 \u2013 Orientador:<\/p>\n<p>10 \u2013 Grupo de Pesquisa:<\/p>\n<p>11 \u2013 Desejo receber bolsa pois:<\/p>\n<p>( \u00a0 ) N\u00e3o tenho v\u00ednculo empregat\u00edcio\u00a0e\u00a0n\u00e3o recebo bolsa financiada por recursos p\u00fablicos, e disponho de tempo integral para as atividades de P\u00f3s-Gradua\u00e7\u00e3o.<\/p>\n<p>( \u00a0 )\u00a0Possuo v\u00ednculo empregat\u00edcio ou bolsa financiada por recursos p\u00fablicos, mas me desligaria para me dedicar integralmente \u00e0s atividades de P\u00f3s-Gradua\u00e7\u00e3o, caso seja contemplado com a bolsa.<\/p>\n<p>( \u00a0 ) Tenho v\u00ednculo empregat\u00edcio, mas estou liberado das atividades profissionais e sem percep\u00e7\u00e3o de vencimentos.<\/p>\n<p>( \u00a0 ) Outros.<\/p>\n<p>12 \u2013 Caso tenha marcado \u201cOutros\u201d na quest\u00e3o 11, descreva a sua situa\u00e7\u00e3o:<\/p>\n<p>13 \u2013 J\u00e1 fui bolsista (CAPES, CNPq ou FAPERGS) no curso que estou fazendo agora: ( \u00a0) Sim \u00a0( \u00a0) N\u00e3o<\/p>\n<p>14 \u2013 Em caso afirmativo na quest\u00e3o 13, informe em qual Institui\u00e7\u00e3o de Ensino, qual \u00f3rg\u00e3o de fomento e por quanto tempo recebeu a bolsa:<\/p>\n<p>15 \u2013 A previs\u00e3o para a realiza\u00e7\u00e3o da defesa de Disserta\u00e7\u00e3o ou Tese \u00e9:<\/p>\n<p>Requisitos Gerais para Concess\u00e3o de Bolsa:<\/p>\n<p>Exigir-se-\u00e1 do p\u00f3s-graduando, para concess\u00e3o e manuten\u00e7\u00e3o de bolsa de estudos: I \u2013 dedica\u00e7\u00e3o integral \u00e0s atividades do programa de p\u00f3s-gradua\u00e7\u00e3o, ressalvada expressa permiss\u00e3o legal ou previs\u00e3o em ato normativo espec\u00edfico da Capes; II \u2013 comprovar desempenho acad\u00eamico satisfat\u00f3rio, consoante as normas definidas pela IES promotora do curso; III \u2013 quando possuir v\u00ednculo empregat\u00edcio, estar liberado das atividades profissionais sem percep\u00e7\u00e3o de vencimentos, ressalvada expressa permiss\u00e3o legal ou previs\u00e3o em ato normativo espec\u00edfico da Capes; IV \u2013 n\u00e3o possuir rela\u00e7\u00e3o de trabalho com a IES promotora do programa de P\u00f3s-Gradua\u00e7\u00e3o, salvo o caso previsto no \u00a71\u00ba deste Artigo; V \u2013 realizar est\u00e1gio de doc\u00eancia de acordo com o estabelecido no art. 22 deste Regulamento; VI \u2013 n\u00e3o acumular a percep\u00e7\u00e3o da bolsa do PROEX com outra proveniente de recursos p\u00fablicos; VII \u2013 n\u00e3o ser aluno em programa de resid\u00eancia m\u00e9dica; X \u2013 ser classificado no processo seletivo especialmente instaurado pela IES em que se realiza o curso. XI \u2013 assinar o termo de compromisso de bolsista. \u00a71\u00ba. Os bolsistas da CAPES, ter\u00e3o preservado pela dura\u00e7\u00e3o do curso, as respectivas bolsas de estudo, quando selecionados para atuar como professores substitutos nas institui\u00e7\u00f5es federais de ensino superior, ou em cargos de doc\u00eancia semelhantes nas IES estaduais. \u00a7 2\u00ba. A inobserv\u00e2ncia por parte do bolsista aos requisitos deste regulamento em qualquer momento durante o per\u00edodo de vig\u00eancia da bolsa acarretar\u00e1 a imediata interrup\u00e7\u00e3o dos repasses, bem como a obriga\u00e7\u00e3o de restitui\u00e7\u00e3o \u00e0 CAPES dos recursos aplicados irregularmente.<\/p>\n<p>\u00a0<\/p>\n<p>Para os contemplados com Bolsa de Estudos \u00e9 necess\u00e1rio enviar a seguinte\u00a0documenta\u00e7\u00e3o \u00e0 Secretaria PPGEE no prazo determinado para isto:<\/p>\n<p>1)\u00a0\u00a0\u00a0\u00a0\u00a0\u00a0<a href=\"https:\/\/drive.google.com\/file\/d\/1BQ6ghDxw3HrKjqbKDSxi7W0IJGrSlweg\/view?usp=share_link\">Formul\u00e1rio Cadastro Bolsista (arquivo pdf, 115 KB)<\/a> (exemplo);<br \/>2)\u00a0\u00a0\u00a0\u00a0\u00a0\u00a0C\u00f3pia do RG e CPF;<br \/>3)\u00a0\u00a0\u00a0\u00a0\u00a0C\u00f3pia do cabe\u00e7alho da conta banc\u00e1ria (extrato ou saldo onde h\u00e1 identifica\u00e7\u00e3o da conta e o nome do titular). Somente poder\u00e3o receber as mensalidades em contas em nome do titular\/bolsista da conta.<\/p>\n<p>\u00a0\u00a0\u00a0\u00a0A n\u00e3o entrega destes documentos caracterizar\u00e1 desist\u00eancia da bolsa e a mesma ser\u00e1 repassada a outro aluno.<\/p>\n<p>\u00a0\u00a0\u00a0\u00a0Atualmente os valores das Bolsas s\u00e3o: R$ 2.100,00 para o Mestrado e R$ 3.100,00 para o Doutorado.<\/p><\/div>\n\t\t\t\t<\/div>\n\t\t\t\t\t\t\t<div class=\"elementor-toggle-item\">\n\t\t\t\t\t<div id=\"elementor-tab-title-2363\" class=\"elementor-tab-title\" data-tab=\"3\" role=\"button\" aria-controls=\"elementor-tab-content-2363\" aria-expanded=\"false\">\n\t\t\t\t\t\t\t\t\t\t\t\t<span class=\"elementor-toggle-icon elementor-toggle-icon-left\" aria-hidden=\"true\">\n\t\t\t\t\t\t\t\t\t\t\t\t\t\t\t<span class=\"elementor-toggle-icon-closed\"><i class=\"fas fa-caret-right\"><\/i><\/span>\n\t\t\t\t\t\t\t\t<span class=\"elementor-toggle-icon-opened\"><i class=\"elementor-toggle-icon-opened fas fa-caret-up\"><\/i><\/span>\n\t\t\t\t\t\t\t\t\t\t\t\t\t<\/span>\n\t\t\t\t\t\t\t\t\t\t\t\t<a class=\"elementor-toggle-title\" tabindex=\"0\">Relat\u00f3rios Semestrais<\/a>\n\t\t\t\t\t<\/div>\n\n\t\t\t\t\t<div id=\"elementor-tab-content-2363\" class=\"elementor-tab-content elementor-clearfix\" data-tab=\"3\" role=\"region\" aria-labelledby=\"elementor-tab-title-2363\"><p><span style=\"color: #000000\">Ao final de cada semestre letivo, os bolsistas do PPGEE devem entregar na Secretaria do PPGEE o relat\u00f3rio semestral de atividades desenvolvidas com o parecer do professor orientador. Al\u00e9m disso, o bolsista tamb\u00e9m deve entregar o Termo de Compromisso e o Hist\u00f3rico Escolar, atualizados.<\/span><\/p>\n<ul>\n<li><a href=\"https:\/\/www.ufsm.br\/cursos\/pos-graduacao\/santa-maria\/ppgee\/wp-content\/uploads\/sites\/553\/2020\/07\/Relat\u00f3rio-Semestral-Bolsista-PPGEE-1-2020.docx\">Relat\u00f3rio Semestral Bolsista PPGEE 1 2020<\/a> (docx. 127 KB)<\/li>\n<li><span style=\"color: #000000\"><a href=\"https:\/\/www.ufsm.br\/cursos\/pos-graduacao\/santa-maria\/ppgee\/wp-content\/uploads\/sites\/553\/2019\/04\/Termo-de-Compromisso-PROEX-PPGEE-2018.pdf\" target=\"_blank\" rel=\"noopener\">Termo de Compromisso<\/a> (pdf. 193 KB)<\/span><\/li>\n<li><span style=\"color: #000000\">Hist\u00f3rico Escolar (gerado atrav\u00e9s do Portal do Aluno)<\/span><\/li>\n<\/ul><\/div>\n\t\t\t\t<\/div>\n\t\t\t\t\t\t\t\t<\/div>\n\t\t\t\t<\/div>\n\t\t\t\t<\/div>\n\t\t\t\t\t<\/div>\n\t\t<\/div>\n\t\t\t\t\t<\/div>\n\t\t<\/section>\n\t\t\t\t<section class=\"elementor-section elementor-top-section elementor-element elementor-element-9198bb0 elementor-section-boxed elementor-section-height-default elementor-section-height-default\" data-id=\"9198bb0\" data-element_type=\"section\">\n\t\t\t\t\t\t<div class=\"elementor-container elementor-column-gap-default\">\n\t\t\t\t\t<div class=\"elementor-column elementor-col-100 elementor-top-column elementor-element elementor-element-f511c5b\" data-id=\"f511c5b\" data-element_type=\"column\">\n\t\t\t<div class=\"elementor-widget-wrap elementor-element-populated\">\n\t\t\t\t\t\t<div class=\"elementor-element elementor-element-6c9a801 elementor-widget elementor-widget-text-editor\" data-id=\"6c9a801\" data-element_type=\"widget\" data-widget_type=\"text-editor.default\">\n\t\t\t\t<div class=\"elementor-widget-container\">\n\t\t\t\t\t\t\t<div>\n<p>Abaixo pode-se visualizar a Rela\u00e7\u00e3o dos Alunos Bolsistas do PPGEE, a Rela\u00e7\u00e3o dos candidatos \u00e0s bolsas (que responderam o question\u00e1rio de solicita\u00e7\u00e3o de bolsa), al\u00e9m da distribui\u00e7\u00e3o de bolsas entre os grupos de pesquisas e professores:<\/p>\n<ul>\n<li><a href=\"https:\/\/drive.google.com\/file\/d\/1BOCFqq6jUsGMGxyK22dqGKjPwap-mB31\/view?usp=share_link\" target=\"_blank\" rel=\"noopener\">Rela\u00e7\u00e3o de Bolsistas dos Cursos de Mestrado e Doutorado (arquivo pdf, 473 KB)<\/a><\/li>\n<li><a href=\"https:\/\/drive.google.com\/file\/d\/1BNyit5UEfsKcezlVCeivsgsP5lxGWbHC\/view?usp=share_link\" target=\"_blank\" rel=\"noopener\">Rela\u00e7\u00e3o de candidatos \u00e0s bolsas (arquivo pdf, 228 KB)<\/a><\/li>\n<li><a href=\"https:\/\/drive.google.com\/file\/d\/1BPjgCThtJnxwkIGbv5iQBzfazPbUVyrx\/view?usp=share_link\" target=\"_blank\" rel=\"noopener\">Distribui\u00e7\u00e3o de bolsas entre grupos de pesquisas e professores (arquivo pdf, 116 KB)<\/a><\/li>\n<\/ul>\n<p>\u00a0<\/p>\n<\/div>\n<p><!-- wp:tadv\/classic-paragraph \/--><\/p>\t\t\t\t\t\t<\/div>\n\t\t\t\t<\/div>\n\t\t\t\t\t<\/div>\n\t\t<\/div>\n\t\t\t\t\t<\/div>\n\t\t<\/section>\n\t\t\t\t<\/div>\n\t\t","protected":false},"excerpt":{"rendered":"<p>Aplicativo Bolsista CAPES O aplicativo Bolsista CAPES foi criado para ser acessado por bolsistas e ex-bolsistas dos programas oferecidos pela Coordena\u00e7\u00e3o de Aperfei\u00e7oamento de Pessoal de N\u00edvel Superior (CAPES), uma funda\u00e7\u00e3o do Minist\u00e9rio da Educa\u00e7\u00e3o (MEC). Por meio deste aplicativo, \u00e9 poss\u00edvel visualizar os dados de bolsas em andamentos e finalizadas, bem como o hist\u00f3rico [&hellip;]<\/p>\n","protected":false},"author":115,"featured_media":0,"parent":0,"menu_order":0,"comment_status":"closed","ping_status":"closed","template":"","meta":{"footnotes":""},"categories":[],"tags":[],"class_list":["post-256","page","type-page","status-publish","hentry"],"acf":[],"_links":{"self":[{"href":"https:\/\/www.ufsm.br\/cursos\/pos-graduacao\/santa-maria\/ppgee\/wp-json\/wp\/v2\/pages\/256","targetHints":{"allow":["GET"]}}],"collection":[{"href":"https:\/\/www.ufsm.br\/cursos\/pos-graduacao\/santa-maria\/ppgee\/wp-json\/wp\/v2\/pages"}],"about":[{"href":"https:\/\/www.ufsm.br\/cursos\/pos-graduacao\/santa-maria\/ppgee\/wp-json\/wp\/v2\/types\/page"}],"author":[{"embeddable":true,"href":"https:\/\/www.ufsm.br\/cursos\/pos-graduacao\/santa-maria\/ppgee\/wp-json\/wp\/v2\/users\/115"}],"replies":[{"embeddable":true,"href":"https:\/\/www.ufsm.br\/cursos\/pos-graduacao\/santa-maria\/ppgee\/wp-json\/wp\/v2\/comments?post=256"}],"version-history":[{"count":0,"href":"https:\/\/www.ufsm.br\/cursos\/pos-graduacao\/santa-maria\/ppgee\/wp-json\/wp\/v2\/pages\/256\/revisions"}],"wp:attachment":[{"href":"https:\/\/www.ufsm.br\/cursos\/pos-graduacao\/santa-maria\/ppgee\/wp-json\/wp\/v2\/media?parent=256"}],"wp:term":[{"taxonomy":"category","embeddable":true,"href":"https:\/\/www.ufsm.br\/cursos\/pos-graduacao\/santa-maria\/ppgee\/wp-json\/wp\/v2\/categories?post=256"},{"taxonomy":"post_tag","embeddable":true,"href":"https:\/\/www.ufsm.br\/cursos\/pos-graduacao\/santa-maria\/ppgee\/wp-json\/wp\/v2\/tags?post=256"}],"curies":[{"name":"wp","href":"https:\/\/api.w.org\/{rel}","templated":true}]}}