{"id":268,"date":"2019-04-08T14:26:22","date_gmt":"2019-04-08T17:26:22","guid":{"rendered":"https:\/\/www.ufsm.br\/cursos\/pos-graduacao\/santa-maria\/ppgee\/?page_id=268"},"modified":"2025-04-14T09:54:14","modified_gmt":"2025-04-14T12:54:14","slug":"aproveitamento-de-disciplinas-e-testes-de-suficiencia","status":"publish","type":"page","link":"https:\/\/www.ufsm.br\/cursos\/pos-graduacao\/santa-maria\/ppgee\/aproveitamento-de-disciplinas-e-testes-de-suficiencia","title":{"rendered":"Aproveitamento de Disciplinas e Testes de Sufici\u00eancia"},"content":{"rendered":"\t\t<div data-elementor-type=\"wp-post\" data-elementor-id=\"268\" class=\"elementor elementor-268\">\n\t\t\t\t\t\t<section class=\"elementor-section elementor-top-section elementor-element elementor-element-1d702eb elementor-section-boxed elementor-section-height-default elementor-section-height-default\" data-id=\"1d702eb\" data-element_type=\"section\">\n\t\t\t\t\t\t<div class=\"elementor-container elementor-column-gap-default\">\n\t\t\t\t\t<div class=\"elementor-column elementor-col-100 elementor-top-column elementor-element elementor-element-c4d5dbd\" data-id=\"c4d5dbd\" data-element_type=\"column\">\n\t\t\t<div class=\"elementor-widget-wrap elementor-element-populated\">\n\t\t\t\t\t\t<div class=\"elementor-element elementor-element-9a841a8 elementor-widget elementor-widget-text-editor\" data-id=\"9a841a8\" data-element_type=\"widget\" data-widget_type=\"text-editor.default\">\n\t\t\t\t<div class=\"elementor-widget-container\">\n\t\t\t\t\t\t\t<p>Os procedimentos para solicita\u00e7\u00e3o de disciplinas, teste de sufici\u00eancia e valida\u00e7\u00e3o de cr\u00e9ditos atrav\u00e9s de Publica\u00e7\u00e3o de Artigos (para discentes de doutorado) est\u00e3o descritos nos campos abaixo.<\/p><p>Obs.: o aproveitamento de disciplinas e teste de sufici\u00eancia podem ser solicitados no mesmo Processo PEN.<\/p>\t\t\t\t\t\t<\/div>\n\t\t\t\t<\/div>\n\t\t\t\t\t<\/div>\n\t\t<\/div>\n\t\t\t\t\t<\/div>\n\t\t<\/section>\n\t\t\t\t<section class=\"elementor-section elementor-top-section elementor-element elementor-element-c5c14ec elementor-section-boxed elementor-section-height-default elementor-section-height-default\" data-id=\"c5c14ec\" data-element_type=\"section\">\n\t\t\t\t\t\t<div class=\"elementor-container elementor-column-gap-default\">\n\t\t\t\t\t<div class=\"elementor-column elementor-col-100 elementor-top-column elementor-element elementor-element-9a58333\" data-id=\"9a58333\" data-element_type=\"column\">\n\t\t\t<div class=\"elementor-widget-wrap elementor-element-populated\">\n\t\t\t\t\t\t<div class=\"elementor-element elementor-element-4567c63 elementor-widget elementor-widget-toggle\" data-id=\"4567c63\" data-element_type=\"widget\" data-widget_type=\"toggle.default\">\n\t\t\t\t<div class=\"elementor-widget-container\">\n\t\t\t\t\t<div class=\"elementor-toggle\">\n\t\t\t\t\t\t\t<div class=\"elementor-toggle-item\">\n\t\t\t\t\t<div id=\"elementor-tab-title-7271\" class=\"elementor-tab-title\" data-tab=\"1\" role=\"button\" aria-controls=\"elementor-tab-content-7271\" aria-expanded=\"false\">\n\t\t\t\t\t\t\t\t\t\t\t\t<span class=\"elementor-toggle-icon elementor-toggle-icon-left\" aria-hidden=\"true\">\n\t\t\t\t\t\t\t\t\t\t\t\t\t\t\t<span class=\"elementor-toggle-icon-closed\"><i class=\"fas fa-caret-right\"><\/i><\/span>\n\t\t\t\t\t\t\t\t<span class=\"elementor-toggle-icon-opened\"><i class=\"elementor-toggle-icon-opened fas fa-caret-up\"><\/i><\/span>\n\t\t\t\t\t\t\t\t\t\t\t\t\t<\/span>\n\t\t\t\t\t\t\t\t\t\t\t\t<a class=\"elementor-toggle-title\" tabindex=\"0\">Aproveitamento de Disciplinas<\/a>\n\t\t\t\t\t<\/div>\n\n\t\t\t\t\t<div id=\"elementor-tab-content-7271\" class=\"elementor-tab-content elementor-clearfix\" data-tab=\"1\" role=\"region\" aria-labelledby=\"elementor-tab-title-7271\"><p>No curso de Mestrado podem ser aproveitados at\u00e9 24 cr\u00e9ditos atrav\u00e9s de disciplinas de outros cursos <em>stricto sensu<\/em> (Mestrado ou Doutorado), incluindo as realizadas na modalidade Aluno Especial do pr\u00f3prio PPGEE\/UFSM.<\/p><p>No curso de Doutorado podem ser aproveitados at\u00e9 24 cr\u00e9ditos atrav\u00e9s de disciplinas de outros cursos (Mestrado ou Doutorado), incluindo as realizadas na modalidade Aluno Especial e no Curso de Mestrado do pr\u00f3prio PPGEE\/UFSM. As disciplinas de Semin\u00e1rio de Disserta\u00e7\u00e3o n\u00e3o podem ser aproveitadas, pois s\u00e3o referentes ao trabalho final da Disserta\u00e7\u00e3o de Mestrado.<\/p><p>O procedimento para requerer o aproveitamento de disciplinas:<\/p><ol><li>Preencher o\u00a0<a href=\"https:\/\/www.ufsm.br\/app\/uploads\/sites\/553\/2023\/12\/Requerimento_de_Dispensa_ou_Aproveitamento_de_Disciplinas-NCAPG.docx\" target=\"_blank\" rel=\"noopener\">Requerimento de Aproveitamento de Disciplinas<\/a>. A assinatura ser\u00e1 realizada de forma eletr\u00f4nica, ao incluir o documento no processo (Passo 3)<\/li><li>Abrir processo no <a href=\"https:\/\/portal.ufsm.br\/documentos\/mainMenu.html\" target=\"_blank\" rel=\"noopener\">PEN &#8211; Processo Nacional Eletr\u00f4nico,<\/a> entrar com login e senha (canto direito superior) &gt; clicar em &#8220;Novo&#8221; &gt; &#8220;Processo&#8221;, no canto superior esquerdo e adicionar as seguintes informa\u00e7\u00f5es nos campos abaixo:<br \/><strong>Tipo Documental:<\/strong> <em>Solicita\u00e7\u00e3o de aproveitamento de disciplinas de p\u00f3s-gradua\u00e7\u00e3o &#8211; APG (134.23)<\/em><br \/><strong>Proced\u00eancia:<\/strong> Nome do aluno<br \/><strong>Descri\u00e7\u00e3o:<\/strong> Solicita aproveitamento de (disciplinas e\/ou teste de sufici\u00eancia)<\/li><li>Anexar o Requerimento (PDF) preenchido no Passo 1 em &#8220;<em>134.23 &#8211; Requerimento de dispensa ou aproveitamento de disciplinas de mestrado\/doutorado<\/em>&#8221; e assinalar para assinatura eletr\u00f4nica<\/li><li>Anexar o Hist\u00f3rico Escolar onde conste a(s) disciplina(s) cursada(s) e devido(s) conceito(s), clicando em &#8220;+ Adicionar&#8221; &gt; &#8220;Enviar&#8221; (canto direito inferior) e escolher &#8220;<em>Hist\u00f3rico escolar simplificado de mestrado\/doutorado (134.41)<\/em>&#8220;<\/li><li>No caso de aproveitamento de disciplinas externas \u00e0 UFSM, incluir as ementas clicando em &#8220;+ Adicionar&#8221; &gt; &#8220;Enviar&#8221; (canto direito inferior) e escolher <em>&#8220;Lista de disciplinas, ementas e bibliografias do curso de mestrado\/doutorado (131.2)<\/em>&#8220;<\/li><li>Tramitar o processo para Unidade &#8211; &#8220;PROGRAMA DE P\u00d3S-GRADUA\u00c7\u00c3O EM ENGENHARIA EL\u00c9TRICA &#8211; 07.10.01.00.0.0&#8221;,<\/li><\/ol><p>As disciplinas cursadas em outros programas podem ser aproveitadas como Disciplinas Externas, sendo inserido o c\u00f3digo e nome originais da disciplina no Requerimento.<\/p><p>Qualquer d\u00favida pode ser encaminhada para o e-mail ppgee@ufsm.br.<\/p><p>Ap\u00f3s an\u00e1lise da Coordena\u00e7\u00e3o, os documentos s\u00e3o tramitados ao Controle Acad\u00eamico de P\u00f3s-Gradua\u00e7\u00e3o para inclus\u00e3o das disciplinas deferidas no Hist\u00f3rico Escolar do aluno.<\/p><p>Obs.: Os c\u00f3digos dos cursos s\u00e3o:<\/p><ul><li>926 &#8211; Mestrado em Engenharia El\u00e9trica<\/li><li>948 &#8211; Doutorado em Engenharia El\u00e9trica<\/li><\/ul><\/div>\n\t\t\t\t<\/div>\n\t\t\t\t\t\t\t<div class=\"elementor-toggle-item\">\n\t\t\t\t\t<div id=\"elementor-tab-title-7272\" class=\"elementor-tab-title\" data-tab=\"2\" role=\"button\" aria-controls=\"elementor-tab-content-7272\" aria-expanded=\"false\">\n\t\t\t\t\t\t\t\t\t\t\t\t<span class=\"elementor-toggle-icon elementor-toggle-icon-left\" aria-hidden=\"true\">\n\t\t\t\t\t\t\t\t\t\t\t\t\t\t\t<span class=\"elementor-toggle-icon-closed\"><i class=\"fas fa-caret-right\"><\/i><\/span>\n\t\t\t\t\t\t\t\t<span class=\"elementor-toggle-icon-opened\"><i class=\"elementor-toggle-icon-opened fas fa-caret-up\"><\/i><\/span>\n\t\t\t\t\t\t\t\t\t\t\t\t\t<\/span>\n\t\t\t\t\t\t\t\t\t\t\t\t<a class=\"elementor-toggle-title\" tabindex=\"0\">Comprova\u00e7\u00e3o de Teste de Sufici\u00eancia em L\u00edngua Estrangeira<\/a>\n\t\t\t\t\t<\/div>\n\n\t\t\t\t\t<div id=\"elementor-tab-content-7272\" class=\"elementor-tab-content elementor-clearfix\" data-tab=\"2\" role=\"region\" aria-labelledby=\"elementor-tab-title-7272\"><div><span style=\"font-family: arial, sans-serif\">Os(As) discentes de p\u00f3s-gradua\u00e7\u00e3o dever\u00e3o comprovar sufici\u00eancia em, no m\u00ednimo, uma l\u00edngua estrangeira para o n\u00edvel de Mestrado e duas para o n\u00edvel de Doutorado, observando a\u00a0<a href=\"https:\/\/portal.ufsm.br\/documentos\/publico\/documento.html?id=4328328\">Resolu\u00e7\u00e3o UFSM\u00a0 n\u00ba 003\/10<\/a>\u00a0ou outra que a substitua.<\/span><\/div><div><div><span style=\"font-family: arial, sans-serif\">\u00a0<\/span><\/div><div><span style=\"font-family: arial, sans-serif\">Os alunos brasileiros e estrangeiros oriundos de pa\u00edses com l\u00edngua portuguesa dever\u00e3o comprovar a sufici\u00eancia em l\u00edngua inglesa, no caso do mestrado.\u00a0Para o doutorado, dever\u00e3o ser comprovadas sufici\u00eancia em l\u00edngua inglesa e mais uma l\u00edngua estrangeira (espanhol, alem\u00e3o, franc\u00eas, italiano, &#8230;).<\/span><\/div><div><span style=\"font-family: arial, sans-serif\">Os demais alunos estrangeiros dever\u00e3o comprovar a sufici\u00eancia em l\u00edngua portuguesa.<\/span><\/div><div><span style=\"color: #444444;font-family: arial, sans-serif\">\u00a0<\/span><\/div><div><span style=\"font-family: arial, sans-serif\"><span style=\"color: #444444\">Quais os testes de sufici\u00eancia\/profici\u00eancia s\u00e3o aceitos?\u00a0<\/span><\/span>Testes reconhecidos pela CAPES e\/ou emitidos por institui\u00e7\u00f5es com programas de p\u00f3s-gradua\u00e7\u00e3o, reconhecidos pela mesma, e realizados no m\u00e1ximo h\u00e1 cinco anos. Ou\u00a0emitidos pelo MEC no caso do CELPE-BRAS.<\/div><div>\u00a0<\/div><\/div><p>O procedimento para requerer o aproveitamento de teste de sufici\u00eancia\/profici\u00eancia em L\u00edngua Estrangeira:<\/p><ol><li>Preencher o\u00a0<a href=\"https:\/\/www.ufsm.br\/app\/uploads\/sites\/345\/2022\/02\/Requerimento_Comprovacao_Suf_Lingua_Estrangeira_NCAPG.docx\" target=\"_blank\" rel=\"noopener\">Requerimento de Comprova\u00e7\u00e3o de Sufici\u00eancia em L\u00edngua Estrangeira<\/a>. A assinatura ser\u00e1 realizada de forma eletr\u00f4nica, ao incluir o documento no processo (Passo 3)<\/li><li>Abrir processo no <a href=\"https:\/\/portal.ufsm.br\/documentos\/mainMenu.html\" target=\"_blank\" rel=\"noopener\">PEN &#8211; Processo Nacional Eletr\u00f4nico,<\/a> entrar com login e senha (canto direito superior) &gt; clicar em &#8220;Novo&#8221; &gt; &#8220;Processo&#8221;, no canto superior esquerdo e adicionar as seguintes informa\u00e7\u00f5es nos campos abaixo:<br \/><strong>Tipo Documental: <\/strong><em>Processo de comprova\u00e7\u00e3o de sufici\u00eancia em l\u00edngua estrangeira<\/em><br \/><strong>Proced\u00eancia:<\/strong> Nome do aluno<br \/><strong>Descri\u00e7\u00e3o:<\/strong> Solicita aproveitamento de teste de sufici\u00eancia<\/li><li>Anexar o Requerimento (PDF) preenchido no Passo 1 em &#8220;<em>134.23 &#8211; Requerimento de comprova\u00e7\u00e3o de sufici\u00eancia em l\u00edngua estrangeira<\/em>&#8221; e assinalar para assinatura eletr\u00f4nica<\/li><li>Anexar o Comprovante de sufici\u00eancia\/profici\u00eancia, clicando em &#8220;+ Adicionar&#8221; &gt; &#8220;Enviar&#8221; (canto direito inferior) e escolher &#8220;<em>Teste de sufici\u00eancia em l\u00edngua estrangeira para mestrado\/doutorado (134.31)<\/em>&#8220;<\/li><li>Tramitar o processo para Unidade &#8211; &#8220;PROGRAMA DE P\u00d3S-GRADUA\u00c7\u00c3O EM ENGENHARIA EL\u00c9TRICA &#8211; 07.10.01.00.0.0&#8221;.<\/li><\/ol><p>S\u00e3o aceitos testes ofertados por Institui\u00e7\u00f5es de Ensino Superior, TOEFL iTP, TOEFL iBT. A UFSM oferta o <a href=\"https:\/\/www.ufsm.br\/pro-reitorias\/prpgp\/teslle\/\" target=\"_blank\" rel=\"noopener\">TESLLE<\/a>.<\/p><p>Ap\u00f3s an\u00e1lise da Coordena\u00e7\u00e3o, os documentos s\u00e3o encaminhados ao Controle Acad\u00eamico de P\u00f3s-Gradua\u00e7\u00e3o para inclus\u00e3o do teste de sufici\u00eancia no Hist\u00f3rico Escolar do aluno.<\/p><p>Qualquer d\u00favida pode ser encaminhada para o e-mail ppgee@ufsm.br.<\/p><p>Obs.: Os c\u00f3digos dos cursos s\u00e3o:<\/p><ul><li>926 &#8211; Mestrado em Engenharia El\u00e9trica<\/li><li>948 &#8211; Doutorado em Engenharia El\u00e9trica<\/li><\/ul><\/div>\n\t\t\t\t<\/div>\n\t\t\t\t\t\t\t<div class=\"elementor-toggle-item\">\n\t\t\t\t\t<div id=\"elementor-tab-title-7273\" class=\"elementor-tab-title\" data-tab=\"3\" role=\"button\" aria-controls=\"elementor-tab-content-7273\" aria-expanded=\"false\">\n\t\t\t\t\t\t\t\t\t\t\t\t<span class=\"elementor-toggle-icon elementor-toggle-icon-left\" aria-hidden=\"true\">\n\t\t\t\t\t\t\t\t\t\t\t\t\t\t\t<span class=\"elementor-toggle-icon-closed\"><i class=\"fas fa-caret-right\"><\/i><\/span>\n\t\t\t\t\t\t\t\t<span class=\"elementor-toggle-icon-opened\"><i class=\"elementor-toggle-icon-opened fas fa-caret-up\"><\/i><\/span>\n\t\t\t\t\t\t\t\t\t\t\t\t\t<\/span>\n\t\t\t\t\t\t\t\t\t\t\t\t<a class=\"elementor-toggle-title\" tabindex=\"0\">Valida\u00e7\u00e3o de Cr\u00e9ditos atrav\u00e9s de Publica\u00e7\u00e3o de Artigos (Discentes de Doutorado)<\/a>\n\t\t\t\t\t<\/div>\n\n\t\t\t\t\t<div id=\"elementor-tab-content-7273\" class=\"elementor-tab-content elementor-clearfix\" data-tab=\"3\" role=\"region\" aria-labelledby=\"elementor-tab-title-7273\"><p><span style=\"color: #000000;font-family: georgia, palatino, serif\"><strong>Regulamento PPGEE 2016<\/strong><\/span><\/p><p><span style=\"color: #000000;font-family: georgia, palatino, serif\">Art. 41. O discente do PPGEE em n\u00edvel de Doutorado dever\u00e1 integralizar, no m\u00ednimo, quarenta e oito cr\u00e9ditos, sendo no m\u00ednimo vinte e quatro cr\u00e9ditos obtidos no Programa.<\/span><\/p><p><span style=\"color: #000000;font-family: georgia, palatino, serif\">\u00a7 3\u00ba. A crit\u00e9rio do Colegiado do Programa poder\u00e3o ser obtidos at\u00e9 doze cr\u00e9ditos por meio de publica\u00e7\u00f5es de cunho t\u00e9cnico-cient\u00edfico, definidos pelo Colegiado em resolu\u00e7\u00e3o interna espec\u00edfica, podendo ser atribu\u00eddo um m\u00e1ximo de tr\u00eas cr\u00e9ditos por publica\u00e7\u00e3o.<\/span><\/p><div><p>A <a href=\"https:\/\/www.ufsm.br\/app\/uploads\/sites\/553\/2024\/10\/Deliberacao-PPGEE-01-2023.pdf\">Delibera\u00e7\u00e3o N\u00ba 01\/2023 PPGEE\/CT<\/a> estabelece os crit\u00e9rios para obten\u00e7\u00e3o de cr\u00e9ditos por meio de publica\u00e7\u00f5es de cunho t\u00e9cnico cient\u00edfico pelos discentes em n\u00edvel de Doutorado do Programa de P\u00f3s-Gradua\u00e7\u00e3o em Engenharia El\u00e9trica (PPGEE)<\/p><\/div><div><p>O procedimento para requerer o aproveitamento de disciplinas:<\/p><ol><li>Preencher os <strong>campos em cinza<\/strong> do <a href=\"https:\/\/www.ufsm.br\/app\/uploads\/sites\/553\/2023\/12\/Requerimento_de_Dispensa_ou_Aproveitamento_de_Disciplinas-NCAPG.docx\" target=\"_blank\" rel=\"noopener\">Requerimento de Aproveitamento de Disciplinas<\/a>.\u00a0A assinatura \u00e9 realizada de forma eletr\u00f4nica, ao incluir o documento no processo (Passo 4);<\/li><li><span style=\"color: #1c1c1c;font-size: 16px\">Preencher o<\/span>\u00a0<a href=\"https:\/\/www.ufsm.br\/app\/uploads\/sites\/553\/2021\/03\/Validacao-de-Creditos-2017.docx\">Modelo de Solicita\u00e7\u00e3o de Valida\u00e7\u00e3o de Cr\u00e9ditos atrav\u00e9s de Publica\u00e7\u00f5es<\/a>.\u00a0<span style=\"color: #1c1c1c;font-size: 16px\">A assinatura \u00e9 realizada de f<\/span>orma eletr\u00f4nica, ao incluir o documento no processo (Passo 4);<\/li><li>Abrir processo no <a href=\"https:\/\/portal.ufsm.br\/documentos\/mainMenu.html\" target=\"_blank\" rel=\"noopener\">PEN &#8211; Processo Nacional Eletr\u00f4nico,<\/a> entrar com login e senha (canto direito superior) &gt; clicar em &#8220;Novo&#8221; &gt; &#8220;Processo&#8221;, no canto superior esquerdo e adicionar as seguintes informa\u00e7\u00f5es nos campos abaixo:<br \/><strong>Tipo Documental:<\/strong> <em>Solicita\u00e7\u00e3o de aproveitamento de disciplinas de p\u00f3s-gradua\u00e7\u00e3o &#8211; APG (134.23)<\/em><br \/><strong>Proced\u00eancia:<\/strong> Nome do aluno<br \/><strong>Descri\u00e7\u00e3o:<\/strong> Solicita aproveitamento de (disciplinas e\/ou teste de sufici\u00eancia)<\/li><li>Anexar o Documento (PDF) preenchido no Passo 1 em &#8220;<em>134.23 &#8211; Requerimento de dispensa ou aproveitamento de disciplinas de mestrado\/doutorado<\/em>&#8220;, juntamente com o(s) artigo(s) e assinalar para assinatura eletr\u00f4nica; Obs.: quanto aos artigos, pode ser anexado apenas a primeira p\u00e1gina de cada artigo;<\/li><li>Tramitar o processo para Unidade &#8211; &#8220;PROGRAMA DE P\u00d3S-GRADUA\u00c7\u00c3O EM ENGENHARIA EL\u00c9TRICA &#8211; 07.10.01.00.0.0&#8221;.<\/li><\/ol><p>Qualquer d\u00favida pode ser encaminhada para o e-mail ppgee@ufsm.br.<\/p><\/div><\/div>\n\t\t\t\t<\/div>\n\t\t\t\t\t\t\t\t<\/div>\n\t\t\t\t<\/div>\n\t\t\t\t<\/div>\n\t\t\t\t\t<\/div>\n\t\t<\/div>\n\t\t\t\t\t<\/div>\n\t\t<\/section>\n\t\t\t\t<\/div>\n\t\t","protected":false},"excerpt":{"rendered":"<p>Os procedimentos para solicita\u00e7\u00e3o de disciplinas, teste de sufici\u00eancia e valida\u00e7\u00e3o de cr\u00e9ditos atrav\u00e9s de Publica\u00e7\u00e3o de Artigos (para discentes de doutorado) est\u00e3o descritos nos campos abaixo. Obs.: o aproveitamento de disciplinas e teste de sufici\u00eancia podem ser solicitados no mesmo Processo PEN. Aproveitamento de Disciplinas No curso de Mestrado podem ser aproveitados at\u00e9 24 [&hellip;]<\/p>\n","protected":false},"author":115,"featured_media":0,"parent":0,"menu_order":0,"comment_status":"closed","ping_status":"closed","template":"","meta":{"footnotes":""},"categories":[],"tags":[],"class_list":["post-268","page","type-page","status-publish","hentry"],"acf":[],"_links":{"self":[{"href":"https:\/\/www.ufsm.br\/cursos\/pos-graduacao\/santa-maria\/ppgee\/wp-json\/wp\/v2\/pages\/268","targetHints":{"allow":["GET"]}}],"collection":[{"href":"https:\/\/www.ufsm.br\/cursos\/pos-graduacao\/santa-maria\/ppgee\/wp-json\/wp\/v2\/pages"}],"about":[{"href":"https:\/\/www.ufsm.br\/cursos\/pos-graduacao\/santa-maria\/ppgee\/wp-json\/wp\/v2\/types\/page"}],"author":[{"embeddable":true,"href":"https:\/\/www.ufsm.br\/cursos\/pos-graduacao\/santa-maria\/ppgee\/wp-json\/wp\/v2\/users\/115"}],"replies":[{"embeddable":true,"href":"https:\/\/www.ufsm.br\/cursos\/pos-graduacao\/santa-maria\/ppgee\/wp-json\/wp\/v2\/comments?post=268"}],"version-history":[{"count":0,"href":"https:\/\/www.ufsm.br\/cursos\/pos-graduacao\/santa-maria\/ppgee\/wp-json\/wp\/v2\/pages\/268\/revisions"}],"wp:attachment":[{"href":"https:\/\/www.ufsm.br\/cursos\/pos-graduacao\/santa-maria\/ppgee\/wp-json\/wp\/v2\/media?parent=268"}],"wp:term":[{"taxonomy":"category","embeddable":true,"href":"https:\/\/www.ufsm.br\/cursos\/pos-graduacao\/santa-maria\/ppgee\/wp-json\/wp\/v2\/categories?post=268"},{"taxonomy":"post_tag","embeddable":true,"href":"https:\/\/www.ufsm.br\/cursos\/pos-graduacao\/santa-maria\/ppgee\/wp-json\/wp\/v2\/tags?post=268"}],"curies":[{"name":"wp","href":"https:\/\/api.w.org\/{rel}","templated":true}]}}