{"id":284,"date":"2019-04-08T14:41:36","date_gmt":"2019-04-08T17:41:36","guid":{"rendered":"https:\/\/www.ufsm.br\/cursos\/pos-graduacao\/santa-maria\/ppgee\/?page_id=284"},"modified":"2025-02-05T09:53:40","modified_gmt":"2025-02-05T12:53:40","slug":"solicitacao-de-defesa","status":"publish","type":"page","link":"https:\/\/www.ufsm.br\/cursos\/pos-graduacao\/santa-maria\/ppgee\/solicitacao-de-defesa","title":{"rendered":"Solicita\u00e7\u00e3o de Defesa"},"content":{"rendered":"\t\t<div data-elementor-type=\"wp-post\" data-elementor-id=\"284\" class=\"elementor elementor-284\">\n\t\t\t\t\t\t<section class=\"elementor-section elementor-top-section elementor-element elementor-element-6a647b7 elementor-section-boxed elementor-section-height-default elementor-section-height-default\" data-id=\"6a647b7\" data-element_type=\"section\">\n\t\t\t\t\t\t<div class=\"elementor-container elementor-column-gap-default\">\n\t\t\t\t\t<div class=\"elementor-column elementor-col-100 elementor-top-column elementor-element elementor-element-01f4f5c\" data-id=\"01f4f5c\" data-element_type=\"column\">\n\t\t\t<div class=\"elementor-widget-wrap elementor-element-populated\">\n\t\t\t\t\t\t<div class=\"elementor-element elementor-element-88649fc elementor-widget elementor-widget-text-editor\" data-id=\"88649fc\" data-element_type=\"widget\" data-widget_type=\"text-editor.default\">\n\t\t\t\t<div class=\"elementor-widget-container\">\n\t\t\t\t\t\t\t<p>Abaixo podem ser consultados os procedimentos para solicita\u00e7\u00e3o de defesa de Disserta\u00e7\u00e3o, Exame de Qualifica\u00e7\u00e3o de Tese e tamb\u00e9m de Tese.\u00a0<\/p>\t\t\t\t\t\t<\/div>\n\t\t\t\t<\/div>\n\t\t\t\t\t<\/div>\n\t\t<\/div>\n\t\t\t\t\t<\/div>\n\t\t<\/section>\n\t\t\t\t<section class=\"elementor-section elementor-top-section elementor-element elementor-element-bb7d5a8 elementor-section-boxed elementor-section-height-default elementor-section-height-default\" data-id=\"bb7d5a8\" data-element_type=\"section\">\n\t\t\t\t\t\t<div class=\"elementor-container elementor-column-gap-default\">\n\t\t\t\t\t<div class=\"elementor-column elementor-col-100 elementor-top-column elementor-element elementor-element-3b1c21d\" data-id=\"3b1c21d\" data-element_type=\"column\">\n\t\t\t<div class=\"elementor-widget-wrap elementor-element-populated\">\n\t\t\t\t\t\t<div class=\"elementor-element elementor-element-6dc9d3d elementor-widget elementor-widget-toggle\" data-id=\"6dc9d3d\" data-element_type=\"widget\" data-widget_type=\"toggle.default\">\n\t\t\t\t<div class=\"elementor-widget-container\">\n\t\t\t\t\t<div class=\"elementor-toggle\">\n\t\t\t\t\t\t\t<div class=\"elementor-toggle-item\">\n\t\t\t\t\t<div id=\"elementor-tab-title-1151\" class=\"elementor-tab-title\" data-tab=\"1\" role=\"button\" aria-controls=\"elementor-tab-content-1151\" aria-expanded=\"false\">\n\t\t\t\t\t\t\t\t\t\t\t\t<span class=\"elementor-toggle-icon elementor-toggle-icon-left\" aria-hidden=\"true\">\n\t\t\t\t\t\t\t\t\t\t\t\t\t\t\t<span class=\"elementor-toggle-icon-closed\"><i class=\"fas fa-caret-right\"><\/i><\/span>\n\t\t\t\t\t\t\t\t<span class=\"elementor-toggle-icon-opened\"><i class=\"elementor-toggle-icon-opened fas fa-caret-up\"><\/i><\/span>\n\t\t\t\t\t\t\t\t\t\t\t\t\t<\/span>\n\t\t\t\t\t\t\t\t\t\t\t\t<a class=\"elementor-toggle-title\" tabindex=\"0\">Disserta\u00e7\u00e3o<\/a>\n\t\t\t\t\t<\/div>\n\n\t\t\t\t\t<div id=\"elementor-tab-content-1151\" class=\"elementor-tab-content elementor-clearfix\" data-tab=\"1\" role=\"region\" aria-labelledby=\"elementor-tab-title-1151\"><p>A solicita\u00e7\u00e3o de defesa deve ser feita pelo menos 20 dias antes da defesa da Disserta\u00e7\u00e3o.<\/p><p>A Comiss\u00e3o Examinadora ser\u00e1 constitu\u00edda por tr\u00eas membros efetivos e um suplente, sendo que \u00e9 obrigat\u00f3rio ter no m\u00ednimo um membro efetivo externo \u00e0 UFSM.<\/p><p>Informa\u00e7\u00f5es referentes \u00e0 forma de participa\u00e7\u00e3o do membro externo e quest\u00f5es financeiras:\u00a0<a href=\"https:\/\/www.ufsm.br\/cursos\/pos-graduacao\/santa-maria\/ppgee\/solicitacao-de-auxilio-financeiro-para-membro-externo-de-banca-de-defesa\/\" target=\"_blank\" rel=\"noopener noreferrer\">clique aqui<\/a>.<\/p><p>Antes de acessar o sistema de processo online de solicita\u00e7\u00e3o de Defesa de Disserta\u00e7\u00e3o tenha os seguintes dados dispon\u00edveis:<\/p><p>1 &#8211; Vers\u00e3o online do Plano de Estudos, aprovado pelo Orientador e Coordenador PPGEE;<\/p><p>2 &#8211; Nome completo, CPF ou Passaporte, data de nascimento, titula\u00e7\u00e3o, sigla da IES e nome completo da IES do participante externo \u00e0 UFSM;<\/p><p>3 &#8211; Verifique no Hist\u00f3rico Escolar se:<\/p><p>3.1 &#8211; todas as disciplinas est\u00e3o com seus conceitos atribu\u00eddos? Caso negativo, procure o professor da disciplina para resolver a situa\u00e7\u00e3o\u00b9.<\/p><p>3.2 &#8211; A soma dos cr\u00e9ditos deve ser no m\u00ednimo\u00a0<strong>24.<\/strong><\/p><p>3.3 &#8211; \u00a0No final do Hist\u00f3rico Escolar deve constar a observa\u00e7\u00e3o de aprova\u00e7\u00e3o no Teste de Sufici\u00eancia em L\u00edngua Estrangeira (Ingl\u00eas).\u00a0\u00a0<\/p><p>4 &#8211; As disciplinas e n\u00famero de cr\u00e9ditos que constam no Plano de Estudos devem estar exatamente iguais \u00e0s que constam no Hist\u00f3rico Escolar.<\/p><p>5 &#8211; Mais informa\u00e7\u00f5es verifique no Regulamento PPGEE\u00a0<strong>Se\u00e7\u00e3o VI &#8211; Da Prova de Defesa de Disserta\u00e7\u00e3o e Tese.<\/strong><\/p><p>O processo online de solicita\u00e7\u00e3o de defesa deve ser realizado\u00a0via\u00a0<a href=\"http:\/\/portal.ufsm.br\/aluno\/login.jsp\" target=\"_blank\" rel=\"noopener noreferrer\"><strong>Portal do Aluno<\/strong><\/a>.<\/p><p>A estrutura e apresenta\u00e7\u00e3o da disserta\u00e7\u00e3o ou da tese deve respeitar as <a href=\"https:\/\/www.ufsm.br\/cursos\/pos-graduacao\/santa-maria\/ppgee\/normas-para-elaboracao-de-trabalhos-na-ufsm\">Normas para elabora\u00e7\u00e3o de trabalhos na UFSM<\/a>.<\/p><p>Informa\u00e7\u00f5es quanto \u00e0 reserva de sala para defesa:\u00a0<a href=\"https:\/\/www.ufsm.br\/cursos\/pos-graduacao\/santa-maria\/ppgee\/reserva-de-sala-para-defesa\/\" target=\"_blank\" rel=\"noopener noreferrer\">clique aqui<\/a>.<\/p><ul><li><a href=\"https:\/\/www.ufsm.br\/app\/uploads\/sites\/345\/2018\/08\/TUTORIAL.pdf\">Tutorial de Solicita\u00e7\u00e3o de Defesa de MDT<\/a><\/li><\/ul><p>\u00b9 &#8211; \u00a0As disciplinas:\u00a0<strong>EDT001 Elabora\u00e7\u00e3o de Disserta\u00e7\u00e3o\/Tese<\/strong>\u00a0ou\u00a0<strong>EDT004 Elabora\u00e7\u00e3o de Defesa de Mestrado \/Disserta\u00e7\u00e3o<\/strong><strong>,\u00a0<\/strong>s\u00e3o realizadas quando n\u00e3o h\u00e1 mais disciplinas a serem cursadas, a inten\u00e7\u00e3o \u00e9 a de manter o v\u00ednculo do aluno com a Institui\u00e7\u00e3o e n\u00e3o caracterizar ABANDONO, n\u00e3o precisando de conceito para sua defesa de disserta\u00e7\u00e3o. Quando a defesa for realizada e aprovada, automaticamente o conceito para a disciplina passa a ser &#8220;Aprovado&#8221;.)<\/p><p>\u00d3tima Defesa!!!<\/p><\/div>\n\t\t\t\t<\/div>\n\t\t\t\t\t\t\t<div class=\"elementor-toggle-item\">\n\t\t\t\t\t<div id=\"elementor-tab-title-1152\" class=\"elementor-tab-title\" data-tab=\"2\" role=\"button\" aria-controls=\"elementor-tab-content-1152\" aria-expanded=\"false\">\n\t\t\t\t\t\t\t\t\t\t\t\t<span class=\"elementor-toggle-icon elementor-toggle-icon-left\" aria-hidden=\"true\">\n\t\t\t\t\t\t\t\t\t\t\t\t\t\t\t<span class=\"elementor-toggle-icon-closed\"><i class=\"fas fa-caret-right\"><\/i><\/span>\n\t\t\t\t\t\t\t\t<span class=\"elementor-toggle-icon-opened\"><i class=\"elementor-toggle-icon-opened fas fa-caret-up\"><\/i><\/span>\n\t\t\t\t\t\t\t\t\t\t\t\t\t<\/span>\n\t\t\t\t\t\t\t\t\t\t\t\t<a class=\"elementor-toggle-title\" tabindex=\"0\">Exame de Qualifica\u00e7\u00e3o de Tese<\/a>\n\t\t\t\t\t<\/div>\n\n\t\t\t\t\t<div id=\"elementor-tab-content-1152\" class=\"elementor-tab-content elementor-clearfix\" data-tab=\"2\" role=\"region\" aria-labelledby=\"elementor-tab-title-1152\"><p>A solicita\u00e7\u00e3o de defesa deve ser feita pelo menos 20 dias antes da defesa do Exame de Qualifica\u00e7\u00e3o de Tese.<\/p><p>A Comiss\u00e3o Examinadora ser\u00e1 constitu\u00edda por cinco membros efetivos e dois suplentes, sendo que \u00e9 obrigat\u00f3rio ter no m\u00ednimo um membro efetivo externo \u00e0 UFSM.<\/p><p>Informa\u00e7\u00f5es referentes \u00e0 forma de participa\u00e7\u00e3o do membro externo e quest\u00f5es financeiras:\u00a0<a href=\"https:\/\/www.ufsm.br\/cursos\/pos-graduacao\/santa-maria\/ppgee\/solicitacao-de-auxilio-financeiro-para-membro-externo-de-banca-de-defesa\/\" target=\"_blank\" rel=\"noopener noreferrer\">clique aqui<\/a>.<\/p><p>Antes de acessar o sistema de processo online de solicita\u00e7\u00e3o de Defesa de Tese tenha os seguintes dados dispon\u00edveis:<\/p><p>1 &#8211; Vers\u00e3o online do Plano de Estudos, aprovado pelo Orientador e Coordenador PPGEE;<\/p><p>2 &#8211; Nome completo, CPF ou Passaporte, data de nascimento, titula\u00e7\u00e3o, sigla da IES e nome completo da IES do participante externo \u00e0 UFSM;<\/p><p>3 &#8211; Verifique no Hist\u00f3rico Escolar se:<\/p><p>3.1 &#8211; todas as disciplinas est\u00e3o com seus conceitos atribu\u00eddos? Caso negativo, procure o professor da disciplina para resolver a situa\u00e7\u00e3o\u00b9.<\/p><p>3.2 &#8211; A soma dos cr\u00e9ditos deve ser no m\u00ednimo\u00a0<strong>36<\/strong>, equivalente aos 75% dos cr\u00e9ditos requeridos pelo Regulamento do PPGEE.<\/p><p>3.3 &#8211;\u00a0 Ideal que no final do Hist\u00f3rico Escolar conste a observa\u00e7\u00e3o de aprova\u00e7\u00e3o em dois Testes de Sufici\u00eancia em L\u00edngua Estrangeira, sendo que o de L\u00edngua Inglesa \u00e9 obrigat\u00f3rio.\u00a0\u00a0<\/p><p>4 &#8211; Todas as disciplinas que est\u00e3o no Hist\u00f3rico Escolar devem constar no Plano de Estudos.<\/p><p>5 &#8211; Mais informa\u00e7\u00f5es verifique no Regulamento PPGEE\u00a0<strong>Se\u00e7\u00e3o V &#8211; Do Exame de Qualifica\u00e7\u00e3o de Doutorado.<\/strong><\/p><p>O processo online de solicita\u00e7\u00e3o de defesa deve ser realizado\u00a0via\u00a0<a href=\"http:\/\/portal.ufsm.br\/aluno\/login.jsp\" target=\"_blank\" rel=\"noopener noreferrer\"><strong>Portal do Aluno<\/strong><\/a>.<\/p><p>A estrutura e apresenta\u00e7\u00e3o da disserta\u00e7\u00e3o ou da tese deve respeitar as <a href=\"https:\/\/www.ufsm.br\/cursos\/pos-graduacao\/santa-maria\/ppgee\/normas-para-elaboracao-de-trabalhos-na-ufsm\">Normas para elabora\u00e7\u00e3o de trabalhos na UFSM<\/a>.<\/p><p>Informa\u00e7\u00f5es quanto \u00e0 reserva de sala para defesa:\u00a0<a href=\"https:\/\/www.ufsm.br\/cursos\/pos-graduacao\/santa-maria\/ppgee\/reserva-de-sala-para-defesa\/\" target=\"_blank\" rel=\"noopener noreferrer\">clique aqui<\/a>.<\/p><ul><li><a href=\"https:\/\/www.ufsm.br\/app\/uploads\/sites\/345\/2018\/08\/TUTORIAL.pdf\">Tutorial de Solicita\u00e7\u00e3o de Defesa de MDT<\/a><\/li><\/ul><p>\u00b9 &#8211;\u00a0\u00a0As disciplinas:\u00a0<strong>EDD001 Elabora\u00e7\u00e3o de Disserta\u00e7\u00e3o\/Tese<\/strong>\u00a0ou\u00a0<strong>EDD004 Elabora\u00e7\u00e3o de Defesa de Mestrado \/Disserta\u00e7\u00e3o<\/strong><strong>,\u00a0<\/strong>s\u00e3o realizadas quando n\u00e3o h\u00e1 mais disciplinas a serem cursadas, a inten\u00e7\u00e3o \u00e9 a de manter o v\u00ednculo do aluno com a Institui\u00e7\u00e3o e n\u00e3o caracterizar ABANDONO, n\u00e3o precisando de conceito para sua defesa de disserta\u00e7\u00e3o. Quando a defesa for realizada e aprovada, automaticamente o conceito para a disciplina passa a ser &#8220;Aprovado&#8221;.)<\/p><p>\u00d3tima Defesa!!<\/p><\/div>\n\t\t\t\t<\/div>\n\t\t\t\t\t\t\t<div class=\"elementor-toggle-item\">\n\t\t\t\t\t<div id=\"elementor-tab-title-1153\" class=\"elementor-tab-title\" data-tab=\"3\" role=\"button\" aria-controls=\"elementor-tab-content-1153\" aria-expanded=\"false\">\n\t\t\t\t\t\t\t\t\t\t\t\t<span class=\"elementor-toggle-icon elementor-toggle-icon-left\" aria-hidden=\"true\">\n\t\t\t\t\t\t\t\t\t\t\t\t\t\t\t<span class=\"elementor-toggle-icon-closed\"><i class=\"fas fa-caret-right\"><\/i><\/span>\n\t\t\t\t\t\t\t\t<span class=\"elementor-toggle-icon-opened\"><i class=\"elementor-toggle-icon-opened fas fa-caret-up\"><\/i><\/span>\n\t\t\t\t\t\t\t\t\t\t\t\t\t<\/span>\n\t\t\t\t\t\t\t\t\t\t\t\t<a class=\"elementor-toggle-title\" tabindex=\"0\">Defesa de Tese<\/a>\n\t\t\t\t\t<\/div>\n\n\t\t\t\t\t<div id=\"elementor-tab-content-1153\" class=\"elementor-tab-content elementor-clearfix\" data-tab=\"3\" role=\"region\" aria-labelledby=\"elementor-tab-title-1153\"><p>A solicita\u00e7\u00e3o de defesa deve ser feita pelo menos 20 dias antes da defesa da Tese.<\/p><p>A Comiss\u00e3o Examinadora ser\u00e1 constitu\u00edda por cinco membros efetivos e dois suplentes, sendo que \u00e9 obrigat\u00f3rio ter no m\u00ednimo dois membros efetivos externos \u00e0 UFSM.<\/p><p>Informa\u00e7\u00f5es referentes \u00e0 forma de participa\u00e7\u00e3o do membro externo e quest\u00f5es financeiras:\u00a0<a href=\"https:\/\/www.ufsm.br\/cursos\/pos-graduacao\/santa-maria\/ppgee\/solicitacao-de-auxilio-financeiro-para-membro-externo-de-banca-de-defesa\/\" target=\"_blank\" rel=\"noopener noreferrer\">clique aqui<\/a>.<\/p><p>Antes de acessar o sistema de processo online de solicita\u00e7\u00e3o de Defesa de Tese tenha os seguintes dados dispon\u00edveis:<\/p><p>1 &#8211; Vers\u00e3o online do Plano de Estudos, aprovado pelo Orientador e Coordenador PPGEE;<\/p><p>2 &#8211; Nome completo, CPF ou Passaporte, data de nascimento, titula\u00e7\u00e3o, sigla da IES e nome completo da IES dos participantes externos \u00e0 UFSM;<\/p><p>3 &#8211; Verifique no Hist\u00f3rico Escolar se:<\/p><p>3.1 &#8211; todas as disciplinas est\u00e3o com seus conceitos atribu\u00eddos? Caso negativo, procure o professor da disciplina para resolver a situa\u00e7\u00e3o\u00b9.<\/p><p>3.2 &#8211; A soma dos cr\u00e9ditos deve ser no m\u00ednimo\u00a0<strong>48.<\/strong><\/p><p>3.3 &#8211; \u00a0No final do Hist\u00f3rico Escolar deve constar a observa\u00e7\u00e3o de aprova\u00e7\u00e3o em dois Testes de Sufici\u00eancia em L\u00edngua Estrangeira, sendo que o de L\u00edngua Inglesa \u00e9 obrigat\u00f3rio.\u00a0\u00a0<\/p><p>4 &#8211; As disciplinas e n\u00famero de cr\u00e9ditos que constam no Plano de Estudos devem estar exatamente iguais \u00e0s que constam no Hist\u00f3rico Escolar.<\/p><p>5 &#8211; Mais informa\u00e7\u00f5es verifique no Regulamento PPGEE\u00a0<strong>Se\u00e7\u00e3o VI &#8211; Da Prova de Defesa de Disserta\u00e7\u00e3o e Tese.<\/strong><\/p><p>O processo online de solicita\u00e7\u00e3o de defesa deve ser realizado\u00a0via\u00a0<a href=\"http:\/\/portal.ufsm.br\/aluno\/login.jsp\" target=\"_blank\" rel=\"noopener noreferrer\"><strong>Portal do Aluno<\/strong><\/a>.<\/p><p>A estrutura e apresenta\u00e7\u00e3o da disserta\u00e7\u00e3o ou da tese deve respeitar as <a href=\"https:\/\/www.ufsm.br\/cursos\/pos-graduacao\/santa-maria\/ppgee\/normas-para-elaboracao-de-trabalhos-na-ufsm\">Normas para elabora\u00e7\u00e3o de trabalhos na UFSM<\/a>.<\/p><p>Informa\u00e7\u00f5es quanto \u00e0 reserva de sala para defesa:\u00a0<a href=\"https:\/\/www.ufsm.br\/cursos\/pos-graduacao\/santa-maria\/ppgee\/reserva-de-sala-para-defesa\/\" target=\"_blank\" rel=\"noopener noreferrer\">clique aqui<\/a>.<\/p><ul><li><a href=\"https:\/\/www.ufsm.br\/app\/uploads\/sites\/345\/2018\/08\/TUTORIAL.pdf\">Tutorial de Solicita\u00e7\u00e3o de Defesa de MDT<\/a><\/li><\/ul><p>\u00b9 &#8211; \u00a0As disciplinas:\u00a0<strong>EDD001 Elabora\u00e7\u00e3o de Disserta\u00e7\u00e3o\/Tese<\/strong>\u00a0ou\u00a0<strong>EDD004 Elabora\u00e7\u00e3o de Defesa de Mestrado \/Disserta\u00e7\u00e3o<\/strong><strong>,\u00a0<\/strong>s\u00e3o realizadas quando n\u00e3o h\u00e1 mais disciplinas a serem cursadas, a inten\u00e7\u00e3o \u00e9 a de manter o v\u00ednculo do aluno com a Institui\u00e7\u00e3o e n\u00e3o caracterizar ABANDONO, n\u00e3o precisando de conceito para sua defesa de tese. Quando a defesa for realizada e aprovada, automaticamente o conceito para a disciplina passa a ser &#8220;Aprovado&#8221;.)<\/p><\/div>\n\t\t\t\t<\/div>\n\t\t\t\t\t\t\t\t<\/div>\n\t\t\t\t<\/div>\n\t\t\t\t<\/div>\n\t\t\t\t\t<\/div>\n\t\t<\/div>\n\t\t\t\t\t<\/div>\n\t\t<\/section>\n\t\t\t\t<\/div>\n\t\t","protected":false},"excerpt":{"rendered":"<p>Abaixo podem ser consultados os procedimentos para solicita\u00e7\u00e3o de defesa de Disserta\u00e7\u00e3o, Exame de Qualifica\u00e7\u00e3o de Tese e tamb\u00e9m de Tese.\u00a0 Disserta\u00e7\u00e3o A solicita\u00e7\u00e3o de defesa deve ser feita pelo menos 20 dias antes da defesa da Disserta\u00e7\u00e3o. A Comiss\u00e3o Examinadora ser\u00e1 constitu\u00edda por tr\u00eas membros efetivos e um suplente, sendo que \u00e9 obrigat\u00f3rio ter [&hellip;]<\/p>\n","protected":false},"author":115,"featured_media":0,"parent":0,"menu_order":0,"comment_status":"closed","ping_status":"closed","template":"","meta":{"footnotes":""},"categories":[],"tags":[],"class_list":["post-284","page","type-page","status-publish","hentry"],"acf":[],"_links":{"self":[{"href":"https:\/\/www.ufsm.br\/cursos\/pos-graduacao\/santa-maria\/ppgee\/wp-json\/wp\/v2\/pages\/284","targetHints":{"allow":["GET"]}}],"collection":[{"href":"https:\/\/www.ufsm.br\/cursos\/pos-graduacao\/santa-maria\/ppgee\/wp-json\/wp\/v2\/pages"}],"about":[{"href":"https:\/\/www.ufsm.br\/cursos\/pos-graduacao\/santa-maria\/ppgee\/wp-json\/wp\/v2\/types\/page"}],"author":[{"embeddable":true,"href":"https:\/\/www.ufsm.br\/cursos\/pos-graduacao\/santa-maria\/ppgee\/wp-json\/wp\/v2\/users\/115"}],"replies":[{"embeddable":true,"href":"https:\/\/www.ufsm.br\/cursos\/pos-graduacao\/santa-maria\/ppgee\/wp-json\/wp\/v2\/comments?post=284"}],"version-history":[{"count":0,"href":"https:\/\/www.ufsm.br\/cursos\/pos-graduacao\/santa-maria\/ppgee\/wp-json\/wp\/v2\/pages\/284\/revisions"}],"wp:attachment":[{"href":"https:\/\/www.ufsm.br\/cursos\/pos-graduacao\/santa-maria\/ppgee\/wp-json\/wp\/v2\/media?parent=284"}],"wp:term":[{"taxonomy":"category","embeddable":true,"href":"https:\/\/www.ufsm.br\/cursos\/pos-graduacao\/santa-maria\/ppgee\/wp-json\/wp\/v2\/categories?post=284"},{"taxonomy":"post_tag","embeddable":true,"href":"https:\/\/www.ufsm.br\/cursos\/pos-graduacao\/santa-maria\/ppgee\/wp-json\/wp\/v2\/tags?post=284"}],"curies":[{"name":"wp","href":"https:\/\/api.w.org\/{rel}","templated":true}]}}